{"id":8135,"date":"2019-05-06T11:26:29","date_gmt":"2019-05-06T09:26:29","guid":{"rendered":"https:\/\/eurotext-ecommerce.com\/?page_id=8135"},"modified":"2020-02-06T09:14:16","modified_gmt":"2020-02-06T08:14:16","slug":"5-import-fertiger-uebersetzungen","status":"publish","type":"page","link":"https:\/\/eurotext.de\/sv\/dokumentation\/magento-2\/5-import-fertiger-uebersetzungen\/","title":{"rendered":"Import fertiger \u00dcbersetzungen"},"content":{"rendered":"<h2 id=\"DokumentationMagento2-5.Importfertiger\u00dcbersetzungen\"><strong>Import fertiger \u00dcbersetzungen<\/strong><\/h2>\n<p>Sie erhalten vom Eurotext Projektmanagement eine Benachrichtigung, wenn Ihre \u00dcbersetzungen fertig sind und geliefert wurden.<\/p>\n<ul>\n<li>Wechseln Sie in die Projekt\u00fcbersicht<\/li>\n<li>W\u00e4hlen Sie in der Spalte &#8222;<em>Action&#8220; den Link <\/em> <em><strong>Approve Translation<\/strong><\/em><\/li>\n<\/ul>\n<p>Die \u00dcbersetzungen werden nun importiert<\/p>\n<a href=\"https:\/\/eurotext.de\/wp-content\/uploads\/2019\/05\/image2019-4-16_9-54-1.png.jpg\" data-rel=\"lightbox-image-0\" data-rl_title=\"\" data-rl_caption=\"\" title=\"\"><img loading=\"lazy\" decoding=\"async\" class=\"size-full wp-image-8201 alignleft\" src=\"https:\/\/eurotext.de\/wp-content\/uploads\/2019\/05\/image2019-4-16_9-54-1.png.jpg\" alt=\"\" width=\"279\" height=\"404\" srcset=\"https:\/\/eurotext.de\/sv\/wp-content\/uploads\/sites\/24\/2019\/05\/image2019-4-16_9-54-1.png.jpg 279w, https:\/\/eurotext.de\/sv\/wp-content\/uploads\/sites\/24\/2019\/05\/image2019-4-16_9-54-1.png-207x300.jpg 207w\" sizes=\"auto, (max-width: 279px) 100vw, 279px\" \/><\/a>\n<p style=\"text-align: left;\"><strong><em>Der Import wird durch einen asynchronen Prozess im Hintergrund durchgef\u00fchrt. Je nach Konfiguration, Hosting und Menge kann es dauern, bis die \u00dcbersetzungen im System vorliegen.<br \/>\n<\/em><\/strong><\/p>\n<p>&nbsp;<\/p>\n<p style=\"text-align: center;\"><a class=\"wpb_button\" href=\"https:\/\/eurotext.de\/dokumentation\/magento-2\">zur\u00fcck zur \u00dcbersicht<\/a><\/p>\n","protected":false},"excerpt":{"rendered":"<p>Import fertiger \u00dcbersetzungen Sie erhalten vom Eurotext Projektmanagement eine Benachrichtigung, wenn Ihre \u00dcbersetzungen fertig sind und geliefert wurden. Wechseln Sie in die Projekt\u00fcbersicht W\u00e4hlen Sie in der Spalte &#8222;Action&#8220; den Link Approve Translation Die \u00dcbersetzungen werden nun importiert Der Import wird durch einen asynchronen Prozess im Hintergrund durchgef\u00fchrt. Je nach Konfiguration, Hosting und Menge kann [&hellip;]<\/p>\n","protected":false},"author":13,"featured_media":0,"parent":9481,"menu_order":4125,"comment_status":"closed","ping_status":"closed","template":"page-with-sidebar.php","meta":{"footnotes":""},"class_list":["post-8135","page","type-page","status-publish","hentry"],"yoast_head":"<!-- This site is optimized with the Yoast SEO Premium plugin v21.9 (Yoast SEO v21.9.1) - https:\/\/yoast.com\/wordpress\/plugins\/seo\/ -->\n<title>Import fertiger \u00dcbersetzungen &#8211; Eurotext AG<\/title>\n<meta name=\"robots\" content=\"noindex, follow, max-snippet:-1, max-image-preview:large, max-video-preview:-1\" \/>\n<meta property=\"og:locale\" content=\"de_DE\" \/>\n<meta property=\"og:type\" content=\"article\" \/>\n<meta property=\"og:title\" content=\"Import fertiger \u00dcbersetzungen\" \/>\n<meta property=\"og:description\" content=\"Import fertiger \u00dcbersetzungen Sie erhalten vom Eurotext Projektmanagement eine Benachrichtigung, wenn Ihre \u00dcbersetzungen fertig sind und geliefert wurden.\" \/>\n<meta property=\"og:url\" content=\"https:\/\/eurotext.de\/sv\/dokumentation\/magento-2\/5-import-fertiger-uebersetzungen\/\" \/>\n<meta property=\"og:site_name\" content=\"Eurotext AG\" \/>\n<meta property=\"article:publisher\" content=\"https:\/\/de-de.facebook.com\/Eurotext\/\" \/>\n<meta property=\"article:modified_time\" content=\"2020-02-06T08:14:16+00:00\" \/>\n<meta property=\"og:image\" content=\"https:\/\/eurotext.de\/wp-content\/uploads\/2019\/05\/image2019-4-16_9-54-1.png.jpg\" \/>\n<meta name=\"twitter:card\" content=\"summary_large_image\" \/>\n<meta name=\"twitter:site\" content=\"@eurotext\" \/>\n<script type=\"application\/ld+json\" class=\"yoast-schema-graph\">{\"@context\":\"https:\/\/schema.org\",\"@graph\":[{\"@type\":\"WebPage\",\"@id\":\"https:\/\/eurotext.de\/sv\/dokumentation\/magento-2\/5-import-fertiger-uebersetzungen\/\",\"url\":\"https:\/\/eurotext.de\/sv\/dokumentation\/magento-2\/5-import-fertiger-uebersetzungen\/\",\"name\":\"Import fertiger \u00dcbersetzungen &#8211; Eurotext AG\",\"isPartOf\":{\"@id\":\"https:\/\/eurotext.de\/sv\/#website\"},\"datePublished\":\"2019-05-06T09:26:29+00:00\",\"dateModified\":\"2020-02-06T08:14:16+00:00\",\"breadcrumb\":{\"@id\":\"https:\/\/eurotext.de\/sv\/dokumentation\/magento-2\/5-import-fertiger-uebersetzungen\/#breadcrumb\"},\"inLanguage\":\"de\",\"potentialAction\":[{\"@type\":\"ReadAction\",\"target\":[\"https:\/\/eurotext.de\/sv\/dokumentation\/magento-2\/5-import-fertiger-uebersetzungen\/\"]}]},{\"@type\":\"BreadcrumbList\",\"@id\":\"https:\/\/eurotext.de\/sv\/dokumentation\/magento-2\/5-import-fertiger-uebersetzungen\/#breadcrumb\",\"itemListElement\":[{\"@type\":\"ListItem\",\"position\":1,\"name\":\"Startseite\",\"item\":\"https:\/\/eurotext.de\/sv\/\"},{\"@type\":\"ListItem\",\"position\":2,\"name\":\"translationMANAGER Dokumentation &#038; Support\",\"item\":\"https:\/\/eurotext.de\/sv\/dokumentation\/\"},{\"@type\":\"ListItem\",\"position\":3,\"name\":\"Doku: translationMANAGER f\u00fcr Magento 2\",\"item\":\"https:\/\/eurotext.de\/sv\/dokumentation\/magento-2\/\"},{\"@type\":\"ListItem\",\"position\":4,\"name\":\"Import fertiger \u00dcbersetzungen\"}]},{\"@type\":\"WebSite\",\"@id\":\"https:\/\/eurotext.de\/sv\/#website\",\"url\":\"https:\/\/eurotext.de\/sv\/\",\"name\":\"Eurotext AG\",\"description\":\"Wir \u00fcbersetzen f\u00fcr Industrie, IT und E-Commerce\",\"publisher\":{\"@id\":\"https:\/\/eurotext.de\/sv\/#organization\"},\"potentialAction\":[{\"@type\":\"SearchAction\",\"target\":{\"@type\":\"EntryPoint\",\"urlTemplate\":\"https:\/\/eurotext.de\/sv\/?s={search_term_string}\"},\"query-input\":\"required name=search_term_string\"}],\"inLanguage\":\"de\"},{\"@type\":\"Organization\",\"@id\":\"https:\/\/eurotext.de\/sv\/#organization\",\"name\":\"Eurotext AG\",\"url\":\"https:\/\/eurotext.de\/sv\/\",\"logo\":{\"@type\":\"ImageObject\",\"inLanguage\":\"de\",\"@id\":\"https:\/\/eurotext.de\/sv\/#\/schema\/logo\/image\/\",\"url\":\"https:\/\/eurotext.de\/sv\/wp-content\/uploads\/sites\/24\/2016\/05\/eurotext_logo.png\",\"contentUrl\":\"https:\/\/eurotext.de\/sv\/wp-content\/uploads\/sites\/24\/2016\/05\/eurotext_logo.png\",\"width\":125,\"height\":22,\"caption\":\"Eurotext AG\"},\"image\":{\"@id\":\"https:\/\/eurotext.de\/sv\/#\/schema\/logo\/image\/\"},\"sameAs\":[\"https:\/\/de-de.facebook.com\/Eurotext\/\",\"https:\/\/twitter.com\/eurotext\",\"https:\/\/de.linkedin.com\/company\/eurotext-ag\"]}]}<\/script>\n<!-- \/ Yoast SEO Premium plugin. -->","yoast_head_json":{"title":"Import fertiger \u00dcbersetzungen &#8211; Eurotext AG","robots":{"index":"noindex","follow":"follow","max-snippet":"max-snippet:-1","max-image-preview":"max-image-preview:large","max-video-preview":"max-video-preview:-1"},"og_locale":"de_DE","og_type":"article","og_title":"Import fertiger \u00dcbersetzungen","og_description":"Import fertiger \u00dcbersetzungen Sie erhalten vom Eurotext Projektmanagement eine Benachrichtigung, wenn Ihre \u00dcbersetzungen fertig sind und geliefert wurden.","og_url":"https:\/\/eurotext.de\/sv\/dokumentation\/magento-2\/5-import-fertiger-uebersetzungen\/","og_site_name":"Eurotext AG","article_publisher":"https:\/\/de-de.facebook.com\/Eurotext\/","article_modified_time":"2020-02-06T08:14:16+00:00","og_image":[{"url":"https:\/\/eurotext.de\/wp-content\/uploads\/2019\/05\/image2019-4-16_9-54-1.png.jpg"}],"twitter_card":"summary_large_image","twitter_site":"@eurotext","schema":{"@context":"https:\/\/schema.org","@graph":[{"@type":"WebPage","@id":"https:\/\/eurotext.de\/sv\/dokumentation\/magento-2\/5-import-fertiger-uebersetzungen\/","url":"https:\/\/eurotext.de\/sv\/dokumentation\/magento-2\/5-import-fertiger-uebersetzungen\/","name":"Import fertiger \u00dcbersetzungen &#8211; Eurotext AG","isPartOf":{"@id":"https:\/\/eurotext.de\/sv\/#website"},"datePublished":"2019-05-06T09:26:29+00:00","dateModified":"2020-02-06T08:14:16+00:00","breadcrumb":{"@id":"https:\/\/eurotext.de\/sv\/dokumentation\/magento-2\/5-import-fertiger-uebersetzungen\/#breadcrumb"},"inLanguage":"de","potentialAction":[{"@type":"ReadAction","target":["https:\/\/eurotext.de\/sv\/dokumentation\/magento-2\/5-import-fertiger-uebersetzungen\/"]}]},{"@type":"BreadcrumbList","@id":"https:\/\/eurotext.de\/sv\/dokumentation\/magento-2\/5-import-fertiger-uebersetzungen\/#breadcrumb","itemListElement":[{"@type":"ListItem","position":1,"name":"Startseite","item":"https:\/\/eurotext.de\/sv\/"},{"@type":"ListItem","position":2,"name":"translationMANAGER Dokumentation &#038; Support","item":"https:\/\/eurotext.de\/sv\/dokumentation\/"},{"@type":"ListItem","position":3,"name":"Doku: translationMANAGER f\u00fcr Magento 2","item":"https:\/\/eurotext.de\/sv\/dokumentation\/magento-2\/"},{"@type":"ListItem","position":4,"name":"Import fertiger \u00dcbersetzungen"}]},{"@type":"WebSite","@id":"https:\/\/eurotext.de\/sv\/#website","url":"https:\/\/eurotext.de\/sv\/","name":"Eurotext AG","description":"Wir \u00fcbersetzen f\u00fcr Industrie, IT und E-Commerce","publisher":{"@id":"https:\/\/eurotext.de\/sv\/#organization"},"potentialAction":[{"@type":"SearchAction","target":{"@type":"EntryPoint","urlTemplate":"https:\/\/eurotext.de\/sv\/?s={search_term_string}"},"query-input":"required name=search_term_string"}],"inLanguage":"de"},{"@type":"Organization","@id":"https:\/\/eurotext.de\/sv\/#organization","name":"Eurotext AG","url":"https:\/\/eurotext.de\/sv\/","logo":{"@type":"ImageObject","inLanguage":"de","@id":"https:\/\/eurotext.de\/sv\/#\/schema\/logo\/image\/","url":"https:\/\/eurotext.de\/sv\/wp-content\/uploads\/sites\/24\/2016\/05\/eurotext_logo.png","contentUrl":"https:\/\/eurotext.de\/sv\/wp-content\/uploads\/sites\/24\/2016\/05\/eurotext_logo.png","width":125,"height":22,"caption":"Eurotext AG"},"image":{"@id":"https:\/\/eurotext.de\/sv\/#\/schema\/logo\/image\/"},"sameAs":["https:\/\/de-de.facebook.com\/Eurotext\/","https:\/\/twitter.com\/eurotext","https:\/\/de.linkedin.com\/company\/eurotext-ag"]}]}},"_links":{"self":[{"href":"https:\/\/eurotext.de\/sv\/wp-json\/wp\/v2\/pages\/8135","targetHints":{"allow":["GET"]}}],"collection":[{"href":"https:\/\/eurotext.de\/sv\/wp-json\/wp\/v2\/pages"}],"about":[{"href":"https:\/\/eurotext.de\/sv\/wp-json\/wp\/v2\/types\/page"}],"author":[{"embeddable":true,"href":"https:\/\/eurotext.de\/sv\/wp-json\/wp\/v2\/users\/13"}],"replies":[{"embeddable":true,"href":"https:\/\/eurotext.de\/sv\/wp-json\/wp\/v2\/comments?post=8135"}],"version-history":[{"count":2,"href":"https:\/\/eurotext.de\/sv\/wp-json\/wp\/v2\/pages\/8135\/revisions"}],"predecessor-version":[{"id":9557,"href":"https:\/\/eurotext.de\/sv\/wp-json\/wp\/v2\/pages\/8135\/revisions\/9557"}],"up":[{"embeddable":true,"href":"https:\/\/eurotext.de\/sv\/wp-json\/wp\/v2\/pages\/9481"}],"wp:attachment":[{"href":"https:\/\/eurotext.de\/sv\/wp-json\/wp\/v2\/media?parent=8135"}],"curies":[{"name":"wp","href":"https:\/\/api.w.org\/{rel}","templated":true}]}}