{"id":5977,"date":"2019-11-06T11:43:58","date_gmt":"2019-11-06T10:43:58","guid":{"rendered":"https:\/\/eurotext.de\/?page_id=5977"},"modified":"2020-02-06T09:09:51","modified_gmt":"2020-02-06T08:09:51","slug":"translationmanager-fuer-magento-changelog","status":"publish","type":"page","link":"https:\/\/eurotext.de\/ru\/technologie\/uebersetzungsplugins\/magento\/translationmanager-fuer-magento-changelog\/","title":{"rendered":"translationMANAGER f\u00fcr Magento 1 \u2013 Changelog"},"content":{"rendered":"<h1>translationMANAGER f\u00fcr Magento 1 \u2013 Changelog<\/h1>\n<p>&nbsp;<\/p>\n<p><strong># Installation<\/strong><br \/>\n<span style=\"color: #ff6600;\">Wir empfehlen DRINGEND das Plugin zuerst in einer Testumgebung zu installieren und zu testen. Bitte sichern Sie Ihre Datenbank vor der Installation.<\/span><br \/>\nWeitere Informationen unter <a href=\"http:\/\/help.eurotext.de\">http:\/\/help.eurotext.de<\/a><\/p>\n<p><strong># Update<\/strong><br \/>\nBitte installieren Sie das Update erst dann, wenn alle laufenden Projekte abgeschlossen \/ erfolgreich importiert sind.<br \/>\n<span style=\"color: #ff6600;\">Wir empfehlen DRINGEND das Update zuerst in einer Testumgebung zu installieren und zu testen. Bitte sichern Sie Ihre Datenbank vor der Installation.<\/span><br \/>\nWeitere Informationen unter <a href=\"http:\/\/help.eurotext.de\">http:\/\/help.eurotext.de<\/a><\/p>\n<p><strong># Allgemeine Gesch\u00e4ftsbedingungen &amp; Nutzungsbedingungen f\u00fcr Softwareanwendungen der Eurotext AG<\/strong><br \/>\n<a href=\"http:\/\/www.eurotext.de\/kontakt\/agb\/\">http:\/\/www.eurotext.de\/kontakt\/agb\/<\/a><\/p>\n<p>&#8212;&#8212;&#8212;&#8212;&#8212;&#8212;&#8212;&#8212;&#8212;<br \/>\n<strong>## Version 3.3.2 &#8211; 2018-08-28<\/strong><br \/>\n### FIXED<br \/>\n&#8211; Ein Problem beim Speichern von Projekten wurde behoben<\/p>\n<p><strong>## Version 3.3.0 &#8211; 2018-06-12<\/strong><br \/>\n### CHANGED<br \/>\n&#8211; Der Projektstatus-Workflow ist jetzt schlanker und sinnvoller<br \/>\n&#8211; Codebasis-Qualit\u00e4t wurde weiter verbessert<br \/>\n&#8211; Unn\u00f6tige Klassen wurden entfernt<br \/>\n### FIXED<br \/>\n&#8211; Bei einer Auswahl von mehr als 1000 Artikeln, wurden nicht alle Artikel exportiert. Dies ist nun behoben.<br \/>\n&#8211; Es war m\u00f6glich, ein Projekt ohne Inhalt zu senden. Das macht keinen Sinn, weshalb das nun nicht mehr m\u00f6glich ist.<br \/>\n&#8211; Install-Skripte konnten unter bestimmten Bedingungen beim Erstellen von Tabellen Fehler verursachen (Nullable Fields).<br \/>\n### ADDED<br \/>\n&#8211; Es ist nun m\u00f6glich Projekte zu kopieren<br \/>\n&#8211; Datenschutzhinweise bei Registrierung (EU-DSGVO)<\/p>\n<p><strong>## Version 3.2.20 &#8211; 2017-08-01<\/strong><br \/>\n### FIXED<br \/>\n&#8211; Fehlerbehebung beim Speichern von Artikel-Preisen, wenn Magento auf &#8222;Preise auf Website-Ebene speichern&#8220; aktiviert ist<br \/>\n### ADDED<br \/>\n&#8211; Neue M\u00f6glichkeit zur Verwendung der eigenen Artikel-Speichermethode bei Import von \u00dcbersetzungen (weitere Informationen siehe http:\/\/help.eurotext.de\/m\/translationmanager-magento19\/l\/774752-verwenden-der-eigenen-artikel-speichermethode-bei-import-von-ubersetzungen)<\/p>\n<p><strong>## Version 3.2.19 &#8211; 2017-07-25<\/strong><br \/>\n### FIXED<br \/>\n&#8211; Nachbesserung bei der Behandlung von Attributen<\/p>\n<p><strong>## Version 3.2.18 &#8211; 2017-05-31<\/strong><br \/>\n### CHANGED<br \/>\n&#8211; Wurden benutzerdefinierte Attribute f\u00fcr den Export konfiguriert, die sehr viel Inhalt mit sehr vielen bestimmten Sonderzeichen enthielten (z.B. durch Smarty Tags), wurden diese vom Export ignoriert<br \/>\n&#8211; Die Hilfeseite wurde aufger\u00e4umt<br \/>\n### FIXED<br \/>\n&#8211; Bei der Verwendung von Symlinks kam es zu Problemen beim Schreiben der Exportpakete<br \/>\n&#8211; Globale Attribute konnten in bestimmten F\u00e4llen bei Import falsch zugewiesen werden<br \/>\n&#8211; Beim Bl\u00e4ttern in der Auswahl der E-Mail Vorlagen konnte es vorkommen, dass der Benutzer auf das Backend Home umgeleitet wurde<br \/>\n&#8211; Die Funktion, alle Artikel auszuw\u00e4hlen, hatte sich beim Sprung in andere Kategorien nicht gespeichert<br \/>\n&#8211; Die Suche in Sprachdateien konnte nicht suchen (You had one job)<br \/>\n&#8211; Ein Fehler in der Rechteverwaltung hatte zur Folge, dass Ex- und Importe nur durch Admins ausgef\u00fchrt werden konnten<br \/>\n&#8211; War ein Artikel in mehreren Kategorien, konnte ein Fehler bei der Navigation in der Artikelauswahl auftreten und die weitere Navigation verhindern<\/p>\n<p><strong>## Version 3.2.16 &#8211; 2017-04-12<\/strong><br \/>\n### FIXED<br \/>\n&#8211; Beim Import von Artikeln wurden Feldzuweisungen nicht korrekt besetzt<br \/>\n&#8211; Es konnte sein, dass die erste E-Mail Vorlage oder Sprachdatei einer Auswahl nicht exportiert wurde<br \/>\n&#8211; Das L\u00f6schen der Artikelauswahl hat in bestimmten F\u00e4llen nicht korrekt funktioniert<\/p>\n<p><strong>## Version 3.2.14 &#8211; 2017-03-09<\/strong><br \/>\n### CHANGED<br \/>\n&#8211; Kompatibel zu Magento Version 1.9.3.2<br \/>\n### FIXED<br \/>\n&#8211; Magento Connect Paket-Fehler behoben<br \/>\n&#8211; Fehler behoben, der bei PHP Version &gt;7.0.0 auftreten konnte<\/p>\n<p><strong>## Version 3.2.13 &#8211; 2017-02-09<\/strong><br \/>\n### CHANGED<br \/>\n&#8211; Komplettes Refactoring des Programmcodes<br \/>\n&#8211; Komplett \u00fcberarbeitete Benutzeroberfl\u00e4che<br \/>\n&#8211; Einsatz von Magento Grid in den Auswahldialogen<br \/>\n&#8211; Neue Navigation in Artikelauswahl \u00fcber Kategoriebaum<br \/>\n&#8211; Verbesserte Performance und Stabilit\u00e4t bei Ex- und Import<br \/>\n&#8211; Der Debug-Mode wurde \u00fcberarbeitet und um die Optionen erweitert, Exportpakete am Server zu erhalten oder diese erst gar nicht an Eurotext senden zu lassen<br \/>\n&#8211; Verbesserte Pr\u00fcfung und erweiterte Kompatibilit\u00e4t bei der Erstellung der ZIP-Pakete<br \/>\n### ADDED<br \/>\n&#8211; Es ist jetzt m\u00f6glich, die Auswahlen auch nach dem Export einzusehen<br \/>\n&#8211; Mehrfachauswahl von Artikeln durch Komma-separierte SKU-Listen in einem Textfeld<br \/>\n&#8211; Neu: E-Mail Vorlagen aus der Datenbank k\u00f6nnen nun ebenfalls \u00fcbersetzt werden<br \/>\n&#8211; Erweiterte Kompatibilit\u00e4t zu Dritthersteller-Plugins und -Prozessen<br \/>\n&#8211; Neu: Wenn der Export nicht funktioniert, wird das nicht \u00fcbertragene ZIP-Paket nach var\/export\/ kopiert<br \/>\n&#8211; Erweiterte Pr\u00fcfung verschiedener Systemkomponenten (Berechtigungen, Verzeichnisse, Module), um die Stabilit\u00e4t des Plugins zu gew\u00e4hrleisten<br \/>\n&#8211; Verbessertes Verhalten beim Import von \u00dcbersetzungen in bereits gel\u00f6schte ausgangssprachliche Inhalte inkl. Auflistung nicht importierter Inhalte im Importdialog und Logging<br \/>\n&#8211; Komplett \u00fcberarbeitete Dokumentation (http:\/\/eurotext.screenstepslive.com\/s\/translationmanager\/m\/translationmanager-magento19)<\/p>\n<p>### FIXED<br \/>\n&#8211; Bild-Bezeichnungen (Labels) wurden nicht exportiert<br \/>\n&#8211; Fehlerbehebung in der Rechteverwaltung nach \u00c4nderungen in Magento 1.14 EE\/1.9 CE<br \/>\n&#8211; Sprachdateien wurden aus der falschen Quellsprache exportiert<br \/>\n&#8211; Die Sprachdatei eigener Themes (translate.csv) wurde nicht exportiert<br \/>\n&#8211; Allgemeine Fehlerbehebungen im Exportformat<br \/>\n&#8211; Allgemeine Fehlerbehebungen in der Benutzerregistrierung<br \/>\n&#8211; Allgemeine Fehlerbehebungen bei ZIP-Paketerstellung<br \/>\n&#8211; Verbessertes Logging im Standard- und Debug-Modus<br \/>\n### SECURITY<br \/>\n&#8211; Verbesserte Sicherheit bei Datenbank-Schreibzugriffen<\/p>\n<p>### REMOVED<br \/>\n&#8211; Die automatische Auswahl von nicht \u00fcbersetzten Inhalten wurde entfernt<\/p>\n<p><strong>## Version 1.1.2.2<\/strong><br \/>\n### ADDED<br \/>\n&#8211; Eigene Kategorieattribute \u00fcbersetzen: Exportieren Sie Ihre benutzerdefinierten Attribute<\/p>\n<p><strong>## Version 1.1.2.1<\/strong><br \/>\n### FIXED<br \/>\n&#8211; Duplicate URL-Key Fehler beim Import behoben<\/p>\n<p><strong>## Version 1.1.2.0<\/strong><br \/>\n### ADDED<br \/>\n&#8211; \u00dcberarbeiteter DEBUG Modus. Kann nun im Backend (System -&gt; Configuration -&gt; Developer -&gt; Log) aktiviert werden<br \/>\n&#8211; Log-Datei wird in \/var\/log\/eurotext.log erstellt, schwere Fehler werden auch bei ausgeschaltetem DEBUG Modus in eurotext_fatal.log gespeichert<br \/>\n&#8211; FTP-Pr\u00fcfung jetzt mit DEBUG Ausgabe<br \/>\n### CHANGED<br \/>\n&#8211; Basisverzeichnis jetzt in \/var\/eurotext und nicht mehr \/eurotext<br \/>\n### FIXED<br \/>\n&#8211; Diverse Verbesserungen in der Verwendung von Magento-Verzeichnissen<\/p>\n<p><strong>## Version 1.1.1.0<\/strong><br \/>\n### FIXED<br \/>\n&#8211; Es werden nur noch die ausgew\u00e4hlten Sprachdateien exportiert<br \/>\n&#8211; Kleinere Fehlerbehebungen<\/p>\n<p><strong>## Version 1.1.0.0<\/strong><br \/>\n### ADDED<br \/>\n&#8211; Eigene Artikelattribute \u00fcbersetzen: Exportieren Sie Ihre benutzerdefinierten Attribute<br \/>\n&#8211; Absicherung: Bei \u00dcbertragungsfehlern zum Eurotext Server wird das Paket nach \/var\/export gesichert.<br \/>\n### FIXED<br \/>\n&#8211; Fehlerkorrekturen und Sicherheitsupdates<br \/>\n&#8211; Verbesserte und stabilere Programmbasis<\/p>\n<p><strong>## Version 1.0.0.9<\/strong><br \/>\n### FIXED<br \/>\n&#8211; Der Lagerstatus wird bei der Produktauswahl nun auch f\u00fcr &#8222;virtuelle&#8220; Artikel\/Hauptartikel wie im Backend eingestellt angezeigt<\/p>\n<p><strong>## Version 1.0.0.8<\/strong><br \/>\n### ADDED<br \/>\n&#8211; Bei der Produktauswahl kann nun auch nach Artikeltyp gefiltert werden<\/p>\n<p><strong>## Version 1.0.0.7<\/strong><br \/>\n### FIXED<br \/>\n&#8211; Javascript-Fehler beseitigt<br \/>\n&#8211; Update-Skript arbeitet nun toleranter<\/p>\n<p><strong>## Version 1.0.0.6<\/strong><br \/>\n### ADDED<br \/>\n&#8211; Bei der Auswahl der Produkte sind nun zwei zus\u00e4tzliche Filter (nach Status und nach Lagerbestand) verf\u00fcgbar<br \/>\n&#8211; Es k\u00f6nnen nun auch statische Bl\u00f6cke exportiert und wieder importiert werden. Die statischen Bl\u00f6cke werden mit bei der Auswahl der CMS-Seiten angezeigt<\/p>\n<p><strong>## Version 1.0.0.5<\/strong><br \/>\n### ADDED<br \/>\n&#8211; Es werden im Kommentar-Feld der control.xml mehr Projektinformationen angegeben<br \/>\n&#8211; Ein Projekt kann nun jeweils um einen Schritt zur\u00fcckgesetzt werden<br \/>\n### FIXED<br \/>\n&#8211; Es wird nun die korrekte Plugin-Version in der control.xml angegeben<\/p>\n<p><strong>## Version 1.0.0.4<\/strong><br \/>\n### FIXED<br \/>\n&#8211; Das Modul exportiert Attribute nun auch, wenn f\u00fcr das Quell-Storeview keine Bezeichnung vorhanden ist. Es wird dann der Admin-Standardtext exportiert<\/p>\n<p><strong>## Version 1.0.0.3<\/strong><br \/>\n### FIXED<br \/>\n&#8211; URL-Key wird im Ziel-Storeview nun nur noch (anhand der Produkt-\/Kategorie-Bezeichnung) gesetzt, wenn zuvor noch kein Wert gesetzt war (also &#8222;Use default values&#8220; \/ &#8222;Standardwerte \u00fcbernehmen&#8220; aktiv war). Zuvor wurde der URL-Key gesetzt, wenn der Wert leer bzw. gleich dem Standardwert gesetzt war<br \/>\n&#8211; Einstellung &#8222;Use default values&#8220; \/ &#8222;Standardwerte \u00fcbernehmen&#8220; wird bei Feldern, die in den \u00dcbersetzungsdateien nicht vorhanden sind, nun nicht mehr verloren.<\/p>\n<p><strong>## Version 1.0.0.2<\/strong><br \/>\n### FIXED<br \/>\n&#8211; Wurden zwischen Export und Import Produktbilder im Magento-Backend gel\u00f6scht f\u00fcr die \u00dcbersetzungen erzeugt wurden, konnte der Import fehlschlagen<br \/>\n&#8211; Beim Import fehlende Produktbilder werden nun \u00fcbersprungen<\/p>\n<p><strong>## Version 1.0.0.1<\/strong><br \/>\n### ADDED<br \/>\n&#8211; Erweiterung der Produktauswahl um die M\u00f6glichkeit auch nach Kategorien zu filtern und so ggf. schnell ganze Kategorien \u00fcbersetzen zu k\u00f6nnen<br \/>\n### FIXED<br \/>\n&#8211; Wurden URL-Felder nicht mit exportiert, wurden diese beim Import auf die Standardwerte gesetzt statt diese anhand der (\u00fcbersetzten) Bezeichnung zu generieren<\/p>\n<p><strong>## Version 1.0.0.0<\/strong><br \/>\n&#8211; Release Version 1.0.0.0<\/p>\n<p>&nbsp;<\/p>\n<div style=\"width: 120px; background-color: #1567a7; padding: 10px 20px; margin: auto; text-align: center;\"><span style=\"font-family: Arial; font-size: 16px;\"><a style=\"color: #ffffff; text-decoration: none;\" href=\"https:\/\/eurotext-ecommerce.com\/loesungen\/magento\/\"><strong>zur\u00fcck<\/strong><\/a><\/span><\/div>\n","protected":false},"excerpt":{"rendered":"<p>translationMANAGER f\u00fcr Magento 1 \u2013 Changelog &nbsp; # Installation Wir empfehlen DRINGEND das Plugin zuerst in einer Testumgebung zu installieren und zu testen. Bitte sichern Sie Ihre Datenbank vor der Installation. Weitere Informationen unter http:\/\/help.eurotext.de # Update Bitte installieren Sie das Update erst dann, wenn alle laufenden Projekte abgeschlossen \/ erfolgreich importiert sind. Wir empfehlen [&hellip;]<\/p>\n","protected":false},"author":5,"featured_media":0,"parent":5975,"menu_order":3222,"comment_status":"closed","ping_status":"closed","template":"","meta":{"footnotes":""},"class_list":["post-5977","page","type-page","status-publish","hentry"],"yoast_head":"<!-- This site is optimized with the Yoast SEO Premium plugin v21.9 (Yoast SEO v21.9.1) - https:\/\/yoast.com\/wordpress\/plugins\/seo\/ -->\n<title>translationMANAGER f\u00fcr Magento 1 \u2013 Changelog &#8211; Eurotext AG<\/title>\n<meta name=\"description\" content=\"Der translationMANAGER f\u00fcr Magento macht Onlineshop-\u00dcbersetzungen jetzt noch einfacher. Hier finden Sie aktuelle Versionshinweise und Informationen.\" \/>\n<meta name=\"robots\" content=\"noindex, follow, max-snippet:-1, max-image-preview:large, max-video-preview:-1\" \/>\n<meta property=\"og:locale\" content=\"de_DE\" \/>\n<meta property=\"og:type\" content=\"article\" \/>\n<meta property=\"og:title\" content=\"translationMANAGER f\u00fcr Magento 1 \u2013 Changelog\" \/>\n<meta property=\"og:description\" content=\"translationMANAGER f\u00fcr Magento 1 \u2013 Changelog &nbsp; # Installation Wir empfehlen DRINGEND das Plugin zuerst in einer Testumgebung zu installieren und zu\" \/>\n<meta property=\"og:url\" content=\"https:\/\/eurotext.de\/ru\/technologie\/uebersetzungsplugins\/magento\/translationmanager-fuer-magento-changelog\/\" \/>\n<meta property=\"og:site_name\" content=\"Eurotext AG\" \/>\n<meta property=\"article:publisher\" content=\"https:\/\/de-de.facebook.com\/Eurotext\/\" \/>\n<meta property=\"article:modified_time\" content=\"2020-02-06T08:09:51+00:00\" \/>\n<meta name=\"twitter:card\" content=\"summary_large_image\" \/>\n<meta name=\"twitter:site\" content=\"@eurotext\" \/>\n<meta name=\"twitter:label1\" content=\"Gesch\u00e4tzte Lesezeit\" \/>\n\t<meta name=\"twitter:data1\" content=\"6\u00a0Minuten\" \/>\n<script type=\"application\/ld+json\" class=\"yoast-schema-graph\">{\"@context\":\"https:\/\/schema.org\",\"@graph\":[{\"@type\":\"WebPage\",\"@id\":\"https:\/\/eurotext.de\/ru\/technologie\/uebersetzungsplugins\/magento\/translationmanager-fuer-magento-changelog\/\",\"url\":\"https:\/\/eurotext.de\/ru\/technologie\/uebersetzungsplugins\/magento\/translationmanager-fuer-magento-changelog\/\",\"name\":\"translationMANAGER f\u00fcr Magento 1 \u2013 Changelog &#8211; Eurotext AG\",\"isPartOf\":{\"@id\":\"https:\/\/eurotext.de\/ru\/#website\"},\"datePublished\":\"2019-11-06T10:43:58+00:00\",\"dateModified\":\"2020-02-06T08:09:51+00:00\",\"description\":\"Der translationMANAGER f\u00fcr Magento macht Onlineshop-\u00dcbersetzungen jetzt noch einfacher. Hier finden Sie aktuelle Versionshinweise und Informationen.\",\"breadcrumb\":{\"@id\":\"https:\/\/eurotext.de\/ru\/technologie\/uebersetzungsplugins\/magento\/translationmanager-fuer-magento-changelog\/#breadcrumb\"},\"inLanguage\":\"de\",\"potentialAction\":[{\"@type\":\"ReadAction\",\"target\":[\"https:\/\/eurotext.de\/ru\/technologie\/uebersetzungsplugins\/magento\/translationmanager-fuer-magento-changelog\/\"]}]},{\"@type\":\"BreadcrumbList\",\"@id\":\"https:\/\/eurotext.de\/ru\/technologie\/uebersetzungsplugins\/magento\/translationmanager-fuer-magento-changelog\/#breadcrumb\",\"itemListElement\":[{\"@type\":\"ListItem\",\"position\":1,\"name\":\"Startseite\",\"item\":\"https:\/\/eurotext.de\/ru\/\"},{\"@type\":\"ListItem\",\"position\":2,\"name\":\"Technologie\",\"item\":\"https:\/\/eurotext.de\/ru\/technologie\/\"},{\"@type\":\"ListItem\",\"position\":3,\"name\":\"\u00dcbersetzungsplugins\",\"item\":\"https:\/\/eurotext.de\/ru\/technologie\/uebersetzungsplugins\/\"},{\"@type\":\"ListItem\",\"position\":4,\"name\":\"translationMANAGER f\u00fcr Magento\",\"item\":\"https:\/\/eurotext.de\/ru\/technologie\/uebersetzungsplugins\/magento\/\"},{\"@type\":\"ListItem\",\"position\":5,\"name\":\"translationMANAGER f\u00fcr Magento 1 \u2013 Changelog\"}]},{\"@type\":\"WebSite\",\"@id\":\"https:\/\/eurotext.de\/ru\/#website\",\"url\":\"https:\/\/eurotext.de\/ru\/\",\"name\":\"Eurotext AG\",\"description\":\"Wir \u00fcbersetzen f\u00fcr Industrie, IT und E-Commerce\",\"publisher\":{\"@id\":\"https:\/\/eurotext.de\/ru\/#organization\"},\"potentialAction\":[{\"@type\":\"SearchAction\",\"target\":{\"@type\":\"EntryPoint\",\"urlTemplate\":\"https:\/\/eurotext.de\/ru\/?s={search_term_string}\"},\"query-input\":\"required name=search_term_string\"}],\"inLanguage\":\"de\"},{\"@type\":\"Organization\",\"@id\":\"https:\/\/eurotext.de\/ru\/#organization\",\"name\":\"Eurotext AG\",\"url\":\"https:\/\/eurotext.de\/ru\/\",\"logo\":{\"@type\":\"ImageObject\",\"inLanguage\":\"de\",\"@id\":\"https:\/\/eurotext.de\/ru\/#\/schema\/logo\/image\/\",\"url\":\"https:\/\/eurotext.de\/ru\/wp-content\/uploads\/sites\/30\/2016\/05\/eurotext_logo.png\",\"contentUrl\":\"https:\/\/eurotext.de\/ru\/wp-content\/uploads\/sites\/30\/2016\/05\/eurotext_logo.png\",\"width\":125,\"height\":22,\"caption\":\"Eurotext AG\"},\"image\":{\"@id\":\"https:\/\/eurotext.de\/ru\/#\/schema\/logo\/image\/\"},\"sameAs\":[\"https:\/\/de-de.facebook.com\/Eurotext\/\",\"https:\/\/twitter.com\/eurotext\",\"https:\/\/de.linkedin.com\/company\/eurotext-ag\"]}]}<\/script>\n<!-- \/ Yoast SEO Premium plugin. -->","yoast_head_json":{"title":"translationMANAGER f\u00fcr Magento 1 \u2013 Changelog &#8211; Eurotext AG","description":"Der translationMANAGER f\u00fcr Magento macht Onlineshop-\u00dcbersetzungen jetzt noch einfacher. Hier finden Sie aktuelle Versionshinweise und Informationen.","robots":{"index":"noindex","follow":"follow","max-snippet":"max-snippet:-1","max-image-preview":"max-image-preview:large","max-video-preview":"max-video-preview:-1"},"og_locale":"de_DE","og_type":"article","og_title":"translationMANAGER f\u00fcr Magento 1 \u2013 Changelog","og_description":"translationMANAGER f\u00fcr Magento 1 \u2013 Changelog &nbsp; # Installation Wir empfehlen DRINGEND das Plugin zuerst in einer Testumgebung zu installieren und zu","og_url":"https:\/\/eurotext.de\/ru\/technologie\/uebersetzungsplugins\/magento\/translationmanager-fuer-magento-changelog\/","og_site_name":"Eurotext AG","article_publisher":"https:\/\/de-de.facebook.com\/Eurotext\/","article_modified_time":"2020-02-06T08:09:51+00:00","twitter_card":"summary_large_image","twitter_site":"@eurotext","twitter_misc":{"Gesch\u00e4tzte Lesezeit":"6\u00a0Minuten"},"schema":{"@context":"https:\/\/schema.org","@graph":[{"@type":"WebPage","@id":"https:\/\/eurotext.de\/ru\/technologie\/uebersetzungsplugins\/magento\/translationmanager-fuer-magento-changelog\/","url":"https:\/\/eurotext.de\/ru\/technologie\/uebersetzungsplugins\/magento\/translationmanager-fuer-magento-changelog\/","name":"translationMANAGER f\u00fcr Magento 1 \u2013 Changelog &#8211; Eurotext AG","isPartOf":{"@id":"https:\/\/eurotext.de\/ru\/#website"},"datePublished":"2019-11-06T10:43:58+00:00","dateModified":"2020-02-06T08:09:51+00:00","description":"Der translationMANAGER f\u00fcr Magento macht Onlineshop-\u00dcbersetzungen jetzt noch einfacher. Hier finden Sie aktuelle Versionshinweise und Informationen.","breadcrumb":{"@id":"https:\/\/eurotext.de\/ru\/technologie\/uebersetzungsplugins\/magento\/translationmanager-fuer-magento-changelog\/#breadcrumb"},"inLanguage":"de","potentialAction":[{"@type":"ReadAction","target":["https:\/\/eurotext.de\/ru\/technologie\/uebersetzungsplugins\/magento\/translationmanager-fuer-magento-changelog\/"]}]},{"@type":"BreadcrumbList","@id":"https:\/\/eurotext.de\/ru\/technologie\/uebersetzungsplugins\/magento\/translationmanager-fuer-magento-changelog\/#breadcrumb","itemListElement":[{"@type":"ListItem","position":1,"name":"Startseite","item":"https:\/\/eurotext.de\/ru\/"},{"@type":"ListItem","position":2,"name":"Technologie","item":"https:\/\/eurotext.de\/ru\/technologie\/"},{"@type":"ListItem","position":3,"name":"\u00dcbersetzungsplugins","item":"https:\/\/eurotext.de\/ru\/technologie\/uebersetzungsplugins\/"},{"@type":"ListItem","position":4,"name":"translationMANAGER f\u00fcr Magento","item":"https:\/\/eurotext.de\/ru\/technologie\/uebersetzungsplugins\/magento\/"},{"@type":"ListItem","position":5,"name":"translationMANAGER f\u00fcr Magento 1 \u2013 Changelog"}]},{"@type":"WebSite","@id":"https:\/\/eurotext.de\/ru\/#website","url":"https:\/\/eurotext.de\/ru\/","name":"Eurotext AG","description":"Wir \u00fcbersetzen f\u00fcr Industrie, IT und E-Commerce","publisher":{"@id":"https:\/\/eurotext.de\/ru\/#organization"},"potentialAction":[{"@type":"SearchAction","target":{"@type":"EntryPoint","urlTemplate":"https:\/\/eurotext.de\/ru\/?s={search_term_string}"},"query-input":"required name=search_term_string"}],"inLanguage":"de"},{"@type":"Organization","@id":"https:\/\/eurotext.de\/ru\/#organization","name":"Eurotext AG","url":"https:\/\/eurotext.de\/ru\/","logo":{"@type":"ImageObject","inLanguage":"de","@id":"https:\/\/eurotext.de\/ru\/#\/schema\/logo\/image\/","url":"https:\/\/eurotext.de\/ru\/wp-content\/uploads\/sites\/30\/2016\/05\/eurotext_logo.png","contentUrl":"https:\/\/eurotext.de\/ru\/wp-content\/uploads\/sites\/30\/2016\/05\/eurotext_logo.png","width":125,"height":22,"caption":"Eurotext AG"},"image":{"@id":"https:\/\/eurotext.de\/ru\/#\/schema\/logo\/image\/"},"sameAs":["https:\/\/de-de.facebook.com\/Eurotext\/","https:\/\/twitter.com\/eurotext","https:\/\/de.linkedin.com\/company\/eurotext-ag"]}]}},"_links":{"self":[{"href":"https:\/\/eurotext.de\/ru\/wp-json\/wp\/v2\/pages\/5977","targetHints":{"allow":["GET"]}}],"collection":[{"href":"https:\/\/eurotext.de\/ru\/wp-json\/wp\/v2\/pages"}],"about":[{"href":"https:\/\/eurotext.de\/ru\/wp-json\/wp\/v2\/types\/page"}],"author":[{"embeddable":true,"href":"https:\/\/eurotext.de\/ru\/wp-json\/wp\/v2\/users\/5"}],"replies":[{"embeddable":true,"href":"https:\/\/eurotext.de\/ru\/wp-json\/wp\/v2\/comments?post=5977"}],"version-history":[{"count":1,"href":"https:\/\/eurotext.de\/ru\/wp-json\/wp\/v2\/pages\/5977\/revisions"}],"predecessor-version":[{"id":5978,"href":"https:\/\/eurotext.de\/ru\/wp-json\/wp\/v2\/pages\/5977\/revisions\/5978"}],"up":[{"embeddable":true,"href":"https:\/\/eurotext.de\/ru\/wp-json\/wp\/v2\/pages\/5975"}],"wp:attachment":[{"href":"https:\/\/eurotext.de\/ru\/wp-json\/wp\/v2\/media?parent=5977"}],"curies":[{"name":"wp","href":"https:\/\/api.w.org\/{rel}","templated":true}]}}