{"id":4295,"date":"2018-10-25T10:42:09","date_gmt":"2018-10-25T08:42:09","guid":{"rendered":"https:\/\/eurotext.de\/?page_id=4295"},"modified":"2020-04-21T10:59:07","modified_gmt":"2020-04-21T08:59:07","slug":"hirmer","status":"publish","type":"page","link":"https:\/\/eurotext.de\/ru\/projekte\/hirmer\/","title":{"rendered":"Hirmer"},"content":{"rendered":"<div class=\"parallax-container\" data-parallax=\"scroll\" data-bleed=\"10\" data-image-src=\"\/wp-content\/uploads\/2020\/04\/pastellblau_01.png\"> <div class=\"parallax-window\"> <div class=\"parallax-slider parallax-banner__content\" style=\"\"><h1 class='parallax-banner__headline'><strong>HIRMER \u2013 Mode mit Format<\/strong><\/h1><p class=\"parallax-banner__text\">Das Modehaus HIRMER aus M\u00fcnchen kann voller Stolz auf seine \u00fcber 70j\u00e4hrige Tradition zur\u00fcckblicken. Vor allem der Gesch\u00e4ftsbereich <strong>HIRMER GROSSE GR\u00d6SSEN<\/strong> hat eine beeindruckende Erfolgsgeschichte vorzuweisen. Damit das auch in Zukunft so bleibt, expandiert der Filialist sehr engagiert nach Osteuropa und erschlie\u00dft sich dort Kunden von besonderem Format.<\/p><\/div> <\/div> <\/div>\n<p><div class='content-column content-column-row '><div class='content-column full_width'>\n<h2 style=\"text-align: center;\">HIRMER GROSSE GR\u00d6SSEN \u2013 Denken in gro\u00dfen Ma\u00dfst\u00e4ben<\/h2>\n<\/div><div class='clear_column'><\/div><div class='content-column four_fifth'><a href=\"https:\/\/www.hirmer.de\/\" target=\"_blank\" rel=\"noopener\"><strong>HIRMER<\/strong> <\/a>hat kein Problem mit Gr\u00f6\u00dfe: das Stammhaus in M\u00fcnchen gilt als <strong>das gr\u00f6\u00dfte Modehaus der Welt nur f\u00fcr M\u00e4nner<\/strong>. Und der Gesch\u00e4ftsbereich <a href=\"https:\/\/www.hirmer-grosse-groessen.de\/\" target=\"_blank\" rel=\"noopener\"><strong>HIRMER GROSSE GR\u00d6SSEN<\/strong><\/a>, der auf \u00dcbergr\u00f6\u00dfen spezialisiert ist, betreibt mittlerweile 15 XXL-Modeh\u00e4user in Deutschland und \u00d6sterreich. Da das Unternehmen auf anspruchsvolle Kleidung in Gr\u00f6\u00dfen spezialisiert ist, die andere gar nicht im Sortiment haben, kommen die begeisterten Kunden aus der ganzen Welt. HIRMER wollte sich deshalb nicht auf dem so erfolgreichen\u00a0 station\u00e4ren Gesch\u00e4ft ausruhen und verkauft seit 2018 auch \u00fcber den eigenen Onlineshop. Der erste Schritt ins nicht deutschsprachige Ausland ging 2016 nach <strong>Tschechien<\/strong>, 2018 folgte <strong>Polen<\/strong>, weitere osteurop\u00e4ische Sprachen sind in Planung. Lesen Sie hier, wie Eurotext HIRMER bei dieser etwas \u00fcberraschenden <strong>Internationalisierungsstrategie<\/strong> unterst\u00fctzt hat und was dabei Besonderes zu beachten war.\u00a0 <\/div><div class='content-column one_fifth last_column'> <img loading=\"lazy\" decoding=\"async\" class=\"aligncenter wp-image-4318 size-medium\" src=\"https:\/\/eurotext.de\/wp-content\/uploads\/2018\/11\/Hirmer-300x167.jpg\" alt=\"Hirmer\" width=\"300\" height=\"167\" srcset=\"https:\/\/eurotext.de\/ru\/wp-content\/uploads\/sites\/30\/2018\/11\/Hirmer-300x167.jpg 300w, https:\/\/eurotext.de\/ru\/wp-content\/uploads\/sites\/30\/2018\/11\/Hirmer-768x427.jpg 768w, https:\/\/eurotext.de\/ru\/wp-content\/uploads\/sites\/30\/2018\/11\/Hirmer.jpg 800w\" sizes=\"auto, (max-width: 300px) 100vw, 300px\" \/><\/p>\n<\/div><div class='clear_column'><\/div><div class='content-column full_width'>\n<img loading=\"lazy\" decoding=\"async\" class=\"aligncenter size-full wp-image-4303\" src=\"https:\/\/eurotext.de\/wp-content\/uploads\/2018\/10\/hirmer_01.jpg\" alt=\"Hirmer Gro\u00dfe Gr\u00f6\u00dfen\" width=\"1920\" height=\"881\" srcset=\"https:\/\/eurotext.de\/ru\/wp-content\/uploads\/sites\/30\/2018\/10\/hirmer_01.jpg 1920w, https:\/\/eurotext.de\/ru\/wp-content\/uploads\/sites\/30\/2018\/10\/hirmer_01-300x138.jpg 300w, https:\/\/eurotext.de\/ru\/wp-content\/uploads\/sites\/30\/2018\/10\/hirmer_01-768x352.jpg 768w, https:\/\/eurotext.de\/ru\/wp-content\/uploads\/sites\/30\/2018\/10\/hirmer_01-1024x470.jpg 1024w\" sizes=\"auto, (max-width: 1920px) 100vw, 1920px\" \/>\n<hr \/>\n<h2 style=\"text-align: center;\">Ein Blick hinter die Kulissen<\/h2>\n<\/div><div class='clear_column'><\/div><div class='content-column one_half'><em><strong>Peter Seltsam<\/strong>, Gesch\u00e4ftsf\u00fchrer von Eurotext und als Senior-Consultant f\u00fcr das Projekt verantwortlich, beantwortet hier die wichtigsten Fragen zur <strong>Internationalisierung<\/strong> von <strong>Hirmer<\/strong>.<br \/>\n<\/em><\/p>\n<p><strong>Wie lange wird Hirmer schon von Eurotext betreut?<\/strong><\/p>\n<p>Seit Dezember 2017. Hirmer war auf der Suche nach einem qualitativ hochwertigen Sprachendienst, der umfassende Expertise im Bereich E-Commerce und SEO besitzt und neben der reinen \u00dcbersetzung auch entsprechende Beratung bietet.<\/p>\n<p><strong>Was waren die Bestandteile des aktuellen Projekts?<\/strong><\/p>\n<p>Hirmer verf\u00fcgt \u00fcber einen <strong>Oxid-Shop<\/strong> und ein eigenes <strong>ERP-System<\/strong>, die Betreuung \u00fcbernimmt der OXID-Spezialist <a href=\"https:\/\/www.deutschedaten.de\/\" target=\"_blank\" rel=\"noopener\">DeutscheDaten<\/a> aus M\u00fcnchen. Bei dem aktuellen Projekt ging es darum, den Shop <a href=\"https:\/\/www.hirmer-grosse-groessen.de\" target=\"_blank\" rel=\"noopener\">hirmer-grosse-groessen.de<\/a> zu relaunchen und in diesem Zusammenhang die Sprachvarianten <strong>Englisch<\/strong>, <strong>Polnisch<\/strong> und <strong>Tschechisch<\/strong> zu integrieren.<\/p>\n<p><strong>Wie umfangreich war das Projekt insgesamt?<br \/>\n<\/strong><\/p>\n<p>Bei der <strong>Lokalisierung<\/strong> mussten alle wichtigen Bereiche des Shops \u00fcberarbeitet werden: das Shop-Framework inklusive Produkten, CMS-Seiten, Kategorie-Seiten, Attribute, E-Mail-Templates und shopspezifischen Sprachdateien. Alle Texte mussten \u00fcbersetzt und teilweise komplett neu konzipiert werden. Innerhalb eines Jahres wurden so ca. <strong>2,5 Millionen W\u00f6rter<\/strong> ins Englische, Polnische und Tschechische \u00fcbersetzt. Weitere Sprachen werden folgen.<\/p>\n<p><strong>Welche Arbeitsschritte waren dabei wichtig und wo lauerten die gr\u00f6\u00dften Herausforderungen?<\/strong><\/p>\n<p>Technisch und konzeptionell gab es keine gro\u00dfen H\u00fcrden, die Herausforderung war vor allem das Gesamtvolumen der Texte.\u00a0 Um so eine Menge in kurzer Zeit qualitativ hochwertig \u00fcbersetzen zu k\u00f6nnen, und das zu einem wirtschaftlich vertretbaren Preis, ben\u00f6tigt man die passenden Prozesse und einen strukturierten Datenaustausch inkl. passenden QA-Ma\u00dfnahmen.<\/div><div class='content-column one_half last_column'>\n<p>Zum Einsatz kamen der <a href=\"https:\/\/eurotext-ecommerce.com\/loesungen\/oxid\/\">Eurotext Translation-Manager<\/a> f\u00fcr Oxid f\u00fcr die Lokalisierung des Shop-Frameworks (CMS-Seiten, Kategorieseiten, Attribute, E-Mail-Templates, Sprachdateien, Checkout-Prozess) sowie Eurotext-Excel-Templates f\u00fcr die \u00dcbersetzung und Transkreation der Produkttexte.<\/p>\n<p><strong>Wie gro\u00df ist das Team, das bei Eurotext f\u00fcr Hirmer arbeitet?<\/strong><\/p>\n<p>Unser <strong>Hirmer-Projektteam<\/strong> besteht aus drei Projektleitern\/Kundenbetreuern, die vom technischen Support und einem Senior-Consultant der Eurotext AG unterst\u00fctzt werden. Dazu haben wir feste L\u00e4nderteams f\u00fcr die gew\u00fcnschten Sprachen, die sich bei Bedarf flexibel vergr\u00f6\u00dfern lassen. F\u00fcr die Abwicklung nutzen wir au\u00dferdem kundenspezifische, linguistische und technische Assets wie Styleguides, Keyword- und Fachtermbanken, Translation-Memories und die serverbasierte\u00a0 Eurotext-\u00dcbersetzungsumgebung.<\/p>\n<p><strong>Wie sieht der Alltag auf beiden Seiten aus? Welche Arbeiten fallen regelm\u00e4\u00dfig an?<\/strong><\/p>\n<p>Aktuell haben wir nahezu t\u00e4glich Content-Updates, vor allem im Produktbereich. Die Datenpakete werden sowohl \u00fcber das Eurotext 24\/7-\u00dcbersetzungsportal als auch \u00fcber manuelle Up- und Downloads ausgetauscht.<\/p>\n<p><strong>Gab es unerwartete Herausforderungen oder Probleme?<\/strong><\/p>\n<p>Darauf kann ich erfreulicherweise mit einem klaren &#8222;Nein&#8220; antworten. Abgesehen vom \u00fcblichen\u00a0 Zeitdruck in der Go-Live-Phase funktionierte die Zusammenarbeit von Hirmer, DeutscheDaten und Eurotext absolut reibungslos und partnerschaftlich. Das n\u00e4chste Highlight ist die gerade stattfindende Anbindung des Hirmer-ERPs an das Eurotext-\u00dcbersetzungsportal \u00fcber die Eurotext REST API. Der t\u00e4gliche Datenaustausch von Produkttexten zwischen Hirmer-ERP, Eurotext-\u00dcbersetzungsportal und zur\u00fcck wird dann komplett automatisiert und dadurch noch unkomplizierter. Mehr dazu in K\u00fcrze.<\/p>\n<img loading=\"lazy\" decoding=\"async\" class=\"alignleft wp-image-2775\" src=\"https:\/\/eurotext.de\/wp-content\/uploads\/2017\/01\/400_Seltsam-300x300.jpg\" alt=\"Peter Seltsam\" width=\"80\" height=\"80\" srcset=\"https:\/\/eurotext.de\/ru\/wp-content\/uploads\/sites\/30\/2017\/01\/400_Seltsam-300x300.jpg 300w, https:\/\/eurotext.de\/ru\/wp-content\/uploads\/sites\/30\/2017\/01\/400_Seltsam-150x150.jpg 150w, https:\/\/eurotext.de\/ru\/wp-content\/uploads\/sites\/30\/2017\/01\/400_Seltsam.jpg 400w\" sizes=\"auto, (max-width: 80px) 100vw, 80px\" \/><em>Peter Seltsam ist Gr\u00fcnder und Gesch\u00e4ftsf\u00fchrer der Eurotext AG, die seit mehr als 25 Jahren einer der f\u00fchrenden Language Service Provider f\u00fcr Industrie und Onlinehandel ist. Er verf\u00fcgt \u00fcber ein abgeschlossenes Studium der Iberoromanischen Philologie und gilt als Experte f\u00fcr Management und Prozessautomatisierung multilingualer \u00dcbersetzungsprojekte.<\/em>\n<\/div><div class='clear_column'><\/div>\n<div class='content-column full_width'>\n<p>&nbsp;<\/p>\n<img loading=\"lazy\" decoding=\"async\" class=\"aligncenter size-full wp-image-4307\" src=\"https:\/\/eurotext.de\/wp-content\/uploads\/2018\/10\/hirmer_05.jpg\" alt=\"Hirmer Gro\u00dfe Gr\u00f6\u00dfen\" width=\"1920\" height=\"821\" srcset=\"https:\/\/eurotext.de\/ru\/wp-content\/uploads\/sites\/30\/2018\/10\/hirmer_05.jpg 1920w, https:\/\/eurotext.de\/ru\/wp-content\/uploads\/sites\/30\/2018\/10\/hirmer_05-300x128.jpg 300w, https:\/\/eurotext.de\/ru\/wp-content\/uploads\/sites\/30\/2018\/10\/hirmer_05-768x328.jpg 768w, https:\/\/eurotext.de\/ru\/wp-content\/uploads\/sites\/30\/2018\/10\/hirmer_05-1024x438.jpg 1024w\" sizes=\"auto, (max-width: 1920px) 100vw, 1920px\" \/>\n<hr \/>\n<h2 style=\"text-align: center;\">Das Projekt in den Medien<\/h2>\n<\/div><div class='clear_column'><\/div><div class='content-column one_half'>Im Dezember 2018 berichtete die Branchenzeitschrift <a href=\"https:\/\/cross-border-magazine.com\/\" target=\"_blank\" rel=\"noopener\"><strong>Cross-Border Magazine<\/strong><\/a> unter dem Titel\u00a0<strong>STYLE IS NOT A QUESTION OF SIZE<\/strong> ausf\u00fchrlich \u00fcber die erfolgreiche Expansion von HIRMER und die Zusammenarbeit mit Eurotext. <\/div><div class='content-column one_half last_column'><img loading=\"lazy\" decoding=\"async\" class=\"alignnone wp-image-4445\" src=\"https:\/\/eurotext.de\/wp-content\/uploads\/2018\/12\/hirmer.jpg\" alt=\"Cross-Border Magazine - Hirmer\" width=\"600\" height=\"281\" srcset=\"https:\/\/eurotext.de\/ru\/wp-content\/uploads\/sites\/30\/2018\/12\/hirmer.jpg 853w, https:\/\/eurotext.de\/ru\/wp-content\/uploads\/sites\/30\/2018\/12\/hirmer-300x141.jpg 300w, https:\/\/eurotext.de\/ru\/wp-content\/uploads\/sites\/30\/2018\/12\/hirmer-768x360.jpg 768w\" sizes=\"auto, (max-width: 600px) 100vw, 600px\" \/><\/p>\n<\/div><div class='clear_column'><\/div><\/div><div class='clear_column'><\/div><div class=\"banner banner--small banner--withTextAndButton banner--button-on-right-side banner--orange-background\"><div class=\"layout-wrapper\"><div class=\"banner__text\">Lesen Sie hier den Artikel im Cross-Border Magazine (ab Seite 48):<\/div><div class=\"banner__button\"><a class=\" button button--light\" target=\"_blank\" href=\"https:\/\/cross-border-magazine.com\/wp-content\/uploads\/4014e2d4452343d72a1937d002e8b5bc\/CBM08.pdf\">zum Artikel<\/a><\/div><\/div><\/div><div class='content-column content-column-row '><\/div><div class='clear_column'><\/div><\/p>\n<p>&nbsp;<\/p>\n","protected":false},"excerpt":{"rendered":"<p>&nbsp;<\/p>\n","protected":false},"author":5,"featured_media":0,"parent":4083,"menu_order":5002,"comment_status":"closed","ping_status":"closed","template":"full-width-page.php","meta":{"footnotes":""},"class_list":["post-4295","page","type-page","status-publish","hentry"],"yoast_head":"<!-- This site is optimized with the Yoast SEO Premium plugin v21.9 (Yoast SEO v21.9.1) - https:\/\/yoast.com\/wordpress\/plugins\/seo\/ -->\n<title>Fach\u00fcbersetzung f\u00fcr E-Commerce: Hirmer \u2013 Eurotext AG<\/title>\n<meta name=\"description\" content=\"Mit gro\u00dfen Gr\u00f6\u00dfen auch international erfolgreich. Unser Projekt f\u00fcr den Kunden Hirmer umfasst Fashion-\u00dcbersetzungen und Internationalisierungs-Strategie.\" \/>\n<meta name=\"robots\" content=\"noindex, nofollow\" \/>\n<meta property=\"og:locale\" content=\"de_DE\" \/>\n<meta property=\"og:type\" content=\"article\" \/>\n<meta property=\"og:title\" content=\"Hirmer\" \/>\n<meta property=\"og:description\" content=\"&nbsp;\" \/>\n<meta property=\"og:url\" content=\"https:\/\/eurotext.de\/ru\/projekte\/hirmer\/\" \/>\n<meta property=\"og:site_name\" content=\"Eurotext AG\" \/>\n<meta property=\"article:publisher\" content=\"https:\/\/de-de.facebook.com\/Eurotext\/\" \/>\n<meta property=\"article:modified_time\" content=\"2020-04-21T08:59:07+00:00\" \/>\n<meta property=\"og:image\" content=\"https:\/\/eurotext.de\/wp-content\/uploads\/2018\/11\/Hirmer-300x167.jpg\" \/>\n<meta name=\"twitter:card\" content=\"summary_large_image\" \/>\n<meta name=\"twitter:site\" content=\"@eurotext\" \/>\n<meta name=\"twitter:label1\" content=\"Gesch\u00e4tzte Lesezeit\" \/>\n\t<meta name=\"twitter:data1\" content=\"4\u00a0Minuten\" \/>\n<script type=\"application\/ld+json\" class=\"yoast-schema-graph\">{\"@context\":\"https:\/\/schema.org\",\"@graph\":[{\"@type\":\"WebPage\",\"@id\":\"https:\/\/eurotext.de\/ru\/projekte\/hirmer\/\",\"url\":\"https:\/\/eurotext.de\/ru\/projekte\/hirmer\/\",\"name\":\"Fach\u00fcbersetzung f\u00fcr E-Commerce: Hirmer \u2013 Eurotext AG\",\"isPartOf\":{\"@id\":\"https:\/\/eurotext.de\/ru\/#website\"},\"datePublished\":\"2018-10-25T08:42:09+00:00\",\"dateModified\":\"2020-04-21T08:59:07+00:00\",\"description\":\"Mit gro\u00dfen Gr\u00f6\u00dfen auch international erfolgreich. Unser Projekt f\u00fcr den Kunden Hirmer umfasst Fashion-\u00dcbersetzungen und Internationalisierungs-Strategie.\",\"breadcrumb\":{\"@id\":\"https:\/\/eurotext.de\/ru\/projekte\/hirmer\/#breadcrumb\"},\"inLanguage\":\"de\",\"potentialAction\":[{\"@type\":\"ReadAction\",\"target\":[\"https:\/\/eurotext.de\/ru\/projekte\/hirmer\/\"]}]},{\"@type\":\"BreadcrumbList\",\"@id\":\"https:\/\/eurotext.de\/ru\/projekte\/hirmer\/#breadcrumb\",\"itemListElement\":[{\"@type\":\"ListItem\",\"position\":1,\"name\":\"Startseite\",\"item\":\"https:\/\/eurotext.de\/ru\/\"},{\"@type\":\"ListItem\",\"position\":2,\"name\":\"Projekte\",\"item\":\"https:\/\/eurotext.de\/ru\/projekte\/\"},{\"@type\":\"ListItem\",\"position\":3,\"name\":\"Hirmer\"}]},{\"@type\":\"WebSite\",\"@id\":\"https:\/\/eurotext.de\/ru\/#website\",\"url\":\"https:\/\/eurotext.de\/ru\/\",\"name\":\"Eurotext AG\",\"description\":\"Wir \u00fcbersetzen f\u00fcr Industrie, IT und E-Commerce\",\"publisher\":{\"@id\":\"https:\/\/eurotext.de\/ru\/#organization\"},\"potentialAction\":[{\"@type\":\"SearchAction\",\"target\":{\"@type\":\"EntryPoint\",\"urlTemplate\":\"https:\/\/eurotext.de\/ru\/?s={search_term_string}\"},\"query-input\":\"required name=search_term_string\"}],\"inLanguage\":\"de\"},{\"@type\":\"Organization\",\"@id\":\"https:\/\/eurotext.de\/ru\/#organization\",\"name\":\"Eurotext AG\",\"url\":\"https:\/\/eurotext.de\/ru\/\",\"logo\":{\"@type\":\"ImageObject\",\"inLanguage\":\"de\",\"@id\":\"https:\/\/eurotext.de\/ru\/#\/schema\/logo\/image\/\",\"url\":\"https:\/\/eurotext.de\/ru\/wp-content\/uploads\/sites\/30\/2016\/05\/eurotext_logo.png\",\"contentUrl\":\"https:\/\/eurotext.de\/ru\/wp-content\/uploads\/sites\/30\/2016\/05\/eurotext_logo.png\",\"width\":125,\"height\":22,\"caption\":\"Eurotext AG\"},\"image\":{\"@id\":\"https:\/\/eurotext.de\/ru\/#\/schema\/logo\/image\/\"},\"sameAs\":[\"https:\/\/de-de.facebook.com\/Eurotext\/\",\"https:\/\/twitter.com\/eurotext\",\"https:\/\/de.linkedin.com\/company\/eurotext-ag\"]}]}<\/script>\n<!-- \/ Yoast SEO Premium plugin. -->","yoast_head_json":{"title":"Fach\u00fcbersetzung f\u00fcr E-Commerce: Hirmer \u2013 Eurotext AG","description":"Mit gro\u00dfen Gr\u00f6\u00dfen auch international erfolgreich. Unser Projekt f\u00fcr den Kunden Hirmer umfasst Fashion-\u00dcbersetzungen und Internationalisierungs-Strategie.","robots":{"index":"noindex","follow":"nofollow"},"og_locale":"de_DE","og_type":"article","og_title":"Hirmer","og_description":"&nbsp;","og_url":"https:\/\/eurotext.de\/ru\/projekte\/hirmer\/","og_site_name":"Eurotext AG","article_publisher":"https:\/\/de-de.facebook.com\/Eurotext\/","article_modified_time":"2020-04-21T08:59:07+00:00","og_image":[{"url":"https:\/\/eurotext.de\/wp-content\/uploads\/2018\/11\/Hirmer-300x167.jpg"}],"twitter_card":"summary_large_image","twitter_site":"@eurotext","twitter_misc":{"Gesch\u00e4tzte Lesezeit":"4\u00a0Minuten"},"schema":{"@context":"https:\/\/schema.org","@graph":[{"@type":"WebPage","@id":"https:\/\/eurotext.de\/ru\/projekte\/hirmer\/","url":"https:\/\/eurotext.de\/ru\/projekte\/hirmer\/","name":"Fach\u00fcbersetzung f\u00fcr E-Commerce: Hirmer \u2013 Eurotext AG","isPartOf":{"@id":"https:\/\/eurotext.de\/ru\/#website"},"datePublished":"2018-10-25T08:42:09+00:00","dateModified":"2020-04-21T08:59:07+00:00","description":"Mit gro\u00dfen Gr\u00f6\u00dfen auch international erfolgreich. Unser Projekt f\u00fcr den Kunden Hirmer umfasst Fashion-\u00dcbersetzungen und Internationalisierungs-Strategie.","breadcrumb":{"@id":"https:\/\/eurotext.de\/ru\/projekte\/hirmer\/#breadcrumb"},"inLanguage":"de","potentialAction":[{"@type":"ReadAction","target":["https:\/\/eurotext.de\/ru\/projekte\/hirmer\/"]}]},{"@type":"BreadcrumbList","@id":"https:\/\/eurotext.de\/ru\/projekte\/hirmer\/#breadcrumb","itemListElement":[{"@type":"ListItem","position":1,"name":"Startseite","item":"https:\/\/eurotext.de\/ru\/"},{"@type":"ListItem","position":2,"name":"Projekte","item":"https:\/\/eurotext.de\/ru\/projekte\/"},{"@type":"ListItem","position":3,"name":"Hirmer"}]},{"@type":"WebSite","@id":"https:\/\/eurotext.de\/ru\/#website","url":"https:\/\/eurotext.de\/ru\/","name":"Eurotext AG","description":"Wir \u00fcbersetzen f\u00fcr Industrie, IT und E-Commerce","publisher":{"@id":"https:\/\/eurotext.de\/ru\/#organization"},"potentialAction":[{"@type":"SearchAction","target":{"@type":"EntryPoint","urlTemplate":"https:\/\/eurotext.de\/ru\/?s={search_term_string}"},"query-input":"required name=search_term_string"}],"inLanguage":"de"},{"@type":"Organization","@id":"https:\/\/eurotext.de\/ru\/#organization","name":"Eurotext AG","url":"https:\/\/eurotext.de\/ru\/","logo":{"@type":"ImageObject","inLanguage":"de","@id":"https:\/\/eurotext.de\/ru\/#\/schema\/logo\/image\/","url":"https:\/\/eurotext.de\/ru\/wp-content\/uploads\/sites\/30\/2016\/05\/eurotext_logo.png","contentUrl":"https:\/\/eurotext.de\/ru\/wp-content\/uploads\/sites\/30\/2016\/05\/eurotext_logo.png","width":125,"height":22,"caption":"Eurotext AG"},"image":{"@id":"https:\/\/eurotext.de\/ru\/#\/schema\/logo\/image\/"},"sameAs":["https:\/\/de-de.facebook.com\/Eurotext\/","https:\/\/twitter.com\/eurotext","https:\/\/de.linkedin.com\/company\/eurotext-ag"]}]}},"_links":{"self":[{"href":"https:\/\/eurotext.de\/ru\/wp-json\/wp\/v2\/pages\/4295","targetHints":{"allow":["GET"]}}],"collection":[{"href":"https:\/\/eurotext.de\/ru\/wp-json\/wp\/v2\/pages"}],"about":[{"href":"https:\/\/eurotext.de\/ru\/wp-json\/wp\/v2\/types\/page"}],"author":[{"embeddable":true,"href":"https:\/\/eurotext.de\/ru\/wp-json\/wp\/v2\/users\/5"}],"replies":[{"embeddable":true,"href":"https:\/\/eurotext.de\/ru\/wp-json\/wp\/v2\/comments?post=4295"}],"version-history":[{"count":31,"href":"https:\/\/eurotext.de\/ru\/wp-json\/wp\/v2\/pages\/4295\/revisions"}],"predecessor-version":[{"id":10182,"href":"https:\/\/eurotext.de\/ru\/wp-json\/wp\/v2\/pages\/4295\/revisions\/10182"}],"up":[{"embeddable":true,"href":"https:\/\/eurotext.de\/ru\/wp-json\/wp\/v2\/pages\/4083"}],"wp:attachment":[{"href":"https:\/\/eurotext.de\/ru\/wp-json\/wp\/v2\/media?parent=4295"}],"curies":[{"name":"wp","href":"https:\/\/api.w.org\/{rel}","templated":true}]}}