{"id":3154,"date":"2017-06-07T09:57:14","date_gmt":"2017-06-07T07:57:14","guid":{"rendered":"https:\/\/eurotext.de\/?page_id=3154"},"modified":"2020-04-21T11:33:54","modified_gmt":"2020-04-21T09:33:54","slug":"e-commerce-uebersetzungen","status":"publish","type":"page","link":"https:\/\/eurotext.de\/ru\/sprachdienstleistungen\/e-commerce-uebersetzungen\/","title":{"rendered":"E-Commerce-\u00dcbersetzungen"},"content":{"rendered":"<div class=\"parallax-container\" data-parallax=\"scroll\" data-bleed=\"10\" data-image-src=\"\/wp-content\/uploads\/2020\/04\/pastellblau_01.png\"> <div class=\"parallax-window\"> <div class=\"parallax-slider parallax-banner__content\" style=\"\"><h1 class='parallax-banner__headline'><strong>\u00dcbersetzungen f\u00fcr den E-Commerce<\/strong><\/h1><p class=\"parallax-banner__text\">Gute \u00dcbersetzungen auf Ihrer Website und in Ihrem Onlineshop sprechen Ihre Kunden auf der ganzen Welt an. Mit Eurotext wird Ihre Website und Ihr Onlineshop ganz einfach international. Sie haben spezielle Anforderungen, Systeme oder Fragen? Nutzen Sie unseren kostenlosen Beratungsservice, wir helfen Ihnen gerne.<\/p><\/div> <\/div> <\/div>\n<div class='content-column content-column-row '><div class='content-column full_width'>\n<h2 style=\"text-align: center;\">Alles f\u00fcr den internationalen Onlinehandel<\/h2>\n<\/div><div class='clear_column'><\/div><div class='content-column one_half'>\n<p>Erg\u00e4nzend zu\u00a0<strong><a href=\"https:\/\/eurotext.de\/sprachdienstleistungen\/fachuebersetzung\/\">professionellen \u00dcbersetzungen<\/a><\/strong>\u00a0bietet Eurotext eine Vielzahl von Produkten und Dienstleistungen, die speziell auf den Bereich\u00a0<strong>E-Commerce<\/strong>\u00a0zugeschnitten sind. Dazu geh\u00f6ren L\u00f6sungen f\u00fcr verschiedenste Bereiche und Technologien.<\/p>\n<\/div><div class='content-column one_half last_column'>\n<p>Wir bieten\u00a0<strong>Plugins<\/strong>\u00a0f\u00fcr viele Shop- und Content Management Systeme,\u00a0<strong>Beratung\u00a0<\/strong>bei der Einrichtung effizienter \u00dcbersetzungs-Workflows, hochwertige\u00a0<strong>\u00dcbersetzungen<\/strong> in mehr als 50 Sprachen zu fairen Preisen, mehrsprachige\u00a0<strong>Suchmaschinenoptimierung<\/strong>\u00a0und internationales\u00a0<strong>UX-Testing<\/strong>.<\/p>\n<\/div><div class='clear_column'><\/div>\n<div class='content-column full_width'>\n<p>&nbsp;<\/p>\n<a href=\"https:\/\/eurotext.de\/wp-content\/uploads\/2019\/03\/EurotextAG_Workflow_2019.png\" data-rel=\"lightbox-image-0\" data-rl_title=\"\" data-rl_caption=\"\" title=\"\"><img loading=\"lazy\" decoding=\"async\" class=\"alignnone size-full wp-image-4701\" src=\"https:\/\/eurotext.de\/wp-content\/uploads\/2019\/03\/EurotextAG_Workflow_2019.png\" alt=\"Eurotext-Workflow\" width=\"1920\" height=\"813\" srcset=\"https:\/\/eurotext.de\/ru\/wp-content\/uploads\/sites\/30\/2019\/03\/EurotextAG_Workflow_2019.png 1920w, https:\/\/eurotext.de\/ru\/wp-content\/uploads\/sites\/30\/2019\/03\/EurotextAG_Workflow_2019-300x127.png 300w, https:\/\/eurotext.de\/ru\/wp-content\/uploads\/sites\/30\/2019\/03\/EurotextAG_Workflow_2019-768x325.png 768w, https:\/\/eurotext.de\/ru\/wp-content\/uploads\/sites\/30\/2019\/03\/EurotextAG_Workflow_2019-1024x434.png 1024w\" sizes=\"auto, (max-width: 1920px) 100vw, 1920px\" \/><\/a>\n<\/div><div class='clear_column'><\/div><\/div><div class='clear_column'><\/div>\n<div class=\"banner banner--hasImageList\"><div class=\"layout-wrapper\"><span class=\"banner__text\"><a href=\"https:\/\/eurotext-ecommerce.com\/loesungen\/magento\/\"><img loading=\"lazy\" decoding=\"async\" class=\"alignnone wp-image-180\" src=\"\/wp-content\/uploads\/2020\/06\/Magento-1.png\" alt=\"\u00dcbersetzung von Magento Shops\" width=\"118\" height=\"40\" \/><\/a><a href=\"https:\/\/eurotext-ecommerce.com\/loesungen\/oxid\/\"><img loading=\"lazy\" decoding=\"async\" class=\"alignnone wp-image-181\" src=\"\/wp-content\/uploads\/2020\/06\/oxid-1.png\" alt=\"\u00dcbersetzung von OXID Shops\" width=\"100\" height=\"40\" \/><\/a><a href=\"https:\/\/eurotext-ecommerce.com\/loesungen\/plentymarkets\/\"><img loading=\"lazy\" decoding=\"async\" class=\"alignnone wp-image-7685\" src=\"https:\/\/eurotext-ecommerce.com\/uploads\/2020\/06\/plentymarkets-1.png\" alt=\"\u00dcbersetzungen f\u00fcr plentymarkets\" width=\"179\" height=\"40\" \/><\/a><a href=\"https:\/\/eurotext-ecommerce.com\/loesungen\/shopware\/\"><img loading=\"lazy\" decoding=\"async\" class=\"alignnone wp-image-2423\" src=\"\/wp-content\/uploads\/2020\/06\/shopware-1.png\" alt=\"shopware\" width=\"158\" height=\"40\" \/><\/a><a href=\"https:\/\/eurotext-ecommerce.com\/loesungen\/wordpress\/\"><img loading=\"lazy\" decoding=\"async\" class=\"alignnone wp-image-182\" src=\"\/wp-content\/uploads\/2020\/06\/WordPress-1.png\" alt=\"\u00dcbersetzung von WordPress Blogs und Webseiten\" width=\"158\" height=\"40\" \/><\/a><\/span><\/div><\/div>\n<div class='content-column content-column-row '><div class='content-column full_width'>\n<h2 style=\"text-align: center;\">Plugins f\u00fcr jedes System<\/h2>\n<\/div><div class='clear_column'><\/div><div class='content-column one_half'>\n<p>Eurotext bietet fertige\u00a0<strong>Plugins<\/strong>\u00a0und\u00a0<strong>Modull\u00f6sungen<\/strong>\u00a0f\u00fcr viele verbreitete Systeme:\u00a0<a href=\"https:\/\/eurotext.de\/technologie\/uebersetzungsplugins\/oxid\/\">OXID<\/a>,\u00a0<a href=\"https:\/\/eurotext.de\/technologie\/uebersetzungsplugins\/magento\/\">Magento<\/a>,\u00a0<a href=\"https:\/\/eurotext.de\/technologie\/uebersetzungsplugins\/shopware\/\">Shopware<\/a>,\u00a0<a href=\"https:\/\/eurotext.de\/technologie\/uebersetzungsplugins\/wordpress\/\">WordPress\u00a0<\/a>\u2026 Aber auch\u00a0<a href=\"https:\/\/eurotext.de\/technologie\/uebersetzungsplugins\/individuell\/\">individuell angepasste Software<\/a>\u00a0oder komplette\u00a0<a href=\"https:\/\/eurotext.de\/technologie\/uebersetzungsplugins\/individuell\/\">Eigenentwicklungen\u00a0<\/a>k\u00f6nnen einfach an das Eurotext\u00a0<a href=\"https:\/\/eurotext.de\/technologie\/uebersetzungsportal\/\">\u00dcbersetzungsportal\u00a0<\/a>angebunden werden.<\/p>\n<\/div><div class='content-column one_half last_column'>\n<p>Dazu steht unter anderem eine\u00a0<a href=\"https:\/\/eurotext.de\/technologie\/uebersetzungsplugins\/api\/\">REST API<\/a>\u00a0zur Verf\u00fcgung. Die Vorteile liegen auf der Hand: Egal ob <b>E-Commerce-<\/b><strong>Webseiten <\/strong>oder\u00a0<strong>Onlineshops<\/strong> \u2013 die Texte k\u00f6nnen einfach ausgew\u00e4hlt, sicher \u00fcbermittelt und nach der \u00dcbersetzung wieder mit wenigen Klicks importiert werden. So einfach kann <b>Lokalisierung<\/b> sein!<\/p>\n<\/div><div class='clear_column'><\/div> <\/div><div class='clear_column'><\/div>\n<div class=\"banner banner--small banner--withTextAndButton banner--button-on-right-side banner--blue-background\"><div class=\"layout-wrapper\"><div class=\"banner__text\">Welches Shopsystem verwenden Sie?<\/div><div class=\"banner__button\"><a class=\" button button--juice\" target=\"_self\" href=\"\/technologie\/uebersetzungsplugins\/\">Zu den Plugins<\/a><\/div><\/div><\/div>\n<div class=\"iconboxes\">\n                    <div class=\"layout-wrapper\"><div class=\"iconbox \">\n                    <i class=\"icon ion-chatbubble-working\"><\/i>\n                    <div class=\"iconbox__text\">\n<h2>Beratung und Workflow-Optimierung<\/h2>\n<p>Sie beginnen gerade erst mit der <strong>Internationalisierung <\/strong>oder sehen bei Ihren\u00a0<strong>\u00dcbersetzungsworkflows<\/strong>\u00a0noch Optimierungsbedarf? Wir beraten Sie gerne umfassend und helfen Ihnen dabei, effiziente Strukturen aufzubauen und Abl\u00e4ufe zu verbessern. Egal ob es um die Auswahl der richtigen Tools geht, um integrierte Freigabeprozesse oder die Einbindung firmeneigener Ressourcen \u2013 gemeinsam finden wir die beste L\u00f6sung f\u00fcr Ihre E-Commerce-\u00dcbersetzungen!<div class=\"iconbox__link \" style=\"background-color: ;\"><a href=\"\/kontakt\/\" target=\"_self\" style=\"color: ; background-color: ;\"><span class=\"\">Nehmen Sie <strong>Kontakt <\/strong>mit uns auf!<\/span><\/a><\/div><\/div>\n                <\/div><div class=\"iconbox \">\n                    <i class=\"icon ion-connection-bars\"><\/i>\n                    <div class=\"iconbox__text\">\n<h2>Mehrsprachige Suchmaschinenoptimierung (SEO)<\/h2>\n<p>Neben der reinen \u00dcbersetzung durch muttersprachliche Fach\u00fcbersetzer bieten wir verschiedene Services rund um den E-Commerce: Wir \u00fcbersetzen Ihre\u00a0<strong>SEO-Texte<\/strong>\u00a0oder erstellen nach einer umfassenden\u00a0<a href=\"https:\/\/eurotext.de\/sprachdienstleistungen\/e-commerce-uebersetzungen\/internationale-suchmaschinenoptinierung\/\">Keywordanalyse\u00a0<\/a>komplett neue, auf den Zielmarkt zugeschnittene Seitentitel und Meta-Descriptions.<div class=\"iconbox__link \" style=\"background-color: ;\"><a href=\"\/sprachdienstleistungen\/e-commerce-uebersetzungen\/internationale-suchmaschinenoptinierung\/\" target=\"_self\" style=\"color: ; background-color: ;\"><span class=\"\">Mehr \u00fcber unsere <strong>multilinguales SEO<\/strong><\/span><\/a><\/div><\/div>\n                <\/div><div class=\"iconbox \">\n                    <i class=\"icon ion-happy-outline\"><\/i>\n                    <div class=\"iconbox__text\">\n<h2>Internationales User Experience (UX)<\/h2>\n<p>Wir testen Ihre Webseite oder Ihren Onlineshop in Bezug auf\u00a0<strong>Nutzerfreundlichkeit<\/strong>\u00a0und\u00a0<strong>User-Experience<\/strong>. Dabei ber\u00fccksichtigen wir nicht nur die Texte und Benutzeroberfl\u00e4chen, sondern pr\u00fcfen auch das \u201eDrumherum\u201c wie Versandoptionen und Zahlungsmethoden auf ihre Eignung f\u00fcr den Zielmarkt.<div class=\"iconbox__link \" style=\"background-color: ;\"><a href=\"\/sprachdienstleistungen\/e-commerce-uebersetzungen\/sprachuebergreifendes-ux-testing\/\" target=\"_self\" style=\"color: ; background-color: ;\"><span class=\"\">Mehr \u00fcber <strong>internationales UX<\/strong><\/span><\/a><\/div><\/div>\n                <\/div><\/div>\n                <\/div>\n<div class='content-column content-column-row '><div class='content-column full_width'>\n<h2 style=\"text-align: center;\">Aus unserem Blog:<\/h2>\n<\/div><div class='clear_column'><\/div>\n<div class='content-column one_third'>\n<a href=\"https:\/\/eurotext.de\/blog\/regelmaessige-contentupdates-organisieren\/\"><img loading=\"lazy\" decoding=\"async\" class=\"alignnone wp-image-3743\" src=\"https:\/\/eurotext.de\/wp-content\/uploads\/2018\/03\/weltweit2-1024x267.jpg\" alt=\"Wussten Sie schon\" width=\"360\" height=\"94\" srcset=\"https:\/\/eurotext.de\/ru\/wp-content\/uploads\/sites\/30\/2018\/03\/weltweit2-1024x267.jpg 1024w, https:\/\/eurotext.de\/ru\/wp-content\/uploads\/sites\/30\/2018\/03\/weltweit2-300x78.jpg 300w, https:\/\/eurotext.de\/ru\/wp-content\/uploads\/sites\/30\/2018\/03\/weltweit2-768x200.jpg 768w, https:\/\/eurotext.de\/ru\/wp-content\/uploads\/sites\/30\/2018\/03\/weltweit2.jpg 1920w\" sizes=\"auto, (max-width: 360px) 100vw, 360px\" \/><\/a>\n<h2><\/h2>\n<h2 class=\"post-title\">Wussten Sie schon\u2026 wie Sie mit den richtigen Fragen regelm\u00e4\u00dfige Contentupdates gut organisieren k\u00f6nnen?<\/h2>\n<p>Es ist nicht weiter kompliziert, eine Webseite einmal \u00fcbersetzen zu lassen. Kniffelig wird es dann, wenn sich die Inhalte permanent \u00e4ndern, regelm\u00e4\u00dfig neue hinzukommen und alte nicht mehr verwendet werden. Mit jeder weiteren Sprache wird es etwas komplexer. Wer dabei den \u00dcberblick behalten und effizient arbeiten m\u00f6chte, muss seine Arbeitsweise optimal organisieren.<\/p>\n<a href=\"https:\/\/eurotext.de\/blog\/regelmaessige-contentupdates-organisieren\/\">Weiterlesen<\/a><br \/>\n<\/div>\n<div class='content-column one_third'>\n<p><a href=\"https:\/\/eurotext.de\/blog\/wussten-sie-schon-was-laenderteams-im-onlinehandel-bieten\/\"><img loading=\"lazy\" decoding=\"async\" class=\"alignnone wp-image-3743\" src=\"https:\/\/eurotext.de\/wp-content\/uploads\/2018\/03\/weltweit2-1024x267.jpg\" alt=\"Wussten Sie schon\" width=\"360\" height=\"94\" srcset=\"https:\/\/eurotext.de\/ru\/wp-content\/uploads\/sites\/30\/2018\/03\/weltweit2-1024x267.jpg 1024w, https:\/\/eurotext.de\/ru\/wp-content\/uploads\/sites\/30\/2018\/03\/weltweit2-300x78.jpg 300w, https:\/\/eurotext.de\/ru\/wp-content\/uploads\/sites\/30\/2018\/03\/weltweit2-768x200.jpg 768w, https:\/\/eurotext.de\/ru\/wp-content\/uploads\/sites\/30\/2018\/03\/weltweit2.jpg 1920w\" sizes=\"auto, (max-width: 360px) 100vw, 360px\" \/><\/a>\n<h2><\/h2>\n<h2 class=\"post-title\">Wussten Sie schon \u2026 was L\u00e4nderteams im Onlinehandel bieten?<\/h2>\n<p>Bei mehrsprachigem E-Commerce ist die passende Kundenansprache Trumpf. Oberfl\u00e4chliche Sprachkenntnisse reichen in der Regel nicht aus, es muss schon ein Muttersprachler sein. Genug eigene Mitarbeiter f\u00fcr jedes Land einzustellen wird bei begrenzten Budgets sehr schwer. Und: was bringen eigene L\u00e4nderteams denn vor allem sprachlich f\u00fcr den Onlineshop?<\/p>\n<a href=\"https:\/\/eurotext.de\/blog\/wussten-sie-schon-was-laenderteams-im-onlinehandel-bieten\/\">Weiterlesen<\/a><br \/>\n<\/div>\n<div class='content-column one_third last_column'>\n<p><a href=\"https:\/\/eurotext.de\/blog\/wussten-sie-schon-dass-englisch-nicht-gleich-englisch-ist\/\"><img loading=\"lazy\" decoding=\"async\" class=\"alignnone wp-image-3743\" src=\"https:\/\/eurotext.de\/wp-content\/uploads\/2018\/03\/weltweit2-1024x267.jpg\" alt=\"Wussten Sie schon\" width=\"360\" height=\"94\" srcset=\"https:\/\/eurotext.de\/ru\/wp-content\/uploads\/sites\/30\/2018\/03\/weltweit2-1024x267.jpg 1024w, https:\/\/eurotext.de\/ru\/wp-content\/uploads\/sites\/30\/2018\/03\/weltweit2-300x78.jpg 300w, https:\/\/eurotext.de\/ru\/wp-content\/uploads\/sites\/30\/2018\/03\/weltweit2-768x200.jpg 768w, https:\/\/eurotext.de\/ru\/wp-content\/uploads\/sites\/30\/2018\/03\/weltweit2.jpg 1920w\" sizes=\"auto, (max-width: 360px) 100vw, 360px\" \/><\/a>\n<h2><\/h2>\n<h2 class=\"post-title\">Wussten Sie schon\u2026 dass Englisch nicht gleich Englisch ist?<\/h2>\n<p>Dass es zwischen dem <strong>britischen<\/strong> und dem (US-)<strong>amerikanischen Englisch<\/strong> Unterschiede gibt, werden die meisten wissen. Doch Englisch ist nicht nur auf den britischen Inseln und den USA offizielle Landessprache, sondern auch in Kanada, Australien und Neuseeland, Pakistan und Indien, S\u00fcdafrika und vielen anderen afrikanischen Staaten, in Teilen der Karibik, z. B. in Belize oder auf Jamaika, auf vielen pazifischen Inseln, Papua Neuguinea, den Seychellen \u2026<\/p>\n<p><a href=\"https:\/\/eurotext.de\/blog\/wussten-sie-schon-dass-englisch-nicht-gleich-englisch-ist\/\">Weiterlesen<\/a><br \/>\n<\/div><div class='clear_column'><\/div><\/div><div class='clear_column'><\/div>\n<div class=\"parallax-container\" data-parallax=\"scroll\" data-bleed=\"10\" data-image-src=\"\/wp-content\/uploads\/2020\/04\/pastellblau_01.png\"> <div class=\"parallax-window\"> <div class=\"parallax-slider parallax-banner__content\" style=\"\"><h2 class='parallax-banner__headline'>M\u00f6chten Sie mehr \u00fcber <strong>Fach\u00fcbersetzungen<\/strong> erfahren?<\/h2><p class=\"parallax-banner__text\">Bei der \u00dcbersetzung von <strong>Fachtexten<\/strong> gibt es Vieles zu beachten, damit am Ende die Qualit\u00e4t stimmt. Dabei sind die Anspr\u00fcche an \u00dcbersetzer und \u00dcbersetzung abh\u00e4ngig vom <strong>Fachgebiet<\/strong>, von der <strong>Zielgruppe<\/strong> der Texte, von den jeweiligen Medien und Formaten und weiteren Faktoren. Wir zeigen, wo Herausforderungen und m\u00f6glicherweise sogar Probleme lauern und wie diese gemeistert werden k\u00f6nnen.<\/p><a target=\"_self\" href=\"\/sprachdienstleistungen\/fachuebersetzung\/\" class=\"parallax-banner__button button button--withIcon \"> <i class=\"iconion-checkmark-circled\"><\/i>Weitere Informationen<\/a><\/div> <\/div> <\/div>\n","protected":false},"excerpt":{"rendered":"<p>Neben klassischen \u00dcbersetzungen f\u00fcr die Industrie bietet Eurotext eine Vielzahl von Produkten und Dienstleistungen, die speziell auf den Bereich E-Commerce zugeschnitten sind: Plugins f\u00fcr Shop- und Content Management Systeme, Beratung, effiziente \u00dcbersetzungs-Workflows, mehrsprachige Suchmaschinenoptimierung und internationales UX-Testing.<\/p>\n","protected":false},"author":5,"featured_media":0,"parent":1937,"menu_order":2200,"comment_status":"closed","ping_status":"closed","template":"full-width-page.php","meta":{"footnotes":""},"class_list":["post-3154","page","type-page","status-publish","hentry"],"yoast_head":"<!-- This site is optimized with the Yoast SEO Premium plugin v21.9 (Yoast SEO v21.9.1) - https:\/\/yoast.com\/wordpress\/plugins\/seo\/ -->\n<title>\u00dcbersetzungen f\u00fcr den E-Commerce \u2013 Eurotext AG<\/title>\n<meta name=\"description\" content=\"Neben klassischen \u00dcbersetzungen f\u00fcr die Industrie bietet Eurotext eine Vielzahl von Dienstleistungen, die auf den Bereich E-Commerce zugeschnitten sind.\" \/>\n<meta name=\"robots\" content=\"noindex, follow, max-snippet:-1, max-image-preview:large, max-video-preview:-1\" \/>\n<meta property=\"og:locale\" content=\"de_DE\" \/>\n<meta property=\"og:type\" content=\"article\" \/>\n<meta property=\"og:title\" content=\"E-Commerce-\u00dcbersetzungen\" \/>\n<meta property=\"og:description\" content=\"Neben klassischen \u00dcbersetzungen f\u00fcr die Industrie bietet Eurotext eine Vielzahl von Produkten und Dienstleistungen, die speziell auf den Bereich E-Commerce zugeschnitten sind: Plugins f\u00fcr Shop- und Content Management Systeme, Beratung, effiziente \u00dcbersetzungs-Workflows, mehrsprachige Suchmaschinenoptimierung und internationales UX-Testing.\" \/>\n<meta property=\"og:url\" content=\"https:\/\/eurotext.de\/ru\/sprachdienstleistungen\/e-commerce-uebersetzungen\/\" \/>\n<meta property=\"og:site_name\" content=\"Eurotext AG\" \/>\n<meta property=\"article:publisher\" content=\"https:\/\/de-de.facebook.com\/Eurotext\/\" \/>\n<meta property=\"article:modified_time\" content=\"2020-04-21T09:33:54+00:00\" \/>\n<meta property=\"og:image\" content=\"https:\/\/eurotext.de\/wp-content\/uploads\/2019\/03\/EurotextAG_Workflow_2019.png\" \/>\n<meta name=\"twitter:card\" content=\"summary_large_image\" \/>\n<meta name=\"twitter:site\" content=\"@eurotext\" \/>\n<meta name=\"twitter:label1\" content=\"Gesch\u00e4tzte Lesezeit\" \/>\n\t<meta name=\"twitter:data1\" content=\"4\u00a0Minuten\" \/>\n<script type=\"application\/ld+json\" class=\"yoast-schema-graph\">{\"@context\":\"https:\/\/schema.org\",\"@graph\":[{\"@type\":\"WebPage\",\"@id\":\"https:\/\/eurotext.de\/ru\/sprachdienstleistungen\/e-commerce-uebersetzungen\/\",\"url\":\"https:\/\/eurotext.de\/ru\/sprachdienstleistungen\/e-commerce-uebersetzungen\/\",\"name\":\"\u00dcbersetzungen f\u00fcr den E-Commerce \u2013 Eurotext AG\",\"isPartOf\":{\"@id\":\"https:\/\/eurotext.de\/ru\/#website\"},\"datePublished\":\"2017-06-07T07:57:14+00:00\",\"dateModified\":\"2020-04-21T09:33:54+00:00\",\"description\":\"Neben klassischen \u00dcbersetzungen f\u00fcr die Industrie bietet Eurotext eine Vielzahl von Dienstleistungen, die auf den Bereich E-Commerce zugeschnitten sind.\",\"breadcrumb\":{\"@id\":\"https:\/\/eurotext.de\/ru\/sprachdienstleistungen\/e-commerce-uebersetzungen\/#breadcrumb\"},\"inLanguage\":\"de\",\"potentialAction\":[{\"@type\":\"ReadAction\",\"target\":[\"https:\/\/eurotext.de\/ru\/sprachdienstleistungen\/e-commerce-uebersetzungen\/\"]}]},{\"@type\":\"BreadcrumbList\",\"@id\":\"https:\/\/eurotext.de\/ru\/sprachdienstleistungen\/e-commerce-uebersetzungen\/#breadcrumb\",\"itemListElement\":[{\"@type\":\"ListItem\",\"position\":1,\"name\":\"Startseite\",\"item\":\"https:\/\/eurotext.de\/ru\/\"},{\"@type\":\"ListItem\",\"position\":2,\"name\":\"Sprachdienstleistungen\",\"item\":\"https:\/\/eurotext.de\/ru\/sprachdienstleistungen\/\"},{\"@type\":\"ListItem\",\"position\":3,\"name\":\"E-Commerce-\u00dcbersetzungen\"}]},{\"@type\":\"WebSite\",\"@id\":\"https:\/\/eurotext.de\/ru\/#website\",\"url\":\"https:\/\/eurotext.de\/ru\/\",\"name\":\"Eurotext AG\",\"description\":\"Wir \u00fcbersetzen f\u00fcr Industrie, IT und E-Commerce\",\"publisher\":{\"@id\":\"https:\/\/eurotext.de\/ru\/#organization\"},\"potentialAction\":[{\"@type\":\"SearchAction\",\"target\":{\"@type\":\"EntryPoint\",\"urlTemplate\":\"https:\/\/eurotext.de\/ru\/?s={search_term_string}\"},\"query-input\":\"required name=search_term_string\"}],\"inLanguage\":\"de\"},{\"@type\":\"Organization\",\"@id\":\"https:\/\/eurotext.de\/ru\/#organization\",\"name\":\"Eurotext AG\",\"url\":\"https:\/\/eurotext.de\/ru\/\",\"logo\":{\"@type\":\"ImageObject\",\"inLanguage\":\"de\",\"@id\":\"https:\/\/eurotext.de\/ru\/#\/schema\/logo\/image\/\",\"url\":\"https:\/\/eurotext.de\/ru\/wp-content\/uploads\/sites\/30\/2016\/05\/eurotext_logo.png\",\"contentUrl\":\"https:\/\/eurotext.de\/ru\/wp-content\/uploads\/sites\/30\/2016\/05\/eurotext_logo.png\",\"width\":125,\"height\":22,\"caption\":\"Eurotext AG\"},\"image\":{\"@id\":\"https:\/\/eurotext.de\/ru\/#\/schema\/logo\/image\/\"},\"sameAs\":[\"https:\/\/de-de.facebook.com\/Eurotext\/\",\"https:\/\/twitter.com\/eurotext\",\"https:\/\/de.linkedin.com\/company\/eurotext-ag\"]}]}<\/script>\n<!-- \/ Yoast SEO Premium plugin. -->","yoast_head_json":{"title":"\u00dcbersetzungen f\u00fcr den E-Commerce \u2013 Eurotext AG","description":"Neben klassischen \u00dcbersetzungen f\u00fcr die Industrie bietet Eurotext eine Vielzahl von Dienstleistungen, die auf den Bereich E-Commerce zugeschnitten sind.","robots":{"index":"noindex","follow":"follow","max-snippet":"max-snippet:-1","max-image-preview":"max-image-preview:large","max-video-preview":"max-video-preview:-1"},"og_locale":"de_DE","og_type":"article","og_title":"E-Commerce-\u00dcbersetzungen","og_description":"Neben klassischen \u00dcbersetzungen f\u00fcr die Industrie bietet Eurotext eine Vielzahl von Produkten und Dienstleistungen, die speziell auf den Bereich E-Commerce zugeschnitten sind: Plugins f\u00fcr Shop- und Content Management Systeme, Beratung, effiziente \u00dcbersetzungs-Workflows, mehrsprachige Suchmaschinenoptimierung und internationales UX-Testing.","og_url":"https:\/\/eurotext.de\/ru\/sprachdienstleistungen\/e-commerce-uebersetzungen\/","og_site_name":"Eurotext AG","article_publisher":"https:\/\/de-de.facebook.com\/Eurotext\/","article_modified_time":"2020-04-21T09:33:54+00:00","og_image":[{"url":"https:\/\/eurotext.de\/wp-content\/uploads\/2019\/03\/EurotextAG_Workflow_2019.png"}],"twitter_card":"summary_large_image","twitter_site":"@eurotext","twitter_misc":{"Gesch\u00e4tzte Lesezeit":"4\u00a0Minuten"},"schema":{"@context":"https:\/\/schema.org","@graph":[{"@type":"WebPage","@id":"https:\/\/eurotext.de\/ru\/sprachdienstleistungen\/e-commerce-uebersetzungen\/","url":"https:\/\/eurotext.de\/ru\/sprachdienstleistungen\/e-commerce-uebersetzungen\/","name":"\u00dcbersetzungen f\u00fcr den E-Commerce \u2013 Eurotext AG","isPartOf":{"@id":"https:\/\/eurotext.de\/ru\/#website"},"datePublished":"2017-06-07T07:57:14+00:00","dateModified":"2020-04-21T09:33:54+00:00","description":"Neben klassischen \u00dcbersetzungen f\u00fcr die Industrie bietet Eurotext eine Vielzahl von Dienstleistungen, die auf den Bereich E-Commerce zugeschnitten sind.","breadcrumb":{"@id":"https:\/\/eurotext.de\/ru\/sprachdienstleistungen\/e-commerce-uebersetzungen\/#breadcrumb"},"inLanguage":"de","potentialAction":[{"@type":"ReadAction","target":["https:\/\/eurotext.de\/ru\/sprachdienstleistungen\/e-commerce-uebersetzungen\/"]}]},{"@type":"BreadcrumbList","@id":"https:\/\/eurotext.de\/ru\/sprachdienstleistungen\/e-commerce-uebersetzungen\/#breadcrumb","itemListElement":[{"@type":"ListItem","position":1,"name":"Startseite","item":"https:\/\/eurotext.de\/ru\/"},{"@type":"ListItem","position":2,"name":"Sprachdienstleistungen","item":"https:\/\/eurotext.de\/ru\/sprachdienstleistungen\/"},{"@type":"ListItem","position":3,"name":"E-Commerce-\u00dcbersetzungen"}]},{"@type":"WebSite","@id":"https:\/\/eurotext.de\/ru\/#website","url":"https:\/\/eurotext.de\/ru\/","name":"Eurotext AG","description":"Wir \u00fcbersetzen f\u00fcr Industrie, IT und E-Commerce","publisher":{"@id":"https:\/\/eurotext.de\/ru\/#organization"},"potentialAction":[{"@type":"SearchAction","target":{"@type":"EntryPoint","urlTemplate":"https:\/\/eurotext.de\/ru\/?s={search_term_string}"},"query-input":"required name=search_term_string"}],"inLanguage":"de"},{"@type":"Organization","@id":"https:\/\/eurotext.de\/ru\/#organization","name":"Eurotext AG","url":"https:\/\/eurotext.de\/ru\/","logo":{"@type":"ImageObject","inLanguage":"de","@id":"https:\/\/eurotext.de\/ru\/#\/schema\/logo\/image\/","url":"https:\/\/eurotext.de\/ru\/wp-content\/uploads\/sites\/30\/2016\/05\/eurotext_logo.png","contentUrl":"https:\/\/eurotext.de\/ru\/wp-content\/uploads\/sites\/30\/2016\/05\/eurotext_logo.png","width":125,"height":22,"caption":"Eurotext AG"},"image":{"@id":"https:\/\/eurotext.de\/ru\/#\/schema\/logo\/image\/"},"sameAs":["https:\/\/de-de.facebook.com\/Eurotext\/","https:\/\/twitter.com\/eurotext","https:\/\/de.linkedin.com\/company\/eurotext-ag"]}]}},"_links":{"self":[{"href":"https:\/\/eurotext.de\/ru\/wp-json\/wp\/v2\/pages\/3154","targetHints":{"allow":["GET"]}}],"collection":[{"href":"https:\/\/eurotext.de\/ru\/wp-json\/wp\/v2\/pages"}],"about":[{"href":"https:\/\/eurotext.de\/ru\/wp-json\/wp\/v2\/types\/page"}],"author":[{"embeddable":true,"href":"https:\/\/eurotext.de\/ru\/wp-json\/wp\/v2\/users\/5"}],"replies":[{"embeddable":true,"href":"https:\/\/eurotext.de\/ru\/wp-json\/wp\/v2\/comments?post=3154"}],"version-history":[{"count":112,"href":"https:\/\/eurotext.de\/ru\/wp-json\/wp\/v2\/pages\/3154\/revisions"}],"predecessor-version":[{"id":10200,"href":"https:\/\/eurotext.de\/ru\/wp-json\/wp\/v2\/pages\/3154\/revisions\/10200"}],"up":[{"embeddable":true,"href":"https:\/\/eurotext.de\/ru\/wp-json\/wp\/v2\/pages\/1937"}],"wp:attachment":[{"href":"https:\/\/eurotext.de\/ru\/wp-json\/wp\/v2\/media?parent=3154"}],"curies":[{"name":"wp","href":"https:\/\/api.w.org\/{rel}","templated":true}]}}