{"id":1937,"date":"2016-09-27T09:47:27","date_gmt":"2016-09-27T07:47:27","guid":{"rendered":"http:\/\/eurotext.de\/?page_id=1937"},"modified":"2020-04-21T11:33:39","modified_gmt":"2020-04-21T09:33:39","slug":"sprachdienstleistungen","status":"publish","type":"page","link":"https:\/\/eurotext.de\/ru\/sprachdienstleistungen\/","title":{"rendered":"Sprachdienstleistungen"},"content":{"rendered":"<div class=\"parallax-container\" data-parallax=\"scroll\" data-bleed=\"10\" data-image-src=\"\/wp-content\/uploads\/2020\/04\/pastellblau_01.png\"> <div class=\"parallax-window\"> <div class=\"parallax-slider parallax-banner__content\" style=\"\"><h1 class='parallax-banner__headline'><strong>Sprachdienstleistungen f\u00fcr Ihr Unternehmen<\/strong><\/h1><p class=\"parallax-banner__text\">Wir fertigen <strong>qualitativ hochwertige<\/strong> und zielgruppenorientierte Fach\u00fcbersetzungen <strong>zum fairen Preis<\/strong> und passgenau f\u00fcr alle Zielgruppen, Textsorten und Medien. Dar\u00fcber hinaus bieten wir Ihnen eine Vielzahl weiterer Leistungen rund um das Thema Internationalisierung, sowie <strong>einzigartige Systeml\u00f6sungen<\/strong> und <strong>Technologien<\/strong>.<\/p><\/div> <\/div> <\/div>\n<div class='content-column content-column-row '><div class='content-column full_width'>\n<p>&nbsp;<\/p>\n<p>&nbsp;<\/p>\n<\/div><div class='clear_column'><\/div>\n<div class='content-column one_fifth'>\n<img loading=\"lazy\" decoding=\"async\" class=\"wp-image-2776 alignnone\" src=\"https:\/\/eurotext.de\/wp-content\/uploads\/2017\/01\/400_Zielonka.jpg\" alt=\"Boris Zielonka\" width=\"200\" height=\"200\" srcset=\"https:\/\/eurotext.de\/ru\/wp-content\/uploads\/sites\/30\/2017\/01\/400_Zielonka.jpg 400w, https:\/\/eurotext.de\/ru\/wp-content\/uploads\/sites\/30\/2017\/01\/400_Zielonka-150x150.jpg 150w, https:\/\/eurotext.de\/ru\/wp-content\/uploads\/sites\/30\/2017\/01\/400_Zielonka-300x300.jpg 300w\" sizes=\"auto, (max-width: 200px) 100vw, 200px\" \/><\/div><div class='content-column four_fifth last_column'><span style=\"font-size: 1.3em;\"><em><strong>Mehrsprachigkeit<\/strong> wird f\u00fcr viele Unternehmen immer wichtiger und bietet bei professioneller Implementierung wirkungsvolle Hebel. Mein Tipp: Denken Sie global und \u00fcber einzelne Kommunikationskan\u00e4le hinweg. Zentrales \u00dcbersetzungsmanagement gepaart mit intelligenten technischen Prozessen erleichtert den Zugang zu internationalen M\u00e4rkten.<\/em><\/span>\n<p>&nbsp;<\/p>\n<p><strong>Boris Zielonka<\/strong> ist bei der Eurotext AG f\u00fcr Marketing und Vertrieb verantwortlich. Als Marketingexperte besch\u00e4ftigt er sich seit vielen Jahren mit den M\u00f6glichkeiten der unternehmensweiten Verwendung mehrsprachiger Inhalte und ist Profi f\u00fcr Onlinemarketing und Suchmaschinenoptimierung.<\/p>\n<\/div><div class='clear_column'><\/div><\/div><div class='clear_column'><\/div>\n<div class=\"iconboxes\">\n                    <div class=\"layout-wrapper\"><div class=\"iconbox \">\n                    <i class=\"icon ion-person-stalker\"><\/i>\n                    <div class=\"iconbox__text\">\n<h2>Projektmanagement<\/h2>\n<p>Lernen Sie das Eurotext-Projektmanagement\u00a0 kennen und erfahren Sie, was uns besonders macht und was wir f\u00fcr Sie leisten k\u00f6nnen.<div class=\"iconbox__link \" style=\"background-color: ;\"><a href=\"\/sprachdienstleistungen\/projektmanagement-laenderteams\/\" target=\"_self\" style=\"color: ; background-color: ;\"><span class=\"\">Mehr \u00fcber unser <strong>Projektmanagement<\/strong><\/span><\/a><\/div><\/div>\n                <\/div>\n<div class=\"iconbox \">\n                    <i class=\"icon ion-quote\"><\/i>\n                    <div class=\"iconbox__text\">\n<h2>Fach\u00fcbersetzungen<\/h2>\n<p>Schnelle und qualitativ hochwertige Fach\u00fcbersetzungen durch muttersprachliche \u00dcbersetzungsprofis in individuellen L\u00e4nderteams.<div class=\"iconbox__link \" style=\"background-color: ;\"><a href=\"\/sprachdienstleistungen\/fachuebersetzung\/\" target=\"_self\" style=\"color: ; background-color: ;\"><span class=\"\">Mehr \u00fcber unsere <strong>Fach\u00fcbersetzungen<\/strong><\/span><\/a><\/div><\/div>\n                <\/div>\n<div class=\"iconbox \">\n                    <i class=\"icon ion-android-cart\"><\/i>\n                    <div class=\"iconbox__text\">\n<h2>E-Commerce \u00dcbersetzungen<\/h2>\n<p>Eurotext bietet eine Vielzahl von Produkten und Dienstleistungen, die speziell auf den Bereich E-Commerce zugeschnitten sind.<div class=\"iconbox__link \" style=\"background-color: ;\"><a href=\"\/sprachdienstleistungen\/e-commerce-uebersetzungen\/\" target=\"_self\" style=\"color: ; background-color: ;\"><span class=\"\">Mehr \u00fcber <strong>E-Commerce \u00dcbersetzungen<\/strong><\/span><\/a><\/div><\/div>\n                <\/div>\n<div class=\"iconbox \">\n                    <i class=\"icon ion-monitor\"><\/i>\n                    <div class=\"iconbox__text\">\n<h2>KI \u00dcbersetzungen<\/h2>\n<p>Durch Linguisten gepr\u00fcfte, maschinelle \u00dcbersetzungen. Erfahren Sie mehr \u00fcber die m\u00f6glichen Einsatzgebiete.<div class=\"iconbox__link \" style=\"background-color: ;\"><a href=\"\/sprachdienstleistungen\/ki-uebersetzung\/\" target=\"_self\" style=\"color: ; background-color: ;\"><span class=\"\">Mehr \u00fcber unsere <strong>KI-\u00dcbersetzungen<\/strong><\/span><\/a><\/div><\/div>\n                <\/div>\n<div class=\"iconbox \">\n                    <i class=\"icon ion-paintbrush\"><\/i>\n                    <div class=\"iconbox__text\">\n<h2>DTP &amp; Layout<\/h2>\n<p>Wir erstellen aus Ihren Dokumenten zielsprachige und mehrsprachige Druckdaten ganz nach Ihren Vorgaben. Auf Wunsch inklusive Freigabeprozessen.<div class=\"iconbox__link \" style=\"background-color: ;\"><a href=\"\/sprachdienstleistungen\/dtp-layout\/\" target=\"_self\" style=\"color: ; background-color: ;\"><span class=\"\">Mehr \u00fcber unser <strong>DTP &amp; Layout<\/strong><\/span><\/a><\/div><\/div>\n                <\/div>\n<div class=\"iconbox \">\n                    <i class=\"icon ion-document\"><\/i>\n                    <div class=\"iconbox__text\">\n<h2>Engineering &amp; Formate<\/h2>\n<p>Wir k\u00f6nnen eine Vielzahl verschiedener Dateitypen und Formate verarbeiten und liefern ihnen die \u00fcbersetzten Texte in Ihrem Wunschformat!<div class=\"iconbox__link \" style=\"background-color: ;\"><a href=\"\/sprachdienstleistungen\/engineering-formate\/\" target=\"_self\" style=\"color: ; background-color: ;\"><span class=\"\">Mehr \u00fcber unser <strong>Engineering &amp; Formate<\/strong><\/span><\/a><\/div><\/div>\n                <\/div>\n<\/div>\n                <\/div>\n<div class=\"parallax-container\" data-parallax=\"scroll\" data-bleed=\"10\" data-image-src=\"\/wp-content\/uploads\/2020\/04\/pastellblau_01.png\"> <div class=\"parallax-window\"> <div class=\"parallax-slider parallax-banner__content\" style=\"\"><h2 class='parallax-banner__headline'><strong>M\u00f6chten Sie mehr \u00fcber Angebote und Preise erfahren?<\/strong><\/h2><p class=\"parallax-banner__text\">Wir erkl\u00e4ren Ihnen, wie die <strong>Angebotserstellung<\/strong> bei Eurotext abl\u00e4uft und wie wir unsere <strong>Preise<\/strong> kalkulieren.<br \/> Erfahren Sie, wie <strong>Translation Memory Technologie<\/strong> dabei hilft, Textmengen und Preise zu reduzieren, und wie Sie davon profieren.<\/p><a target=\"_self\" href=\"\/preise\/\" class=\"parallax-banner__button button button--withIcon \"> <i class=\"iconion-checkmark-circled\"><\/i>Weitere Informationen<\/a><\/div> <\/div> <\/div>\n","protected":false},"excerpt":{"rendered":"","protected":false},"author":5,"featured_media":0,"parent":0,"menu_order":2000,"comment_status":"closed","ping_status":"closed","template":"full-width-page.php","meta":{"footnotes":""},"class_list":["post-1937","page","type-page","status-publish","hentry"],"yoast_head":"<!-- This site is optimized with the Yoast SEO Premium plugin v21.9 (Yoast SEO v21.9.1) - https:\/\/yoast.com\/wordpress\/plugins\/seo\/ -->\n<title>Sprachdienstleistungen: alles zum Thema \u2013 Eurotext AG<\/title>\n<meta name=\"description\" content=\"Informieren Sie sich jetzt \u00fcber unsere professionellen Fach\u00fcbersetzungen und viele weitere Leistungen rund um das Thema effiziente Internationalisierung.\" \/>\n<meta name=\"robots\" content=\"noindex, follow, max-snippet:-1, max-image-preview:large, max-video-preview:-1\" \/>\n<meta property=\"og:locale\" content=\"de_DE\" \/>\n<meta property=\"og:type\" content=\"article\" \/>\n<meta property=\"og:title\" content=\"Sprachdienstleistungen\" \/>\n<meta property=\"og:url\" content=\"https:\/\/eurotext.de\/ru\/sprachdienstleistungen\/\" \/>\n<meta property=\"og:site_name\" content=\"Eurotext AG\" \/>\n<meta property=\"article:publisher\" content=\"https:\/\/de-de.facebook.com\/Eurotext\/\" \/>\n<meta property=\"article:modified_time\" content=\"2020-04-21T09:33:39+00:00\" \/>\n<meta property=\"og:image\" content=\"https:\/\/eurotext.de\/ru\/wp-content\/uploads\/sites\/30\/2018\/03\/Eurotext_AG.png\" \/>\n\t<meta property=\"og:image:width\" content=\"320\" \/>\n\t<meta property=\"og:image:height\" content=\"320\" \/>\n\t<meta property=\"og:image:type\" content=\"image\/png\" \/>\n<meta name=\"twitter:card\" content=\"summary_large_image\" \/>\n<meta name=\"twitter:site\" content=\"@eurotext\" \/>\n<meta name=\"twitter:label1\" content=\"Gesch\u00e4tzte Lesezeit\" \/>\n\t<meta name=\"twitter:data1\" content=\"2\u00a0Minuten\" \/>\n<script type=\"application\/ld+json\" class=\"yoast-schema-graph\">{\"@context\":\"https:\/\/schema.org\",\"@graph\":[{\"@type\":\"WebPage\",\"@id\":\"https:\/\/eurotext.de\/ru\/sprachdienstleistungen\/\",\"url\":\"https:\/\/eurotext.de\/ru\/sprachdienstleistungen\/\",\"name\":\"Sprachdienstleistungen: alles zum Thema \u2013 Eurotext AG\",\"isPartOf\":{\"@id\":\"https:\/\/eurotext.de\/ru\/#website\"},\"datePublished\":\"2016-09-27T07:47:27+00:00\",\"dateModified\":\"2020-04-21T09:33:39+00:00\",\"description\":\"Informieren Sie sich jetzt \u00fcber unsere professionellen Fach\u00fcbersetzungen und viele weitere Leistungen rund um das Thema effiziente Internationalisierung.\",\"breadcrumb\":{\"@id\":\"https:\/\/eurotext.de\/ru\/sprachdienstleistungen\/#breadcrumb\"},\"inLanguage\":\"de\",\"potentialAction\":[{\"@type\":\"ReadAction\",\"target\":[\"https:\/\/eurotext.de\/ru\/sprachdienstleistungen\/\"]}]},{\"@type\":\"BreadcrumbList\",\"@id\":\"https:\/\/eurotext.de\/ru\/sprachdienstleistungen\/#breadcrumb\",\"itemListElement\":[{\"@type\":\"ListItem\",\"position\":1,\"name\":\"Startseite\",\"item\":\"https:\/\/eurotext.de\/ru\/\"},{\"@type\":\"ListItem\",\"position\":2,\"name\":\"Sprachdienstleistungen\"}]},{\"@type\":\"WebSite\",\"@id\":\"https:\/\/eurotext.de\/ru\/#website\",\"url\":\"https:\/\/eurotext.de\/ru\/\",\"name\":\"Eurotext AG\",\"description\":\"Wir \u00fcbersetzen f\u00fcr Industrie, IT und E-Commerce\",\"publisher\":{\"@id\":\"https:\/\/eurotext.de\/ru\/#organization\"},\"potentialAction\":[{\"@type\":\"SearchAction\",\"target\":{\"@type\":\"EntryPoint\",\"urlTemplate\":\"https:\/\/eurotext.de\/ru\/?s={search_term_string}\"},\"query-input\":\"required name=search_term_string\"}],\"inLanguage\":\"de\"},{\"@type\":\"Organization\",\"@id\":\"https:\/\/eurotext.de\/ru\/#organization\",\"name\":\"Eurotext AG\",\"url\":\"https:\/\/eurotext.de\/ru\/\",\"logo\":{\"@type\":\"ImageObject\",\"inLanguage\":\"de\",\"@id\":\"https:\/\/eurotext.de\/ru\/#\/schema\/logo\/image\/\",\"url\":\"https:\/\/eurotext.de\/ru\/wp-content\/uploads\/sites\/30\/2016\/05\/eurotext_logo.png\",\"contentUrl\":\"https:\/\/eurotext.de\/ru\/wp-content\/uploads\/sites\/30\/2016\/05\/eurotext_logo.png\",\"width\":125,\"height\":22,\"caption\":\"Eurotext AG\"},\"image\":{\"@id\":\"https:\/\/eurotext.de\/ru\/#\/schema\/logo\/image\/\"},\"sameAs\":[\"https:\/\/de-de.facebook.com\/Eurotext\/\",\"https:\/\/twitter.com\/eurotext\",\"https:\/\/de.linkedin.com\/company\/eurotext-ag\"]}]}<\/script>\n<!-- \/ Yoast SEO Premium plugin. -->","yoast_head_json":{"title":"Sprachdienstleistungen: alles zum Thema \u2013 Eurotext AG","description":"Informieren Sie sich jetzt \u00fcber unsere professionellen Fach\u00fcbersetzungen und viele weitere Leistungen rund um das Thema effiziente Internationalisierung.","robots":{"index":"noindex","follow":"follow","max-snippet":"max-snippet:-1","max-image-preview":"max-image-preview:large","max-video-preview":"max-video-preview:-1"},"og_locale":"de_DE","og_type":"article","og_title":"Sprachdienstleistungen","og_url":"https:\/\/eurotext.de\/ru\/sprachdienstleistungen\/","og_site_name":"Eurotext AG","article_publisher":"https:\/\/de-de.facebook.com\/Eurotext\/","article_modified_time":"2020-04-21T09:33:39+00:00","og_image":[{"width":320,"height":320,"url":"https:\/\/eurotext.de\/ru\/wp-content\/uploads\/sites\/30\/2018\/03\/Eurotext_AG.png","type":"image\/png"}],"twitter_card":"summary_large_image","twitter_site":"@eurotext","twitter_misc":{"Gesch\u00e4tzte Lesezeit":"2\u00a0Minuten"},"schema":{"@context":"https:\/\/schema.org","@graph":[{"@type":"WebPage","@id":"https:\/\/eurotext.de\/ru\/sprachdienstleistungen\/","url":"https:\/\/eurotext.de\/ru\/sprachdienstleistungen\/","name":"Sprachdienstleistungen: alles zum Thema \u2013 Eurotext AG","isPartOf":{"@id":"https:\/\/eurotext.de\/ru\/#website"},"datePublished":"2016-09-27T07:47:27+00:00","dateModified":"2020-04-21T09:33:39+00:00","description":"Informieren Sie sich jetzt \u00fcber unsere professionellen Fach\u00fcbersetzungen und viele weitere Leistungen rund um das Thema effiziente Internationalisierung.","breadcrumb":{"@id":"https:\/\/eurotext.de\/ru\/sprachdienstleistungen\/#breadcrumb"},"inLanguage":"de","potentialAction":[{"@type":"ReadAction","target":["https:\/\/eurotext.de\/ru\/sprachdienstleistungen\/"]}]},{"@type":"BreadcrumbList","@id":"https:\/\/eurotext.de\/ru\/sprachdienstleistungen\/#breadcrumb","itemListElement":[{"@type":"ListItem","position":1,"name":"Startseite","item":"https:\/\/eurotext.de\/ru\/"},{"@type":"ListItem","position":2,"name":"Sprachdienstleistungen"}]},{"@type":"WebSite","@id":"https:\/\/eurotext.de\/ru\/#website","url":"https:\/\/eurotext.de\/ru\/","name":"Eurotext AG","description":"Wir \u00fcbersetzen f\u00fcr Industrie, IT und E-Commerce","publisher":{"@id":"https:\/\/eurotext.de\/ru\/#organization"},"potentialAction":[{"@type":"SearchAction","target":{"@type":"EntryPoint","urlTemplate":"https:\/\/eurotext.de\/ru\/?s={search_term_string}"},"query-input":"required name=search_term_string"}],"inLanguage":"de"},{"@type":"Organization","@id":"https:\/\/eurotext.de\/ru\/#organization","name":"Eurotext AG","url":"https:\/\/eurotext.de\/ru\/","logo":{"@type":"ImageObject","inLanguage":"de","@id":"https:\/\/eurotext.de\/ru\/#\/schema\/logo\/image\/","url":"https:\/\/eurotext.de\/ru\/wp-content\/uploads\/sites\/30\/2016\/05\/eurotext_logo.png","contentUrl":"https:\/\/eurotext.de\/ru\/wp-content\/uploads\/sites\/30\/2016\/05\/eurotext_logo.png","width":125,"height":22,"caption":"Eurotext AG"},"image":{"@id":"https:\/\/eurotext.de\/ru\/#\/schema\/logo\/image\/"},"sameAs":["https:\/\/de-de.facebook.com\/Eurotext\/","https:\/\/twitter.com\/eurotext","https:\/\/de.linkedin.com\/company\/eurotext-ag"]}]}},"_links":{"self":[{"href":"https:\/\/eurotext.de\/ru\/wp-json\/wp\/v2\/pages\/1937","targetHints":{"allow":["GET"]}}],"collection":[{"href":"https:\/\/eurotext.de\/ru\/wp-json\/wp\/v2\/pages"}],"about":[{"href":"https:\/\/eurotext.de\/ru\/wp-json\/wp\/v2\/types\/page"}],"author":[{"embeddable":true,"href":"https:\/\/eurotext.de\/ru\/wp-json\/wp\/v2\/users\/5"}],"replies":[{"embeddable":true,"href":"https:\/\/eurotext.de\/ru\/wp-json\/wp\/v2\/comments?post=1937"}],"version-history":[{"count":53,"href":"https:\/\/eurotext.de\/ru\/wp-json\/wp\/v2\/pages\/1937\/revisions"}],"predecessor-version":[{"id":10198,"href":"https:\/\/eurotext.de\/ru\/wp-json\/wp\/v2\/pages\/1937\/revisions\/10198"}],"wp:attachment":[{"href":"https:\/\/eurotext.de\/ru\/wp-json\/wp\/v2\/media?parent=1937"}],"curies":[{"name":"wp","href":"https:\/\/api.w.org\/{rel}","templated":true}]}}