{"id":8698,"date":"2015-09-11T10:31:09","date_gmt":"2015-09-11T08:31:09","guid":{"rendered":"http:\/\/eurotext-ecommerce.com\/?page_id=2511"},"modified":"2020-04-21T11:35:02","modified_gmt":"2020-04-21T09:35:02","slug":"individuell","status":"publish","type":"page","link":"https:\/\/eurotext.de\/pt\/technologie\/uebersetzungsplugins\/individuell\/","title":{"rendered":"translationMANAGER f\u00fcr Eigenentwicklungen"},"content":{"rendered":"<p><div class=\"parallax-container\" data-parallax=\"scroll\" data-bleed=\"10\" data-image-src=\"\/wp-content\/uploads\/2020\/04\/pastellblau_03.png\"> <div class=\"parallax-window\"> <div class=\"parallax-slider parallax-banner__content\" style=\"\"><h1 class='parallax-banner__headline'>Individuelle Anbindungen<\/h1><p class=\"parallax-banner__text\">Leicht zu integrieren. Schneller am Markt. Starten Sie \u00dcbersetzungen dort, wo es wirklich sinnvoll ist und bestimmen Sie selbst, wie Mehrsprachigkeit in Ihre Prozesse integriert wird. Egal ob im eigenen CMS, PIM, ERP oder der Warenwirtschaft. Binden Sie Ihre Systeme an ein \u00dcbersetzungsportal mit muttersprachlichen L\u00e4nderteams f\u00fcr mehr als 50 Sprachen an. Einfach. Sicher. Flexibel.<\/p><\/div> <\/div> <\/div><div class=\"banner banner--hasImageList\"><div class=\"layout-wrapper\"><span class=\"banner__text\"><\/span><\/div><\/div><\/p>\n<div class='content-column content-column-row '><\/p>\n<div class='content-column one_half'>\n<p>&nbsp;<\/p>\n<h2>Eurotext Translation API<\/h2>\n<p>Mit der <a href=\"https:\/\/eurotext.de\/technologie\/uebersetzungsplugins\/api\/\"><strong>Eurotext Translation API<\/strong><\/a> mit <strong>REST-Technologie<\/strong> werden \u00dcbersetzungsprozesse zum festen Bestandteil Ihrer t\u00e4glichen Arbeit. Egal ob Eigenentwicklung, individualisiertes System oder komplexes Framework: Wir geben Ihnen alle Freiheiten an die Hand. Steuern Sie das \u00dcbersetzungsportal sowie Ihre <strong>L\u00e4nderteams<\/strong> bei Eurotext direkt an und beschleunigen Sie Ihre mehrsprachige Content Produktion drastisch. Wir unterst\u00fctzten Sie beim Setup und der Entwicklung individueller Internationalisierungs-Strategien. <a href=\"https:\/\/eurotext-ecommerce.com\/loesungen\/api\/\">Weitere Informationen.<\/a><\/div><div class='content-column one_half last_column'>\n<p>&nbsp;<\/p>\n<h2>easyCONNECTOR<\/h2>\n<p>Der easyCONNECTOR ist der schnellste Weg zum durchdachten \u00dcbersetzungsprozess. Dank einfacher <strong>Paketworkflows\u00a0<\/strong> werden Ihre \u00dcbersetzungsprojekte an das <strong>Eurotext \u00dcbersetzungsportal<\/strong> \u00fcbermittelt und automatisiert weiter verarbeitet. So vermeiden wir unn\u00f6tiges Projektmanagement und beschleunigen mit <strong>standardisierten \u00dcbersetzungsdaten<\/strong> die Verarbeitung durch unsere muttersprachlichen \u00dcbersetzerteams. Einfach, schnell und ausfallsicher. <a href=\"https:\/\/eurotext.de\/technologie\/uebersetzungsplugins\/individuell\/\">Weitere Informationen anfragen.<\/a><\/div><div class='clear_column'><\/div>\n<div class='content-column full_width'>\n<h2 style=\"text-align: center;\">Datentransfer \u2013 einfach und sicher<\/h2>\n<p><a href=\"https:\/\/eurotext.de\/wp-content\/uploads\/2019\/03\/EurotextAG_Workflow_2019.png\" data-rel=\"lightbox-image-0\" data-rl_title=\"\" data-rl_caption=\"\" title=\"\"><img loading=\"lazy\" decoding=\"async\" class=\"alignnone size-full wp-image-4701\" src=\"https:\/\/eurotext.de\/wp-content\/uploads\/2019\/03\/EurotextAG_Workflow_2019.png\" alt=\"Eurotext-Workflow\" width=\"1920\" height=\"813\" srcset=\"https:\/\/eurotext.de\/pt\/wp-content\/uploads\/sites\/28\/2019\/03\/EurotextAG_Workflow_2019.png 1920w, https:\/\/eurotext.de\/pt\/wp-content\/uploads\/sites\/28\/2019\/03\/EurotextAG_Workflow_2019-300x127.png 300w, https:\/\/eurotext.de\/pt\/wp-content\/uploads\/sites\/28\/2019\/03\/EurotextAG_Workflow_2019-768x325.png 768w, https:\/\/eurotext.de\/pt\/wp-content\/uploads\/sites\/28\/2019\/03\/EurotextAG_Workflow_2019-1024x434.png 1024w\" sizes=\"auto, (max-width: 1920px) 100vw, 1920px\" \/><\/a><br \/>\n<\/div><div class='clear_column'><\/div><\/div><div class='clear_column'><\/div>\n<div class=\"banner banner--small banner--withTextAndButton banner--button-on-right-side banner--blue-background\"><div class=\"layout-wrapper\"><div class=\"banner__text\">Jetzt kostenloses Angebot anfordern!<\/div><div class=\"banner__button\"><a class=\" button button--juice\" target=\"_self\" href=\"\/angebotsanfrage\/\">Angebot anfordern<\/a><\/div><\/div><\/div>\n","protected":false},"excerpt":{"rendered":"<p>Leicht zur integrieren. Schneller am Markt. Starten Sie \u00dcbersetzungen dort, wo es wirklich sinnvoll ist: Mit dem easyConnector beginnen Ihre \u00dcbersetzungsprozesse schon im eigenen CMS, PIM, ERP oder der Warenwirtschaft. Binden Sie Ihre Systeme an ein \u00dcbersetzungsportal mit muttersprachlichen L\u00e4nderteams f\u00fcr mehr als 50 Sprachen an. Einfach. Sicher. Flexibel.<\/p>\n","protected":false},"author":5,"featured_media":0,"parent":5972,"menu_order":3270,"comment_status":"closed","ping_status":"closed","template":"full-width-page.php","meta":{"footnotes":""},"class_list":["post-8698","page","type-page","status-publish","hentry"],"yoast_head":"<!-- This site is optimized with the Yoast SEO Premium plugin v21.9 (Yoast SEO v21.9.1) - https:\/\/yoast.com\/wordpress\/plugins\/seo\/ -->\n<title>translationMANAGER f\u00fcr Eigenentwicklungen &#8211; Eurotext AG<\/title>\n<meta name=\"description\" content=\"Starten Sie \u00dcbersetzungen dort, wo es wirklich sinnvoll ist und bestimmen Sie selbst, wie Mehrsprachigkeit in Ihre Prozesse integriert wird.\" \/>\n<meta name=\"robots\" content=\"index, follow, max-snippet:-1, max-image-preview:large, max-video-preview:-1\" \/>\n<link rel=\"canonical\" href=\"https:\/\/eurotext.de\/pt\/technologie\/uebersetzungsplugins\/individuell\/\" \/>\n<meta property=\"og:locale\" content=\"de_DE\" \/>\n<meta property=\"og:type\" content=\"article\" \/>\n<meta property=\"og:title\" content=\"translationMANAGER f\u00fcr Eigenentwicklungen\" \/>\n<meta property=\"og:description\" content=\"Leicht zur integrieren. Schneller am Markt. Starten Sie \u00dcbersetzungen dort, wo es wirklich sinnvoll ist: Mit dem easyConnector beginnen Ihre \u00dcbersetzungsprozesse schon im eigenen CMS, PIM, ERP oder der Warenwirtschaft. Binden Sie Ihre Systeme an ein \u00dcbersetzungsportal mit muttersprachlichen L\u00e4nderteams f\u00fcr mehr als 50 Sprachen an. Einfach. Sicher. Flexibel.\" \/>\n<meta property=\"og:url\" content=\"https:\/\/eurotext.de\/pt\/technologie\/uebersetzungsplugins\/individuell\/\" \/>\n<meta property=\"og:site_name\" content=\"Eurotext AG\" \/>\n<meta property=\"article:publisher\" content=\"https:\/\/de-de.facebook.com\/Eurotext\/\" \/>\n<meta property=\"article:modified_time\" content=\"2020-04-21T09:35:02+00:00\" \/>\n<meta property=\"og:image\" content=\"https:\/\/eurotext.de\/wp-content\/uploads\/2019\/03\/EurotextAG_Workflow_2019.png\" \/>\n<meta name=\"twitter:card\" content=\"summary_large_image\" \/>\n<meta name=\"twitter:site\" content=\"@eurotext\" \/>\n<meta name=\"twitter:label1\" content=\"Gesch\u00e4tzte Lesezeit\" \/>\n\t<meta name=\"twitter:data1\" content=\"1\u00a0Minute\" \/>\n<script type=\"application\/ld+json\" class=\"yoast-schema-graph\">{\"@context\":\"https:\/\/schema.org\",\"@graph\":[{\"@type\":\"WebPage\",\"@id\":\"https:\/\/eurotext.de\/pt\/technologie\/uebersetzungsplugins\/individuell\/\",\"url\":\"https:\/\/eurotext.de\/pt\/technologie\/uebersetzungsplugins\/individuell\/\",\"name\":\"translationMANAGER f\u00fcr Eigenentwicklungen &#8211; Eurotext AG\",\"isPartOf\":{\"@id\":\"https:\/\/eurotext.de\/pt\/#website\"},\"datePublished\":\"2015-09-11T08:31:09+00:00\",\"dateModified\":\"2020-04-21T09:35:02+00:00\",\"description\":\"Starten Sie \u00dcbersetzungen dort, wo es wirklich sinnvoll ist und bestimmen Sie selbst, wie Mehrsprachigkeit in Ihre Prozesse integriert wird.\",\"breadcrumb\":{\"@id\":\"https:\/\/eurotext.de\/pt\/technologie\/uebersetzungsplugins\/individuell\/#breadcrumb\"},\"inLanguage\":\"de\",\"potentialAction\":[{\"@type\":\"ReadAction\",\"target\":[\"https:\/\/eurotext.de\/pt\/technologie\/uebersetzungsplugins\/individuell\/\"]}]},{\"@type\":\"BreadcrumbList\",\"@id\":\"https:\/\/eurotext.de\/pt\/technologie\/uebersetzungsplugins\/individuell\/#breadcrumb\",\"itemListElement\":[{\"@type\":\"ListItem\",\"position\":1,\"name\":\"Startseite\",\"item\":\"https:\/\/eurotext.de\/pt\/\"},{\"@type\":\"ListItem\",\"position\":2,\"name\":\"Technologie\",\"item\":\"https:\/\/eurotext.de\/pt\/technologie\/\"},{\"@type\":\"ListItem\",\"position\":3,\"name\":\"\u00dcbersetzungsplugins\",\"item\":\"https:\/\/eurotext.de\/pt\/technologie\/uebersetzungsplugins\/\"},{\"@type\":\"ListItem\",\"position\":4,\"name\":\"translationMANAGER f\u00fcr Eigenentwicklungen\"}]},{\"@type\":\"WebSite\",\"@id\":\"https:\/\/eurotext.de\/pt\/#website\",\"url\":\"https:\/\/eurotext.de\/pt\/\",\"name\":\"Eurotext AG\",\"description\":\"Wir \u00fcbersetzen f\u00fcr Industrie, IT und E-Commerce\",\"publisher\":{\"@id\":\"https:\/\/eurotext.de\/pt\/#organization\"},\"potentialAction\":[{\"@type\":\"SearchAction\",\"target\":{\"@type\":\"EntryPoint\",\"urlTemplate\":\"https:\/\/eurotext.de\/pt\/?s={search_term_string}\"},\"query-input\":\"required name=search_term_string\"}],\"inLanguage\":\"de\"},{\"@type\":\"Organization\",\"@id\":\"https:\/\/eurotext.de\/pt\/#organization\",\"name\":\"Eurotext AG\",\"url\":\"https:\/\/eurotext.de\/pt\/\",\"logo\":{\"@type\":\"ImageObject\",\"inLanguage\":\"de\",\"@id\":\"https:\/\/eurotext.de\/pt\/#\/schema\/logo\/image\/\",\"url\":\"https:\/\/eurotext.de\/pt\/wp-content\/uploads\/sites\/28\/2016\/05\/eurotext_logo.png\",\"contentUrl\":\"https:\/\/eurotext.de\/pt\/wp-content\/uploads\/sites\/28\/2016\/05\/eurotext_logo.png\",\"width\":125,\"height\":22,\"caption\":\"Eurotext AG\"},\"image\":{\"@id\":\"https:\/\/eurotext.de\/pt\/#\/schema\/logo\/image\/\"},\"sameAs\":[\"https:\/\/de-de.facebook.com\/Eurotext\/\",\"https:\/\/twitter.com\/eurotext\",\"https:\/\/de.linkedin.com\/company\/eurotext-ag\"]}]}<\/script>\n<!-- \/ Yoast SEO Premium plugin. -->","yoast_head_json":{"title":"translationMANAGER f\u00fcr Eigenentwicklungen &#8211; Eurotext AG","description":"Starten Sie \u00dcbersetzungen dort, wo es wirklich sinnvoll ist und bestimmen Sie selbst, wie Mehrsprachigkeit in Ihre Prozesse integriert wird.","robots":{"index":"index","follow":"follow","max-snippet":"max-snippet:-1","max-image-preview":"max-image-preview:large","max-video-preview":"max-video-preview:-1"},"canonical":"https:\/\/eurotext.de\/pt\/technologie\/uebersetzungsplugins\/individuell\/","og_locale":"de_DE","og_type":"article","og_title":"translationMANAGER f\u00fcr Eigenentwicklungen","og_description":"Leicht zur integrieren. Schneller am Markt. Starten Sie \u00dcbersetzungen dort, wo es wirklich sinnvoll ist: Mit dem easyConnector beginnen Ihre \u00dcbersetzungsprozesse schon im eigenen CMS, PIM, ERP oder der Warenwirtschaft. Binden Sie Ihre Systeme an ein \u00dcbersetzungsportal mit muttersprachlichen L\u00e4nderteams f\u00fcr mehr als 50 Sprachen an. Einfach. Sicher. Flexibel.","og_url":"https:\/\/eurotext.de\/pt\/technologie\/uebersetzungsplugins\/individuell\/","og_site_name":"Eurotext AG","article_publisher":"https:\/\/de-de.facebook.com\/Eurotext\/","article_modified_time":"2020-04-21T09:35:02+00:00","og_image":[{"url":"https:\/\/eurotext.de\/wp-content\/uploads\/2019\/03\/EurotextAG_Workflow_2019.png"}],"twitter_card":"summary_large_image","twitter_site":"@eurotext","twitter_misc":{"Gesch\u00e4tzte Lesezeit":"1\u00a0Minute"},"schema":{"@context":"https:\/\/schema.org","@graph":[{"@type":"WebPage","@id":"https:\/\/eurotext.de\/pt\/technologie\/uebersetzungsplugins\/individuell\/","url":"https:\/\/eurotext.de\/pt\/technologie\/uebersetzungsplugins\/individuell\/","name":"translationMANAGER f\u00fcr Eigenentwicklungen &#8211; Eurotext AG","isPartOf":{"@id":"https:\/\/eurotext.de\/pt\/#website"},"datePublished":"2015-09-11T08:31:09+00:00","dateModified":"2020-04-21T09:35:02+00:00","description":"Starten Sie \u00dcbersetzungen dort, wo es wirklich sinnvoll ist und bestimmen Sie selbst, wie Mehrsprachigkeit in Ihre Prozesse integriert wird.","breadcrumb":{"@id":"https:\/\/eurotext.de\/pt\/technologie\/uebersetzungsplugins\/individuell\/#breadcrumb"},"inLanguage":"de","potentialAction":[{"@type":"ReadAction","target":["https:\/\/eurotext.de\/pt\/technologie\/uebersetzungsplugins\/individuell\/"]}]},{"@type":"BreadcrumbList","@id":"https:\/\/eurotext.de\/pt\/technologie\/uebersetzungsplugins\/individuell\/#breadcrumb","itemListElement":[{"@type":"ListItem","position":1,"name":"Startseite","item":"https:\/\/eurotext.de\/pt\/"},{"@type":"ListItem","position":2,"name":"Technologie","item":"https:\/\/eurotext.de\/pt\/technologie\/"},{"@type":"ListItem","position":3,"name":"\u00dcbersetzungsplugins","item":"https:\/\/eurotext.de\/pt\/technologie\/uebersetzungsplugins\/"},{"@type":"ListItem","position":4,"name":"translationMANAGER f\u00fcr Eigenentwicklungen"}]},{"@type":"WebSite","@id":"https:\/\/eurotext.de\/pt\/#website","url":"https:\/\/eurotext.de\/pt\/","name":"Eurotext AG","description":"Wir \u00fcbersetzen f\u00fcr Industrie, IT und E-Commerce","publisher":{"@id":"https:\/\/eurotext.de\/pt\/#organization"},"potentialAction":[{"@type":"SearchAction","target":{"@type":"EntryPoint","urlTemplate":"https:\/\/eurotext.de\/pt\/?s={search_term_string}"},"query-input":"required name=search_term_string"}],"inLanguage":"de"},{"@type":"Organization","@id":"https:\/\/eurotext.de\/pt\/#organization","name":"Eurotext AG","url":"https:\/\/eurotext.de\/pt\/","logo":{"@type":"ImageObject","inLanguage":"de","@id":"https:\/\/eurotext.de\/pt\/#\/schema\/logo\/image\/","url":"https:\/\/eurotext.de\/pt\/wp-content\/uploads\/sites\/28\/2016\/05\/eurotext_logo.png","contentUrl":"https:\/\/eurotext.de\/pt\/wp-content\/uploads\/sites\/28\/2016\/05\/eurotext_logo.png","width":125,"height":22,"caption":"Eurotext AG"},"image":{"@id":"https:\/\/eurotext.de\/pt\/#\/schema\/logo\/image\/"},"sameAs":["https:\/\/de-de.facebook.com\/Eurotext\/","https:\/\/twitter.com\/eurotext","https:\/\/de.linkedin.com\/company\/eurotext-ag"]}]}},"_links":{"self":[{"href":"https:\/\/eurotext.de\/pt\/wp-json\/wp\/v2\/pages\/8698","targetHints":{"allow":["GET"]}}],"collection":[{"href":"https:\/\/eurotext.de\/pt\/wp-json\/wp\/v2\/pages"}],"about":[{"href":"https:\/\/eurotext.de\/pt\/wp-json\/wp\/v2\/types\/page"}],"author":[{"embeddable":true,"href":"https:\/\/eurotext.de\/pt\/wp-json\/wp\/v2\/users\/5"}],"replies":[{"embeddable":true,"href":"https:\/\/eurotext.de\/pt\/wp-json\/wp\/v2\/comments?post=8698"}],"version-history":[{"count":6,"href":"https:\/\/eurotext.de\/pt\/wp-json\/wp\/v2\/pages\/8698\/revisions"}],"predecessor-version":[{"id":10208,"href":"https:\/\/eurotext.de\/pt\/wp-json\/wp\/v2\/pages\/8698\/revisions\/10208"}],"up":[{"embeddable":true,"href":"https:\/\/eurotext.de\/pt\/wp-json\/wp\/v2\/pages\/5972"}],"wp:attachment":[{"href":"https:\/\/eurotext.de\/pt\/wp-json\/wp\/v2\/media?parent=8698"}],"curies":[{"name":"wp","href":"https:\/\/api.w.org\/{rel}","templated":true}]}}