{"id":10356,"date":"2019-03-26T09:40:28","date_gmt":"2019-03-26T08:40:28","guid":{"rendered":"https:\/\/eurotext.de\/pl\/kontakt-2\/presse\/"},"modified":"2026-03-09T13:50:39","modified_gmt":"2026-03-09T12:50:39","slug":"prasy","status":"publish","type":"page","link":"https:\/\/eurotext.de\/pl\/kontakt\/prasy\/","title":{"rendered":"Informacje dla prasy"},"content":{"rendered":"<div class=\"parallax-container\" data-parallax=\"scroll\" data-bleed=\"10\" data-image-src=\"https:\/\/eurotext.de\/wp-content\/uploads\/2020\/10\/Banner_Mailand_01.jpg\"> <div class=\"parallax-window\"> <div class=\"parallax-slider parallax-banner__content\" style=\"\"><h1 class='parallax-banner__headline hasBgColor' style=\"background-color:#000;box-shadow: 0 0 0 0.45em #000;\">Informacje do opublikowania i materia\u0142y dla prasy<\/h1><p class=\"parallax-banner__text\"><\/p><\/div> <\/div> <\/div>\n<p>&nbsp;<\/p>\n<div class='content-column content-column-row '><div class='content-column full_width'>\n<p>&nbsp;<\/p>\n<p>W naszym <strong>dziale prasowym<\/strong> znajd\u0105 Pa\u0144stwo informacje dotycz\u0105ce <strong>Eurotext AG<\/strong> i naszych produkt\u00f3w oraz zdj\u0119cia do wykorzystywania.<br \/>\nJe\u015bli maj\u0105 Pa\u0144stwo jakie\u015b pytania lub potrzebuj\u0105 dodatkowych materia\u0142\u00f3w, mo\u017cna skontaktowa\u0107 si\u0119 z nami telefonicznie: <a href=\"tel:+49 931 354 050\">+49 (0) 931 354 050<\/a> lub e-mailem: <a href=\"mailto:presse@eurotext.de\">presse@eurotext.de<\/a>.<\/p>\n<h2 style=\"text-align: center;\">Znaki logo<\/h2>\n<\/div><div class='clear_column'><\/div><div class='content-column one_half'>\n<p>&nbsp;<\/p>\n<p>&nbsp;<\/p>\n<p style=\"text-align: center;\"><img loading=\"lazy\" decoding=\"async\" class=\"aligncenter size-medium wp-image-4758\" src=\"https:\/\/eurotext.de\/wp-content\/uploads\/2019\/04\/EurotextA-300x49.png\" alt=\"\" width=\"300\" height=\"49\" srcset=\"https:\/\/eurotext.de\/pl\/wp-content\/uploads\/sites\/26\/2019\/04\/EurotextA-300x49.png 300w, https:\/\/eurotext.de\/pl\/wp-content\/uploads\/sites\/26\/2019\/04\/EurotextA-768x126.png 768w, https:\/\/eurotext.de\/pl\/wp-content\/uploads\/sites\/26\/2019\/04\/EurotextA-1024x168.png 1024w\" sizes=\"auto, (max-width: 300px) 100vw, 300px\" \/><\/p>\n<p style=\"text-align: center;\">(<a href=\"https:\/\/eurotext.de\/wp-content\/uploads\/2019\/04\/EurotextA.pdf\" target=\"_blank\" rel=\"noopener noreferrer\">PDF <\/a>| <a href=\"https:\/\/eurotext.de\/wp-content\/uploads\/2019\/04\/EurotextA.jpg\" target=\"_blank\" rel=\"noopener noreferrer\" data-rel=\"lightbox-image-0\" data-rl_title=\"\" data-rl_caption=\"\" title=\"\">JPG<\/a> | <a href=\"https:\/\/eurotext.de\/wp-content\/uploads\/2019\/04\/EurotextA.png\" target=\"_blank\" rel=\"noopener noreferrer\" data-rel=\"lightbox-image-1\" data-rl_title=\"\" data-rl_caption=\"\" title=\"\">PNG<\/a> | <a href=\"https:\/\/eurotext.de\/wp-content\/uploads\/2019\/04\/EurotextA.zip\" target=\"_blank\" rel=\"noopener noreferrer\">ZIP<\/a>)<\/p>\n<\/div><div class='content-column one_half last_column'>\n<p style=\"text-align: center;\"><img loading=\"lazy\" decoding=\"async\" class=\"wp-image-4762 aligncenter\" src=\"https:\/\/eurotext.de\/wp-content\/uploads\/2019\/04\/EurotextB-300x177.png\" alt=\"\" width=\"260\" height=\"153\" srcset=\"https:\/\/eurotext.de\/pl\/wp-content\/uploads\/sites\/26\/2019\/04\/EurotextB-300x177.png 300w, https:\/\/eurotext.de\/pl\/wp-content\/uploads\/sites\/26\/2019\/04\/EurotextB-768x452.png 768w, https:\/\/eurotext.de\/pl\/wp-content\/uploads\/sites\/26\/2019\/04\/EurotextB-1024x603.png 1024w\" sizes=\"auto, (max-width: 260px) 100vw, 260px\" \/><\/p>\n<p style=\"text-align: center;\">(<a href=\"https:\/\/eurotext.de\/wp-content\/uploads\/2019\/04\/EurotextB.pdf\" target=\"_blank\" rel=\"noopener noreferrer\">PDF <\/a>| <a href=\"https:\/\/eurotext.de\/wp-content\/uploads\/2019\/04\/EurotextB.jpg\" target=\"_blank\" rel=\"noopener noreferrer\" data-rel=\"lightbox-image-2\" data-rl_title=\"\" data-rl_caption=\"\" title=\"\">JPG<\/a> | <a href=\"https:\/\/eurotext.de\/wp-content\/uploads\/2019\/04\/EurotextB.png\" target=\"_blank\" rel=\"noopener noreferrer\" data-rel=\"lightbox-image-3\" data-rl_title=\"\" data-rl_caption=\"\" title=\"\">PNG<\/a> | <a href=\"https:\/\/eurotext.de\/wp-content\/uploads\/2019\/04\/EurotextB.zip\" target=\"_blank\" rel=\"noopener noreferrer\">ZIP<\/a>)<\/p>\n<\/div><div class='clear_column'><\/div>\n<div class='content-column full_width'>\n<hr \/>\n<h2 style=\"text-align: center;\">Opis przedsi\u0119biorstwa<\/h2>\n<\/div><div class='clear_column'><\/div><div class='content-column one_half'>\n<h3><strong>Eurotext AG<\/strong> (wersja w j. polskim)<\/h3>\n<p>Operuj\u0105ca jako dostawca us\u0142ug j\u0119zykowych sp\u00f3\u0142ka <b>Eurotext AG<\/b> jest ekspertem j\u0119zykowym. Prowadzona przez w\u0142a\u015bciciela firma od ponad 30 lat zapewnia wysokiej jako\u015bci us\u0142ugi na rynku t\u0142umacze\u0144 fachowych. Innowacje techniczne, do\u015bwiadczenie, jako\u015b\u0107 i koncentracja na procesach: dzi\u0119ki takiej mieszance atut\u00f3w firma z powodzeniem obs\u0142uguje klient\u00f3w ze wszystkich bran\u017c. Na uzyskiwanie najwy\u017cszej klasy t\u0142umacze\u0144 wp\u0142yw ma ponadto dog\u0142\u0119bne zrozumienie rdzenia dzia\u0142alno\u015bci klienta. Siedziba g\u0142\u00f3wna Eurotext AG znajduje si\u0119 w W\u00fcrzburgu, a sp\u00f3\u0142ka ta \u015bwiadczy us\u0142ugi przy udziale ponad 4000 native speaker\u00f3w z ca\u0142ego \u015bwiata oraz dopasowanych do klient\u00f3w zespo\u0142\u00f3w krajowych. Ka\u017cdy klient jest obs\u0142ugiwany przez przydzielon\u0105 mu osob\u0119 kontaktow\u0105. Us\u0142ugi Eurotext AG s\u0105 szczeg\u00f3lnie korzystne dla przedsi\u0119biorstw charakteryzuj\u0105cych si\u0119 szybkimi zmianami produkt\u00f3w i asortymentu.<\/p>\n<p>Opr\u00f3cz swojej bogatej ekspertyzy w bran\u017cy przemys\u0142owej firma Eurotext AG rozwin\u0119\u0142a si\u0119 w ubieg\u0142ych latach do jednej z czo\u0142owych firm oferuj\u0105cych us\u0142ugi t\u0142umaczeniowe w sektorze handlu elektronicznego (E-Commerce): tre\u015bci wysokiej jako\u015bci, kt\u00f3re s\u0105 idealnie dopasowane do Pa\u0144stwa strony internetowej lub sklepu internetowego, zwi\u0119kszaj\u0105 zaufanie klient\u00f3w i powoduj\u0105 wzrost przychod\u00f3w.<\/p>\n<p>Czy jest to bran\u017ca przemys\u0142owa, IT, a mo\u017ce handlu internetowego: celem firmy Eurotext AG jest wspieranie i doradzanie klientom podczas realizowania ich indywidualnych strategii umi\u0119dzynarodowienia. Pracownicy Eurotext uwa\u017caj\u0105 si\u0119 przy tym za cz\u0142onk\u00f3w zespo\u0142\u00f3w klienta, wspomagaj\u0105c ich w szybkim rozwoju na arenie mi\u0119dzynarodowej. Dzi\u0119ki w\u0142asnym rozwi\u0105zaniom oprogramowania, doskona\u0142ym kontaktom do ekspert\u00f3w bran\u017cowych oraz rozbudowanej sieci partner\u00f3w firma Eurotext opracowuje nowatorskie produkty i us\u0142ugi zwi\u0105zane z tematyk\u0105 wieloj\u0119zyczno\u015bci.<\/p>\n<p>Eurotext AG oferuje wieloj\u0119zyczne t\u0142umaczenia oraz wsparcie zespo\u0142\u00f3w krajowych w ponad 50 j\u0119zykach, zapewniaj\u0105c us\u0142ugi t\u0142umaczeniowe i SEO certyfikowane wed\u0142ug normy ISO 9001:2015.<\/p>\n<p><span style=\"color: #999999;\"><em>(1971 znaki \/ 1724 znak\u00f3w bez spacji)<\/em><\/span><\/p>\n<\/div><div class='content-column one_half last_column'>\n<h3><strong>Eurotext AG<\/strong> (wersja angielska)<\/h3>\n<p>As a language service provider, <b>Eurotext AG<\/b> is an expert in translation and internationalization. The owner-operated provider of high-quality specialist translations has been active for more than 30 years. Technical innovation, experience, quality and process orientation: This combination of qualities allows us to serve clients from all industries. Our first-rate translations also result from a deep understanding of the client&#8217;s core business. Eurotext AG is based in W\u00fcrzburg and works with over 4,000 certified native speakers and client-specific country teams worldwide. All clients receive their own personal contact. Companies with high-involvement products and ever-changing products and product ranges are in particularly good hands at Eurotext AG.<\/p>\n<p>In addition to expertise in the industrial sector, Eurotext AG has developed into one of the leading providers of translation services for the e-commerce sector in recent years. High-quality content perfectly geared to your website and online shop garners trust in your business and increases sales.<\/p>\n<p>Industry, IT, e-commerce: No matter the industry, Eurotext&#8217;s aim is to support and advise clients in their individual internationalization strategies. Eurotext employees see themselves as members of their clients&#8216; teams, and do everything they can to help them grow internationally. Thanks to its own software solutions, a great relationship with industry experts and a strong partner network, Eurotext has been able to develop innovative products and services for all aspects of multilingualism.<\/p>\n<p>Eurotext AG offers translations by native speakers and country teams for more than 50 languages, and its translation and SEO services are certified in accordance with ISO 9001:2015.<\/p>\n<p><span style=\"color: #999999;\"><em>(1738 znak\u00f3w \/ 1487 znak\u00f3w bez spacji)<\/em><\/span><\/p>\n<\/div><div class='clear_column'><\/div><div class='content-column full_width'>\n<hr \/>\n<h2 style=\"text-align: center;\">Kr\u00f3tki opis<\/h2>\n<\/div><div class='clear_column'><\/div>\n<div class='content-column one_half'>\n<h3><strong>Eurotext AG<\/strong> (wersja w j. polskim)<\/h3>\n<p>Operuj\u0105ca jako dostawca us\u0142ug j\u0119zykowych sp\u00f3\u0142ka <b>Eurotext AG<\/b> jest ekspertem j\u0119zykowym. Prowadzona przez w\u0142a\u015bciciela firma od ponad 25 lat zapewnia wysokiej jako\u015bci us\u0142ugi na rynku t\u0142umacze\u0144 fachowych. Innowacje techniczne, do\u015bwiadczenie, jako\u015b\u0107 i koncentracja na procesach: dzi\u0119ki takiej mieszance atut\u00f3w firma z powodzeniem obs\u0142uguje klient\u00f3w ze wszystkich bran\u017c. Na uzyskiwanie najwy\u017cszej klasy t\u0142umacze\u0144 wp\u0142yw ma ponadto dog\u0142\u0119bne zrozumienie rdzenia dzia\u0142alno\u015bci klienta. Siedziba g\u0142\u00f3wna Eurotext AG znajduje si\u0119 w W\u00fcrzburgu, a sp\u00f3\u0142ka ta \u015bwiadczy us\u0142ugi przy udziale ponad 4000 native speaker\u00f3w z ca\u0142ego \u015bwiata oraz dopasowanych do klient\u00f3w zespo\u0142\u00f3w krajowych. Ka\u017cdy klient jest obs\u0142ugiwany przez przydzielon\u0105 mu osob\u0119 kontaktow\u0105. Us\u0142ugi Eurotext AG s\u0105 szczeg\u00f3lnie korzystne dla przedsi\u0119biorstw charakteryzuj\u0105cych si\u0119 szybkimi zmianami produkt\u00f3w i asortymentu.<\/p>\n<p><span style=\"color: #999999;\"><em>(862 znaki \/ 751 znak\u00f3w bez spacji)<\/em><\/span><\/p>\n<\/div><div class='content-column one_half last_column'>\n<h3><strong>Eurotext AG<\/strong> (wersja angielska)<\/h3>\n<p>As a language service provider, <b>Eurotext AG<\/b> is an expert in translation and internationalization. The owner-operated provider of high-quality specialist translations has been active for more than 25 years. Technical innovation, experience, quality and process orientation: This combination of qualities allows us to serve clients from all industries. Our first-rate translations also result from a deep understanding of the client&#8217;s core business. Eurotext AG is based in W\u00fcrzburg and works with over 4,000 certified native speakers and client-specific country teams worldwide. All clients receive their own personal contact. Companies with high-involvement products and ever-changing products and product ranges are in particularly good hands at Eurotext AG.<\/p>\n<p><span style=\"color: #999999;\"><em>(760 znak\u00f3w \/ 654 znaki bez spacji)<\/em><\/span><\/p>\n<\/div><div class='clear_column'><\/div><div class='content-column full_width'>\n<hr \/>\n<h2 style=\"text-align: center;\">Broszura firmowa<\/h2>\n<\/div><div class='clear_column'><\/div>\n<div class='content-column one_half'>\n<a href=\"https:\/\/eurotext.de\/wp-content\/uploads\/2026\/03\/EurotextAG-Uebersetzung-fuer-Industrie-IT-und-E-Commerce_EN_2025-09.pdf\"><img loading=\"lazy\" decoding=\"async\" class=\"aligncenter size-medium wp-image-18238\" style=\"border: black 1px solid;\" src=\"https:\/\/eurotext.de\/wp-content\/uploads\/2026\/03\/broschuere_EN.jpg\" alt=\"\" width=\"300\" height=\"300\" \/><\/a>\n<\/div><div class='content-column one_half last_column'>\n<p><strong>Eurotext AG<\/strong><br \/>\nT\u0142umaczymy dla przemys\u0142u, IT oraz handlu elektronicznego<\/p>\n<p>\u2022 Firma<br \/>\n\u2022 Us\u0142ugi<br \/>\n\u2022 Cykl pracy<br \/>\n\u2022 Zespo\u0142y projektowe i krajowe<br \/>\n\u2022 Typy tekstu<br \/>\n\u2022 Certyfikacja<\/p>\n<a href=\"https:\/\/eurotext.de\/wp-content\/uploads\/2026\/03\/EurotextAG-Uebersetzung-fuer-Industrie-IT-und-E-Commerce_EN_2025-09.pdf\" target=\"_blank\" rel=\"noopener noreferrer\">Do pobrania<\/a> (j\u0119zyk angielski, PDF)<\/p>\n<\/div><div class='clear_column'><\/div>\n<div class='content-column full_width'>\n<hr \/>\n<h2 style=\"text-align: center;\">Personel<\/h2>\n<\/div><div class='clear_column'><\/div>\n<div class='content-column one_half'>\n<p style=\"text-align: center;\"><a href=\"https:\/\/eurotext.de\/wp-content\/uploads\/2019\/04\/EurotextAG_Peter_Seltsam.jpg\" data-rel=\"lightbox-image-4\" data-rl_title=\"\" data-rl_caption=\"\" title=\"\"><img loading=\"lazy\" decoding=\"async\" class=\"aligncenter wp-image-4782\" src=\"https:\/\/eurotext.de\/wp-content\/uploads\/2019\/04\/EurotextAG_Peter_Seltsam-683x1024.jpg\" alt=\"\" width=\"500\" height=\"750\" \/><\/a>\n<p style=\"text-align: center;\"><a href=\"https:\/\/eurotext.de\/wp-content\/uploads\/2019\/04\/EurotextAG_Peter_Seltsam.jpg\" target=\"_blank\" rel=\"noopener noreferrer\" data-rel=\"lightbox-image-5\" data-rl_title=\"\" data-rl_caption=\"\" title=\"\">Do pobrania<\/a> (JPG)<\/p>\n<p><strong>Peter Seltsam<\/strong><\/p>\n<p>Peter Seltsam jest za\u0142o\u017cycielem i dyrektorem Eurotext AG, jednego z wiod\u0105cych dostawc\u00f3w us\u0142ug j\u0119zykowych dla bran\u017cy handlu internetowego i przemys\u0142u. Korzystaj\u0105c z ponad 25 lat do\u015bwiadczenia oraz sieci ponad 4000 t\u0142umaczy native speaker\u00f3w, sp\u00f3\u0142ka oferuje profesjonalne t\u0142umaczenia fachowe oraz p\u0142ynn\u0105 integracj\u0119 zarz\u0105dzania procesami w systemach klient\u00f3w. Peter Seltsam uko\u0144czy\u0142 studia na kierunku filologii hiszpa\u0144skiej (iberystyki) i jest uznawany za eksperta od zarz\u0105dzania procesami i ich automatyzacji w projektach wieloj\u0119zycznych t\u0142umacze\u0144. Do tego jest on pomys\u0142odawc\u0105, wsp\u00f3\u0142za\u0142o\u017cycielem i wsp\u00f3\u0142w\u0142a\u015bcicielem rozwi\u0105zania Plunet, czyli wiod\u0105cego na \u015bwiecie systemu do zarz\u0105dzania t\u0142umaczeniami (Translation Management System).<\/p>\n<\/div><div class='content-column one_half last_column'>\n<p style=\"text-align: center;\"><a href=\"https:\/\/eurotext.de\/wp-content\/uploads\/2019\/04\/EurotextAG_Boris_Zielonka.jpg\" data-rel=\"lightbox-image-6\" data-rl_title=\"\" data-rl_caption=\"\" title=\"\"><img loading=\"lazy\" decoding=\"async\" class=\"aligncenter wp-image-4784\" src=\"https:\/\/eurotext.de\/wp-content\/uploads\/2019\/04\/EurotextAG_Boris_Zielonka-524x1024.jpg\" alt=\"\" width=\"384\" height=\"750\" srcset=\"https:\/\/eurotext.de\/pl\/wp-content\/uploads\/sites\/26\/2019\/04\/EurotextAG_Boris_Zielonka-524x1024.jpg 524w, https:\/\/eurotext.de\/pl\/wp-content\/uploads\/sites\/26\/2019\/04\/EurotextAG_Boris_Zielonka-154x300.jpg 154w, https:\/\/eurotext.de\/pl\/wp-content\/uploads\/sites\/26\/2019\/04\/EurotextAG_Boris_Zielonka-768x1500.jpg 768w, https:\/\/eurotext.de\/pl\/wp-content\/uploads\/sites\/26\/2019\/04\/EurotextAG_Boris_Zielonka.jpg 1054w\" sizes=\"auto, (max-width: 384px) 100vw, 384px\" \/><\/a><\/p>\n<p style=\"text-align: center;\"><a href=\"https:\/\/eurotext.de\/wp-content\/uploads\/2019\/04\/EurotextAG_Boris_Zielonka.jpg\" target=\"_blank\" rel=\"noopener noreferrer\" data-rel=\"lightbox-image-7\" data-rl_title=\"\" data-rl_caption=\"\" title=\"\">Do pobrania<\/a> (JPG)<\/p>\n<p><strong>Boris Zielonka<\/strong><\/p>\n<p>Boris Zielonka zajmuje w Eurotext AG stanowisko kierownika dzia\u0142u marketingu i sprzeda\u017cy. Wsp\u00f3\u0142pracuj\u0105c z ponad 4000 native speaker\u00f3w, firma Eurotext AG wyspecjalizowa\u0142a si\u0119 w t\u0142umaczeniach fachowych dla klient\u00f3w z bran\u017cy przemys\u0142owej, IT oraz handlu elektronicznego, a ponadto oferuje do tego odpowiednie rozwi\u0105zania oprogramowania. Zielonka uko\u0144czy\u0142 studia humanistyczne na uniwersytecie w W\u00fcrzburgu i jako ekspert od marketingu od wielu lat zajmuje si\u0119 problematyk\u0105 wieloj\u0119zycznych tre\u015bci w handlu internetowym (E-Commerce). Jest on ekspertem do marketingu internetowego i optymalizacji dla wyszukiwarek internetowych.<\/p>\n<\/div><div class='clear_column'><\/div>\n<p><\/div><div class='clear_column'><\/div>\n<div class=\"banner banner--small banner--withTextAndButton banner--button-on-right-side banner--orange-background\"><div class=\"layout-wrapper\"><div class=\"banner__text\">Chc\u0105 Pa\u0144stwo dowiedzie\u0107 si\u0119 wi\u0119cej?<\/div><div class=\"banner__button\"><a class=\" button button--light\" target=\"_self\" href=\"https:\/\/eurotext.de\/pl\/klienci-i-partnerzy\/\">Eurotext w mediach<\/a><\/div><\/div><\/div>\n<p>&nbsp;<\/p>\n","protected":false},"excerpt":{"rendered":"<p>&nbsp; &nbsp;<\/p>\n","protected":false},"author":5,"featured_media":0,"parent":10354,"menu_order":7200,"comment_status":"closed","ping_status":"closed","template":"full-width-page.php","meta":{"footnotes":""},"class_list":["post-10356","page","type-page","status-publish","hentry"],"yoast_head":"<!-- This site is optimized with the Yoast SEO Premium plugin v21.9 (Yoast SEO v21.9.1) - https:\/\/yoast.com\/wordpress\/plugins\/seo\/ -->\n<title>Dzia\u0142 Eurotext AG dla przedstawicieli prasy \u00b7 znaki logo, teksty i materia\u0142y zdj\u0119ciowe<\/title>\n<meta name=\"description\" content=\"W naszym dziale dla przedstawicieli prasy znajd\u0105 Pa\u0144stwo informacje na temat Eurotext AG. Mo\u017cna si\u0119 z nami skontaktowa\u0107 pod numerem telefonu +49 (0) 931 354 050 lub przez e-mail: presse@eurotext.de\" \/>\n<meta name=\"robots\" content=\"index, follow, max-snippet:-1, max-image-preview:large, max-video-preview:-1\" \/>\n<link rel=\"canonical\" href=\"https:\/\/eurotext.de\/pl\/kontakt\/prasy\/\" \/>\n<meta name=\"twitter:card\" content=\"summary_large_image\" \/>\n<meta name=\"twitter:title\" content=\"Dzia\u0142 Eurotext AG dla przedstawicieli prasy \u00b7 znaki logo, teksty i materia\u0142y zdj\u0119ciowe\" \/>\n<meta name=\"twitter:description\" content=\"W naszym dziale dla przedstawicieli prasy znajd\u0105 Pa\u0144stwo informacje na temat Eurotext AG. Mo\u017cna si\u0119 z nami skontaktowa\u0107 pod numerem telefonu +49 (0) 931 354 050 lub przez e-mail: presse@eurotext.de\" \/>\n<meta name=\"twitter:image\" content=\"https:\/\/eurotext.de\/wp-content\/uploads\/2019\/04\/EurotextA-300x49.png\" \/>\n<meta name=\"twitter:site\" content=\"@eurotext\" \/>\n<meta name=\"twitter:label1\" content=\"Gesch\u00e4tzte Lesezeit\" \/>\n\t<meta name=\"twitter:data1\" content=\"8\u00a0Minuten\" \/>\n<script type=\"application\/ld+json\" class=\"yoast-schema-graph\">{\"@context\":\"https:\/\/schema.org\",\"@graph\":[{\"@type\":\"WebPage\",\"@id\":\"https:\/\/eurotext.de\/pl\/kontakt\/prasy\/\",\"url\":\"https:\/\/eurotext.de\/pl\/kontakt\/prasy\/\",\"name\":\"Dzia\u0142 Eurotext AG dla przedstawicieli prasy \u00b7 znaki logo, teksty i materia\u0142y zdj\u0119ciowe\",\"isPartOf\":{\"@id\":\"https:\/\/eurotext.de\/pl\/#website\"},\"datePublished\":\"2019-03-26T08:40:28+00:00\",\"dateModified\":\"2026-03-09T12:50:39+00:00\",\"description\":\"W naszym dziale dla przedstawicieli prasy znajd\u0105 Pa\u0144stwo informacje na temat Eurotext AG. Mo\u017cna si\u0119 z nami skontaktowa\u0107 pod numerem telefonu +49 (0) 931 354 050 lub przez e-mail: presse@eurotext.de\",\"breadcrumb\":{\"@id\":\"https:\/\/eurotext.de\/pl\/kontakt\/prasy\/#breadcrumb\"},\"inLanguage\":\"de\",\"potentialAction\":[{\"@type\":\"ReadAction\",\"target\":[\"https:\/\/eurotext.de\/pl\/kontakt\/prasy\/\"]}]},{\"@type\":\"BreadcrumbList\",\"@id\":\"https:\/\/eurotext.de\/pl\/kontakt\/prasy\/#breadcrumb\",\"itemListElement\":[{\"@type\":\"ListItem\",\"position\":1,\"name\":\"Startseite\",\"item\":\"https:\/\/eurotext.de\/pl\/\"},{\"@type\":\"ListItem\",\"position\":2,\"name\":\"Kontakt\",\"item\":\"https:\/\/eurotext.de\/pl\/kontakt\/\"},{\"@type\":\"ListItem\",\"position\":3,\"name\":\"Informacje dla prasy\"}]},{\"@type\":\"WebSite\",\"@id\":\"https:\/\/eurotext.de\/pl\/#website\",\"url\":\"https:\/\/eurotext.de\/pl\/\",\"name\":\"Eurotext AG\",\"description\":\"T\u0142umaczymy dla przemys\u0142u, IT oraz handlu elektronicznego\",\"publisher\":{\"@id\":\"https:\/\/eurotext.de\/pl\/#organization\"},\"potentialAction\":[{\"@type\":\"SearchAction\",\"target\":{\"@type\":\"EntryPoint\",\"urlTemplate\":\"https:\/\/eurotext.de\/pl\/?s={search_term_string}\"},\"query-input\":\"required name=search_term_string\"}],\"inLanguage\":\"de\"},{\"@type\":\"Organization\",\"@id\":\"https:\/\/eurotext.de\/pl\/#organization\",\"name\":\"Eurotext AG\",\"url\":\"https:\/\/eurotext.de\/pl\/\",\"logo\":{\"@type\":\"ImageObject\",\"inLanguage\":\"de\",\"@id\":\"https:\/\/eurotext.de\/pl\/#\/schema\/logo\/image\/\",\"url\":\"https:\/\/eurotext.de\/pl\/wp-content\/uploads\/sites\/26\/2016\/05\/eurotext_logo.png\",\"contentUrl\":\"https:\/\/eurotext.de\/pl\/wp-content\/uploads\/sites\/26\/2016\/05\/eurotext_logo.png\",\"width\":125,\"height\":22,\"caption\":\"Eurotext AG\"},\"image\":{\"@id\":\"https:\/\/eurotext.de\/pl\/#\/schema\/logo\/image\/\"},\"sameAs\":[\"https:\/\/de-de.facebook.com\/Eurotext\/\",\"https:\/\/twitter.com\/eurotext\",\"https:\/\/de.linkedin.com\/company\/eurotext-ag\"]}]}<\/script>\n<!-- \/ Yoast SEO Premium plugin. -->","yoast_head_json":{"title":"Dzia\u0142 Eurotext AG dla przedstawicieli prasy \u00b7 znaki logo, teksty i materia\u0142y zdj\u0119ciowe","description":"W naszym dziale dla przedstawicieli prasy znajd\u0105 Pa\u0144stwo informacje na temat Eurotext AG. Mo\u017cna si\u0119 z nami skontaktowa\u0107 pod numerem telefonu +49 (0) 931 354 050 lub przez e-mail: presse@eurotext.de","robots":{"index":"index","follow":"follow","max-snippet":"max-snippet:-1","max-image-preview":"max-image-preview:large","max-video-preview":"max-video-preview:-1"},"canonical":"https:\/\/eurotext.de\/pl\/kontakt\/prasy\/","twitter_card":"summary_large_image","twitter_title":"Dzia\u0142 Eurotext AG dla przedstawicieli prasy \u00b7 znaki logo, teksty i materia\u0142y zdj\u0119ciowe","twitter_description":"W naszym dziale dla przedstawicieli prasy znajd\u0105 Pa\u0144stwo informacje na temat Eurotext AG. Mo\u017cna si\u0119 z nami skontaktowa\u0107 pod numerem telefonu +49 (0) 931 354 050 lub przez e-mail: presse@eurotext.de","twitter_image":"https:\/\/eurotext.de\/wp-content\/uploads\/2019\/04\/EurotextA-300x49.png","twitter_site":"@eurotext","twitter_misc":{"Gesch\u00e4tzte Lesezeit":"8\u00a0Minuten"},"schema":{"@context":"https:\/\/schema.org","@graph":[{"@type":"WebPage","@id":"https:\/\/eurotext.de\/pl\/kontakt\/prasy\/","url":"https:\/\/eurotext.de\/pl\/kontakt\/prasy\/","name":"Dzia\u0142 Eurotext AG dla przedstawicieli prasy \u00b7 znaki logo, teksty i materia\u0142y zdj\u0119ciowe","isPartOf":{"@id":"https:\/\/eurotext.de\/pl\/#website"},"datePublished":"2019-03-26T08:40:28+00:00","dateModified":"2026-03-09T12:50:39+00:00","description":"W naszym dziale dla przedstawicieli prasy znajd\u0105 Pa\u0144stwo informacje na temat Eurotext AG. Mo\u017cna si\u0119 z nami skontaktowa\u0107 pod numerem telefonu +49 (0) 931 354 050 lub przez e-mail: presse@eurotext.de","breadcrumb":{"@id":"https:\/\/eurotext.de\/pl\/kontakt\/prasy\/#breadcrumb"},"inLanguage":"de","potentialAction":[{"@type":"ReadAction","target":["https:\/\/eurotext.de\/pl\/kontakt\/prasy\/"]}]},{"@type":"BreadcrumbList","@id":"https:\/\/eurotext.de\/pl\/kontakt\/prasy\/#breadcrumb","itemListElement":[{"@type":"ListItem","position":1,"name":"Startseite","item":"https:\/\/eurotext.de\/pl\/"},{"@type":"ListItem","position":2,"name":"Kontakt","item":"https:\/\/eurotext.de\/pl\/kontakt\/"},{"@type":"ListItem","position":3,"name":"Informacje dla prasy"}]},{"@type":"WebSite","@id":"https:\/\/eurotext.de\/pl\/#website","url":"https:\/\/eurotext.de\/pl\/","name":"Eurotext AG","description":"T\u0142umaczymy dla przemys\u0142u, IT oraz handlu elektronicznego","publisher":{"@id":"https:\/\/eurotext.de\/pl\/#organization"},"potentialAction":[{"@type":"SearchAction","target":{"@type":"EntryPoint","urlTemplate":"https:\/\/eurotext.de\/pl\/?s={search_term_string}"},"query-input":"required name=search_term_string"}],"inLanguage":"de"},{"@type":"Organization","@id":"https:\/\/eurotext.de\/pl\/#organization","name":"Eurotext AG","url":"https:\/\/eurotext.de\/pl\/","logo":{"@type":"ImageObject","inLanguage":"de","@id":"https:\/\/eurotext.de\/pl\/#\/schema\/logo\/image\/","url":"https:\/\/eurotext.de\/pl\/wp-content\/uploads\/sites\/26\/2016\/05\/eurotext_logo.png","contentUrl":"https:\/\/eurotext.de\/pl\/wp-content\/uploads\/sites\/26\/2016\/05\/eurotext_logo.png","width":125,"height":22,"caption":"Eurotext AG"},"image":{"@id":"https:\/\/eurotext.de\/pl\/#\/schema\/logo\/image\/"},"sameAs":["https:\/\/de-de.facebook.com\/Eurotext\/","https:\/\/twitter.com\/eurotext","https:\/\/de.linkedin.com\/company\/eurotext-ag"]}]}},"_links":{"self":[{"href":"https:\/\/eurotext.de\/pl\/wp-json\/wp\/v2\/pages\/10356","targetHints":{"allow":["GET"]}}],"collection":[{"href":"https:\/\/eurotext.de\/pl\/wp-json\/wp\/v2\/pages"}],"about":[{"href":"https:\/\/eurotext.de\/pl\/wp-json\/wp\/v2\/types\/page"}],"author":[{"embeddable":true,"href":"https:\/\/eurotext.de\/pl\/wp-json\/wp\/v2\/users\/5"}],"replies":[{"embeddable":true,"href":"https:\/\/eurotext.de\/pl\/wp-json\/wp\/v2\/comments?post=10356"}],"version-history":[{"count":7,"href":"https:\/\/eurotext.de\/pl\/wp-json\/wp\/v2\/pages\/10356\/revisions"}],"predecessor-version":[{"id":10711,"href":"https:\/\/eurotext.de\/pl\/wp-json\/wp\/v2\/pages\/10356\/revisions\/10711"}],"up":[{"embeddable":true,"href":"https:\/\/eurotext.de\/pl\/wp-json\/wp\/v2\/pages\/10354"}],"wp:attachment":[{"href":"https:\/\/eurotext.de\/pl\/wp-json\/wp\/v2\/media?parent=10356"}],"curies":[{"name":"wp","href":"https:\/\/api.w.org\/{rel}","templated":true}]}}