{"id":10310,"date":"2019-11-06T11:54:22","date_gmt":"2019-11-06T10:54:22","guid":{"rendered":"https:\/\/eurotext.de\/it\/technologie-2\/uebersetzungsplugins\/magento\/magento-2\/"},"modified":"2021-09-07T12:34:53","modified_gmt":"2021-09-07T10:34:53","slug":"magento-2","status":"publish","type":"page","link":"https:\/\/eurotext.de\/it\/tecnologia\/plugin-di-traduzione\/magento\/magento-2\/","title":{"rendered":"translationMANAGER per Magento 2"},"content":{"rendered":"<div class=\"parallax-container\" data-parallax=\"scroll\" data-bleed=\"10\" data-image-src=\"https:\/\/eurotext.de\/wp-content\/uploads\/2020\/10\/Banner_Dublin_01.jpg\"> <div class=\"parallax-window\"> <div class=\"parallax-slider parallax-banner__content\" style=\"\"><h1 class='parallax-banner__headline hasBgColor' style=\"background-color:#1ba59b;box-shadow: 0 0 0 0.45em #1ba59b;\">translationMANAGER per Magento 2<\/h1><p class=\"parallax-banner__text\"><\/p><\/div> <\/div> <\/div>\n<div class=\"banner banner--hasImageList\"><div class=\"layout-wrapper\"><span class=\"banner__text\"><img loading=\"lazy\" decoding=\"async\" class=\"alignnone wp-image-180\" src=\"https:\/\/eurotext.de\/wp-content\/uploads\/2020\/06\/Magento-1.png\" alt=\"Magento Shop Translations\" width=\"160\" height=\"54\" \/><\/span><\/div><\/div>\n<div class=\"iconboxes\">\n                    <div class=\"layout-wrapper\"><div class=\"iconbox \">\n                    <i class=\"icon ion-search\"><\/i>\n                    <div class=\"iconbox__text\">\n<h2>Selezione mirata del testo<\/h2>\n<p>Selezionate testi di prodotti, attributi e categorie in modo mirato e in pochi clic e traducete i testi in oltre 50 lingue. L\u2019internazionalizzazione con Magento 2 non \u00e8 mai stata cos\u00ec semplice!<\/div>\n                <\/div><div class=\"iconbox \">\n                    <i class=\"icon ion-levels\"><\/i>\n                    <div class=\"iconbox__text\">\n<h2>Ampiamente personalizzabile<\/h2>\n<p>translationMANAGER per Magento 2 offre ad agenzie, sviluppatori e utenti specializzati nel settore tecnico molteplici possibilit\u00e0 di personalizzazione: compatibilit\u00e0 con fornitori terzi, file di comando, espandibilit\u00e0&#8230; In questo modo pu\u00f2 essere integrato nei progetti dei clienti senza alcuna difficolt\u00e0. <\/div>\n                <\/div><div class=\"iconbox \">\n                    <i class=\"icon ion-speedometer\"><\/i>\n                    <div class=\"iconbox__text\">\n<h2>Tecnologia intelligente ed efficiente<\/h2>\n<p>translationsMANAGER lavora in maniera particolarmente efficiente: i processi di importazione ed esportazione funzionano in background in modo asincrono, cos\u00ec da non stressare il server inutilmente. Ci\u00f2 consente di ottenere prestazioni sempre elevate ed affidabili. <\/div>\n                <\/div><div class=\"iconbox \">\n                    <i class=\"icon ion-wrench\"><\/i>\n                    <div class=\"iconbox__text\">\n<h2>Codice sorgente aperto<\/h2>\n<p>La trasparenza per noi \u00e8 molto importante. Ecco perch\u00e9 il codice sorgente di <a href=\"https:\/\/github.com\/Eurotext\" target=\"_blank\" rel=\"noopener noreferrer\">translationMANAGER \u00e8 disponibile su GitHub<\/a>, \u00e8 completamente aperto e non cifrato. Se necessario, potrete inoltre verificarlo, modificarlo, espanderlo e adattarlo alle vostre esigenze.<br \/>\n<\/div>\n                <\/div><div class=\"iconbox \">\n                    <i class=\"icon ion-checkmark-circled\"><\/i>\n                    <div class=\"iconbox__text\">\n<h2>Pensato per Magento 2<\/h2>\n<p>Abbiamo sviluppato translationMANAGER appositamente per Magento 2 e abbiamo pertanto tenuto conto, in questo processo, di tutte le particolarit\u00e0 e le possibilit\u00e0 di utilizzo. (Testato a partire dalla versione 2.2.4 di Magento)<\/p>\n<\/div>\n                <\/div><div class=\"iconbox \">\n                    <i class=\"icon ion-gear-b\"><\/i>\n                    <div class=\"iconbox__text\">\n<h2>Soluzioni per tutti i negozi<\/h2>\n<p>Per lo sviluppo del translationMANAGER per Magento 2 abbiamo messo in pratica le conoscenze acquisite con <a href=\"https:\/\/eurotext.de\/it\/tecnologia\/plugin-di-traduzione\/magento\/magento-1\/\"><strong>translationMANAGER per Magento 1<\/strong><\/a> e il feedback dei nostri clienti. Questa versione \u00e8 ancora in commercio e viene costantemente migliorata.<\/div>\n                <\/div><\/div>\n                <\/div>\n<p><div class=\"banner banner--small banner--withTextAndButton banner--button-on-right-side banner--blue-background\"><div class=\"layout-wrapper\"><div class=\"banner__text\">Follow our Code on GitHub!<\/div><div class=\"banner__button\"><a class=\" button button--juice\" target=\"_self\" href=\"https:\/\/github.com\/Eurotext\">Eurotext @ GitHub<\/a><\/div><\/div><\/div><div class=\"parallax-container\" data-parallax=\"scroll\" data-bleed=\"10\" data-image-src=\"https:\/\/eurotext.de\/wp-content\/uploads\/2020\/06\/magento_tuerkis_04.png\"> <div class=\"parallax-window\"> <div class=\"parallax-slider parallax-banner__content\" style=\"\"><h2 class='parallax-banner__headline'><\/h2><p class=\"parallax-banner__text\"><img loading=\"lazy\" decoding=\"async\" class=\"aligncenter wp-image-5422 size-full\" src=\"https:\/\/eurotext.de\/en\/wp-content\/uploads\/sites\/2\/2017\/01\/TM-Icon-Kreis.png\" alt=\"translationMANAGER\" width=\"120\" height=\"119\" \/><br \/> translationMANAGER per Magento 2<br \/> <strong><a href=\"\/dokumentation\/magento2\/\" target=\"_blank\" rel=\"noopener noreferrer\"><span style=\"color: #f9af14\">Istruzioni e documentazione (EN)<\/span><\/a><\/strong><br \/> <\/p><a target=\"_blank\" href=\"https:\/\/packagist.org\/packages\/eurotext\/magento2-translation-manager\" class=\"parallax-banner__button button button--withIcon \"> <i class=\"iconion-android-download\"><\/i>Download<\/a><\/div> <\/div> <\/div><\/p>\n<div class='content-column content-column-row '><\/p>\n<div class='content-column full_width'>\n<p>&nbsp;<\/p>\n<p>&nbsp;<\/p>\n<\/div><div class='clear_column'><\/div>\n<div class='content-column one_half'>Dopo il grande successo di <a style=\"color: #f9af14;\" href=\"https:\/\/eurotext.de\/it\/tecnologia\/plugin-di-traduzione\/magento\/magento-1\/\"><strong>translationMANAGER per Magento<\/strong><\/a>, abbiamo deciso di sfruttare le conoscenze acquisite da questa esperienza per sviluppare una soluzione di traduzione per <strong>Magento 2<\/strong>. Oltre alle gi\u00e0 note funzionalit\u00e0 (meccanismi di selezione intelligente, flussi di lavoro semplici per l\u2019esportazione e l\u2019importazione) e alla connessione diretta al portale di traduzione di Eurotext con oltre 4000 traduttori madrelingua specializzati, il translationMANAGER per Magento 2 convince in particolar modo per la sua elevata adattabilit\u00e0. \u00c8 infatti in grado di offrire alle agenzie e agli utenti esperti una vasta gamma di possibilit\u00e0 per adattare le loro esigenze di multilinguismo a negozi e sistemi esistenti.<\/p>\n<p>Il nostro obiettivo \u00e8 riuscire a integrare ancora pi\u00f9 efficacemente i <strong>flussi di lavoro di traduzione<\/strong> nel lavoro di tutti i giorni, per consentirvi di svolgere le attivit\u00e0 aziendali e commerciali a livello globale senza difficolt\u00e0.<\/p>\n<p>Il <strong>pacchetto di installazione<\/strong> del <strong>translationMANAGER per Magento 2<\/strong> sar\u00e0 disponibile a breve sul marketplace. Potete per\u00f2 gi\u00e0 richiederlo a noi e riceverlo subito. Volete ricevere il pacchetto di installazione? Basta compilare il seguente modulo:<\/div><div class='content-column one_half last_column'>\n<h2><em><span style=\"color: #1aa59b;\">\u201cS\u00ec, desidero ricevere<br \/>\n<strong>translationMANAGER per<br \/>\nMagento 2<\/strong>.\u201d<\/span><\/em><\/h2>\n\n<div class=\"wpcf7 no-js\" id=\"wpcf7-f9529-o1\" lang=\"de-DE\" dir=\"ltr\">\n<div class=\"screen-reader-response\"><p role=\"status\" aria-live=\"polite\" aria-atomic=\"true\"><\/p> <ul><\/ul><\/div>\n<form action=\"\/it\/wp-json\/wp\/v2\/pages\/10310#wpcf7-f9529-o1\" method=\"post\" class=\"wpcf7-form init\" aria-label=\"Kontaktformular\" novalidate=\"novalidate\" data-status=\"init\">\n<div style=\"display: none;\">\n<input type=\"hidden\" name=\"_wpcf7\" value=\"9529\" \/>\n<input type=\"hidden\" name=\"_wpcf7_version\" value=\"5.9.8\" \/>\n<input type=\"hidden\" name=\"_wpcf7_locale\" value=\"de_DE\" \/>\n<input type=\"hidden\" name=\"_wpcf7_unit_tag\" value=\"wpcf7-f9529-o1\" \/>\n<input type=\"hidden\" name=\"_wpcf7_container_post\" value=\"0\" \/>\n<input type=\"hidden\" name=\"_wpcf7_posted_data_hash\" value=\"\" \/>\n<input type=\"hidden\" name=\"_wpcf7_recaptcha_response\" value=\"\" \/>\n<\/div>\n<p><label> Nome (campo obbligatorio)<br \/>\n<span class=\"wpcf7-form-control-wrap\" data-name=\"your-name\"><input size=\"40\" maxlength=\"400\" class=\"wpcf7-form-control wpcf7-text wpcf7-validates-as-required\" aria-required=\"true\" aria-invalid=\"false\" value=\"\" type=\"text\" name=\"your-name\" \/><\/span> <\/label>\n<\/p>\n<p><label> Indirizzo e-mail (campo obbligatorio)<br \/>\n<span class=\"wpcf7-form-control-wrap\" data-name=\"your-email\"><input size=\"40\" maxlength=\"400\" class=\"wpcf7-form-control wpcf7-email wpcf7-validates-as-required wpcf7-text wpcf7-validates-as-email\" aria-required=\"true\" aria-invalid=\"false\" value=\"\" type=\"email\" name=\"your-email\" \/><\/span> <\/label>\n<\/p>\n<p><input class=\"wpcf7-form-control wpcf7-submit has-spinner\" type=\"submit\" value=\"Invia\" \/>\n<\/p><div class=\"wpcf7-response-output\" aria-hidden=\"true\"><\/div>\n<\/form>\n<\/div>\n\n<\/div><div class='clear_column'><\/div><\/div><div class='clear_column'><\/div>\n<p><div class=\"banner banner--small banner--withTextAndButton banner--button-on-right-side banner--blue-background\"><div class=\"layout-wrapper\"><div class=\"banner__text\">Avete bisogno di una soluzione per Magento 1?<\/div><div class=\"banner__button\"><a class=\" button button--juice\" target=\"_self\" href=\"https:\/\/eurotext.de\/it\/tecnologia\/plugin-di-traduzione\/magento\/magento-1\/\">Magento 1<\/a><\/div><\/div><\/div><div class=\"parallax-container\" data-parallax=\"scroll\" data-bleed=\"10\" data-image-src=\"https:\/\/eurotext.de\/wp-content\/uploads\/2020\/06\/magento_tuerkis_04.png\"> <div class=\"parallax-window\"> <div class=\"parallax-slider parallax-banner__content\" style=\"\"><h1 class='parallax-banner__headline'>Esportare file di lingua ben strutturati e tradurli in maniera ottimale<\/h1><p class=\"parallax-banner__text\">Di default, con <strong>Magento 2<\/strong> non \u00e8 pi\u00f9 possibile ormai esportare<strong> file di lingua<\/strong> per determinate sezioni o moduli del negozio.<br \/> Al suo posto, Magento 2 consente la creazione di un unico file in cui vengono raggruppati tutti i segmenti in lingua dell\u2019intero negozio.<br \/> Noi vi offriamo una <strong>soluzione gratuita<\/strong> che vi permette di utilizzare nuovamente questa funzione:<br \/> esportate file di lingua strutturati in base al modulo e alla lingua di partenza per poterli tradurre in maniera corretta e duratura nel tempo. <\/p><\/div> <\/div> <\/div><\/p>\n<div class=\"iconboxes\">\n                    <div class=\"layout-wrapper\"><div class=\"iconbox \">\n                    <i class=\"icon ion-android-bulb\"><\/i>\n                    <div class=\"iconbox__text\">\n<h2>Esportazioni strutturate<\/h2>\n<p>Grazie allo script di esportazione \u00e8 possibile creare file di lingua per i singoli moduli. In questo modo potrete assegnare i vari segmenti a determinate sezioni e funzioni del negozio, nonch\u00e9 tradurli tenendo conto del contesto. La qualit\u00e0 della traduzione risulter\u00e0 cos\u00ec nettamente superiore.<\/div>\n                <\/div><div class=\"iconbox \">\n                    <i class=\"icon ion-chatbubbles\"><\/i>\n                    <div class=\"iconbox__text\">\n<h2>Tradurre in modo ancora pi\u00f9 semplice<\/h2>\n<p>I file di lingua creati contengono un mix di lingue diverse a seconda delle estensioni installate. Ci\u00f2 pu\u00f2 portare non solo a un aumento della mole di lavoro, ma causare anche degli errori di traduzione. Lo script di esportazione vi consente di creare file di lingua separati che potranno essere organizzati e tradotti in tutta semplicit\u00e0 e senza bisogno di ulteriori modifiche.<\/div>\n                <\/div><div class=\"iconbox \">\n                    <i class=\"icon ion-heart\"><\/i>\n                    <div class=\"iconbox__text\">\n<h2>Gratuito e senza impegno<\/h2>\n<p>Saremo lieti di inviarvi lo script di esportazione gratuitamente e senza impegno.<\/p>\n<p>Per richiederlo, non dovete fare altro che compilare il modulo sottostante.<\/div>\n                <\/div><\/div>\n                <\/div>\n<div class='content-column content-column-row '><\/p>\n<div class='content-column full_width'>\n<p>&nbsp;<\/p>\n<p>&nbsp;<\/p>\n<\/div><div class='clear_column'><\/div><div class='content-column one_half'>\n<p><strong>Desiderate<\/strong> provare un\u2019opzione di esportazione gratuita in Magento 2 per file di lingua strutturati? Basta compilare il seguente modulo. Provvederemo a contattarvi immediatamente e ad inviarvi i file.<\/p>\n<p><em>Attenzione: lo script di esportazione dei file di lingua di Magento 2 risulta attualmente una <strong>soluzione molto tecnica<\/strong> e dovrebbe pertanto essere utilizzata esclusivamente da sviluppatori esperti.<\/em><\/p>\n<\/div><div class='content-column one_half last_column'>\n<h2><em><span style=\"color: #1aa59b;\">\u201cS\u00ec, desidero ricevere lo script per<br \/>\n<strong>l\u2019esportazione strutturata di file di lingua<br \/>\nin Magento 2<\/strong>.\u201d<\/span><\/em><\/h2>\n\n<div class=\"wpcf7 no-js\" id=\"wpcf7-f9529-o2\" lang=\"de-DE\" dir=\"ltr\">\n<div class=\"screen-reader-response\"><p role=\"status\" aria-live=\"polite\" aria-atomic=\"true\"><\/p> <ul><\/ul><\/div>\n<form action=\"\/it\/wp-json\/wp\/v2\/pages\/10310#wpcf7-f9529-o2\" method=\"post\" class=\"wpcf7-form init\" aria-label=\"Kontaktformular\" novalidate=\"novalidate\" data-status=\"init\">\n<div style=\"display: none;\">\n<input type=\"hidden\" name=\"_wpcf7\" value=\"9529\" \/>\n<input type=\"hidden\" name=\"_wpcf7_version\" value=\"5.9.8\" \/>\n<input type=\"hidden\" name=\"_wpcf7_locale\" value=\"de_DE\" \/>\n<input type=\"hidden\" name=\"_wpcf7_unit_tag\" value=\"wpcf7-f9529-o2\" \/>\n<input type=\"hidden\" name=\"_wpcf7_container_post\" value=\"0\" \/>\n<input type=\"hidden\" name=\"_wpcf7_posted_data_hash\" value=\"\" \/>\n<input type=\"hidden\" name=\"_wpcf7_recaptcha_response\" value=\"\" \/>\n<\/div>\n<p><label> Nome (campo obbligatorio)<br \/>\n<span class=\"wpcf7-form-control-wrap\" data-name=\"your-name\"><input size=\"40\" maxlength=\"400\" class=\"wpcf7-form-control wpcf7-text wpcf7-validates-as-required\" aria-required=\"true\" aria-invalid=\"false\" value=\"\" type=\"text\" name=\"your-name\" \/><\/span> <\/label>\n<\/p>\n<p><label> Indirizzo e-mail (campo obbligatorio)<br \/>\n<span class=\"wpcf7-form-control-wrap\" data-name=\"your-email\"><input size=\"40\" maxlength=\"400\" class=\"wpcf7-form-control wpcf7-email wpcf7-validates-as-required wpcf7-text wpcf7-validates-as-email\" aria-required=\"true\" aria-invalid=\"false\" value=\"\" type=\"email\" name=\"your-email\" \/><\/span> <\/label>\n<\/p>\n<p><input class=\"wpcf7-form-control wpcf7-submit has-spinner\" type=\"submit\" value=\"Invia\" \/>\n<\/p><div class=\"wpcf7-response-output\" aria-hidden=\"true\"><\/div>\n<\/form>\n<\/div>\n\n<\/div><div class='clear_column'><\/div><\/div><div class='clear_column'><\/div>\n","protected":false},"excerpt":{"rendered":"","protected":false},"author":5,"featured_media":0,"parent":10308,"menu_order":3223,"comment_status":"closed","ping_status":"closed","template":"full-width-page.php","meta":{"footnotes":""},"class_list":["post-10310","page","type-page","status-publish","hentry"],"yoast_head":"<!-- This site is optimized with the Yoast SEO Premium plugin v21.9 (Yoast SEO v21.9.1) - https:\/\/yoast.com\/wordpress\/plugins\/seo\/ -->\n<title>Traduzioni di negozi online con il translationMANAGER per Magento 2<\/title>\n<meta name=\"description\" content=\"Il translationMANAGER per Magento 2 le consente di realizzare i suoi progetti di internazionalizzazione in modo ancora pi\u00f9 semplice: funzioni di selezione intelligente \u2714 importazione ed esportazione agevolate \u2714 team nazionali madrelingua per oltre 50 lingue \u2714 elevata qualit\u00e0 di traduzione assicurata \u2714\" \/>\n<meta name=\"robots\" content=\"index, follow, max-snippet:-1, max-image-preview:large, max-video-preview:-1\" \/>\n<link rel=\"canonical\" href=\"https:\/\/eurotext.de\/it\/tecnologia\/plugin-di-traduzione\/magento\/magento-2\/\" \/>\n<meta name=\"twitter:card\" content=\"summary_large_image\" \/>\n<meta name=\"twitter:title\" content=\"Traduzioni di negozi online con il translationMANAGER per Magento 2\" \/>\n<meta name=\"twitter:description\" content=\"Il translationMANAGER per Magento 2 le consente di realizzare i suoi progetti di internazionalizzazione in modo ancora pi\u00f9 semplice: funzioni di selezione intelligente \u2714 importazione ed esportazione agevolate \u2714 team nazionali madrelingua per oltre 50 lingue \u2714 elevata qualit\u00e0 di traduzione assicurata \u2714\" \/>\n<meta name=\"twitter:image\" content=\"https:\/\/eurotext.de\/wp-content\/uploads\/2020\/06\/Magento-1.png\" \/>\n<meta name=\"twitter:site\" content=\"@eurotext\" \/>\n<meta name=\"twitter:label1\" content=\"Gesch\u00e4tzte Lesezeit\" \/>\n\t<meta name=\"twitter:data1\" content=\"5\u00a0Minuten\" \/>\n<script type=\"application\/ld+json\" class=\"yoast-schema-graph\">{\"@context\":\"https:\/\/schema.org\",\"@graph\":[{\"@type\":\"WebPage\",\"@id\":\"https:\/\/eurotext.de\/it\/tecnologia\/plugin-di-traduzione\/magento\/magento-2\/\",\"url\":\"https:\/\/eurotext.de\/it\/tecnologia\/plugin-di-traduzione\/magento\/magento-2\/\",\"name\":\"Traduzioni di negozi online con il translationMANAGER per Magento 2\",\"isPartOf\":{\"@id\":\"https:\/\/eurotext.de\/it\/#website\"},\"datePublished\":\"2019-11-06T10:54:22+00:00\",\"dateModified\":\"2021-09-07T10:34:53+00:00\",\"description\":\"Il translationMANAGER per Magento 2 le consente di realizzare i suoi progetti di internazionalizzazione in modo ancora pi\u00f9 semplice: funzioni di selezione intelligente \u2714 importazione ed esportazione agevolate \u2714 team nazionali madrelingua per oltre 50 lingue \u2714 elevata qualit\u00e0 di traduzione assicurata \u2714\",\"breadcrumb\":{\"@id\":\"https:\/\/eurotext.de\/it\/tecnologia\/plugin-di-traduzione\/magento\/magento-2\/#breadcrumb\"},\"inLanguage\":\"de\",\"potentialAction\":[{\"@type\":\"ReadAction\",\"target\":[\"https:\/\/eurotext.de\/it\/tecnologia\/plugin-di-traduzione\/magento\/magento-2\/\"]}]},{\"@type\":\"BreadcrumbList\",\"@id\":\"https:\/\/eurotext.de\/it\/tecnologia\/plugin-di-traduzione\/magento\/magento-2\/#breadcrumb\",\"itemListElement\":[{\"@type\":\"ListItem\",\"position\":1,\"name\":\"Startseite\",\"item\":\"https:\/\/eurotext.de\/it\/\"},{\"@type\":\"ListItem\",\"position\":2,\"name\":\"Tecnologia\",\"item\":\"https:\/\/eurotext.de\/it\/tecnologia\/\"},{\"@type\":\"ListItem\",\"position\":3,\"name\":\"Plugin di traduzione\",\"item\":\"https:\/\/eurotext.de\/it\/tecnologia\/plugin-di-traduzione\/\"},{\"@type\":\"ListItem\",\"position\":4,\"name\":\"translationMANAGER per Magento\",\"item\":\"https:\/\/eurotext.de\/it\/tecnologia\/plugin-di-traduzione\/magento\/\"},{\"@type\":\"ListItem\",\"position\":5,\"name\":\"translationMANAGER per Magento 2\"}]},{\"@type\":\"WebSite\",\"@id\":\"https:\/\/eurotext.de\/it\/#website\",\"url\":\"https:\/\/eurotext.de\/it\/\",\"name\":\"Eurotext AG\",\"description\":\"Traduciamo per l\u2019industria, l\u2019IT e l\u2019e-commerce\",\"publisher\":{\"@id\":\"https:\/\/eurotext.de\/it\/#organization\"},\"potentialAction\":[{\"@type\":\"SearchAction\",\"target\":{\"@type\":\"EntryPoint\",\"urlTemplate\":\"https:\/\/eurotext.de\/it\/?s={search_term_string}\"},\"query-input\":\"required name=search_term_string\"}],\"inLanguage\":\"de\"},{\"@type\":\"Organization\",\"@id\":\"https:\/\/eurotext.de\/it\/#organization\",\"name\":\"Eurotext AG\",\"url\":\"https:\/\/eurotext.de\/it\/\",\"logo\":{\"@type\":\"ImageObject\",\"inLanguage\":\"de\",\"@id\":\"https:\/\/eurotext.de\/it\/#\/schema\/logo\/image\/\",\"url\":\"https:\/\/eurotext.de\/it\/wp-content\/uploads\/sites\/23\/2016\/05\/eurotext_logo.png\",\"contentUrl\":\"https:\/\/eurotext.de\/it\/wp-content\/uploads\/sites\/23\/2016\/05\/eurotext_logo.png\",\"width\":125,\"height\":22,\"caption\":\"Eurotext AG\"},\"image\":{\"@id\":\"https:\/\/eurotext.de\/it\/#\/schema\/logo\/image\/\"},\"sameAs\":[\"https:\/\/de-de.facebook.com\/Eurotext\/\",\"https:\/\/twitter.com\/eurotext\",\"https:\/\/de.linkedin.com\/company\/eurotext-ag\"]}]}<\/script>\n<!-- \/ Yoast SEO Premium plugin. -->","yoast_head_json":{"title":"Traduzioni di negozi online con il translationMANAGER per Magento 2","description":"Il translationMANAGER per Magento 2 le consente di realizzare i suoi progetti di internazionalizzazione in modo ancora pi\u00f9 semplice: funzioni di selezione intelligente \u2714 importazione ed esportazione agevolate \u2714 team nazionali madrelingua per oltre 50 lingue \u2714 elevata qualit\u00e0 di traduzione assicurata \u2714","robots":{"index":"index","follow":"follow","max-snippet":"max-snippet:-1","max-image-preview":"max-image-preview:large","max-video-preview":"max-video-preview:-1"},"canonical":"https:\/\/eurotext.de\/it\/tecnologia\/plugin-di-traduzione\/magento\/magento-2\/","twitter_card":"summary_large_image","twitter_title":"Traduzioni di negozi online con il translationMANAGER per Magento 2","twitter_description":"Il translationMANAGER per Magento 2 le consente di realizzare i suoi progetti di internazionalizzazione in modo ancora pi\u00f9 semplice: funzioni di selezione intelligente \u2714 importazione ed esportazione agevolate \u2714 team nazionali madrelingua per oltre 50 lingue \u2714 elevata qualit\u00e0 di traduzione assicurata \u2714","twitter_image":"https:\/\/eurotext.de\/wp-content\/uploads\/2020\/06\/Magento-1.png","twitter_site":"@eurotext","twitter_misc":{"Gesch\u00e4tzte Lesezeit":"5\u00a0Minuten"},"schema":{"@context":"https:\/\/schema.org","@graph":[{"@type":"WebPage","@id":"https:\/\/eurotext.de\/it\/tecnologia\/plugin-di-traduzione\/magento\/magento-2\/","url":"https:\/\/eurotext.de\/it\/tecnologia\/plugin-di-traduzione\/magento\/magento-2\/","name":"Traduzioni di negozi online con il translationMANAGER per Magento 2","isPartOf":{"@id":"https:\/\/eurotext.de\/it\/#website"},"datePublished":"2019-11-06T10:54:22+00:00","dateModified":"2021-09-07T10:34:53+00:00","description":"Il translationMANAGER per Magento 2 le consente di realizzare i suoi progetti di internazionalizzazione in modo ancora pi\u00f9 semplice: funzioni di selezione intelligente \u2714 importazione ed esportazione agevolate \u2714 team nazionali madrelingua per oltre 50 lingue \u2714 elevata qualit\u00e0 di traduzione assicurata \u2714","breadcrumb":{"@id":"https:\/\/eurotext.de\/it\/tecnologia\/plugin-di-traduzione\/magento\/magento-2\/#breadcrumb"},"inLanguage":"de","potentialAction":[{"@type":"ReadAction","target":["https:\/\/eurotext.de\/it\/tecnologia\/plugin-di-traduzione\/magento\/magento-2\/"]}]},{"@type":"BreadcrumbList","@id":"https:\/\/eurotext.de\/it\/tecnologia\/plugin-di-traduzione\/magento\/magento-2\/#breadcrumb","itemListElement":[{"@type":"ListItem","position":1,"name":"Startseite","item":"https:\/\/eurotext.de\/it\/"},{"@type":"ListItem","position":2,"name":"Tecnologia","item":"https:\/\/eurotext.de\/it\/tecnologia\/"},{"@type":"ListItem","position":3,"name":"Plugin di traduzione","item":"https:\/\/eurotext.de\/it\/tecnologia\/plugin-di-traduzione\/"},{"@type":"ListItem","position":4,"name":"translationMANAGER per Magento","item":"https:\/\/eurotext.de\/it\/tecnologia\/plugin-di-traduzione\/magento\/"},{"@type":"ListItem","position":5,"name":"translationMANAGER per Magento 2"}]},{"@type":"WebSite","@id":"https:\/\/eurotext.de\/it\/#website","url":"https:\/\/eurotext.de\/it\/","name":"Eurotext AG","description":"Traduciamo per l\u2019industria, l\u2019IT e l\u2019e-commerce","publisher":{"@id":"https:\/\/eurotext.de\/it\/#organization"},"potentialAction":[{"@type":"SearchAction","target":{"@type":"EntryPoint","urlTemplate":"https:\/\/eurotext.de\/it\/?s={search_term_string}"},"query-input":"required name=search_term_string"}],"inLanguage":"de"},{"@type":"Organization","@id":"https:\/\/eurotext.de\/it\/#organization","name":"Eurotext AG","url":"https:\/\/eurotext.de\/it\/","logo":{"@type":"ImageObject","inLanguage":"de","@id":"https:\/\/eurotext.de\/it\/#\/schema\/logo\/image\/","url":"https:\/\/eurotext.de\/it\/wp-content\/uploads\/sites\/23\/2016\/05\/eurotext_logo.png","contentUrl":"https:\/\/eurotext.de\/it\/wp-content\/uploads\/sites\/23\/2016\/05\/eurotext_logo.png","width":125,"height":22,"caption":"Eurotext AG"},"image":{"@id":"https:\/\/eurotext.de\/it\/#\/schema\/logo\/image\/"},"sameAs":["https:\/\/de-de.facebook.com\/Eurotext\/","https:\/\/twitter.com\/eurotext","https:\/\/de.linkedin.com\/company\/eurotext-ag"]}]}},"_links":{"self":[{"href":"https:\/\/eurotext.de\/it\/wp-json\/wp\/v2\/pages\/10310","targetHints":{"allow":["GET"]}}],"collection":[{"href":"https:\/\/eurotext.de\/it\/wp-json\/wp\/v2\/pages"}],"about":[{"href":"https:\/\/eurotext.de\/it\/wp-json\/wp\/v2\/types\/page"}],"author":[{"embeddable":true,"href":"https:\/\/eurotext.de\/it\/wp-json\/wp\/v2\/users\/5"}],"replies":[{"embeddable":true,"href":"https:\/\/eurotext.de\/it\/wp-json\/wp\/v2\/comments?post=10310"}],"version-history":[{"count":7,"href":"https:\/\/eurotext.de\/it\/wp-json\/wp\/v2\/pages\/10310\/revisions"}],"predecessor-version":[{"id":10736,"href":"https:\/\/eurotext.de\/it\/wp-json\/wp\/v2\/pages\/10310\/revisions\/10736"}],"up":[{"embeddable":true,"href":"https:\/\/eurotext.de\/it\/wp-json\/wp\/v2\/pages\/10308"}],"wp:attachment":[{"href":"https:\/\/eurotext.de\/it\/wp-json\/wp\/v2\/media?parent=10310"}],"curies":[{"name":"wp","href":"https:\/\/api.w.org\/{rel}","templated":true}]}}