{"id":10304,"date":"2016-09-27T09:52:28","date_gmt":"2016-09-27T07:52:28","guid":{"rendered":"https:\/\/eurotext.de\/it\/technologie-2\/"},"modified":"2020-10-29T10:58:57","modified_gmt":"2020-10-29T09:58:57","slug":"tecnologia","status":"publish","type":"page","link":"https:\/\/eurotext.de\/it\/tecnologia\/","title":{"rendered":"Tecnologia"},"content":{"rendered":"<div class=\"parallax-container\" data-parallax=\"scroll\" data-bleed=\"10\" data-image-src=\"https:\/\/eurotext.de\/wp-content\/uploads\/2020\/10\/Banner_Budapest_02.jpg\"> <div class=\"parallax-window\"> <div class=\"parallax-slider parallax-banner__content\" style=\"\"><h1 class='parallax-banner__headline hasBgColor' style=\"background-color:#000;box-shadow: 0 0 0 0.45em #000;\">Tecnologia per il vostro progetto di traduzione<\/h1><p class=\"parallax-banner__text\"><\/p><\/div> <\/div> <\/div>\n<div class=\"iconboxes\">\n                    <div class=\"layout-wrapper\"><div class=\"iconbox \">\n                    <i class=\"icon \" style=\"background:#fff url(\/wp-content\/uploads\/2016\/12\/Logo_translationMANAGER_Signet_RGB.png) no-repeat center center; background-size:47px\"><\/i>\n                    <div class=\"iconbox__text\">\n<h2>translationMANAGER<\/h2>\n<p>I translationMANAGER sono i <strong>plugin di traduzione<\/strong> della Eurotext AG. Questi permettono di esportare i vostri contenuti in pochi clic, direttamente dal <strong>negozio online<\/strong>, e di inviarli al portale di traduzione di Eurotext, indipendentemente dal fatto che si tratti di descrizioni di prodotti, contenuti SEO, framework o altri tipi di testo. Una volta terminata la traduzione con garanzia di qualit\u00e0, i contenuti vengono trasmessi nuovamente al negozio online, dove potranno essere pubblicati in tutta semplicit\u00e0. Il <strong><a href=\"https:\/\/eurotext.de\/it\/tecnologia\/plugin-di-traduzione\/\" rel=\"noopener\">translationMANAGER<\/a><\/strong> \u00e8 gratuito per molti sistemi di shop.<div class=\"iconbox__link \" style=\"background-color: ;\"><a href=\"https:\/\/eurotext.de\/it\/tecnologia\/plugin-di-traduzione\/\" target=\"_self\" style=\"color: ; background-color: ;\"><span class=\"\">Maggiori informazioni sui nostri <strong>plugin di traduzione<\/strong><\/span><\/a><\/div><\/div>\n                <\/div>\n<div class=\"iconbox \">\n                    <i class=\"icon \" style=\"background:#fff url(\/wp-content\/uploads\/2016\/12\/Logo_easyConnector_Signet_RGB_500.jpg) no-repeat center center; background-size:47px\"><\/i>\n                    <div class=\"iconbox__text\">\n<h2>easyCONNECTOR<\/h2>\n<p>Con easyCONNECTOR potrete inviare i vostri testi direttamente dall\u2019<strong>ERP, dal PIM o dal CMS<\/strong> al portale di traduzione di Eurotext. Un flusso di lavoro semplice e processi automatizzati vi permettono di avere sempre sotto controllo i vostri progetti e di calcolare in maniera affidabile i costi e le tempistiche. Grazie a connessioni sicure, non dovrete preoccuparvi della protezione dei vostri dati.<div class=\"iconbox__link \" style=\"background-color: ;\"><a href=\"https:\/\/eurotext.de\/it\/tecnologia\/plugin-di-traduzione\/soluzioni-proprie\/\" target=\"_self\" style=\"color: ; background-color: ;\"><span class=\"\">Maggiori informazioni su <strong>easyCONNECTOR<\/strong><\/span><\/a><\/div><\/div>\n                <\/div>\n<div class=\"iconbox \">\n                    <i class=\"icon \" style=\"background:#fff url(\/wp-content\/uploads\/2017\/03\/API.png) no-repeat center center; background-size:47px\"><\/i>\n                    <div class=\"iconbox__text\">\n<h2>Translation API<\/h2>\n<p>La REST API vi consente di integrare i processi per il multilinguismo e l\u2019internazionalizzazione direttamente nel vostro ambiente di sistema. Disporrete di una soluzione <strong>su misura<\/strong> per eseguire <strong>processi efficaci<\/strong> a una velocit\u00e0 estremamente elevata. L\u2019integrazione avviene insieme ai vostri interlocutori specializzati nei settori Tecnologia e Content.<div class=\"iconbox__link \" style=\"background-color: ;\"><a href=\"https:\/\/eurotext.de\/it\/tecnologia\/plugin-di-traduzione\/api\/\" target=\"_self\" style=\"color: ; background-color: ;\"><span class=\"\">Maggiori informazioni sulla <strong>Translation API<\/strong><\/span><\/a><\/div><\/div>\n                <\/div>\n<div class=\"iconbox \">\n                    <i class=\"icon ion-power\"><\/i>\n                    <div class=\"iconbox__text\">\n<h2>Portale di traduzione 24\/7<\/h2>\n<p>Grazie al <strong>portale di traduzione di Eurotext<\/strong>, avrete accesso ai vostri progetti in qualsiasi momento e ovunque vi troviate. Potrete inoltre tenere sempre sotto controllo richieste di preventivo, incarichi, dati, scadenze e costi. Organizzare le traduzioni non \u00e8 mai stato cos\u00ec semplice!<div class=\"iconbox__link \" style=\"background-color: ;\"><a href=\"https:\/\/eurotext.de\/it\/tecnologia\/portale-di-traduzione\/\" target=\"_self\" style=\"color: ; background-color: ;\"><span class=\"\">Maggiori informazioni sul <strong>portale di traduzione<\/strong><\/span><\/a><\/div><\/div>\n                <\/div>\n<div class=\"iconbox \">\n                    <i class=\"icon ion-checkmark-circled\"><\/i>\n                    <div class=\"iconbox__text\">\n<h2>Interfaccia COTI<\/h2>\n<p>La\u00a0<b>Common Translation Interface (COTI)<\/b> consente la trasmissione dei dati standardizzata tra i sistemi redazionali e i sistemi di memoria di traduzione. In questo modo \u00e8 possibile integrare e automatizzare i processi di traduzione in maniera ancora pi\u00f9 semplice e fluida. Scoprite qui come lo standard COTI \u00e8 in grado di semplificare il vostro lavoro!<div class=\"iconbox__link \" style=\"background-color: ;\"><a href=\"https:\/\/eurotext.de\/it\/tecnologia\/interfaccia-coti\/\" target=\"_self\" style=\"color: ; background-color: ;\"><span class=\"\">Maggiori informazioni sull\u2019<strong>interfaccia COTI<\/strong><\/span><\/a><\/div><\/div>\n                <\/div>\n<\/div>\n                <\/div>\n<div class=\"banner banner--hasImageList\"><div class=\"layout-wrapper\"><span class=\"banner__text\"><img loading=\"lazy\" decoding=\"async\" class=\"alignnone wp-image-5873\" src=\"https:\/\/eurotext.de\/wp-content\/uploads\/2019\/09\/logo_akeneo_weiss.png\" alt=\"Akeneo\" width=\"176\" height=\"40\" srcset=\"https:\/\/eurotext.de\/it\/wp-content\/uploads\/sites\/23\/2019\/09\/logo_akeneo_weiss.png 1418w, https:\/\/eurotext.de\/it\/wp-content\/uploads\/sites\/23\/2019\/09\/logo_akeneo_weiss-300x68.png 300w, https:\/\/eurotext.de\/it\/wp-content\/uploads\/sites\/23\/2019\/09\/logo_akeneo_weiss-768x174.png 768w, https:\/\/eurotext.de\/it\/wp-content\/uploads\/sites\/23\/2019\/09\/logo_akeneo_weiss-1024x233.png 1024w\" sizes=\"auto, (max-width: 176px) 100vw, 176px\" \/>\u00a0\u00a0<img loading=\"lazy\" decoding=\"async\" class=\"alignnone wp-image-10084\" src=\"https:\/\/eurotext.de\/wp-content\/uploads\/2020\/04\/prodexa.png\" alt=\"prodexa\" width=\"140\" height=\"40\" \/><img loading=\"lazy\" decoding=\"async\" class=\"alignnone wp-image-10086\" src=\"https:\/\/eurotext.de\/wp-content\/uploads\/2020\/04\/pimcore.png\" alt=\"\" width=\"229\" height=\"40\" srcset=\"https:\/\/eurotext.de\/it\/wp-content\/uploads\/sites\/23\/2020\/04\/pimcore.png 800w, https:\/\/eurotext.de\/it\/wp-content\/uploads\/sites\/23\/2020\/04\/pimcore-300x53.png 300w, https:\/\/eurotext.de\/it\/wp-content\/uploads\/sites\/23\/2020\/04\/pimcore-768x134.png 768w\" sizes=\"auto, (max-width: 229px) 100vw, 229px\" \/>\u00a0 <img loading=\"lazy\" decoding=\"async\" class=\"alignnone wp-image-5871\" src=\"https:\/\/eurotext.de\/wp-content\/uploads\/2019\/09\/Microsoft.png\" alt=\"Microsoft Dynamics NAV\" width=\"296\" height=\"40\" srcset=\"https:\/\/eurotext.de\/it\/wp-content\/uploads\/sites\/23\/2019\/09\/Microsoft.png 910w, https:\/\/eurotext.de\/it\/wp-content\/uploads\/sites\/23\/2019\/09\/Microsoft-300x41.png 300w, https:\/\/eurotext.de\/it\/wp-content\/uploads\/sites\/23\/2019\/09\/Microsoft-768x104.png 768w\" sizes=\"auto, (max-width: 296px) 100vw, 296px\" \/>\u00a0 <img loading=\"lazy\" decoding=\"async\" class=\"alignnone wp-image-5856\" src=\"https:\/\/eurotext.de\/wp-content\/uploads\/2019\/09\/743px-SAP-Logo.svg_.png\" alt=\"SAP\" width=\"81\" height=\"40\" srcset=\"https:\/\/eurotext.de\/it\/wp-content\/uploads\/sites\/23\/2019\/09\/743px-SAP-Logo.svg_.png 743w, https:\/\/eurotext.de\/it\/wp-content\/uploads\/sites\/23\/2019\/09\/743px-SAP-Logo.svg_-300x149.png 300w\" sizes=\"auto, (max-width: 81px) 100vw, 81px\" \/><\/span><\/div><\/div>\n<div class=\"iconboxes\">\n                    <div class=\"layout-wrapper\"><div class=\"iconbox \">\n                    <i class=\"icon \" style=\"background:#fff url(\/wp-content\/uploads\/2017\/01\/Uebersetzungsumgebung.png) no-repeat center center; background-size:47px\"><\/i>\n                    <div class=\"iconbox__text\">\n<h2>Ambiente di traduzione<\/h2>\n<p>I nostri <strong>team di linguisti<\/strong> lavorano in posizioni decentralizzate, in un ambiente di traduzione collaborativo, basato su server. Ci\u00f2 permette ai membri del team responsabile del progetto di essere sempre connessi gli uni con gli altri e di accedere a <strong>risorse comuni<\/strong>, tra cui memorie di traduzione, banche dati terminologiche e guide di stile. Se necessario, i team possono inoltre essere rapidamente ridimensionati. Un altro vantaggio: se lo desiderano, i clienti possono anche essere messi in contatto con i rispettivi esperti linguistici. Ecco come funziona oggi la traduzione!<\/p>\n<\/div>\n                <\/div><div class=\"iconbox \">\n                    <i class=\"icon \" style=\"background:#fff url(\/wp-content\/uploads\/2017\/01\/TMS.png) no-repeat center center; background-size:47px\"><\/i>\n                    <div class=\"iconbox__text\">\n<h2>Gestione delle memorie di traduzione<\/h2>\n<p>I sistemi di memoria di traduzione consentono di memorizzare e riutilizzare segmenti di testo gi\u00e0 tradotti. A sua volta, ci\u00f2 ci permette di offrire <strong>traduzioni di qualit\u00e0<\/strong> eseguite da linguisti madrelingua <strong>a prezzi competitivi<\/strong>. Grazie alla <strong>garanzia di qualit\u00e0<\/strong> basata su software e al confronto costante con l\u2019attuale terminologia tecnica e le parole chiave, assicuriamo il massimo della coerenza nelle nostre memorie di traduzione e quindi un <strong>rapporto qualit\u00e0-prezzo ottimale<\/strong>.<\/p>\n<\/div>\n                <\/div><div class=\"iconbox \">\n                    <i class=\"icon \" style=\"background:#fff url(\/wp-content\/uploads\/2017\/01\/Term-Keyword.png) no-repeat center center; background-size:47px\"><\/i>\n                    <div class=\"iconbox__text\">\n<h2>Gestione della terminologia e delle parole chiave<\/h2>\n<p>Una <strong>base terminologica<\/strong> solida e ben aggiornata risulta indispensabile per la comunicazione aziendale e la pubblicit\u00e0 del vostro prodotto. Rappresenta inoltre una garanzia per la comprensione, l\u2019accuratezza e la visibilit\u00e0 dei vostri contenuti. Lasciate che ci occupiamo noi della creazione, della cura e della gestione delle <strong>banche dati tecniche e delle parole chiave multilingui<\/strong>. Saremo lieti di integrare il lavoro dei vostri specialisti e di mettere a vostra disposizione accessi sicuri basati sul web per l\u2019approvazione dei contenuti e il loro utilizzo a livello aziendale. Un grande vantaggio per tutti.<\/p>\n<\/div>\n                <\/div><\/div>\n                <\/div>\n<div class=\"banner banner--small banner--withTextAndButton banner--button-on-right-side banner--orange-background\"><div class=\"layout-wrapper\"><div class=\"banner__text\">Richiedete subito un preventivo!<\/div><div class=\"banner__button\"><a class=\" button button--light\" target=\"_self\" href=\"https:\/\/eurotext.de\/it\/richiesta-di-preventivo\/\">Contatti<\/a><\/div><\/div><\/div>\n<div class=\"parallax-container\" data-parallax=\"scroll\" data-bleed=\"10\" data-image-src=\"\/wp-content\/uploads\/2020\/04\/pastellblau_01.png\"> <div class=\"parallax-window\"> <div class=\"parallax-slider parallax-banner__content\" style=\"\"><h2 class='parallax-banner__headline'>Desiderate saperne di pi\u00f9 sul nostro<strong> portale di traduzione 24\/7<\/strong>?<\/h2><p class=\"parallax-banner__text\">Con il portale di traduzione di Eurotext avrete sempre una panoramica aggiornata dei vostri progetti di traduzione! Potrete richiedere preventivi, assegnare incarichi, inviare e ricevere dati, senza mai perdere di vista il vostro budget. Siete voi ad avere il controllo assoluto. <\/p><a target=\"_self\" href=\"https:\/\/eurotext.de\/it\/tecnologia\/portale-di-traduzione\/\" class=\"parallax-banner__button button button--withIcon \"> <i class=\"iconion-checkmark-circled\"><\/i>Maggiori informazioni<\/a><\/div> <\/div> <\/div>\n","protected":false},"excerpt":{"rendered":"","protected":false},"author":5,"featured_media":0,"parent":0,"menu_order":3000,"comment_status":"closed","ping_status":"closed","template":"full-width-page.php","meta":{"footnotes":""},"class_list":["post-10304","page","type-page","status-publish","hentry"],"yoast_head":"<!-- This site is optimized with the Yoast SEO Premium plugin v21.9 (Yoast SEO v21.9.1) - https:\/\/yoast.com\/wordpress\/plugins\/seo\/ -->\n<title>Eurotext AG: tecnologie e processi di traduzione professionali<\/title>\n<meta name=\"description\" content=\"Veloci, convenienti e di alta qualit\u00e0. Le moderne tecnologie di traduzione offrono una vasta gamma di possibilit\u00e0. Saremo lieti di offrirle la nostra consulenza!\" \/>\n<meta name=\"robots\" content=\"index, follow, max-snippet:-1, max-image-preview:large, max-video-preview:-1\" \/>\n<link rel=\"canonical\" href=\"https:\/\/eurotext.de\/it\/tecnologia\/\" \/>\n<meta name=\"twitter:card\" content=\"summary_large_image\" \/>\n<meta name=\"twitter:title\" content=\"Eurotext AG: tecnologie e processi di traduzione professionali\" \/>\n<meta name=\"twitter:description\" content=\"Veloci, convenienti e di alta qualit\u00e0. Le moderne tecnologie di traduzione offrono una vasta gamma di possibilit\u00e0. Saremo lieti di offrirle la nostra consulenza!\" \/>\n<meta name=\"twitter:image\" content=\"https:\/\/eurotext.de\/wp-content\/uploads\/2019\/09\/logo_akeneo_weiss.png\" \/>\n<meta name=\"twitter:site\" content=\"@eurotext\" \/>\n<meta name=\"twitter:label1\" content=\"Gesch\u00e4tzte Lesezeit\" \/>\n\t<meta name=\"twitter:data1\" content=\"4\u00a0Minuten\" \/>\n<script type=\"application\/ld+json\" class=\"yoast-schema-graph\">{\"@context\":\"https:\/\/schema.org\",\"@graph\":[{\"@type\":\"WebPage\",\"@id\":\"https:\/\/eurotext.de\/it\/tecnologia\/\",\"url\":\"https:\/\/eurotext.de\/it\/tecnologia\/\",\"name\":\"Eurotext AG: tecnologie e processi di traduzione professionali\",\"isPartOf\":{\"@id\":\"https:\/\/eurotext.de\/it\/#website\"},\"datePublished\":\"2016-09-27T07:52:28+00:00\",\"dateModified\":\"2020-10-29T09:58:57+00:00\",\"description\":\"Veloci, convenienti e di alta qualit\u00e0. Le moderne tecnologie di traduzione offrono una vasta gamma di possibilit\u00e0. Saremo lieti di offrirle la nostra consulenza!\",\"breadcrumb\":{\"@id\":\"https:\/\/eurotext.de\/it\/tecnologia\/#breadcrumb\"},\"inLanguage\":\"de\",\"potentialAction\":[{\"@type\":\"ReadAction\",\"target\":[\"https:\/\/eurotext.de\/it\/tecnologia\/\"]}]},{\"@type\":\"BreadcrumbList\",\"@id\":\"https:\/\/eurotext.de\/it\/tecnologia\/#breadcrumb\",\"itemListElement\":[{\"@type\":\"ListItem\",\"position\":1,\"name\":\"Startseite\",\"item\":\"https:\/\/eurotext.de\/it\/\"},{\"@type\":\"ListItem\",\"position\":2,\"name\":\"Tecnologia\"}]},{\"@type\":\"WebSite\",\"@id\":\"https:\/\/eurotext.de\/it\/#website\",\"url\":\"https:\/\/eurotext.de\/it\/\",\"name\":\"Eurotext AG\",\"description\":\"Traduciamo per l\u2019industria, l\u2019IT e l\u2019e-commerce\",\"publisher\":{\"@id\":\"https:\/\/eurotext.de\/it\/#organization\"},\"potentialAction\":[{\"@type\":\"SearchAction\",\"target\":{\"@type\":\"EntryPoint\",\"urlTemplate\":\"https:\/\/eurotext.de\/it\/?s={search_term_string}\"},\"query-input\":\"required name=search_term_string\"}],\"inLanguage\":\"de\"},{\"@type\":\"Organization\",\"@id\":\"https:\/\/eurotext.de\/it\/#organization\",\"name\":\"Eurotext AG\",\"url\":\"https:\/\/eurotext.de\/it\/\",\"logo\":{\"@type\":\"ImageObject\",\"inLanguage\":\"de\",\"@id\":\"https:\/\/eurotext.de\/it\/#\/schema\/logo\/image\/\",\"url\":\"https:\/\/eurotext.de\/it\/wp-content\/uploads\/sites\/23\/2016\/05\/eurotext_logo.png\",\"contentUrl\":\"https:\/\/eurotext.de\/it\/wp-content\/uploads\/sites\/23\/2016\/05\/eurotext_logo.png\",\"width\":125,\"height\":22,\"caption\":\"Eurotext AG\"},\"image\":{\"@id\":\"https:\/\/eurotext.de\/it\/#\/schema\/logo\/image\/\"},\"sameAs\":[\"https:\/\/de-de.facebook.com\/Eurotext\/\",\"https:\/\/twitter.com\/eurotext\",\"https:\/\/de.linkedin.com\/company\/eurotext-ag\"]}]}<\/script>\n<!-- \/ Yoast SEO Premium plugin. -->","yoast_head_json":{"title":"Eurotext AG: tecnologie e processi di traduzione professionali","description":"Veloci, convenienti e di alta qualit\u00e0. Le moderne tecnologie di traduzione offrono una vasta gamma di possibilit\u00e0. Saremo lieti di offrirle la nostra consulenza!","robots":{"index":"index","follow":"follow","max-snippet":"max-snippet:-1","max-image-preview":"max-image-preview:large","max-video-preview":"max-video-preview:-1"},"canonical":"https:\/\/eurotext.de\/it\/tecnologia\/","twitter_card":"summary_large_image","twitter_title":"Eurotext AG: tecnologie e processi di traduzione professionali","twitter_description":"Veloci, convenienti e di alta qualit\u00e0. Le moderne tecnologie di traduzione offrono una vasta gamma di possibilit\u00e0. Saremo lieti di offrirle la nostra consulenza!","twitter_image":"https:\/\/eurotext.de\/wp-content\/uploads\/2019\/09\/logo_akeneo_weiss.png","twitter_site":"@eurotext","twitter_misc":{"Gesch\u00e4tzte Lesezeit":"4\u00a0Minuten"},"schema":{"@context":"https:\/\/schema.org","@graph":[{"@type":"WebPage","@id":"https:\/\/eurotext.de\/it\/tecnologia\/","url":"https:\/\/eurotext.de\/it\/tecnologia\/","name":"Eurotext AG: tecnologie e processi di traduzione professionali","isPartOf":{"@id":"https:\/\/eurotext.de\/it\/#website"},"datePublished":"2016-09-27T07:52:28+00:00","dateModified":"2020-10-29T09:58:57+00:00","description":"Veloci, convenienti e di alta qualit\u00e0. Le moderne tecnologie di traduzione offrono una vasta gamma di possibilit\u00e0. Saremo lieti di offrirle la nostra consulenza!","breadcrumb":{"@id":"https:\/\/eurotext.de\/it\/tecnologia\/#breadcrumb"},"inLanguage":"de","potentialAction":[{"@type":"ReadAction","target":["https:\/\/eurotext.de\/it\/tecnologia\/"]}]},{"@type":"BreadcrumbList","@id":"https:\/\/eurotext.de\/it\/tecnologia\/#breadcrumb","itemListElement":[{"@type":"ListItem","position":1,"name":"Startseite","item":"https:\/\/eurotext.de\/it\/"},{"@type":"ListItem","position":2,"name":"Tecnologia"}]},{"@type":"WebSite","@id":"https:\/\/eurotext.de\/it\/#website","url":"https:\/\/eurotext.de\/it\/","name":"Eurotext AG","description":"Traduciamo per l\u2019industria, l\u2019IT e l\u2019e-commerce","publisher":{"@id":"https:\/\/eurotext.de\/it\/#organization"},"potentialAction":[{"@type":"SearchAction","target":{"@type":"EntryPoint","urlTemplate":"https:\/\/eurotext.de\/it\/?s={search_term_string}"},"query-input":"required name=search_term_string"}],"inLanguage":"de"},{"@type":"Organization","@id":"https:\/\/eurotext.de\/it\/#organization","name":"Eurotext AG","url":"https:\/\/eurotext.de\/it\/","logo":{"@type":"ImageObject","inLanguage":"de","@id":"https:\/\/eurotext.de\/it\/#\/schema\/logo\/image\/","url":"https:\/\/eurotext.de\/it\/wp-content\/uploads\/sites\/23\/2016\/05\/eurotext_logo.png","contentUrl":"https:\/\/eurotext.de\/it\/wp-content\/uploads\/sites\/23\/2016\/05\/eurotext_logo.png","width":125,"height":22,"caption":"Eurotext AG"},"image":{"@id":"https:\/\/eurotext.de\/it\/#\/schema\/logo\/image\/"},"sameAs":["https:\/\/de-de.facebook.com\/Eurotext\/","https:\/\/twitter.com\/eurotext","https:\/\/de.linkedin.com\/company\/eurotext-ag"]}]}},"_links":{"self":[{"href":"https:\/\/eurotext.de\/it\/wp-json\/wp\/v2\/pages\/10304","targetHints":{"allow":["GET"]}}],"collection":[{"href":"https:\/\/eurotext.de\/it\/wp-json\/wp\/v2\/pages"}],"about":[{"href":"https:\/\/eurotext.de\/it\/wp-json\/wp\/v2\/types\/page"}],"author":[{"embeddable":true,"href":"https:\/\/eurotext.de\/it\/wp-json\/wp\/v2\/users\/5"}],"replies":[{"embeddable":true,"href":"https:\/\/eurotext.de\/it\/wp-json\/wp\/v2\/comments?post=10304"}],"version-history":[{"count":7,"href":"https:\/\/eurotext.de\/it\/wp-json\/wp\/v2\/pages\/10304\/revisions"}],"predecessor-version":[{"id":10607,"href":"https:\/\/eurotext.de\/it\/wp-json\/wp\/v2\/pages\/10304\/revisions\/10607"}],"wp:attachment":[{"href":"https:\/\/eurotext.de\/it\/wp-json\/wp\/v2\/media?parent=10304"}],"curies":[{"name":"wp","href":"https:\/\/api.w.org\/{rel}","templated":true}]}}