{"id":2,"date":"2016-05-19T14:11:00","date_gmt":"2016-05-19T12:11:00","guid":{"rendered":"http:\/\/eurotext.de\/?page_id=2"},"modified":"2023-10-23T11:17:34","modified_gmt":"2023-10-23T09:17:34","slug":"startseite","status":"publish","type":"page","link":"https:\/\/eurotext.de\/fr\/","title":{"rendered":"Startseite"},"content":{"rendered":"<div class=\"slider slider--main\"><div class=\"slide\" style=\"background-image: url(\/wp-content\/uploads\/2016\/10\/weltweit_2.jpg);\">\n\t<div class=\"slide__content\">\n\t\t<h1>\n\t\t\t<span class=\"slide__headline\"><strong>Nous traduisons<\/strong><\/span><br>\n\t\t\t<span class=\"slide__sub-headline\">pour l'industrie, l'informatique et l'e-commerce<\/span>\n\t\t<\/h1>\n\t<\/div>\n<\/div><\/div>\n<div class=\"iconboxes\">\n                    <div class=\"layout-wrapper\"><div class=\"iconbox \">\n                    <i class=\"icon ion-connection-bars\"><\/i>\n                    <div class=\"iconbox__text\">\n<h2>Traduction professionnelle<\/h2>\n<p>Depuis plus de 30 ans, nous nous consacrons \u00e0 la traduction sp\u00e9cialis\u00e9e pour des branches, des sp\u00e9cialit\u00e9s et des types de textes vari\u00e9s. Aujourd&#8217;hui, gr\u00e2ce \u00e0 plus de 4 000 experts traduisant dans leur langue maternelle, des technologies de traductions modernes et un portail de traduction propre, nous proposons des services linguistiques dans plus de 50 langues.<div class=\"iconbox__link \" style=\"background-color: ;\"><a href=\"https:\/\/eurotext.de\/fr\/services-linguistiques\/\" target=\"_self\" style=\"color: ; background-color: ;\"><span class=\"\">En savoir plus sur nos <strong>services linguistiques<\/strong><\/span><\/a><\/div><\/div>\n                <\/div><div class=\"iconbox \">\n                    <i class=\"icon ion-gear-b\"><\/i>\n                    <div class=\"iconbox__text\">\n<h2>Processus efficaces<\/h2>\n<p>Des traductions de haute qualit\u00e9 requi\u00e8rent des processus efficaces. Chez Eurotext, nous nous sommes rendus compte que des processus de traduction coh\u00e9rents ne facilitent pas seulement le quotidien de nos clients, mais ils leur assurent aussi une croissance p\u00e9renne. C&#8217;est la raison pour laquelle nous int\u00e9grons les syst\u00e8mes de nos clients directement dans nos processus de traduction gr\u00e2ce \u00e0 des modules et des interfaces pr\u00e9-con\u00e7us.<div class=\"iconbox__link \" style=\"background-color: ;\"><a href=\"https:\/\/eurotext.de\/fr\/technologies\/\" target=\"_self\" style=\"color: ; background-color: ;\"><span class=\"\">En savoir plus sur nos <strong>technologies<\/strong><\/span><\/a><\/div><\/div>\n                <\/div><div class=\"iconbox \">\n                    <i class=\"icon ion-checkmark-circled\"><\/i>\n                    <div class=\"iconbox__text\">\n<h2>Qualit\u00e9 certifi\u00e9e<\/h2>\n<p>Nous offrons des services de traduction sp\u00e9cialis\u00e9e, professionnelle et de haute qualit\u00e9. Nos prestations linguistiques, services SEO et tests UX multilingues sont certifi\u00e9s selon l&#8216;<strong>ISO 9001:2015<\/strong>. Nous remplissons ainsi les plus hautes exigences en mati\u00e8re de qualit\u00e9, ce qui fait de nous le partenaire id\u00e9al pour l&#8217;industrie, l&#8217;informatique et l&#8217;e-commerce.<div class=\"iconbox__link \" style=\"background-color: ;\"><a href=\"https:\/\/eurotext.de\/fr\/services-linguistiques\/traductions-specialisees\/#qualitaet\" target=\"_self\" style=\"color: ; background-color: ;\"><span class=\"\">En savoir plus sur notre <strong>qualit\u00e9 certifi\u00e9e<\/strong><\/span><\/a><\/div><\/div>\n                <\/div><\/div>\n                <\/div>\n<div class=\"parallax-container\" data-parallax=\"scroll\" data-bleed=\"10\" data-image-src=\"\/wp-content\/uploads\/2019\/01\/black-computer-contemporary-270435.jpg\"> <div class=\"parallax-window\"> <div class=\"parallax-slider parallax-banner__content\" style=\"\"><h2 class='parallax-banner__headline'><strong>Votre boutique en ligne multilingue<\/strong><\/h2><p class=\"parallax-banner__text\">Faites traduire votre <strong>boutique en ligne<\/strong> et acc\u00e9dez au march\u00e9 mondial. Venez d\u00e9couvrir pourquoi une <strong>localisation<\/strong> vaut la peine et comment nous obtenons des r\u00e9sultats probants gr\u00e2ce \u00e0 des technologies de traduction \u00e0 la pointe du progr\u00e8s.<\/p><a target=\"_self\" href=\"https:\/\/eurotext.de\/fr\/services-linguistiques\/traductions-pour-le-commerce\/\" class=\"parallax-banner__button button button--withIcon \"> <i class=\"iconion-android-cart\"><\/i>Faire traduire une boutique en ligne<\/a><\/div> <\/div> <\/div>\n<div class=\"banner banner--hasImageList\"><div class=\"layout-wrapper\"><span class=\"banner__text\"><a href=\"https:\/\/eurotext.de\/fr\/technologies\/plug-ins-de-traduction\/magento\/\"><img loading=\"lazy\" decoding=\"async\" class=\"alignnone wp-image-180\" src=\"\/wp-content\/uploads\/2020\/06\/Magento-1.png\" alt=\"Traduction de boutiques Magento\" width=\"118\" height=\"40\" \/><\/a><a href=\"https:\/\/eurotext.de\/fr\/technologies\/plug-ins-de-traduction\/oxid\/\"><img loading=\"lazy\" decoding=\"async\" class=\"alignnone wp-image-181\" src=\"\/wp-content\/uploads\/2020\/06\/oxid-1.png\" alt=\"Traduction de boutiques OXID\" width=\"100\" height=\"40\" \/><\/a><a href=\"https:\/\/eurotext.de\/fr\/technologies\/plug-ins-de-traduction\/shopware\/\"><img loading=\"lazy\" decoding=\"async\" class=\"alignnone wp-image-2423\" src=\"\/wp-content\/uploads\/2020\/06\/shopware-1.png\" alt=\"shopware\" width=\"158\" height=\"40\" \/><\/a><a href=\"https:\/\/eurotext.de\/fr\/technologies\/plug-ins-de-traduction\/wordpress\/\"><img loading=\"lazy\" decoding=\"async\" class=\"alignnone wp-image-182\" src=\"\/wp-content\/uploads\/2020\/06\/WordPress-1.png\" alt=\"Traduction de sites web et de blogs WordPress\" width=\"158\" height=\"40\" \/><\/a><\/span><\/div><\/div>\n<div class='content-column content-column-row '><div class='content-column full_width'>\n<h2 style=\"text-align: center;\"><strong>Traduction professionnelle<\/strong> pour l&#8216;<strong>e-commerce<\/strong><\/h2>\n<\/div><div class='clear_column'><\/div><div class='content-column one_half'>\n<p>Dans l&#8216;<strong>e-commerce<\/strong>, des d\u00e9fis bien particuliers s&#8217;appliquent \u00e0 la traduction : la <strong>rapidit\u00e9<\/strong>, l&#8216;<strong>int\u00e9gration optimale des processus<\/strong>, des flux de travail qui s&#8217;int\u00e8grent aux activit\u00e9s quotidiennes avec fluidit\u00e9, une <strong>qualit\u00e9<\/strong> irr\u00e9prochable, et encore une fois, la <strong>rapidit\u00e9<\/strong>.<\/p>\n<\/div><div class='content-column one_half last_column'>\n<p>C&#8217;est la raison pour laquelle nous proposons des <strong>plug-ins<\/strong> pour de nombreux syst\u00e8mes de gestion de boutiques et de contenus, des interfaces et des possibilit\u00e9s d&#8217;int\u00e9gration vari\u00e9es, <strong>des conseils<\/strong> pour la mise en service de flux de travail plus efficaces et des <strong>traductions<\/strong> de haute qualit\u00e9 \u00e0 prix avantageux. De plus, nous pouvons vous accompagner si besoin dans la cr\u00e9ation de contenu gr\u00e2ce \u00e0 une <strong>optimisation pour les moteurs de recherche<\/strong> multilingue et des <strong>tests UX<\/strong> internationaux.<br \/>\n<\/div><div class='clear_column'><\/div><\/div><div class='clear_column'><\/div>\n<div class=\"iconboxes\">\n                    <div class=\"layout-wrapper\"><div class=\"iconbox \">\n                    <i class=\"icon \" style=\"background:#fff url(\/wp-content\/uploads\/2016\/11\/TM-Icon-Kopie_transparent.png) no-repeat center center; background-size:47px\"><\/i>\n                    <div class=\"iconbox__text\">\n<h2>Plug-ins pour votre boutique<\/h2>\n<p>De nombreux syst\u00e8mes de boutiques peuvent \u00eatre int\u00e9gr\u00e9s \u00e0 notre portail de traduction Eurotext en toute simplicit\u00e9 gr\u00e2ce \u00e0 nos <strong>plug-ins de traduction<\/strong>. De cette fa\u00e7on, vous pouvez s\u00e9lectionner des textes directement depuis votre backend, les exporter et importer les traductions termin\u00e9es, sans besoins de d\u00e9veloppement suppl\u00e9mentaires. <div class=\"iconbox__link \" style=\"background-color: ;\"><a href=\"https:\/\/eurotext.de\/fr\/technologies\/plug-ins-de-traduction\/\" target=\"_self\" style=\"color: ; background-color: ;\"><span class=\"\">Tous les <strong>plug-ins de traduction<\/strong> en un coup d&#8217;\u0153il<\/span><\/a><\/div><\/div>\n                <\/div><div class=\"iconbox \">\n                    <i class=\"icon ion-power\"><\/i>\n                    <div class=\"iconbox__text\">\n<h2>Portail de traduction 24\/7<\/h2>\n<p>Gr\u00e2ce au <strong>portail de traduction Eurotext<\/strong>, vous avez acc\u00e8s \u00e0 vos projets et vos donn\u00e9es 24h\/24. Les personnes autoris\u00e9es peuvent y soumettre des commandes et vous gardez en permanence un \u0153il sur vos \u00e9ch\u00e9ances et vos co\u00fbts. Il n&#8217;y a pas plus simple pour organiser vos traductions ! <div class=\"iconbox__link \" style=\"background-color: ;\"><a href=\"https:\/\/eurotext.de\/fr\/technologies\/portail-de-traduction\/\" target=\"_self\" style=\"color: ; background-color: ;\"><span class=\"\">En savoir plus sur le <strong>portail de traduction<\/strong><\/span><\/a><\/div><\/div>\n                <\/div><div class=\"iconbox \">\n                    <i class=\"icon \" style=\"background:#fff url(\/wp-content\/uploads\/2017\/03\/API.png) no-repeat center center; background-size:47px\"><\/i>\n                    <div class=\"iconbox__text\">\n<h2>API Translation<\/h2>\n<p>Avec l&#8217;API Translation d&#8217;Eurotext, votre logiciel commande notre portail de traduction, directement et sans d\u00e9tours. Des donn\u00e9es structur\u00e9es permettent un \u00e9change de donn\u00e9es fluide et rapide, peu importe si les textes proviennent de logiciels standards, d&#8217;applications d\u00e9velopp\u00e9es personnellement, ou de cadres de navigation complexe. <div class=\"iconbox__link \" style=\"background-color: ;\"><a href=\"https:\/\/eurotext.de\/fr\/technologies\/plug-ins-de-traduction\/api\/\" target=\"_self\" style=\"color: ; background-color: ;\"><span class=\"\">En savoir plus sur notre <strong>API Translation<\/strong><\/span><\/a><\/div><\/div>\n                <\/div><\/div>\n                <\/div>\n<div class=\"banner banner--small banner--withTextAndButton banner--button-on-right-side banner--blue-background\"><div class=\"layout-wrapper\"><div class=\"banner__text\">Demander un devis gratuit !<\/div><div class=\"banner__button\"><a class=\" button button--juice\" target=\"_self\" href=\"https:\/\/eurotext.de\/fr\/demande-de-devis\/\">Demander un devis<\/a><\/div><\/div><\/div>\n","protected":false},"excerpt":{"rendered":"","protected":false},"author":4,"featured_media":0,"parent":0,"menu_order":1000,"comment_status":"closed","ping_status":"closed","template":"full-width-page.php","meta":{"footnotes":""},"class_list":["post-2","page","type-page","status-publish","hentry"],"yoast_head":"<!-- This site is optimized with the Yoast SEO Premium plugin v21.9 (Yoast SEO v21.9.1) - https:\/\/yoast.com\/wordpress\/plugins\/seo\/ -->\n<title>Traductions sp\u00e9cialis\u00e9es pour l&#039;industrie, l&#039;informatique et l&#039;e-commerce<\/title>\n<meta name=\"description\" content=\"Depuis plus de 30 ans, nous sommes un prestataire de services en traduction sp\u00e9cialis\u00e9e dans divers domaines et nous proposons des solutions pour l&#039;industrie, l&#039;informatique et l&#039;e-commerce.\" \/>\n<meta name=\"robots\" content=\"index, follow, max-snippet:-1, max-image-preview:large, max-video-preview:-1\" \/>\n<link rel=\"canonical\" href=\"https:\/\/eurotext.de\/fr\/\" \/>\n<meta name=\"twitter:card\" content=\"summary_large_image\" \/>\n<meta name=\"twitter:title\" content=\"Traductions sp\u00e9cialis\u00e9es pour l&#039;industrie, l&#039;informatique et l&#039;e-commerce\" \/>\n<meta name=\"twitter:description\" content=\"Depuis plus de 30 ans, nous sommes un prestataire de services en traduction sp\u00e9cialis\u00e9e dans divers domaines et nous proposons des solutions pour l&#039;industrie, l&#039;informatique et l&#039;e-commerce.\" \/>\n<meta name=\"twitter:site\" content=\"@eurotext\" \/>\n<meta name=\"twitter:label1\" content=\"Gesch\u00e4tzte Lesezeit\" \/>\n\t<meta name=\"twitter:data1\" content=\"4\u00a0Minuten\" \/>\n<script type=\"application\/ld+json\" class=\"yoast-schema-graph\">{\"@context\":\"https:\/\/schema.org\",\"@graph\":[{\"@type\":\"WebPage\",\"@id\":\"https:\/\/eurotext.de\/fr\/\",\"url\":\"https:\/\/eurotext.de\/fr\/\",\"name\":\"Traductions sp\u00e9cialis\u00e9es pour l'industrie, l'informatique et l'e-commerce\",\"isPartOf\":{\"@id\":\"https:\/\/eurotext.de\/fr\/#website\"},\"datePublished\":\"2016-05-19T12:11:00+00:00\",\"dateModified\":\"2023-10-23T09:17:34+00:00\",\"description\":\"Depuis plus de 30 ans, nous sommes un prestataire de services en traduction sp\u00e9cialis\u00e9e dans divers domaines et nous proposons des solutions pour l'industrie, l'informatique et l'e-commerce.\",\"breadcrumb\":{\"@id\":\"https:\/\/eurotext.de\/fr\/#breadcrumb\"},\"inLanguage\":\"de\",\"potentialAction\":[{\"@type\":\"ReadAction\",\"target\":[\"https:\/\/eurotext.de\/fr\/\"]}]},{\"@type\":\"BreadcrumbList\",\"@id\":\"https:\/\/eurotext.de\/fr\/#breadcrumb\",\"itemListElement\":[{\"@type\":\"ListItem\",\"position\":1,\"name\":\"Startseite\",\"item\":\"https:\/\/eurotext.de\/fr\/\"},{\"@type\":\"ListItem\",\"position\":2,\"name\":\"Startseite\"}]},{\"@type\":\"WebSite\",\"@id\":\"https:\/\/eurotext.de\/fr\/#website\",\"url\":\"https:\/\/eurotext.de\/fr\/\",\"name\":\"Eurotext AG\",\"description\":\"Nous traduisons pour l&#039;industrie, l&#039;informatique et l&#039;e-commerce\",\"publisher\":{\"@id\":\"https:\/\/eurotext.de\/fr\/#organization\"},\"potentialAction\":[{\"@type\":\"SearchAction\",\"target\":{\"@type\":\"EntryPoint\",\"urlTemplate\":\"https:\/\/eurotext.de\/fr\/?s={search_term_string}\"},\"query-input\":\"required name=search_term_string\"}],\"inLanguage\":\"de\"},{\"@type\":\"Organization\",\"@id\":\"https:\/\/eurotext.de\/fr\/#organization\",\"name\":\"Eurotext AG\",\"url\":\"https:\/\/eurotext.de\/fr\/\",\"logo\":{\"@type\":\"ImageObject\",\"inLanguage\":\"de\",\"@id\":\"https:\/\/eurotext.de\/fr\/#\/schema\/logo\/image\/\",\"url\":\"https:\/\/eurotext.de\/fr\/wp-content\/uploads\/sites\/22\/2016\/05\/eurotext_logo.png\",\"contentUrl\":\"https:\/\/eurotext.de\/fr\/wp-content\/uploads\/sites\/22\/2016\/05\/eurotext_logo.png\",\"width\":125,\"height\":22,\"caption\":\"Eurotext AG\"},\"image\":{\"@id\":\"https:\/\/eurotext.de\/fr\/#\/schema\/logo\/image\/\"},\"sameAs\":[\"https:\/\/de-de.facebook.com\/Eurotext\/\",\"https:\/\/twitter.com\/eurotext\",\"https:\/\/de.linkedin.com\/company\/eurotext-ag\"]}]}<\/script>\n<!-- \/ Yoast SEO Premium plugin. -->","yoast_head_json":{"title":"Traductions sp\u00e9cialis\u00e9es pour l'industrie, l'informatique et l'e-commerce","description":"Depuis plus de 30 ans, nous sommes un prestataire de services en traduction sp\u00e9cialis\u00e9e dans divers domaines et nous proposons des solutions pour l'industrie, l'informatique et l'e-commerce.","robots":{"index":"index","follow":"follow","max-snippet":"max-snippet:-1","max-image-preview":"max-image-preview:large","max-video-preview":"max-video-preview:-1"},"canonical":"https:\/\/eurotext.de\/fr\/","twitter_card":"summary_large_image","twitter_title":"Traductions sp\u00e9cialis\u00e9es pour l'industrie, l'informatique et l'e-commerce","twitter_description":"Depuis plus de 30 ans, nous sommes un prestataire de services en traduction sp\u00e9cialis\u00e9e dans divers domaines et nous proposons des solutions pour l'industrie, l'informatique et l'e-commerce.","twitter_site":"@eurotext","twitter_misc":{"Gesch\u00e4tzte Lesezeit":"4\u00a0Minuten"},"schema":{"@context":"https:\/\/schema.org","@graph":[{"@type":"WebPage","@id":"https:\/\/eurotext.de\/fr\/","url":"https:\/\/eurotext.de\/fr\/","name":"Traductions sp\u00e9cialis\u00e9es pour l'industrie, l'informatique et l'e-commerce","isPartOf":{"@id":"https:\/\/eurotext.de\/fr\/#website"},"datePublished":"2016-05-19T12:11:00+00:00","dateModified":"2023-10-23T09:17:34+00:00","description":"Depuis plus de 30 ans, nous sommes un prestataire de services en traduction sp\u00e9cialis\u00e9e dans divers domaines et nous proposons des solutions pour l'industrie, l'informatique et l'e-commerce.","breadcrumb":{"@id":"https:\/\/eurotext.de\/fr\/#breadcrumb"},"inLanguage":"de","potentialAction":[{"@type":"ReadAction","target":["https:\/\/eurotext.de\/fr\/"]}]},{"@type":"BreadcrumbList","@id":"https:\/\/eurotext.de\/fr\/#breadcrumb","itemListElement":[{"@type":"ListItem","position":1,"name":"Startseite","item":"https:\/\/eurotext.de\/fr\/"},{"@type":"ListItem","position":2,"name":"Startseite"}]},{"@type":"WebSite","@id":"https:\/\/eurotext.de\/fr\/#website","url":"https:\/\/eurotext.de\/fr\/","name":"Eurotext AG","description":"Nous traduisons pour l&#039;industrie, l&#039;informatique et l&#039;e-commerce","publisher":{"@id":"https:\/\/eurotext.de\/fr\/#organization"},"potentialAction":[{"@type":"SearchAction","target":{"@type":"EntryPoint","urlTemplate":"https:\/\/eurotext.de\/fr\/?s={search_term_string}"},"query-input":"required name=search_term_string"}],"inLanguage":"de"},{"@type":"Organization","@id":"https:\/\/eurotext.de\/fr\/#organization","name":"Eurotext AG","url":"https:\/\/eurotext.de\/fr\/","logo":{"@type":"ImageObject","inLanguage":"de","@id":"https:\/\/eurotext.de\/fr\/#\/schema\/logo\/image\/","url":"https:\/\/eurotext.de\/fr\/wp-content\/uploads\/sites\/22\/2016\/05\/eurotext_logo.png","contentUrl":"https:\/\/eurotext.de\/fr\/wp-content\/uploads\/sites\/22\/2016\/05\/eurotext_logo.png","width":125,"height":22,"caption":"Eurotext AG"},"image":{"@id":"https:\/\/eurotext.de\/fr\/#\/schema\/logo\/image\/"},"sameAs":["https:\/\/de-de.facebook.com\/Eurotext\/","https:\/\/twitter.com\/eurotext","https:\/\/de.linkedin.com\/company\/eurotext-ag"]}]}},"_links":{"self":[{"href":"https:\/\/eurotext.de\/fr\/wp-json\/wp\/v2\/pages\/2","targetHints":{"allow":["GET"]}}],"collection":[{"href":"https:\/\/eurotext.de\/fr\/wp-json\/wp\/v2\/pages"}],"about":[{"href":"https:\/\/eurotext.de\/fr\/wp-json\/wp\/v2\/types\/page"}],"author":[{"embeddable":true,"href":"https:\/\/eurotext.de\/fr\/wp-json\/wp\/v2\/users\/4"}],"replies":[{"embeddable":true,"href":"https:\/\/eurotext.de\/fr\/wp-json\/wp\/v2\/comments?post=2"}],"version-history":[{"count":323,"href":"https:\/\/eurotext.de\/fr\/wp-json\/wp\/v2\/pages\/2\/revisions"}],"predecessor-version":[{"id":10667,"href":"https:\/\/eurotext.de\/fr\/wp-json\/wp\/v2\/pages\/2\/revisions\/10667"}],"wp:attachment":[{"href":"https:\/\/eurotext.de\/fr\/wp-json\/wp\/v2\/media?parent=2"}],"curies":[{"name":"wp","href":"https:\/\/api.w.org\/{rel}","templated":true}]}}