{"id":10312,"date":"2015-09-03T11:57:39","date_gmt":"2015-09-03T09:57:39","guid":{"rendered":"https:\/\/eurotext.de\/fr\/technologie-2\/uebersetzungsplugins\/wordpress\/"},"modified":"2020-11-02T11:23:58","modified_gmt":"2020-11-02T10:23:58","slug":"wordpress","status":"publish","type":"page","link":"https:\/\/eurotext.de\/fr\/technologies\/plug-ins-de-traduction\/wordpress\/","title":{"rendered":"translationMANAGER pour WordPress"},"content":{"rendered":"<p style=\"text-align: left;\"><div class=\"parallax-container\" data-parallax=\"scroll\" data-bleed=\"10\" data-image-src=\"https:\/\/eurotext.de\/wp-content\/uploads\/2020\/10\/Banner_Bangok_01.jpg\"> <div class=\"parallax-window\"> <div class=\"parallax-slider parallax-banner__content\" style=\"\"><h1 class='parallax-banner__headline hasBgColor' style=\"background-color:#0087be;box-shadow: 0 0 0 0.45em #0087be;\">translationMANAGER pour WordPress<\/h1><p class=\"parallax-banner__text\"><\/p><\/div> <\/div> <\/div><\/p>\n<p style=\"text-align: left;\"><div class=\"banner banner--hasImageList\"><div class=\"layout-wrapper\"><span class=\"banner__text\"><img loading=\"lazy\" decoding=\"async\" class=\"alignnone wp-image-180\" style=\"margin-right: 20px; margin-left: 20px;\" src=\"\/wp-content\/uploads\/sites\/3\/2016\/10\/WordPress.png\" alt=\"Traduction de boutiques Magento\" width=\"160\" height=\"54\" \/><\/span><\/div><\/div><\/p>\n<div class=\"iconboxes\">\n                    <div class=\"layout-wrapper\"><div class=\"iconbox \">\n                    <i class=\"icon ion-search\"><\/i>\n                    <div class=\"iconbox__text\">\n<h2>S\u00e9lection intelligente des textes<\/h2>\n<p>En quelques clics, vous s\u00e9lectionnez dans votre interface utilisateur WordPress habituelle les articles, pages et types de commentaires personnalis\u00e9s pour les faire traduire dans plus de 50 langues.<\/div>\n                <\/div><div class=\"iconbox \">\n                    <i class=\"icon ion-network\"><\/i>\n                    <div class=\"iconbox__text\">\n<h2>Assistance multisite<\/h2>\n<p>Nous prenons en charge l&#8217;utilisation de <a href=\"https:\/\/codex.wordpress.org\/Create_A_Network\">Multisite<\/a> et de <a href=\"https:\/\/wordpress.org\/plugins\/multilingual-press\/\">MultilingualPress<\/a>. Nous vous facilitons ainsi la localisation de r\u00e9seaux de sites complets.<\/div>\n                <\/div><div class=\"iconbox \">\n                    <i class=\"icon ion-checkmark-circled\"><\/i>\n                    <div class=\"iconbox__text\">\n<h2>Compatibilit\u00e9 SEO<\/h2>\n<p>Optimisez votre site multilingue ! Nous prenons en charge la traduction de tous les contenus pertinents du plug-in <a href=\"https:\/\/wordpress.org\/plugins\/wordpress-seo\/\">Yoast SEO<\/a>.<\/div>\n                <\/div><div class=\"iconbox \">\n                    <i class=\"icon ion-gear-b\"><\/i>\n                    <div class=\"iconbox__text\">\n<h2>Fonctionnalit\u00e9 avec des plug-ins tiers<\/h2>\n<p>Notre plug-in de traduction a \u00e9t\u00e9 con\u00e7u en respectant strictement les directives de WordPress et peut \u00eatre facilement am\u00e9lior\u00e9 pour d&#8217;autres plug-ins.<\/div>\n                <\/div><div class=\"iconbox \">\n                    <i class=\"icon ion-locked\"><\/i>\n                    <div class=\"iconbox__text\">\n<h2>S\u00e9curit\u00e9 pour vos donn\u00e9es<\/h2>\n<p>Le <a href=\"https:\/\/eurotext.de\/fr\/technologies\/plug-ins-de-traduction\/api\/\">transfert crypt\u00e9 des donn\u00e9es par API<\/a> garantit un haut niveau de s\u00e9curit\u00e9. Avec nous, vos donn\u00e9es sont entre de bonnes mains !<\/div>\n                <\/div><div class=\"iconbox \">\n                    <i class=\"icon ion-play\"><\/i>\n                    <div class=\"iconbox__text\">\n<h2>Plug and play<\/h2>\n<p><a href=\"https:\/\/wordpress.org\/plugins\/translationmanager\/\">Installation facile depuis le r\u00e9f\u00e9rentiel WordPress<\/a> et actualit\u00e9 permanente gr\u00e2ce aux mises \u00e0 jour automatiques.<\/div>\n                <\/div><div class=\"iconbox \">\n                    <i class=\"icon ion-android-exit\"><\/i>\n                    <div class=\"iconbox__text\">\n<h2>Gestion simple des projets<\/h2>\n<p>Un maximum de performances pour un minimum d\u2019efforts : avec le translationMANAGER, vous pouvez s\u00e9lectionner des textes en quelques clics, les exporter, puis importer les traductions r\u00e9alis\u00e9es.<\/div>\n                <\/div><\/div>\n                <\/div>\n<div class=\"parallax-container\" data-parallax=\"scroll\" data-bleed=\"10\" data-image-src=\"\/wp-content\/uploads\/sites\/3\/2016\/12\/wordpress_blau_04.png\"> <div class=\"parallax-window\"> <div class=\"parallax-slider parallax-banner__content\" style=\"\"><h2 class='parallax-banner__headline'><\/h2><p class=\"parallax-banner__text\"><img loading=\"lazy\" decoding=\"async\" class=\"aligncenter wp-image-5422\" src=\"\/wp-content\/uploads\/sites\/3\/2017\/03\/TM-Icon-Kreis-150x150_flat.png\" width=\"120\" height=\"119\" \/><br \/> translationMANAGER pour WordPress<br \/> <a style=\"color: #f9af14\" href=\"https:\/\/wordpress.org\/plugins\/translationmanager\/#developers\" target=\"_blank\" rel=\"noopener noreferrer\">Changelog<br \/> <\/a><\/p><a target=\"_blank\" href=\"https:\/\/wordpress.org\/plugins\/translationmanager\/\" class=\"parallax-banner__button button button--withIcon \"> <i class=\"iconion-android-download\"><\/i>T\u00e9l\u00e9charger<\/a><\/div> <\/div> <\/div>\n","protected":false},"excerpt":{"rendered":"<p>Le translationMANAGER pour MultilingualPress facilite l&#8217;exportation des contenus de votre multisite WordPress pour des traductions de qualit\u00e9 professionnelle. S\u00e9lectionnez les messages, les pages et les contenus personnalis\u00e9s (custom post types) comme des produits WooCommerce et travaillez avec des traducteurs de langue maternelle du monde entier. Tout simplement et directement dans l&#8217;administrateur WordPress.<\/p>\n","protected":false},"author":5,"featured_media":0,"parent":10305,"menu_order":3240,"comment_status":"closed","ping_status":"closed","template":"full-width-page.php","meta":{"footnotes":""},"class_list":["post-10312","page","type-page","status-publish","hentry"],"yoast_head":"<!-- This site is optimized with the Yoast SEO Premium plugin v21.9 (Yoast SEO v21.9.1) - https:\/\/yoast.com\/wordpress\/plugins\/seo\/ -->\n<title>translationMANAGER pour WordPress \u2013 Eurotext AG<\/title>\n<meta name=\"description\" content=\"Traduire avec le translationMANAGER pour WordPress directement \u00e0 partir de l&#039;administrateur WordPress dans plus de 50\u00a0langues \u2013 la solution id\u00e9ale pour les r\u00e9seaux multisites\u00a0!\" \/>\n<meta name=\"robots\" content=\"index, follow, max-snippet:-1, max-image-preview:large, max-video-preview:-1\" \/>\n<link rel=\"canonical\" href=\"https:\/\/eurotext.de\/fr\/technologies\/plug-ins-de-traduction\/wordpress\/\" \/>\n<meta name=\"twitter:card\" content=\"summary_large_image\" \/>\n<meta name=\"twitter:title\" content=\"translationMANAGER pour WordPress \u2013 Eurotext AG\" \/>\n<meta name=\"twitter:description\" content=\"Traduire avec le translationMANAGER pour WordPress directement \u00e0 partir de l&#039;administrateur WordPress dans plus de 50\u00a0langues \u2013 la solution id\u00e9ale pour les r\u00e9seaux multisites\u00a0!\" \/>\n<meta name=\"twitter:site\" content=\"@eurotext\" \/>\n<meta name=\"twitter:label1\" content=\"Gesch\u00e4tzte Lesezeit\" \/>\n\t<meta name=\"twitter:data1\" content=\"2\u00a0Minuten\" \/>\n<script type=\"application\/ld+json\" class=\"yoast-schema-graph\">{\"@context\":\"https:\/\/schema.org\",\"@graph\":[{\"@type\":\"WebPage\",\"@id\":\"https:\/\/eurotext.de\/fr\/technologies\/plug-ins-de-traduction\/wordpress\/\",\"url\":\"https:\/\/eurotext.de\/fr\/technologies\/plug-ins-de-traduction\/wordpress\/\",\"name\":\"translationMANAGER pour WordPress \u2013 Eurotext AG\",\"isPartOf\":{\"@id\":\"https:\/\/eurotext.de\/fr\/#website\"},\"datePublished\":\"2015-09-03T09:57:39+00:00\",\"dateModified\":\"2020-11-02T10:23:58+00:00\",\"description\":\"Traduire avec le translationMANAGER pour WordPress directement \u00e0 partir de l'administrateur WordPress dans plus de 50\u00a0langues \u2013 la solution id\u00e9ale pour les r\u00e9seaux multisites\u00a0!\",\"breadcrumb\":{\"@id\":\"https:\/\/eurotext.de\/fr\/technologies\/plug-ins-de-traduction\/wordpress\/#breadcrumb\"},\"inLanguage\":\"de\",\"potentialAction\":[{\"@type\":\"ReadAction\",\"target\":[\"https:\/\/eurotext.de\/fr\/technologies\/plug-ins-de-traduction\/wordpress\/\"]}]},{\"@type\":\"BreadcrumbList\",\"@id\":\"https:\/\/eurotext.de\/fr\/technologies\/plug-ins-de-traduction\/wordpress\/#breadcrumb\",\"itemListElement\":[{\"@type\":\"ListItem\",\"position\":1,\"name\":\"Startseite\",\"item\":\"https:\/\/eurotext.de\/fr\/\"},{\"@type\":\"ListItem\",\"position\":2,\"name\":\"Technologies\",\"item\":\"https:\/\/eurotext.de\/fr\/technologies\/\"},{\"@type\":\"ListItem\",\"position\":3,\"name\":\"Plug-ins de traduction\",\"item\":\"https:\/\/eurotext.de\/fr\/technologies\/plug-ins-de-traduction\/\"},{\"@type\":\"ListItem\",\"position\":4,\"name\":\"translationMANAGER pour WordPress\"}]},{\"@type\":\"WebSite\",\"@id\":\"https:\/\/eurotext.de\/fr\/#website\",\"url\":\"https:\/\/eurotext.de\/fr\/\",\"name\":\"Eurotext AG\",\"description\":\"Nous traduisons pour l&#039;industrie, l&#039;informatique et l&#039;e-commerce\",\"publisher\":{\"@id\":\"https:\/\/eurotext.de\/fr\/#organization\"},\"potentialAction\":[{\"@type\":\"SearchAction\",\"target\":{\"@type\":\"EntryPoint\",\"urlTemplate\":\"https:\/\/eurotext.de\/fr\/?s={search_term_string}\"},\"query-input\":\"required name=search_term_string\"}],\"inLanguage\":\"de\"},{\"@type\":\"Organization\",\"@id\":\"https:\/\/eurotext.de\/fr\/#organization\",\"name\":\"Eurotext AG\",\"url\":\"https:\/\/eurotext.de\/fr\/\",\"logo\":{\"@type\":\"ImageObject\",\"inLanguage\":\"de\",\"@id\":\"https:\/\/eurotext.de\/fr\/#\/schema\/logo\/image\/\",\"url\":\"https:\/\/eurotext.de\/fr\/wp-content\/uploads\/sites\/22\/2016\/05\/eurotext_logo.png\",\"contentUrl\":\"https:\/\/eurotext.de\/fr\/wp-content\/uploads\/sites\/22\/2016\/05\/eurotext_logo.png\",\"width\":125,\"height\":22,\"caption\":\"Eurotext AG\"},\"image\":{\"@id\":\"https:\/\/eurotext.de\/fr\/#\/schema\/logo\/image\/\"},\"sameAs\":[\"https:\/\/de-de.facebook.com\/Eurotext\/\",\"https:\/\/twitter.com\/eurotext\",\"https:\/\/de.linkedin.com\/company\/eurotext-ag\"]}]}<\/script>\n<!-- \/ Yoast SEO Premium plugin. -->","yoast_head_json":{"title":"translationMANAGER pour WordPress \u2013 Eurotext AG","description":"Traduire avec le translationMANAGER pour WordPress directement \u00e0 partir de l'administrateur WordPress dans plus de 50\u00a0langues \u2013 la solution id\u00e9ale pour les r\u00e9seaux multisites\u00a0!","robots":{"index":"index","follow":"follow","max-snippet":"max-snippet:-1","max-image-preview":"max-image-preview:large","max-video-preview":"max-video-preview:-1"},"canonical":"https:\/\/eurotext.de\/fr\/technologies\/plug-ins-de-traduction\/wordpress\/","twitter_card":"summary_large_image","twitter_title":"translationMANAGER pour WordPress \u2013 Eurotext AG","twitter_description":"Traduire avec le translationMANAGER pour WordPress directement \u00e0 partir de l'administrateur WordPress dans plus de 50\u00a0langues \u2013 la solution id\u00e9ale pour les r\u00e9seaux multisites\u00a0!","twitter_site":"@eurotext","twitter_misc":{"Gesch\u00e4tzte Lesezeit":"2\u00a0Minuten"},"schema":{"@context":"https:\/\/schema.org","@graph":[{"@type":"WebPage","@id":"https:\/\/eurotext.de\/fr\/technologies\/plug-ins-de-traduction\/wordpress\/","url":"https:\/\/eurotext.de\/fr\/technologies\/plug-ins-de-traduction\/wordpress\/","name":"translationMANAGER pour WordPress \u2013 Eurotext AG","isPartOf":{"@id":"https:\/\/eurotext.de\/fr\/#website"},"datePublished":"2015-09-03T09:57:39+00:00","dateModified":"2020-11-02T10:23:58+00:00","description":"Traduire avec le translationMANAGER pour WordPress directement \u00e0 partir de l'administrateur WordPress dans plus de 50\u00a0langues \u2013 la solution id\u00e9ale pour les r\u00e9seaux multisites\u00a0!","breadcrumb":{"@id":"https:\/\/eurotext.de\/fr\/technologies\/plug-ins-de-traduction\/wordpress\/#breadcrumb"},"inLanguage":"de","potentialAction":[{"@type":"ReadAction","target":["https:\/\/eurotext.de\/fr\/technologies\/plug-ins-de-traduction\/wordpress\/"]}]},{"@type":"BreadcrumbList","@id":"https:\/\/eurotext.de\/fr\/technologies\/plug-ins-de-traduction\/wordpress\/#breadcrumb","itemListElement":[{"@type":"ListItem","position":1,"name":"Startseite","item":"https:\/\/eurotext.de\/fr\/"},{"@type":"ListItem","position":2,"name":"Technologies","item":"https:\/\/eurotext.de\/fr\/technologies\/"},{"@type":"ListItem","position":3,"name":"Plug-ins de traduction","item":"https:\/\/eurotext.de\/fr\/technologies\/plug-ins-de-traduction\/"},{"@type":"ListItem","position":4,"name":"translationMANAGER pour WordPress"}]},{"@type":"WebSite","@id":"https:\/\/eurotext.de\/fr\/#website","url":"https:\/\/eurotext.de\/fr\/","name":"Eurotext AG","description":"Nous traduisons pour l&#039;industrie, l&#039;informatique et l&#039;e-commerce","publisher":{"@id":"https:\/\/eurotext.de\/fr\/#organization"},"potentialAction":[{"@type":"SearchAction","target":{"@type":"EntryPoint","urlTemplate":"https:\/\/eurotext.de\/fr\/?s={search_term_string}"},"query-input":"required name=search_term_string"}],"inLanguage":"de"},{"@type":"Organization","@id":"https:\/\/eurotext.de\/fr\/#organization","name":"Eurotext AG","url":"https:\/\/eurotext.de\/fr\/","logo":{"@type":"ImageObject","inLanguage":"de","@id":"https:\/\/eurotext.de\/fr\/#\/schema\/logo\/image\/","url":"https:\/\/eurotext.de\/fr\/wp-content\/uploads\/sites\/22\/2016\/05\/eurotext_logo.png","contentUrl":"https:\/\/eurotext.de\/fr\/wp-content\/uploads\/sites\/22\/2016\/05\/eurotext_logo.png","width":125,"height":22,"caption":"Eurotext AG"},"image":{"@id":"https:\/\/eurotext.de\/fr\/#\/schema\/logo\/image\/"},"sameAs":["https:\/\/de-de.facebook.com\/Eurotext\/","https:\/\/twitter.com\/eurotext","https:\/\/de.linkedin.com\/company\/eurotext-ag"]}]}},"_links":{"self":[{"href":"https:\/\/eurotext.de\/fr\/wp-json\/wp\/v2\/pages\/10312","targetHints":{"allow":["GET"]}}],"collection":[{"href":"https:\/\/eurotext.de\/fr\/wp-json\/wp\/v2\/pages"}],"about":[{"href":"https:\/\/eurotext.de\/fr\/wp-json\/wp\/v2\/types\/page"}],"author":[{"embeddable":true,"href":"https:\/\/eurotext.de\/fr\/wp-json\/wp\/v2\/users\/5"}],"replies":[{"embeddable":true,"href":"https:\/\/eurotext.de\/fr\/wp-json\/wp\/v2\/comments?post=10312"}],"version-history":[{"count":7,"href":"https:\/\/eurotext.de\/fr\/wp-json\/wp\/v2\/pages\/10312\/revisions"}],"predecessor-version":[{"id":10622,"href":"https:\/\/eurotext.de\/fr\/wp-json\/wp\/v2\/pages\/10312\/revisions\/10622"}],"up":[{"embeddable":true,"href":"https:\/\/eurotext.de\/fr\/wp-json\/wp\/v2\/pages\/10305"}],"wp:attachment":[{"href":"https:\/\/eurotext.de\/fr\/wp-json\/wp\/v2\/media?parent=10312"}],"curies":[{"name":"wp","href":"https:\/\/api.w.org\/{rel}","templated":true}]}}