{"id":10306,"date":"2019-11-06T11:57:17","date_gmt":"2019-11-06T10:57:17","guid":{"rendered":"https:\/\/eurotext.de\/fr\/technologie-2\/uebersetzungsplugins\/oxid\/"},"modified":"2021-07-22T08:37:41","modified_gmt":"2021-07-22T06:37:41","slug":"oxid","status":"publish","type":"page","link":"https:\/\/eurotext.de\/fr\/technologies\/plug-ins-de-traduction\/oxid\/","title":{"rendered":"translationMANAGER pour OXID"},"content":{"rendered":"<div class=\"parallax-container\" data-parallax=\"scroll\" data-bleed=\"10\" data-image-src=\"https:\/\/eurotext.de\/wp-content\/uploads\/2020\/10\/Banner_Budapest_01.jpg\"> <div class=\"parallax-window\"> <div class=\"parallax-slider parallax-banner__content\" style=\"\"><h1 class='parallax-banner__headline hasBgColor' style=\"background-color:#c02124;box-shadow: 0 0 0 0.45em #c02124;\">translationMANAGER pour OXID<\/h1><p class=\"parallax-banner__text\"><\/p><\/div> <\/div> <\/div>\n<p>]<div class=\"banner banner--hasImageList\"><div class=\"layout-wrapper\"><span class=\"banner__text\"><img loading=\"lazy\" decoding=\"async\" class=\"alignnone wp-image-180\" style=\"margin-right: 20px; margin-left: 20px;\" src=\"\/wp-content\/uploads\/sites\/3\/2017\/03\/oxid.png\" alt=\"Traduction de boutiques Magento\" width=\"160\" height=\"54\" \/><\/span><\/div><\/div><\/p>\n<p><div class=\"iconboxes\">\n                    <div class=\"layout-wrapper\"><div class=\"iconbox \">\n                    <i class=\"icon ion-search\"><\/i>\n                    <div class=\"iconbox__text\">\n<h2>S\u00e9lection facile des textes<\/h2>\n<p>S\u00e9lectionnez vos descriptifs d&#8217;articles, cat\u00e9gories, pages CMS ou fichiers vocaux en quelques clics et faites-les traduire dans plus de 50\u00a0langues.<\/div>\n                <\/div><div class=\"iconbox \">\n                    <i class=\"icon ion-connection-bars\"><\/i>\n                    <div class=\"iconbox__text\">\n<h2>Traduction des contenus SEO<\/h2>\n<p>Avec le translationMANAGER, vous pouvez traduire les contenus SEO de tous les secteurs de votre boutique en les optimisant pour les moteurs de recherche.<\/div>\n                <\/div><div class=\"iconbox \">\n                    <i class=\"icon ion-iphone\"><\/i>\n                    <div class=\"iconbox__text\">\n<h2>Nouveau\u00a0: localiser vos supports mobiles<\/h2>\n<p>Veillez \u00e0 ce que la version mobile de votre boutique fasse aussi bonne impression dans la langue de vos clients. Le translationMANAGER permet d\u00e9sormais l&#8217;exportation de fichiers destin\u00e9s aux supports mobiles.<\/div>\n                <\/div><div class=\"iconbox \">\n                    <i class=\"icon ion-clock\"><\/i>\n                    <div class=\"iconbox__text\">\n<h2>Id\u00e9al pour les mises \u00e0 jour r\u00e9guli\u00e8res de contenus<\/h2>\n<p>S\u00e9lectionnez en un seul clic tous les textes non traduits et envoyez-les au portail de traduction d&#8217;Eurotext.<\/div>\n                <\/div><div class=\"iconbox \">\n                    <i class=\"icon ion-loop\"><\/i>\n                    <div class=\"iconbox__text\">\n<h2>Exportation et importation des projets de traduction<\/h2>\n<p>Des performances exceptionnelles en quelques clics : vous exportez les textes \u00e0 traduire et les r\u00e9importez automatiquement. Rien de plus simple.<\/div>\n                <\/div><div class=\"iconbox \">\n                    <i class=\"icon \" style=\"background:#fff url(\/wp-content\/uploads\/sites\/3\/2016\/11\/OXID-certified-extension.jpg) no-repeat center center; background-size:47px\"><\/i>\n                    <div class=\"iconbox__text\">\n<h2 style=\"text-align: left;\">Compatible avec toutes les \u00e9ditions<\/h2>\n<p style=\"text-align: left;\"><strong>Community Edition<\/strong>,\u00a0<strong>Professional Edition<\/strong>\u00a0ou\u00a0<strong>Enterprise Edition\u00a0<\/strong>? Peu importe. Le translationMANAGER d\u2019Eurotext est compatible avec toutes les \u00e9ditions d\u2019OXID (4.7 \u00e0 4.9 et 5.0 \u00e0 5.2) et <a href=\"https:\/\/www.oxid-esales.com\/oxidmodul-zertifizierung\" target=\"_blank\" rel=\"noopener noreferrer\"><strong>certifi\u00e9 comme tel<\/strong><\/a>.<\/div>\n                <\/div><div class=\"iconbox \">\n                    <i class=\"icon ion-gear-a\"><\/i>\n                    <div class=\"iconbox__text\">\n<h2>Plug &amp; Play<\/h2>\n<p>Configuration du translationMANAGER ais\u00e9e via le backend de votre OXID eShop. Inscrivez-vous, connectez-vous et commencez\u00a0!<\/div>\n                <\/div><\/div>\n                <\/div><div class=\"parallax-container\" data-parallax=\"scroll\" data-bleed=\"10\" data-image-src=\"\/wp-content\/uploads\/sites\/3\/2016\/12\/oxid_rot_04.png\"> <div class=\"parallax-window\"> <div class=\"parallax-slider parallax-banner__content\" style=\"\"><h2 class='parallax-banner__headline'><\/h2><p class=\"parallax-banner__text\"><img loading=\"lazy\" decoding=\"async\" class=\"aligncenter wp-image-5422\" src=\"\/wp-content\/uploads\/sites\/3\/2017\/03\/TM-Icon-Kreis-150x150_flat.png\" width=\"120\" height=\"119\" \/><br \/> translationMANAGER pour OXID<br \/> <\/p><\/div> <\/div> <\/div><\/p>\n<div class='content-column content-column-row '><div class='content-column full_width no-border'>\n<h2 style=\"text-align: center;\">Captures d&#8217;\u00e9cran<\/h2>\n<\/div><div class='clear_column'><\/div><div class='content-column one_half'>\n<p style=\"text-align: center;\"><strong>1. Param\u00e8tres de plug-in <\/strong>dans le translationMANAGER pour OXID\u00a0:<\/p>\n<p style=\"text-align: center;\"><a href=\"https:\/\/eurotext.de\/wp-content\/uploads\/2017\/05\/03-settings.png\" data-rel=\"lightbox-image-0\" data-rl_title=\"\" data-rl_caption=\"\" title=\"\"><img loading=\"lazy\" decoding=\"async\" class=\"alignnone wp-image-5866\" style=\"border: 1px solid grey;\" src=\"https:\/\/eurotext.de\/wp-content\/uploads\/2017\/05\/03-settings-1024x619.png\" alt=\"translationMANAGER pour OXID - Param\u00e8tres\" width=\"540\" height=\"326\" \/><\/a><\/p>\n<p style=\"text-align: center;\"><strong>2. S\u00e9lection de la cat\u00e9gorie<\/strong> dans le translationMANAGER pour OXID\u00a0:<\/p>\n<p style=\"text-align: center;\"><a href=\"https:\/\/eurotext.de\/wp-content\/uploads\/2017\/05\/05-select-categories.png\" data-rel=\"lightbox-image-1\" data-rl_title=\"\" data-rl_caption=\"\" title=\"\"><img loading=\"lazy\" decoding=\"async\" class=\"alignnone wp-image-5868\" style=\"border: 1px solid grey;\" src=\"https:\/\/eurotext.de\/wp-content\/uploads\/2017\/05\/05-select-categories.png\" alt=\"translationMANAGER pour OXID - S\u00e9lectionnez les cat\u00e9gories\" width=\"540\" height=\"459\" \/><\/a><\/p>\n<p style=\"text-align: center;\"><strong>3. S\u00e9lection du produit<\/strong> dans le translationMANAGER pour OXID\u00a0:<\/p>\n<p style=\"text-align: center;\"><a href=\"https:\/\/eurotext.de\/wp-content\/uploads\/2017\/05\/04-select-products.png\" data-rel=\"lightbox-image-2\" data-rl_title=\"\" data-rl_caption=\"\" title=\"\"><img loading=\"lazy\" decoding=\"async\" class=\"alignnone wp-image-5867\" style=\"border: 1px solid grey;\" src=\"https:\/\/eurotext.de\/wp-content\/uploads\/2017\/05\/04-select-products.png\" alt=\"translationMANAGER pour OXID - S\u00e9lectionnez les produits\" width=\"540\" height=\"459\" \/><\/a><\/div><div class='content-column one_half last_column'>\n<p style=\"text-align: center;\"><strong>4. <\/strong><strong>S\u00e9lection de pages CMS<\/strong> dans le translationMANAGER pour OXID\u00a0:<\/p>\n<p style=\"text-align: center;\"><a href=\"https:\/\/eurotext.de\/wp-content\/uploads\/2017\/05\/06-select-cms-pages.png\" data-rel=\"lightbox-image-3\" data-rl_title=\"\" data-rl_caption=\"\" title=\"\"><img loading=\"lazy\" decoding=\"async\" class=\"alignnone wp-image-5869\" style=\"border: 1px solid grey;\" src=\"https:\/\/eurotext.de\/wp-content\/uploads\/2017\/05\/06-select-cms-pages.png\" alt=\"translationMANAGER pour OXID - S\u00e9lectionnez les pages CMS\" width=\"540\" height=\"374\" \/><\/a><\/p>\n<p style=\"text-align: center;\"><strong>5. Exportation<\/strong> dans le translationMANAGER pour OXID\u00a0:<\/p>\n<p style=\"text-align: center;\"><a href=\"https:\/\/eurotext.de\/wp-content\/uploads\/2017\/05\/03-export.png\" data-rel=\"lightbox-image-4\" data-rl_title=\"\" data-rl_caption=\"\" title=\"\"><img loading=\"lazy\" decoding=\"async\" class=\"alignnone wp-image-5865\" style=\"border: 1px solid grey;\" src=\"https:\/\/eurotext.de\/wp-content\/uploads\/2017\/05\/03-export-1024x619.png\" alt=\"translationMANAGER pour OXID - Exportez\" width=\"540\" height=\"326\" \/><\/a><\/p>\n<p style=\"text-align: center;\"><strong>6. Importation<\/strong> dans le translationMANAGER pour OXID\u00a0:<\/p>\n<p style=\"text-align: center;\"><a href=\"https:\/\/eurotext.de\/wp-content\/uploads\/2017\/05\/08-import.png\" data-rel=\"lightbox-image-5\" data-rl_title=\"\" data-rl_caption=\"\" title=\"\"><img loading=\"lazy\" decoding=\"async\" class=\"alignnone wp-image-5871\" style=\"border: 1px solid grey;\" src=\"https:\/\/eurotext.de\/wp-content\/uploads\/2017\/05\/08-import-1024x619.png\" alt=\"translationMANAGER pour OXID - Importez\" width=\"540\" height=\"326\" \/><\/a><\/p>\n<\/div><div class='clear_column'><\/div><div class='content-column full_width no-border'>\n<h2 style=\"text-align: center;\">\u00c0 propos d&#8217;OXID eSales<\/h2>\n<\/div><div class='clear_column'><\/div><div class='content-column one_half'>\n<p>La soci\u00e9t\u00e9\u00a0<strong>OXID eSales<\/strong>\u00a0bas\u00e9e \u00e0 Fribourg offre avec son<strong>\u00a0OXID eShop<\/strong> l\u2019un des trois syst\u00e8mes les plus couramment utilis\u00e9s par les professionnels de l\u2019e-commerce en Allemagne. Depuis sa cr\u00e9ation en 2002, des entreprises comme la Deutsche Post, Edeka, Bergzeit ou Van Laack l\u2019ont choisi pour leur boutique en ligne. Depuis son passage aux logiciels open source, cette solution s\u2019organise et se personnalise en toute flexibilit\u00e9. En plus du CMS int\u00e9gr\u00e9, le programme est compatible avec des syst\u00e8mes tiers et convient aussi aux entreprises B2B et B2C. La norme de qualit\u00e9 d&#8217;OXID est par ailleurs certifi\u00e9e par Trusted Shops depuis 2010.<\/p>\n<p>Oxid offre des solutions adapt\u00e9es aux entreprises de toutes les tailles. Pour les clients professionnels, <strong>OXID\u00a0Professional Edition<\/strong> offre une solution compl\u00e8te qui s&#8217;adapte tr\u00e8s facilement aux besoins de l&#8217;exploitant de la boutique. <\/div><div class='content-column one_half last_column'>Si vos affaires croissent, vous avez la possibilit\u00e9 de passer \u00e0 <strong>OXID Enterprise Edition<\/strong>. Celle-ci offre des fonctionnalit\u00e9s et des services suppl\u00e9mentaires et peut \u00eatre utilis\u00e9e sans probl\u00e8me pour le commerce international.<\/p>\n<p>Ce logiciel n&#8217;est pas particuli\u00e8rement exigeant en termes de hardware et convient parfaitement aux petites boutiques en ligne. <strong>OXID Community Edition<\/strong> cr\u00e9e une proximit\u00e9 avec l&#8217;utilisateur, car les suggestions d&#8217;am\u00e9lioration et de d\u00e9veloppement recueillies dans la communaut\u00e9 peuvent \u00eatre directement transmises \u00e0 Oxid et les exp\u00e9riences \u00e9chang\u00e9es.<br \/>\n<\/div><div class='clear_column'><\/div><\/div><div class='clear_column'><\/div>\n<p>&nbsp;<\/p>\n<p>&nbsp;<\/p>\n","protected":false},"excerpt":{"rendered":"<p>] &nbsp; &nbsp;<\/p>\n","protected":false},"author":5,"featured_media":0,"parent":10305,"menu_order":3210,"comment_status":"closed","ping_status":"closed","template":"full-width-page.php","meta":{"footnotes":""},"class_list":["post-10306","page","type-page","status-publish","hentry"],"yoast_head":"<!-- This site is optimized with the Yoast SEO Premium plugin v21.9 (Yoast SEO v21.9.1) - https:\/\/yoast.com\/wordpress\/plugins\/seo\/ -->\n<title>translationMANAGER pour OXID \u2013 Eurotext AG<\/title>\n<meta name=\"description\" content=\"Prenez une envergure internationale avec votre OXID eShop\u00a0: Le translationMANAGER est la premi\u00e8re solution de traduction professionnelle certifi\u00e9e pour OXID eSales.\" \/>\n<meta name=\"robots\" content=\"index, follow, max-snippet:-1, max-image-preview:large, max-video-preview:-1\" \/>\n<link rel=\"canonical\" href=\"https:\/\/eurotext.de\/fr\/technologies\/plug-ins-de-traduction\/oxid\/\" \/>\n<meta name=\"twitter:card\" content=\"summary_large_image\" \/>\n<meta name=\"twitter:title\" content=\"translationMANAGER pour OXID \u2013 Eurotext AG\" \/>\n<meta name=\"twitter:description\" content=\"Prenez une envergure internationale avec votre OXID eShop\u00a0: Le translationMANAGER est la premi\u00e8re solution de traduction professionnelle certifi\u00e9e pour OXID eSales.\" \/>\n<meta name=\"twitter:image\" content=\"https:\/\/eurotext.de\/wp-content\/uploads\/2017\/05\/03-settings-1024x619.png\" \/>\n<meta name=\"twitter:site\" content=\"@eurotext\" \/>\n<meta name=\"twitter:label1\" content=\"Gesch\u00e4tzte Lesezeit\" \/>\n\t<meta name=\"twitter:data1\" content=\"4\u00a0Minuten\" \/>\n<script type=\"application\/ld+json\" class=\"yoast-schema-graph\">{\"@context\":\"https:\/\/schema.org\",\"@graph\":[{\"@type\":\"WebPage\",\"@id\":\"https:\/\/eurotext.de\/fr\/technologies\/plug-ins-de-traduction\/oxid\/\",\"url\":\"https:\/\/eurotext.de\/fr\/technologies\/plug-ins-de-traduction\/oxid\/\",\"name\":\"translationMANAGER pour OXID \u2013 Eurotext AG\",\"isPartOf\":{\"@id\":\"https:\/\/eurotext.de\/fr\/#website\"},\"datePublished\":\"2019-11-06T10:57:17+00:00\",\"dateModified\":\"2021-07-22T06:37:41+00:00\",\"description\":\"Prenez une envergure internationale avec votre OXID eShop\u00a0: Le translationMANAGER est la premi\u00e8re solution de traduction professionnelle certifi\u00e9e pour OXID eSales.\",\"breadcrumb\":{\"@id\":\"https:\/\/eurotext.de\/fr\/technologies\/plug-ins-de-traduction\/oxid\/#breadcrumb\"},\"inLanguage\":\"de\",\"potentialAction\":[{\"@type\":\"ReadAction\",\"target\":[\"https:\/\/eurotext.de\/fr\/technologies\/plug-ins-de-traduction\/oxid\/\"]}]},{\"@type\":\"BreadcrumbList\",\"@id\":\"https:\/\/eurotext.de\/fr\/technologies\/plug-ins-de-traduction\/oxid\/#breadcrumb\",\"itemListElement\":[{\"@type\":\"ListItem\",\"position\":1,\"name\":\"Startseite\",\"item\":\"https:\/\/eurotext.de\/fr\/\"},{\"@type\":\"ListItem\",\"position\":2,\"name\":\"Technologies\",\"item\":\"https:\/\/eurotext.de\/fr\/technologies\/\"},{\"@type\":\"ListItem\",\"position\":3,\"name\":\"Plug-ins de traduction\",\"item\":\"https:\/\/eurotext.de\/fr\/technologies\/plug-ins-de-traduction\/\"},{\"@type\":\"ListItem\",\"position\":4,\"name\":\"translationMANAGER pour OXID\"}]},{\"@type\":\"WebSite\",\"@id\":\"https:\/\/eurotext.de\/fr\/#website\",\"url\":\"https:\/\/eurotext.de\/fr\/\",\"name\":\"Eurotext AG\",\"description\":\"Nous traduisons pour l&#039;industrie, l&#039;informatique et l&#039;e-commerce\",\"publisher\":{\"@id\":\"https:\/\/eurotext.de\/fr\/#organization\"},\"potentialAction\":[{\"@type\":\"SearchAction\",\"target\":{\"@type\":\"EntryPoint\",\"urlTemplate\":\"https:\/\/eurotext.de\/fr\/?s={search_term_string}\"},\"query-input\":\"required name=search_term_string\"}],\"inLanguage\":\"de\"},{\"@type\":\"Organization\",\"@id\":\"https:\/\/eurotext.de\/fr\/#organization\",\"name\":\"Eurotext AG\",\"url\":\"https:\/\/eurotext.de\/fr\/\",\"logo\":{\"@type\":\"ImageObject\",\"inLanguage\":\"de\",\"@id\":\"https:\/\/eurotext.de\/fr\/#\/schema\/logo\/image\/\",\"url\":\"https:\/\/eurotext.de\/fr\/wp-content\/uploads\/sites\/22\/2016\/05\/eurotext_logo.png\",\"contentUrl\":\"https:\/\/eurotext.de\/fr\/wp-content\/uploads\/sites\/22\/2016\/05\/eurotext_logo.png\",\"width\":125,\"height\":22,\"caption\":\"Eurotext AG\"},\"image\":{\"@id\":\"https:\/\/eurotext.de\/fr\/#\/schema\/logo\/image\/\"},\"sameAs\":[\"https:\/\/de-de.facebook.com\/Eurotext\/\",\"https:\/\/twitter.com\/eurotext\",\"https:\/\/de.linkedin.com\/company\/eurotext-ag\"]}]}<\/script>\n<!-- \/ Yoast SEO Premium plugin. -->","yoast_head_json":{"title":"translationMANAGER pour OXID \u2013 Eurotext AG","description":"Prenez une envergure internationale avec votre OXID eShop\u00a0: Le translationMANAGER est la premi\u00e8re solution de traduction professionnelle certifi\u00e9e pour OXID eSales.","robots":{"index":"index","follow":"follow","max-snippet":"max-snippet:-1","max-image-preview":"max-image-preview:large","max-video-preview":"max-video-preview:-1"},"canonical":"https:\/\/eurotext.de\/fr\/technologies\/plug-ins-de-traduction\/oxid\/","twitter_card":"summary_large_image","twitter_title":"translationMANAGER pour OXID \u2013 Eurotext AG","twitter_description":"Prenez une envergure internationale avec votre OXID eShop\u00a0: Le translationMANAGER est la premi\u00e8re solution de traduction professionnelle certifi\u00e9e pour OXID eSales.","twitter_image":"https:\/\/eurotext.de\/wp-content\/uploads\/2017\/05\/03-settings-1024x619.png","twitter_site":"@eurotext","twitter_misc":{"Gesch\u00e4tzte Lesezeit":"4\u00a0Minuten"},"schema":{"@context":"https:\/\/schema.org","@graph":[{"@type":"WebPage","@id":"https:\/\/eurotext.de\/fr\/technologies\/plug-ins-de-traduction\/oxid\/","url":"https:\/\/eurotext.de\/fr\/technologies\/plug-ins-de-traduction\/oxid\/","name":"translationMANAGER pour OXID \u2013 Eurotext AG","isPartOf":{"@id":"https:\/\/eurotext.de\/fr\/#website"},"datePublished":"2019-11-06T10:57:17+00:00","dateModified":"2021-07-22T06:37:41+00:00","description":"Prenez une envergure internationale avec votre OXID eShop\u00a0: Le translationMANAGER est la premi\u00e8re solution de traduction professionnelle certifi\u00e9e pour OXID eSales.","breadcrumb":{"@id":"https:\/\/eurotext.de\/fr\/technologies\/plug-ins-de-traduction\/oxid\/#breadcrumb"},"inLanguage":"de","potentialAction":[{"@type":"ReadAction","target":["https:\/\/eurotext.de\/fr\/technologies\/plug-ins-de-traduction\/oxid\/"]}]},{"@type":"BreadcrumbList","@id":"https:\/\/eurotext.de\/fr\/technologies\/plug-ins-de-traduction\/oxid\/#breadcrumb","itemListElement":[{"@type":"ListItem","position":1,"name":"Startseite","item":"https:\/\/eurotext.de\/fr\/"},{"@type":"ListItem","position":2,"name":"Technologies","item":"https:\/\/eurotext.de\/fr\/technologies\/"},{"@type":"ListItem","position":3,"name":"Plug-ins de traduction","item":"https:\/\/eurotext.de\/fr\/technologies\/plug-ins-de-traduction\/"},{"@type":"ListItem","position":4,"name":"translationMANAGER pour OXID"}]},{"@type":"WebSite","@id":"https:\/\/eurotext.de\/fr\/#website","url":"https:\/\/eurotext.de\/fr\/","name":"Eurotext AG","description":"Nous traduisons pour l&#039;industrie, l&#039;informatique et l&#039;e-commerce","publisher":{"@id":"https:\/\/eurotext.de\/fr\/#organization"},"potentialAction":[{"@type":"SearchAction","target":{"@type":"EntryPoint","urlTemplate":"https:\/\/eurotext.de\/fr\/?s={search_term_string}"},"query-input":"required name=search_term_string"}],"inLanguage":"de"},{"@type":"Organization","@id":"https:\/\/eurotext.de\/fr\/#organization","name":"Eurotext AG","url":"https:\/\/eurotext.de\/fr\/","logo":{"@type":"ImageObject","inLanguage":"de","@id":"https:\/\/eurotext.de\/fr\/#\/schema\/logo\/image\/","url":"https:\/\/eurotext.de\/fr\/wp-content\/uploads\/sites\/22\/2016\/05\/eurotext_logo.png","contentUrl":"https:\/\/eurotext.de\/fr\/wp-content\/uploads\/sites\/22\/2016\/05\/eurotext_logo.png","width":125,"height":22,"caption":"Eurotext AG"},"image":{"@id":"https:\/\/eurotext.de\/fr\/#\/schema\/logo\/image\/"},"sameAs":["https:\/\/de-de.facebook.com\/Eurotext\/","https:\/\/twitter.com\/eurotext","https:\/\/de.linkedin.com\/company\/eurotext-ag"]}]}},"_links":{"self":[{"href":"https:\/\/eurotext.de\/fr\/wp-json\/wp\/v2\/pages\/10306","targetHints":{"allow":["GET"]}}],"collection":[{"href":"https:\/\/eurotext.de\/fr\/wp-json\/wp\/v2\/pages"}],"about":[{"href":"https:\/\/eurotext.de\/fr\/wp-json\/wp\/v2\/types\/page"}],"author":[{"embeddable":true,"href":"https:\/\/eurotext.de\/fr\/wp-json\/wp\/v2\/users\/5"}],"replies":[{"embeddable":true,"href":"https:\/\/eurotext.de\/fr\/wp-json\/wp\/v2\/comments?post=10306"}],"version-history":[{"count":6,"href":"https:\/\/eurotext.de\/fr\/wp-json\/wp\/v2\/pages\/10306\/revisions"}],"predecessor-version":[{"id":10650,"href":"https:\/\/eurotext.de\/fr\/wp-json\/wp\/v2\/pages\/10306\/revisions\/10650"}],"up":[{"embeddable":true,"href":"https:\/\/eurotext.de\/fr\/wp-json\/wp\/v2\/pages\/10305"}],"wp:attachment":[{"href":"https:\/\/eurotext.de\/fr\/wp-json\/wp\/v2\/media?parent=10306"}],"curies":[{"name":"wp","href":"https:\/\/api.w.org\/{rel}","templated":true}]}}