{"id":10505,"date":"2019-11-19T11:43:40","date_gmt":"2019-11-19T10:43:40","guid":{"rendered":"https:\/\/eurotext.de\/es\/shopware-2\/translationmanager-fuer-shopware-live-demo\/"},"modified":"2021-02-10T09:13:00","modified_gmt":"2021-02-10T08:13:00","slug":"translationmanager-para-shopware-demostracion-en-directo","status":"publish","type":"page","link":"https:\/\/eurotext.de\/es\/tecnologia\/complementos-de-traduccion\/shopware\/translationmanager-para-shopware-demostracion-en-directo\/","title":{"rendered":"translationMANAGER para Shopware: demostraci\u00f3n en directo"},"content":{"rendered":"<h1>translationMANAGER para Shopware: demostraci\u00f3n en directo<\/h1>\n<p>&nbsp;<\/p>\n<p><strong>\u00a1Echa un vistazo a <a href=\"https:\/\/eurotext.de\/es\/tecnologia\/complementos-de-traduccion\/shopware\/\" target=\"_blank\" rel=\"noopener noreferrer\">translationMANAGER para Shopware<\/a> !<\/strong><br \/>\nSolo tienes que solicitar una demostraci\u00f3n gratuita y sin compromiso a trav\u00e9s de Webmeeting:<\/p>\n\n<div class=\"wpcf7 no-js\" id=\"wpcf7-f9479-o1\" lang=\"de-DE\" dir=\"ltr\">\n<div class=\"screen-reader-response\"><p role=\"status\" aria-live=\"polite\" aria-atomic=\"true\"><\/p> <ul><\/ul><\/div>\n<form action=\"\/es\/wp-json\/wp\/v2\/pages\/10505#wpcf7-f9479-o1\" method=\"post\" class=\"wpcf7-form init\" aria-label=\"Kontaktformular\" novalidate=\"novalidate\" data-status=\"init\">\n<div style=\"display: none;\">\n<input type=\"hidden\" name=\"_wpcf7\" value=\"9479\" \/>\n<input type=\"hidden\" name=\"_wpcf7_version\" value=\"5.9.8\" \/>\n<input type=\"hidden\" name=\"_wpcf7_locale\" value=\"de_DE\" \/>\n<input type=\"hidden\" name=\"_wpcf7_unit_tag\" value=\"wpcf7-f9479-o1\" \/>\n<input type=\"hidden\" name=\"_wpcf7_container_post\" value=\"0\" \/>\n<input type=\"hidden\" name=\"_wpcf7_posted_data_hash\" value=\"\" \/>\n<input type=\"hidden\" name=\"_wpcf7_recaptcha_response\" value=\"\" \/>\n<\/div>\n<p>Tratamiento (campo obligatorio)\n<\/p>\n<p><span class=\"wpcf7-form-control-wrap\" data-name=\"Anrede\"><select class=\"wpcf7-form-control wpcf7-select wpcf7-validates-as-required\" aria-required=\"true\" aria-invalid=\"false\" name=\"Anrede\"><option value=\"Empresa\">Empresa<\/option><option value=\"Sr.\">Sr.<\/option><option value=\"Sra.\">Sra.<\/option><\/select><\/span>\n<\/p>\n<p>Nombre (campo obligatorio)\n<\/p>\n<p><span class=\"wpcf7-form-control-wrap\" data-name=\"vorname_1\"><input size=\"40\" maxlength=\"400\" class=\"wpcf7-form-control wpcf7-text wpcf7-validates-as-required\" aria-required=\"true\" aria-invalid=\"false\" value=\"\" type=\"text\" name=\"vorname_1\" \/><\/span>\n<\/p>\n<p>Apellidos (campo obligatorio)\n<\/p>\n<p><span class=\"wpcf7-form-control-wrap\" data-name=\"nachname_1\"><input size=\"40\" maxlength=\"400\" class=\"wpcf7-form-control wpcf7-text wpcf7-validates-as-required\" aria-required=\"true\" aria-invalid=\"false\" value=\"\" type=\"text\" name=\"nachname_1\" \/><\/span>\n<\/p>\n<p>Correo electr\u00f3nico (campo obligatorio)\n<\/p>\n<p><span class=\"wpcf7-form-control-wrap\" data-name=\"email\"><input size=\"40\" maxlength=\"400\" class=\"wpcf7-form-control wpcf7-email wpcf7-validates-as-required wpcf7-text wpcf7-validates-as-email\" aria-required=\"true\" aria-invalid=\"false\" value=\"\" type=\"email\" name=\"email\" \/><\/span>\n<\/p>\n<p>Empresa (campo obligatorio)\n<\/p>\n<p><span class=\"wpcf7-form-control-wrap\" data-name=\"firma\"><input size=\"40\" maxlength=\"400\" class=\"wpcf7-form-control wpcf7-text wpcf7-validates-as-required\" aria-required=\"true\" aria-invalid=\"false\" value=\"\" type=\"text\" name=\"firma\" \/><\/span>\n<\/p>\n<p>Tel\u00e9fono (campo obligatorio)\n<\/p>\n<p><span class=\"wpcf7-form-control-wrap\" data-name=\"telefon\"><input size=\"40\" maxlength=\"400\" class=\"wpcf7-form-control wpcf7-text wpcf7-validates-as-required\" aria-required=\"true\" aria-invalid=\"false\" value=\"\" type=\"text\" name=\"telefon\" \/><\/span>\n<\/p>\n<p>URL de la tienda \/ URL del sitio web (campo obligatorio)\n<\/p>\n<p><span class=\"wpcf7-form-control-wrap\" data-name=\"url\"><input size=\"40\" maxlength=\"400\" class=\"wpcf7-form-control wpcf7-text wpcf7-validates-as-required\" aria-required=\"true\" aria-invalid=\"false\" value=\"\" type=\"text\" name=\"url\" \/><\/span>\n<\/p>\n<p>NUtilizas otro software para tiendas u otros sistemas de gesti\u00f3n de contenido, PIM o ERP\n<\/p>\n<p><span class=\"wpcf7-form-control-wrap\" data-name=\"systeme\"><input size=\"40\" maxlength=\"400\" class=\"wpcf7-form-control wpcf7-text\" aria-invalid=\"false\" value=\"\" type=\"text\" name=\"systeme\" \/><\/span>\n<\/p>\n<p><input class=\"wpcf7-form-control wpcf7-submit has-spinner\" type=\"submit\" value=\"Enviar\" \/>\n<\/p><div class=\"wpcf7-response-output\" aria-hidden=\"true\"><\/div>\n<\/form>\n<\/div>\n\n","protected":false},"excerpt":{"rendered":"<p>translationMANAGER para Shopware: demostraci\u00f3n en directo &nbsp; \u00a1Echa un vistazo a translationMANAGER para Shopware ! Solo tienes que solicitar una demostraci\u00f3n gratuita y sin compromiso a trav\u00e9s de Webmeeting:<\/p>\n","protected":false},"author":5,"featured_media":0,"parent":10504,"menu_order":3231,"comment_status":"closed","ping_status":"closed","template":"","meta":{"footnotes":""},"class_list":["post-10505","page","type-page","status-publish","hentry"],"yoast_head":"<!-- This site is optimized with the Yoast SEO Premium plugin v21.9 (Yoast SEO v21.9.1) - https:\/\/yoast.com\/wordpress\/plugins\/seo\/ -->\n<title>translationMANAGER para Shopware: demostraci\u00f3n \u2013 Eurotext AG<\/title>\n<meta name=\"description\" content=\"Echa un vistazo a la demostraci\u00f3n en directo de translationMANAGER para Shopware y comprueba por ti mismo lo f\u00e1cil que puede ser la internacionalizaci\u00f3n.\" \/>\n<meta name=\"robots\" content=\"index, follow, max-snippet:-1, max-image-preview:large, max-video-preview:-1\" \/>\n<link rel=\"canonical\" href=\"https:\/\/eurotext.de\/es\/tecnologia\/complementos-de-traduccion\/shopware\/translationmanager-para-shopware-demostracion-en-directo\/\" \/>\n<meta property=\"og:locale\" content=\"de_DE\" \/>\n<meta property=\"og:type\" content=\"article\" \/>\n<meta property=\"og:title\" content=\"translationMANAGER para Shopware: demostraci\u00f3n en directo\" \/>\n<meta property=\"og:description\" content=\"translationMANAGER para Shopware: demostraci\u00f3n en directo &nbsp; \u00a1Echa un vistazo a translationMANAGER para Shopware ! Solo tienes que solicitar una\" \/>\n<meta property=\"og:url\" content=\"https:\/\/eurotext.de\/es\/tecnologia\/complementos-de-traduccion\/shopware\/translationmanager-para-shopware-demostracion-en-directo\/\" \/>\n<meta property=\"og:site_name\" content=\"Eurotext AG\" \/>\n<meta property=\"article:publisher\" content=\"https:\/\/de-de.facebook.com\/Eurotext\/\" \/>\n<meta property=\"article:modified_time\" content=\"2021-02-10T08:13:00+00:00\" \/>\n<meta name=\"twitter:card\" content=\"summary_large_image\" \/>\n<meta name=\"twitter:site\" content=\"@eurotext\" \/>\n<script type=\"application\/ld+json\" class=\"yoast-schema-graph\">{\"@context\":\"https:\/\/schema.org\",\"@graph\":[{\"@type\":\"WebPage\",\"@id\":\"https:\/\/eurotext.de\/es\/tecnologia\/complementos-de-traduccion\/shopware\/translationmanager-para-shopware-demostracion-en-directo\/\",\"url\":\"https:\/\/eurotext.de\/es\/tecnologia\/complementos-de-traduccion\/shopware\/translationmanager-para-shopware-demostracion-en-directo\/\",\"name\":\"translationMANAGER para Shopware: demostraci\u00f3n \u2013 Eurotext AG\",\"isPartOf\":{\"@id\":\"https:\/\/eurotext.de\/es\/#website\"},\"datePublished\":\"2019-11-19T10:43:40+00:00\",\"dateModified\":\"2021-02-10T08:13:00+00:00\",\"description\":\"Echa un vistazo a la demostraci\u00f3n en directo de translationMANAGER para Shopware y comprueba por ti mismo lo f\u00e1cil que puede ser la internacionalizaci\u00f3n.\",\"breadcrumb\":{\"@id\":\"https:\/\/eurotext.de\/es\/tecnologia\/complementos-de-traduccion\/shopware\/translationmanager-para-shopware-demostracion-en-directo\/#breadcrumb\"},\"inLanguage\":\"de\",\"potentialAction\":[{\"@type\":\"ReadAction\",\"target\":[\"https:\/\/eurotext.de\/es\/tecnologia\/complementos-de-traduccion\/shopware\/translationmanager-para-shopware-demostracion-en-directo\/\"]}]},{\"@type\":\"BreadcrumbList\",\"@id\":\"https:\/\/eurotext.de\/es\/tecnologia\/complementos-de-traduccion\/shopware\/translationmanager-para-shopware-demostracion-en-directo\/#breadcrumb\",\"itemListElement\":[{\"@type\":\"ListItem\",\"position\":1,\"name\":\"Startseite\",\"item\":\"https:\/\/eurotext.de\/es\/\"},{\"@type\":\"ListItem\",\"position\":2,\"name\":\"Tecnolog\u00eda\",\"item\":\"https:\/\/eurotext.de\/es\/tecnologia\/\"},{\"@type\":\"ListItem\",\"position\":3,\"name\":\"Complementos de traducci\u00f3n\",\"item\":\"https:\/\/eurotext.de\/es\/tecnologia\/complementos-de-traduccion\/\"},{\"@type\":\"ListItem\",\"position\":4,\"name\":\"translationMANAGER para Shopware\",\"item\":\"https:\/\/eurotext.de\/es\/tecnologia\/complementos-de-traduccion\/shopware\/\"},{\"@type\":\"ListItem\",\"position\":5,\"name\":\"translationMANAGER para Shopware: demostraci\u00f3n en directo\"}]},{\"@type\":\"WebSite\",\"@id\":\"https:\/\/eurotext.de\/es\/#website\",\"url\":\"https:\/\/eurotext.de\/es\/\",\"name\":\"Eurotext AG\",\"description\":\"Traducimos para la industria, las TI y el comercio electr\u00f3nico\",\"publisher\":{\"@id\":\"https:\/\/eurotext.de\/es\/#organization\"},\"potentialAction\":[{\"@type\":\"SearchAction\",\"target\":{\"@type\":\"EntryPoint\",\"urlTemplate\":\"https:\/\/eurotext.de\/es\/?s={search_term_string}\"},\"query-input\":\"required name=search_term_string\"}],\"inLanguage\":\"de\"},{\"@type\":\"Organization\",\"@id\":\"https:\/\/eurotext.de\/es\/#organization\",\"name\":\"Eurotext AG\",\"url\":\"https:\/\/eurotext.de\/es\/\",\"logo\":{\"@type\":\"ImageObject\",\"inLanguage\":\"de\",\"@id\":\"https:\/\/eurotext.de\/es\/#\/schema\/logo\/image\/\",\"url\":\"https:\/\/eurotext.de\/es\/wp-content\/uploads\/sites\/32\/2016\/05\/eurotext_logo.png\",\"contentUrl\":\"https:\/\/eurotext.de\/es\/wp-content\/uploads\/sites\/32\/2016\/05\/eurotext_logo.png\",\"width\":125,\"height\":22,\"caption\":\"Eurotext AG\"},\"image\":{\"@id\":\"https:\/\/eurotext.de\/es\/#\/schema\/logo\/image\/\"},\"sameAs\":[\"https:\/\/de-de.facebook.com\/Eurotext\/\",\"https:\/\/twitter.com\/eurotext\",\"https:\/\/de.linkedin.com\/company\/eurotext-ag\"]}]}<\/script>\n<!-- \/ Yoast SEO Premium plugin. -->","yoast_head_json":{"title":"translationMANAGER para Shopware: demostraci\u00f3n \u2013 Eurotext AG","description":"Echa un vistazo a la demostraci\u00f3n en directo de translationMANAGER para Shopware y comprueba por ti mismo lo f\u00e1cil que puede ser la internacionalizaci\u00f3n.","robots":{"index":"index","follow":"follow","max-snippet":"max-snippet:-1","max-image-preview":"max-image-preview:large","max-video-preview":"max-video-preview:-1"},"canonical":"https:\/\/eurotext.de\/es\/tecnologia\/complementos-de-traduccion\/shopware\/translationmanager-para-shopware-demostracion-en-directo\/","og_locale":"de_DE","og_type":"article","og_title":"translationMANAGER para Shopware: demostraci\u00f3n en directo","og_description":"translationMANAGER para Shopware: demostraci\u00f3n en directo &nbsp; \u00a1Echa un vistazo a translationMANAGER para Shopware ! Solo tienes que solicitar una","og_url":"https:\/\/eurotext.de\/es\/tecnologia\/complementos-de-traduccion\/shopware\/translationmanager-para-shopware-demostracion-en-directo\/","og_site_name":"Eurotext AG","article_publisher":"https:\/\/de-de.facebook.com\/Eurotext\/","article_modified_time":"2021-02-10T08:13:00+00:00","twitter_card":"summary_large_image","twitter_site":"@eurotext","schema":{"@context":"https:\/\/schema.org","@graph":[{"@type":"WebPage","@id":"https:\/\/eurotext.de\/es\/tecnologia\/complementos-de-traduccion\/shopware\/translationmanager-para-shopware-demostracion-en-directo\/","url":"https:\/\/eurotext.de\/es\/tecnologia\/complementos-de-traduccion\/shopware\/translationmanager-para-shopware-demostracion-en-directo\/","name":"translationMANAGER para Shopware: demostraci\u00f3n \u2013 Eurotext AG","isPartOf":{"@id":"https:\/\/eurotext.de\/es\/#website"},"datePublished":"2019-11-19T10:43:40+00:00","dateModified":"2021-02-10T08:13:00+00:00","description":"Echa un vistazo a la demostraci\u00f3n en directo de translationMANAGER para Shopware y comprueba por ti mismo lo f\u00e1cil que puede ser la internacionalizaci\u00f3n.","breadcrumb":{"@id":"https:\/\/eurotext.de\/es\/tecnologia\/complementos-de-traduccion\/shopware\/translationmanager-para-shopware-demostracion-en-directo\/#breadcrumb"},"inLanguage":"de","potentialAction":[{"@type":"ReadAction","target":["https:\/\/eurotext.de\/es\/tecnologia\/complementos-de-traduccion\/shopware\/translationmanager-para-shopware-demostracion-en-directo\/"]}]},{"@type":"BreadcrumbList","@id":"https:\/\/eurotext.de\/es\/tecnologia\/complementos-de-traduccion\/shopware\/translationmanager-para-shopware-demostracion-en-directo\/#breadcrumb","itemListElement":[{"@type":"ListItem","position":1,"name":"Startseite","item":"https:\/\/eurotext.de\/es\/"},{"@type":"ListItem","position":2,"name":"Tecnolog\u00eda","item":"https:\/\/eurotext.de\/es\/tecnologia\/"},{"@type":"ListItem","position":3,"name":"Complementos de traducci\u00f3n","item":"https:\/\/eurotext.de\/es\/tecnologia\/complementos-de-traduccion\/"},{"@type":"ListItem","position":4,"name":"translationMANAGER para Shopware","item":"https:\/\/eurotext.de\/es\/tecnologia\/complementos-de-traduccion\/shopware\/"},{"@type":"ListItem","position":5,"name":"translationMANAGER para Shopware: demostraci\u00f3n en directo"}]},{"@type":"WebSite","@id":"https:\/\/eurotext.de\/es\/#website","url":"https:\/\/eurotext.de\/es\/","name":"Eurotext AG","description":"Traducimos para la industria, las TI y el comercio electr\u00f3nico","publisher":{"@id":"https:\/\/eurotext.de\/es\/#organization"},"potentialAction":[{"@type":"SearchAction","target":{"@type":"EntryPoint","urlTemplate":"https:\/\/eurotext.de\/es\/?s={search_term_string}"},"query-input":"required name=search_term_string"}],"inLanguage":"de"},{"@type":"Organization","@id":"https:\/\/eurotext.de\/es\/#organization","name":"Eurotext AG","url":"https:\/\/eurotext.de\/es\/","logo":{"@type":"ImageObject","inLanguage":"de","@id":"https:\/\/eurotext.de\/es\/#\/schema\/logo\/image\/","url":"https:\/\/eurotext.de\/es\/wp-content\/uploads\/sites\/32\/2016\/05\/eurotext_logo.png","contentUrl":"https:\/\/eurotext.de\/es\/wp-content\/uploads\/sites\/32\/2016\/05\/eurotext_logo.png","width":125,"height":22,"caption":"Eurotext AG"},"image":{"@id":"https:\/\/eurotext.de\/es\/#\/schema\/logo\/image\/"},"sameAs":["https:\/\/de-de.facebook.com\/Eurotext\/","https:\/\/twitter.com\/eurotext","https:\/\/de.linkedin.com\/company\/eurotext-ag"]}]}},"_links":{"self":[{"href":"https:\/\/eurotext.de\/es\/wp-json\/wp\/v2\/pages\/10505","targetHints":{"allow":["GET"]}}],"collection":[{"href":"https:\/\/eurotext.de\/es\/wp-json\/wp\/v2\/pages"}],"about":[{"href":"https:\/\/eurotext.de\/es\/wp-json\/wp\/v2\/types\/page"}],"author":[{"embeddable":true,"href":"https:\/\/eurotext.de\/es\/wp-json\/wp\/v2\/users\/5"}],"replies":[{"embeddable":true,"href":"https:\/\/eurotext.de\/es\/wp-json\/wp\/v2\/comments?post=10505"}],"version-history":[{"count":3,"href":"https:\/\/eurotext.de\/es\/wp-json\/wp\/v2\/pages\/10505\/revisions"}],"predecessor-version":[{"id":10691,"href":"https:\/\/eurotext.de\/es\/wp-json\/wp\/v2\/pages\/10505\/revisions\/10691"}],"up":[{"embeddable":true,"href":"https:\/\/eurotext.de\/es\/wp-json\/wp\/v2\/pages\/10504"}],"wp:attachment":[{"href":"https:\/\/eurotext.de\/es\/wp-json\/wp\/v2\/media?parent=10505"}],"curies":[{"name":"wp","href":"https:\/\/api.w.org\/{rel}","templated":true}]}}