{"id":10503,"date":"2019-11-06T11:54:22","date_gmt":"2019-11-06T10:54:22","guid":{"rendered":"https:\/\/eurotext.de\/es\/magento-2\/"},"modified":"2021-09-07T12:35:41","modified_gmt":"2021-09-07T10:35:41","slug":"magento-2","status":"publish","type":"page","link":"https:\/\/eurotext.de\/es\/tecnologia\/complementos-de-traduccion\/magento-2\/","title":{"rendered":"translationMANAGER para Magento 2"},"content":{"rendered":"<p><div class=\"parallax-container\" data-parallax=\"scroll\" data-bleed=\"10\" data-image-src=\"https:\/\/eurotext.de\/wp-content\/uploads\/2020\/06\/magento_tuerkis_04.png\"> <div class=\"parallax-window\"> <div class=\"parallax-slider parallax-banner__content\" style=\"\"><h1 class='parallax-banner__headline'>translationMANAGER para Magento 2<\/h1><p class=\"parallax-banner__text\">Con <strong>translationMANAGER para Magento 2<\/strong> podr\u00e1s completar proyectos de internacionalizaci\u00f3n con mayor facilidad: sus funciones inteligentes aseguran <strong>flujos de trabajo eficientes<\/strong>, mientras que la conexi\u00f3n directa con el <strong>portal de traducci\u00f3n de Eurotext<\/strong> con distintos equipos ling\u00fc\u00edsticos para m\u00e1s de 50 idiomas garantiza <strong>traducciones de alta calidad<\/strong>. Ya nada se interpondr\u00e1 en tu camino hacia el \u00e9xito internacional.<\/p><\/div> <\/div> <\/div><div class=\"banner banner--hasImageList\"><div class=\"layout-wrapper\"><span class=\"banner__text\"><img loading=\"lazy\" decoding=\"async\" class=\"alignnone wp-image-180\" src=\"https:\/\/eurotext.de\/wp-content\/uploads\/2020\/06\/Magento-1.png\" alt=\"Magento shop translations\" width=\"160\" height=\"54\" \/><\/span><\/div><\/div><\/p>\n<div class=\"iconboxes\">\n                    <div class=\"layout-wrapper\"><div class=\"iconbox \">\n                    <i class=\"icon ion-search\"><\/i>\n                    <div class=\"iconbox__text\">\n<h2>Selecci\u00f3n espec\u00edfica de textos<\/h2>\n<p>Selecciona textos de art\u00edculos, atributos y categor\u00edas y traduce tus textos a m\u00e1s de 50 idiomas. \u00a1La internacionalizaci\u00f3n nunca fue tan f\u00e1cil en Magento 2!<\/div>\n                <\/div><div class=\"iconbox \">\n                    <i class=\"icon ion-levels\"><\/i>\n                    <div class=\"iconbox__text\">\n<h2>Ampliamente personalizable<\/h2>\n<p>translationMANAGER para Magento 2 ofrece a agencias, desarrolladores y usuarios con conocimientos t\u00e9cnicos m\u00faltiples posibilidades de personalizaci\u00f3n: compatibilidad con terceros, secuencias en l\u00ednea de comandos, opciones de expansi\u00f3n\u2026 De esta manera, se integra a la perfecci\u00f3n en los proyectos de los clientes. <\/div>\n                <\/div><div class=\"iconbox \">\n                    <i class=\"icon ion-speedometer\"><\/i>\n                    <div class=\"iconbox__text\">\n<h2>Tecnolog\u00eda eficiente<\/h2>\n<p>translationMANAGER trabaja de manera muy eficiente: los procesos de importaci\u00f3n e importaci\u00f3n se ejecutan de forma asincr\u00f3nica en segundo plano para no sobrecargar el servidor. De esta manera, el rendimiento front-end no se ve afectado. <\/div>\n                <\/div><div class=\"iconbox \">\n                    <i class=\"icon ion-wrench\"><\/i>\n                    <div class=\"iconbox__text\">\n<h2>C\u00f3digo fuente abierto<\/h2>\n<p>La transparencia es muy importante para nosotros. Por ello, el c\u00f3digo fuente de <a href=\"https:\/\/github.com\/Eurotext\" target=\"_blank\" rel=\"noopener noreferrer\">translationMANAGER se encuentra disponible en GitHub<\/a>, completamente abierto y sin cifrar. As\u00ed pues, puedes verificarlo, modificarlo, ampliarlo y adaptarlo en funci\u00f3n de tus necesidades.<br \/>\n<\/div>\n                <\/div><div class=\"iconbox \">\n                    <i class=\"icon ion-checkmark-circled\"><\/i>\n                    <div class=\"iconbox__text\">\n<h2>Pensado para Magento 2<\/h2>\n<p>Hemos desarrollado translationMANAGER espec\u00edficamente para Magento 2, tomando en consideraci\u00f3n todas sus particularidades y posibilidades.<br \/>\n(Probado a partir de Magento v. 2.2.4)<\/p>\n<\/div>\n                <\/div><div class=\"iconbox \">\n                    <i class=\"icon ion-gear-b\"><\/i>\n                    <div class=\"iconbox__text\">\n<h2>Soluciones para cualquier tienda<\/h2>\n<p>El desarrollo de translationMANAGER para Magento 2 se ha basado en toda nuestra experiencia previa con <a href=\"https:\/\/eurotext.de\/es\/tecnologia\/complementos-de-traduccion\/magento-1\/\"><strong>translationMANAGER para Magento 1<\/strong><\/a> y las valoraciones de nuestros clientes. Por supuesto, seguimos ofreciendo la primera versi\u00f3n y la perfeccionamos continuamente.<\/div>\n                <\/div><\/div>\n                <\/div>\n<p><div class=\"banner banner--small banner--withTextAndButton banner--button-on-right-side banner--blue-background\"><div class=\"layout-wrapper\"><div class=\"banner__text\">\u00a1Sigue nuestro c\u00f3digo en GitHub!<\/div><div class=\"banner__button\"><a class=\" button button--juice\" target=\"_self\" href=\"https:\/\/github.com\/Eurotext\">Eurotext @ GitHub<\/a><\/div><\/div><\/div><div class=\"parallax-container\" data-parallax=\"scroll\" data-bleed=\"10\" data-image-src=\"https:\/\/eurotext.de\/wp-content\/uploads\/2020\/06\/magento_tuerkis_04.png\"> <div class=\"parallax-window\"> <div class=\"parallax-slider parallax-banner__content\" style=\"\"><h2 class='parallax-banner__headline'><\/h2><p class=\"parallax-banner__text\"><img loading=\"lazy\" decoding=\"async\" class=\"aligncenter wp-image-5422 size-full\" src=\"https:\/\/eurotext.de\/en\/wp-content\/uploads\/sites\/2\/2017\/01\/TM-Icon-Kreis.png\" alt=\"translationMANAGER\" width=\"120\" height=\"119\" \/><br \/> translationMANAGER para Magento 2<br \/> <strong><a href=\"https:\/\/eurotext.de\/es\/documentacion\/\" target=\"_blank\" rel=\"noopener noreferrer\"><span style=\"color: #f9af14\">Manual y documentaci\u00f3n<\/span><\/a><\/strong><br \/> <\/p><a target=\"_blank\" href=\"https:\/\/packagist.org\/packages\/eurotext\/magento2-translation-manager\" class=\"parallax-banner__button button button--withIcon \"> <i class=\"iconion-android-download\"><\/i>Descargar<\/a><\/div> <\/div> <\/div><\/p>\n<div class='content-column content-column-row '><\/p>\n<div class='content-column full_width'>\n<p>&nbsp;<\/p>\n<p>&nbsp;<\/p>\n<\/div><div class='clear_column'><\/div>\n<div class='content-column one_half'>Tras el gran \u00e9xito de <a style=\"color: #f9af14;\" href=\"https:\/\/eurotext.de\/es\/tecnologia\/complementos-de-traduccion\/magento-1\/\"><strong>translationMANAGER para Magento<\/strong><\/a> hemos puesto nuestra experiencia en una soluci\u00f3n de traducci\u00f3n para <strong>Magento 2<\/strong>. Adem\u00e1s de sus funciones ya conocidas (mecanismos de selecci\u00f3n inteligentes, flujos sencillos de exportaci\u00f3n e importaci\u00f3n) y la conexi\u00f3n directa con el portal de traducci\u00f3n de Eurotext, con m\u00e1s de 4000 traductores profesionales nativos, translationMANAGER para Magento 2 presenta una impresionante adaptabilidad. Ofrece a agencias y usuarios avanzados un abanico de posibilidades para adaptar las tiendas y los sistemas existentes al multiling\u00fcismo.<\/p>\n<p>Nuestro objetivo es integrar todav\u00eda mejor los <strong>flujos de traducci\u00f3n<\/strong> en la gesti\u00f3n diaria de tu negocio para garantizar que tu empresa funcione sin problemas en todo el mundo.<\/p>\n<p>El <strong>paquete de instalaci\u00f3n<\/strong> de <strong>translationMANAGER para Magento 2<\/strong> estar\u00e1 disponible en breve en el mercado, pero ya puedes hacerte con \u00e9l en nuestro sitio web. \u00bfQuieres que te enviemos el paquete de instalaci\u00f3n? Para ello, rellena el siguiente formulario:<\/div><div class='content-column one_half last_column'>\n<h2><em><span style=\"color: #1aa59b;\">\u00abS\u00ed, quiero recibir<br \/>\n<strong>translationMANAGER para<br \/>\nMagento 2<\/strong>\u00bb.<\/span><\/em><\/h2>\n\n<div class=\"wpcf7 no-js\" id=\"wpcf7-f9529-o1\" lang=\"de-DE\" dir=\"ltr\">\n<div class=\"screen-reader-response\"><p role=\"status\" aria-live=\"polite\" aria-atomic=\"true\"><\/p> <ul><\/ul><\/div>\n<form action=\"\/es\/wp-json\/wp\/v2\/pages\/10503#wpcf7-f9529-o1\" method=\"post\" class=\"wpcf7-form init\" aria-label=\"Kontaktformular\" novalidate=\"novalidate\" data-status=\"init\">\n<div style=\"display: none;\">\n<input type=\"hidden\" name=\"_wpcf7\" value=\"9529\" \/>\n<input type=\"hidden\" name=\"_wpcf7_version\" value=\"5.9.8\" \/>\n<input type=\"hidden\" name=\"_wpcf7_locale\" value=\"de_DE\" \/>\n<input type=\"hidden\" name=\"_wpcf7_unit_tag\" value=\"wpcf7-f9529-o1\" \/>\n<input type=\"hidden\" name=\"_wpcf7_container_post\" value=\"0\" \/>\n<input type=\"hidden\" name=\"_wpcf7_posted_data_hash\" value=\"\" \/>\n<input type=\"hidden\" name=\"_wpcf7_recaptcha_response\" value=\"\" \/>\n<\/div>\n<p><label> Nombre (campo obligatorio)<br \/>\n<span class=\"wpcf7-form-control-wrap\" data-name=\"your-name\"><input size=\"40\" maxlength=\"400\" class=\"wpcf7-form-control wpcf7-text wpcf7-validates-as-required\" aria-required=\"true\" aria-invalid=\"false\" value=\"\" type=\"text\" name=\"your-name\" \/><\/span> <\/label>\n<\/p>\n<p><label> Correo electr\u00f3nico (campo obligatorio)<br \/>\n<span class=\"wpcf7-form-control-wrap\" data-name=\"your-email\"><input size=\"40\" maxlength=\"400\" class=\"wpcf7-form-control wpcf7-email wpcf7-validates-as-required wpcf7-text wpcf7-validates-as-email\" aria-required=\"true\" aria-invalid=\"false\" value=\"\" type=\"email\" name=\"your-email\" \/><\/span> <\/label>\n<\/p>\n<p><input class=\"wpcf7-form-control wpcf7-submit has-spinner\" type=\"submit\" value=\"Enviar\" \/>\n<\/p><div class=\"wpcf7-response-output\" aria-hidden=\"true\"><\/div>\n<\/form>\n<\/div>\n\n<\/div><div class='clear_column'><\/div><\/div><div class='clear_column'><\/div>\n<p><div class=\"banner banner--small banner--withTextAndButton banner--button-on-right-side banner--blue-background\"><div class=\"layout-wrapper\"><div class=\"banner__text\">\u00bfNecesitas una soluci\u00f3n para Magento 1?<\/div><div class=\"banner__button\"><a class=\" button button--juice\" target=\"_self\" href=\"https:\/\/eurotext.de\/es\/tecnologia\/complementos-de-traduccion\/magento-1\/\">Magento 1<\/a><\/div><\/div><\/div><div class=\"parallax-container\" data-parallax=\"scroll\" data-bleed=\"10\" data-image-src=\"https:\/\/eurotext.de\/wp-content\/uploads\/2020\/06\/magento_tuerkis_04.png\"> <div class=\"parallax-window\"> <div class=\"parallax-slider parallax-banner__content\" style=\"\"><h1 class='parallax-banner__headline'>Exportaci\u00f3n estructurada de archivos de idioma para una traducci\u00f3n \u00f3ptima<\/h1><p class=\"parallax-banner__text\"><strong>Magento 2<\/strong> ya no ofrece por defecto la exportaci\u00f3n de<strong> archivos de idioma<\/strong> para determinadas partes o m\u00f3dulos de la tienda.<br \/> En su lugar, Magento 2 crea un archivo \u00fanico en el que se recogen todos los segmentos traducidos de la tienda entera.<br \/> Te ofrecemos una <strong>soluci\u00f3n gratuita<\/strong> para remediarlo, que te permite exportar los archivos de idioma de manera estructurada seg\u00fan el m\u00f3dulo y la lengua de partida para poder traducirlos correctamente y de forma sostenible. <\/p><\/div> <\/div> <\/div><\/p>\n<div class=\"iconboxes\">\n                    <div class=\"layout-wrapper\"><div class=\"iconbox \">\n                    <i class=\"icon ion-android-bulb\"><\/i>\n                    <div class=\"iconbox__text\">\n<h2>Exportaciones estructuradas<\/h2>\n<p>Gracias a la secuencia de comandos de exportaci\u00f3n, pueden crearse archivos de idioma para cada m\u00f3dulo. De esta manera, es posible asociar los segmentos a determinados \u00e1mbitos y funciones de la tienda y traducirlos en funci\u00f3n del contexto. Esto mejora notablemente la calidad de la traducci\u00f3n.<\/div>\n                <\/div><div class=\"iconbox \">\n                    <i class=\"icon ion-chatbubbles\"><\/i>\n                    <div class=\"iconbox__text\">\n<h2>Traducir con mayor facilidad<\/h2>\n<p>Los archivos de idioma creados contienen una gran diversidad de idiomas en funci\u00f3n de la extensi\u00f3n instalada, lo que conlleva m\u00e1s trabajo y puede provocar errores de traducci\u00f3n. La secuencia de comandos de exportaci\u00f3n te permite crear archivos de idioma por separado que se pueden organizar y traducir f\u00e1cilmente sin procesamiento adicional.<\/div>\n                <\/div><div class=\"iconbox \">\n                    <i class=\"icon ion-heart\"><\/i>\n                    <div class=\"iconbox__text\">\n<h2>Gratis y sin compromiso<\/h2>\n<p>Te ofrecemos la secuencia de comandos de exportaci\u00f3n de forma gratuita y sin ning\u00fan tipo de compromiso.<\/p>\n<p>Puedes solicitarlo mediante el formulario que encontrar\u00e1s m\u00e1s abajo.<\/div>\n                <\/div><\/div>\n                <\/div>\n<div class='content-column content-column-row '><\/p>\n<div class='content-column full_width'>\n<p>&nbsp;<\/p>\n<p>&nbsp;<\/p>\n<\/div><div class='clear_column'><\/div><div class='content-column one_half'>\n<p>\u00bfEst\u00e1s <strong>interesado<\/strong> en una opci\u00f3n de exportaci\u00f3n gratuita de archivos de idioma estructurados en Magento 2? En ese caso, rellena el siguiente formulario. Enseguida nos pondremos en contacto contigo y te enviaremos los archivos.<\/p>\n<p><em>Atenci\u00f3n: actualmente la serie de comandos para exportar archivos de idioma de Magento 2 es una <strong>soluci\u00f3n t\u00e9cnica avanzada<\/strong>, por lo que debe utilizarla un desarrollador con experiencia.<\/em><\/p>\n<\/div><div class='content-column one_half last_column'>\n<h2><em><span style=\"color: #1aa59b;\">\u00abS\u00ed, quiero tener la serie de comandos para<br \/>\n<strong>exportar archivos de idioma estructurados<br \/>\nen Magento 2<\/strong>\u00bb.<\/span><\/em><\/h2>\n\n<div class=\"wpcf7 no-js\" id=\"wpcf7-f9529-o2\" lang=\"de-DE\" dir=\"ltr\">\n<div class=\"screen-reader-response\"><p role=\"status\" aria-live=\"polite\" aria-atomic=\"true\"><\/p> <ul><\/ul><\/div>\n<form action=\"\/es\/wp-json\/wp\/v2\/pages\/10503#wpcf7-f9529-o2\" method=\"post\" class=\"wpcf7-form init\" aria-label=\"Kontaktformular\" novalidate=\"novalidate\" data-status=\"init\">\n<div style=\"display: none;\">\n<input type=\"hidden\" name=\"_wpcf7\" value=\"9529\" \/>\n<input type=\"hidden\" name=\"_wpcf7_version\" value=\"5.9.8\" \/>\n<input type=\"hidden\" name=\"_wpcf7_locale\" value=\"de_DE\" \/>\n<input type=\"hidden\" name=\"_wpcf7_unit_tag\" value=\"wpcf7-f9529-o2\" \/>\n<input type=\"hidden\" name=\"_wpcf7_container_post\" value=\"0\" \/>\n<input type=\"hidden\" name=\"_wpcf7_posted_data_hash\" value=\"\" \/>\n<input type=\"hidden\" name=\"_wpcf7_recaptcha_response\" value=\"\" \/>\n<\/div>\n<p><label> Nombre (campo obligatorio)<br \/>\n<span class=\"wpcf7-form-control-wrap\" data-name=\"your-name\"><input size=\"40\" maxlength=\"400\" class=\"wpcf7-form-control wpcf7-text wpcf7-validates-as-required\" aria-required=\"true\" aria-invalid=\"false\" value=\"\" type=\"text\" name=\"your-name\" \/><\/span> <\/label>\n<\/p>\n<p><label> Correo electr\u00f3nico (campo obligatorio)<br \/>\n<span class=\"wpcf7-form-control-wrap\" data-name=\"your-email\"><input size=\"40\" maxlength=\"400\" class=\"wpcf7-form-control wpcf7-email wpcf7-validates-as-required wpcf7-text wpcf7-validates-as-email\" aria-required=\"true\" aria-invalid=\"false\" value=\"\" type=\"email\" name=\"your-email\" \/><\/span> <\/label>\n<\/p>\n<p><input class=\"wpcf7-form-control wpcf7-submit has-spinner\" type=\"submit\" value=\"Enviar\" \/>\n<\/p><div class=\"wpcf7-response-output\" aria-hidden=\"true\"><\/div>\n<\/form>\n<\/div>\n\n<\/div><div class='clear_column'><\/div><\/div><div class='clear_column'><\/div>\n","protected":false},"excerpt":{"rendered":"","protected":false},"author":5,"featured_media":0,"parent":10534,"menu_order":3223,"comment_status":"closed","ping_status":"closed","template":"full-width-page.php","meta":{"footnotes":""},"class_list":["post-10503","page","type-page","status-publish","hentry"],"yoast_head":"<!-- This site is optimized with the Yoast SEO Premium plugin v21.9 (Yoast SEO v21.9.1) - https:\/\/yoast.com\/wordpress\/plugins\/seo\/ -->\n<title>Traducci\u00f3n de tiendas en l\u00ednea con translationMANAGER para Magento 2<\/title>\n<meta name=\"description\" content=\"Con translationMANAGER para Magento 2 podr\u00e1s completar proyectos de internacionalizaci\u00f3n con mayor facilidad: Funciones de selecci\u00f3n inteligentes \u2714 Importaci\u00f3n y exportaci\u00f3n sin problemas \u2714\" \/>\n<meta name=\"robots\" content=\"index, follow, max-snippet:-1, max-image-preview:large, max-video-preview:-1\" \/>\n<link rel=\"canonical\" href=\"https:\/\/eurotext.de\/es\/tecnologia\/complementos-de-traduccion\/magento-2\/\" \/>\n<meta property=\"og:locale\" content=\"de_DE\" \/>\n<meta property=\"og:type\" content=\"article\" \/>\n<meta property=\"og:title\" content=\"translationMANAGER para Magento 2\" \/>\n<meta property=\"og:url\" content=\"https:\/\/eurotext.de\/es\/tecnologia\/complementos-de-traduccion\/magento-2\/\" \/>\n<meta property=\"og:site_name\" content=\"Eurotext AG\" \/>\n<meta property=\"article:publisher\" content=\"https:\/\/de-de.facebook.com\/Eurotext\/\" \/>\n<meta property=\"article:modified_time\" content=\"2021-09-07T10:35:41+00:00\" \/>\n<meta property=\"og:image\" content=\"https:\/\/eurotext.de\/wp-content\/uploads\/2020\/06\/Magento-1.png\" \/>\n<meta name=\"twitter:card\" content=\"summary_large_image\" \/>\n<meta name=\"twitter:site\" content=\"@eurotext\" \/>\n<meta name=\"twitter:label1\" content=\"Gesch\u00e4tzte Lesezeit\" \/>\n\t<meta name=\"twitter:data1\" content=\"5\u00a0Minuten\" \/>\n<script type=\"application\/ld+json\" class=\"yoast-schema-graph\">{\"@context\":\"https:\/\/schema.org\",\"@graph\":[{\"@type\":\"WebPage\",\"@id\":\"https:\/\/eurotext.de\/es\/tecnologia\/complementos-de-traduccion\/magento-2\/\",\"url\":\"https:\/\/eurotext.de\/es\/tecnologia\/complementos-de-traduccion\/magento-2\/\",\"name\":\"Traducci\u00f3n de tiendas en l\u00ednea con translationMANAGER para Magento 2\",\"isPartOf\":{\"@id\":\"https:\/\/eurotext.de\/es\/#website\"},\"datePublished\":\"2019-11-06T10:54:22+00:00\",\"dateModified\":\"2021-09-07T10:35:41+00:00\",\"description\":\"Con translationMANAGER para Magento 2 podr\u00e1s completar proyectos de internacionalizaci\u00f3n con mayor facilidad: Funciones de selecci\u00f3n inteligentes \u2714 Importaci\u00f3n y exportaci\u00f3n sin problemas \u2714\",\"breadcrumb\":{\"@id\":\"https:\/\/eurotext.de\/es\/tecnologia\/complementos-de-traduccion\/magento-2\/#breadcrumb\"},\"inLanguage\":\"de\",\"potentialAction\":[{\"@type\":\"ReadAction\",\"target\":[\"https:\/\/eurotext.de\/es\/tecnologia\/complementos-de-traduccion\/magento-2\/\"]}]},{\"@type\":\"BreadcrumbList\",\"@id\":\"https:\/\/eurotext.de\/es\/tecnologia\/complementos-de-traduccion\/magento-2\/#breadcrumb\",\"itemListElement\":[{\"@type\":\"ListItem\",\"position\":1,\"name\":\"Startseite\",\"item\":\"https:\/\/eurotext.de\/es\/\"},{\"@type\":\"ListItem\",\"position\":2,\"name\":\"Tecnolog\u00eda\",\"item\":\"https:\/\/eurotext.de\/es\/tecnologia\/\"},{\"@type\":\"ListItem\",\"position\":3,\"name\":\"Complementos de traducci\u00f3n\",\"item\":\"https:\/\/eurotext.de\/es\/tecnologia\/complementos-de-traduccion\/\"},{\"@type\":\"ListItem\",\"position\":4,\"name\":\"translationMANAGER para Magento 2\"}]},{\"@type\":\"WebSite\",\"@id\":\"https:\/\/eurotext.de\/es\/#website\",\"url\":\"https:\/\/eurotext.de\/es\/\",\"name\":\"Eurotext AG\",\"description\":\"Traducimos para la industria, las TI y el comercio electr\u00f3nico\",\"publisher\":{\"@id\":\"https:\/\/eurotext.de\/es\/#organization\"},\"potentialAction\":[{\"@type\":\"SearchAction\",\"target\":{\"@type\":\"EntryPoint\",\"urlTemplate\":\"https:\/\/eurotext.de\/es\/?s={search_term_string}\"},\"query-input\":\"required name=search_term_string\"}],\"inLanguage\":\"de\"},{\"@type\":\"Organization\",\"@id\":\"https:\/\/eurotext.de\/es\/#organization\",\"name\":\"Eurotext AG\",\"url\":\"https:\/\/eurotext.de\/es\/\",\"logo\":{\"@type\":\"ImageObject\",\"inLanguage\":\"de\",\"@id\":\"https:\/\/eurotext.de\/es\/#\/schema\/logo\/image\/\",\"url\":\"https:\/\/eurotext.de\/es\/wp-content\/uploads\/sites\/32\/2016\/05\/eurotext_logo.png\",\"contentUrl\":\"https:\/\/eurotext.de\/es\/wp-content\/uploads\/sites\/32\/2016\/05\/eurotext_logo.png\",\"width\":125,\"height\":22,\"caption\":\"Eurotext AG\"},\"image\":{\"@id\":\"https:\/\/eurotext.de\/es\/#\/schema\/logo\/image\/\"},\"sameAs\":[\"https:\/\/de-de.facebook.com\/Eurotext\/\",\"https:\/\/twitter.com\/eurotext\",\"https:\/\/de.linkedin.com\/company\/eurotext-ag\"]}]}<\/script>\n<!-- \/ Yoast SEO Premium plugin. -->","yoast_head_json":{"title":"Traducci\u00f3n de tiendas en l\u00ednea con translationMANAGER para Magento 2","description":"Con translationMANAGER para Magento 2 podr\u00e1s completar proyectos de internacionalizaci\u00f3n con mayor facilidad: Funciones de selecci\u00f3n inteligentes \u2714 Importaci\u00f3n y exportaci\u00f3n sin problemas \u2714","robots":{"index":"index","follow":"follow","max-snippet":"max-snippet:-1","max-image-preview":"max-image-preview:large","max-video-preview":"max-video-preview:-1"},"canonical":"https:\/\/eurotext.de\/es\/tecnologia\/complementos-de-traduccion\/magento-2\/","og_locale":"de_DE","og_type":"article","og_title":"translationMANAGER para Magento 2","og_url":"https:\/\/eurotext.de\/es\/tecnologia\/complementos-de-traduccion\/magento-2\/","og_site_name":"Eurotext AG","article_publisher":"https:\/\/de-de.facebook.com\/Eurotext\/","article_modified_time":"2021-09-07T10:35:41+00:00","og_image":[{"url":"https:\/\/eurotext.de\/wp-content\/uploads\/2020\/06\/Magento-1.png"}],"twitter_card":"summary_large_image","twitter_site":"@eurotext","twitter_misc":{"Gesch\u00e4tzte Lesezeit":"5\u00a0Minuten"},"schema":{"@context":"https:\/\/schema.org","@graph":[{"@type":"WebPage","@id":"https:\/\/eurotext.de\/es\/tecnologia\/complementos-de-traduccion\/magento-2\/","url":"https:\/\/eurotext.de\/es\/tecnologia\/complementos-de-traduccion\/magento-2\/","name":"Traducci\u00f3n de tiendas en l\u00ednea con translationMANAGER para Magento 2","isPartOf":{"@id":"https:\/\/eurotext.de\/es\/#website"},"datePublished":"2019-11-06T10:54:22+00:00","dateModified":"2021-09-07T10:35:41+00:00","description":"Con translationMANAGER para Magento 2 podr\u00e1s completar proyectos de internacionalizaci\u00f3n con mayor facilidad: Funciones de selecci\u00f3n inteligentes \u2714 Importaci\u00f3n y exportaci\u00f3n sin problemas \u2714","breadcrumb":{"@id":"https:\/\/eurotext.de\/es\/tecnologia\/complementos-de-traduccion\/magento-2\/#breadcrumb"},"inLanguage":"de","potentialAction":[{"@type":"ReadAction","target":["https:\/\/eurotext.de\/es\/tecnologia\/complementos-de-traduccion\/magento-2\/"]}]},{"@type":"BreadcrumbList","@id":"https:\/\/eurotext.de\/es\/tecnologia\/complementos-de-traduccion\/magento-2\/#breadcrumb","itemListElement":[{"@type":"ListItem","position":1,"name":"Startseite","item":"https:\/\/eurotext.de\/es\/"},{"@type":"ListItem","position":2,"name":"Tecnolog\u00eda","item":"https:\/\/eurotext.de\/es\/tecnologia\/"},{"@type":"ListItem","position":3,"name":"Complementos de traducci\u00f3n","item":"https:\/\/eurotext.de\/es\/tecnologia\/complementos-de-traduccion\/"},{"@type":"ListItem","position":4,"name":"translationMANAGER para Magento 2"}]},{"@type":"WebSite","@id":"https:\/\/eurotext.de\/es\/#website","url":"https:\/\/eurotext.de\/es\/","name":"Eurotext AG","description":"Traducimos para la industria, las TI y el comercio electr\u00f3nico","publisher":{"@id":"https:\/\/eurotext.de\/es\/#organization"},"potentialAction":[{"@type":"SearchAction","target":{"@type":"EntryPoint","urlTemplate":"https:\/\/eurotext.de\/es\/?s={search_term_string}"},"query-input":"required name=search_term_string"}],"inLanguage":"de"},{"@type":"Organization","@id":"https:\/\/eurotext.de\/es\/#organization","name":"Eurotext AG","url":"https:\/\/eurotext.de\/es\/","logo":{"@type":"ImageObject","inLanguage":"de","@id":"https:\/\/eurotext.de\/es\/#\/schema\/logo\/image\/","url":"https:\/\/eurotext.de\/es\/wp-content\/uploads\/sites\/32\/2016\/05\/eurotext_logo.png","contentUrl":"https:\/\/eurotext.de\/es\/wp-content\/uploads\/sites\/32\/2016\/05\/eurotext_logo.png","width":125,"height":22,"caption":"Eurotext AG"},"image":{"@id":"https:\/\/eurotext.de\/es\/#\/schema\/logo\/image\/"},"sameAs":["https:\/\/de-de.facebook.com\/Eurotext\/","https:\/\/twitter.com\/eurotext","https:\/\/de.linkedin.com\/company\/eurotext-ag"]}]}},"_links":{"self":[{"href":"https:\/\/eurotext.de\/es\/wp-json\/wp\/v2\/pages\/10503","targetHints":{"allow":["GET"]}}],"collection":[{"href":"https:\/\/eurotext.de\/es\/wp-json\/wp\/v2\/pages"}],"about":[{"href":"https:\/\/eurotext.de\/es\/wp-json\/wp\/v2\/types\/page"}],"author":[{"embeddable":true,"href":"https:\/\/eurotext.de\/es\/wp-json\/wp\/v2\/users\/5"}],"replies":[{"embeddable":true,"href":"https:\/\/eurotext.de\/es\/wp-json\/wp\/v2\/comments?post=10503"}],"version-history":[{"count":5,"href":"https:\/\/eurotext.de\/es\/wp-json\/wp\/v2\/pages\/10503\/revisions"}],"predecessor-version":[{"id":10767,"href":"https:\/\/eurotext.de\/es\/wp-json\/wp\/v2\/pages\/10503\/revisions\/10767"}],"up":[{"embeddable":true,"href":"https:\/\/eurotext.de\/es\/wp-json\/wp\/v2\/pages\/10534"}],"wp:attachment":[{"href":"https:\/\/eurotext.de\/es\/wp-json\/wp\/v2\/media?parent=10503"}],"curies":[{"name":"wp","href":"https:\/\/api.w.org\/{rel}","templated":true}]}}