{"id":9688,"date":"2019-11-27T10:24:28","date_gmt":"2019-11-27T09:24:28","guid":{"rendered":"https:\/\/eurotext.de\/?page_id=9688"},"modified":"2020-04-21T11:35:10","modified_gmt":"2020-04-21T09:35:10","slug":"coti-schnittstelle","status":"publish","type":"page","link":"https:\/\/eurotext.de\/dk\/technologie\/coti-schnittstelle\/","title":{"rendered":"COTI-Schnittstelle"},"content":{"rendered":"<div class=\"parallax-container\" data-parallax=\"scroll\" data-bleed=\"10\" data-image-src=\"\/wp-content\/uploads\/2020\/04\/pastellblau_01.png\"> <div class=\"parallax-window\"> <div class=\"parallax-slider parallax-banner__content\" style=\"\"><h1 class='parallax-banner__headline'>Die <strong>COTI-Schnittstelle<\/strong><\/h1><p class=\"parallax-banner__text\">Das <b>Common Translation Interface (COTI)<\/b> definiert Austauschformate und Prozesse, um Workflows zwischen <strong>Redaktions-Systemen<\/strong> (z.B. CMS) und <strong>Translation-Memory-Systemen<\/strong> (TMS) zu standardisieren. Dadurch lassen sich Eurotext-Services und unser <b data-stringify-type=\"bold\">24\/7-\u00dcbersetzungsportal<\/b> nahtlos und ohne umfangreiche Entwicklungsarbeit in Ihre Systemlandschaft integrieren. Wir beraten und unterst\u00fctzen Sie gerne bei der Implementierung. Sprechen Sie uns einfach an!<\/p><\/div> <\/div> <\/div>\n<div class='content-column content-column-row '><div class='content-column full_width'>\n<h2 style=\"text-align: center;\">L\u00f6sungen f\u00fcr alle Anwendungsf\u00e4lle<\/h2>\n<\/div><div class='clear_column'><\/div><div class='content-column one_half'>\n<p>Die <strong>COTI-Schnittstelle<\/strong> wurde geschaffen, um den Datenaustausch bei der Internationalisierung zu vereinfachen. Daf\u00fcr wurden spezielle Datenpakete definiert, die neben dem eigentlichen Content eine Reihe von Projektinformationen in standardisierter Form enthalten. COTI ist herstellerunabh\u00e4gig und wird von sehr vielen Redaktionssystemen, PIMs, CMS sowie den meisten Translation Memory Systemen (TMS) unterst\u00fctzt.<\/p>\n<p>Es gibt insgesamt <strong>3 Level<\/strong> der COTI-Schnittstelle. Der jeweilige Level sagt nichts \u00fcber die Qualit\u00e4t aus, sondern zeigt an, wie stark die Daten\u00fcbertragung automatisiert bzw. in die Systeme integriert ist.<\/p>\n<\/div><div class='content-column one_half last_column'>\n<p>Auf <strong>Level 1<\/strong> ist nur das Datenpaket definiert, der Datenaustausch selbst geschieht manuell. <strong>Level 2<\/strong> vereinfacht und automatisiert den Transfer der COTI-Pakete.<br \/>\nAuf <strong>Level 3<\/strong> wird der Content schlie\u00dflich direkt zwischen den Systemen getauscht, es m\u00fcssen keine keine einzelnen Datenpakete mehr erzeugt werden.<\/p>\n<p>Eurotext bietet L\u00f6sungen f\u00fcr <strong>alle 3 COTI Levels<\/strong>.\u00a0 Somit garantierten wir Ihnen stets optimale und schnelle Datentransfers, passend zu Ihrer Systemlandschaft!<\/p>\n<\/div><div class='clear_column'><\/div><div class='content-column full_width'>\n<p>&nbsp;<\/p>\n<a href=\"https:\/\/eurotext.de\/wp-content\/uploads\/2019\/11\/EurotextAG-COTI-Workflow.png\" data-rel=\"lightbox-image-0\" data-rl_title=\"\" data-rl_caption=\"\" title=\"\"><img loading=\"lazy\" decoding=\"async\" class=\"alignnone size-full wp-image-9705\" src=\"https:\/\/eurotext.de\/wp-content\/uploads\/2019\/11\/EurotextAG-COTI-Workflow.png\" alt=\"COTI-Workflow\" width=\"2046\" height=\"625\" srcset=\"https:\/\/eurotext.de\/dk\/wp-content\/uploads\/sites\/29\/2019\/11\/EurotextAG-COTI-Workflow.png 2046w, https:\/\/eurotext.de\/dk\/wp-content\/uploads\/sites\/29\/2019\/11\/EurotextAG-COTI-Workflow-300x92.png 300w, https:\/\/eurotext.de\/dk\/wp-content\/uploads\/sites\/29\/2019\/11\/EurotextAG-COTI-Workflow-768x235.png 768w, https:\/\/eurotext.de\/dk\/wp-content\/uploads\/sites\/29\/2019\/11\/EurotextAG-COTI-Workflow-1024x313.png 1024w\" sizes=\"auto, (max-width: 2046px) 100vw, 2046px\" \/><\/a>\n<\/div><div class='clear_column'><\/div><\/div><div class='clear_column'><\/div>\n<div class=\"iconboxes\">\n                    <div class=\"layout-wrapper\"><div class=\"iconbox \">\n                    <i class=\"icon ion-android-upload\"><\/i>\n                    <div class=\"iconbox__text\">\n<h2>COTI Level 1<\/h2>\n<p>In <strong>Level 1<\/strong> sind COTI-Pakete definiert, die manuell \u00fcbergeben werden. In unserem <strong>\u00dcbersetzungsportal<\/strong> bieten wir Ihnen umfassende M\u00f6glichkeiten, \u00dcbersetzungsprojekte anzulegen, zu beauftragen und Datenpakete hochzuladen.<div class=\"iconbox__link \" style=\"background-color: ;\"><a href=\"\/technologie\/uebersetzungsportal\/\" target=\"_self\" style=\"color: ; background-color: ;\"><span class=\"\">Mehr \u00fcber das <strong>Eurotext \u00dcbersetzungsportal<\/strong><\/span><\/a><\/div><\/div>\n                <\/div>\n<div class=\"iconbox \">\n                    <i class=\"icon ion-folder\"><\/i>\n                    <div class=\"iconbox__text\">\n<h2>COTI Level 2<\/h2>\n<p>In <strong>Level 2<\/strong> werden die Datenpakete \u00fcber spezielle Austauschordner organisiert und \u00fcbertragen. Der Eurotext <strong>easyCONNECTOR<\/strong> \u00fcberwacht diese &#8222;Hotfolder&#8220; permanent und verarbeitet COTI-Pakete automatisch, sobald der Kunde sie dort ablegt.<div class=\"iconbox__link \" style=\"background-color: ;\"><a href=\"\/technologie\/uebersetzungsplugins\/individuell\/\" target=\"_self\" style=\"color: ; background-color: ;\"><span class=\"\">Mehr \u00fcber den <strong>Eurotext easyCONNECTOR<\/strong><\/span><\/a><\/div><\/div>\n                <\/div>\n<div class=\"iconbox \">\n                    <i class=\"icon ion-arrow-swap\"><\/i>\n                    <div class=\"iconbox__text\">\n<h2>COTI Level 3<\/h2>\n<p>In <strong>Level 3<\/strong> werden die Daten direkt zwischen den Systemen getauscht. Mit der <strong>Eurotext Translation API <\/strong>verbinden Sie Ihre Software unmittelbar mit unserem <strong>\u00dcbersetzungsportal<\/strong>, so dass Content ohne Umwege \u00fcbertragen werden kann.<div class=\"iconbox__link \" style=\"background-color: ;\"><a href=\"\/technologie\/uebersetzungsplugins\/api\/\" target=\"_self\" style=\"color: ; background-color: ;\"><span class=\"\">Mehr \u00fcber die <strong>Eurotext Translation API<\/strong><\/span><\/a><\/div><\/div>\n                <\/div>\n<\/div>\n                <\/div>\n<div class=\"parallax-container\" data-parallax=\"scroll\" data-bleed=\"10\" data-image-src=\"\/wp-content\/uploads\/2020\/04\/pastellblau_01.png\"> <div class=\"parallax-window\"> <div class=\"parallax-slider parallax-banner__content\" style=\"\"><h2 class='parallax-banner__headline'><strong>M\u00f6chten Sie mehr \u00fcber Angebote und Preise erfahren?<\/strong><\/h2><p class=\"parallax-banner__text\">Wir erkl\u00e4ren Ihnen, wie die <strong>Angebotserstellung<\/strong> bei Eurotext abl\u00e4uft und wie wir unsere <strong>Preise<\/strong> kalkulieren.<br \/> Erfahren Sie, wie <strong>Translation Memory Technologie<\/strong> dabei hilft, Textmengen und Preise zu reduzieren, und wie Sie davon profieren.<\/p><a target=\"_self\" href=\"\/preise\/\" class=\"parallax-banner__button button button--withIcon \"> <i class=\"iconion-checkmark-circled\"><\/i>Weitere Informationen<\/a><\/div> <\/div> <\/div>\n","protected":false},"excerpt":{"rendered":"","protected":false},"author":5,"featured_media":0,"parent":1955,"menu_order":3330,"comment_status":"closed","ping_status":"closed","template":"full-width-page.php","meta":{"footnotes":""},"class_list":["post-9688","page","type-page","status-publish","hentry"],"yoast_head":"<!-- This site is optimized with the Yoast SEO Premium plugin v21.9 (Yoast SEO v21.9.1) - https:\/\/yoast.com\/wordpress\/plugins\/seo\/ -->\n<title>Standardisierter Datentransfer mit der COTI-Schnittstelle &#8211; Eurotext AG<\/title>\n<meta name=\"description\" content=\"Mit der COTI-Schnittstelle lassen sich Contentdaten noch einfacher \u00fcbertragen, verarbeiten und \u00fcbersetzen. Wir erkl\u00e4ren Ihnen, wie es funktioniert!\" \/>\n<meta name=\"robots\" content=\"noindex, follow, max-snippet:-1, max-image-preview:large, max-video-preview:-1\" \/>\n<meta property=\"og:locale\" content=\"de_DE\" \/>\n<meta property=\"og:type\" content=\"article\" \/>\n<meta property=\"og:title\" content=\"COTI-Schnittstelle\" \/>\n<meta property=\"og:url\" content=\"https:\/\/eurotext.de\/dk\/technologie\/coti-schnittstelle\/\" \/>\n<meta property=\"og:site_name\" content=\"Eurotext AG\" \/>\n<meta property=\"article:publisher\" content=\"https:\/\/de-de.facebook.com\/Eurotext\/\" \/>\n<meta property=\"article:modified_time\" content=\"2020-04-21T09:35:10+00:00\" \/>\n<meta property=\"og:image\" content=\"https:\/\/eurotext.de\/wp-content\/uploads\/2019\/11\/EurotextAG-COTI-Workflow.png\" \/>\n<meta name=\"twitter:card\" content=\"summary_large_image\" \/>\n<meta name=\"twitter:site\" content=\"@eurotext\" \/>\n<meta name=\"twitter:label1\" content=\"Gesch\u00e4tzte Lesezeit\" \/>\n\t<meta name=\"twitter:data1\" content=\"2\u00a0Minuten\" \/>\n<script type=\"application\/ld+json\" class=\"yoast-schema-graph\">{\"@context\":\"https:\/\/schema.org\",\"@graph\":[{\"@type\":\"WebPage\",\"@id\":\"https:\/\/eurotext.de\/dk\/technologie\/coti-schnittstelle\/\",\"url\":\"https:\/\/eurotext.de\/dk\/technologie\/coti-schnittstelle\/\",\"name\":\"Standardisierter Datentransfer mit der COTI-Schnittstelle &#8211; Eurotext AG\",\"isPartOf\":{\"@id\":\"https:\/\/eurotext.de\/dk\/#website\"},\"datePublished\":\"2019-11-27T09:24:28+00:00\",\"dateModified\":\"2020-04-21T09:35:10+00:00\",\"description\":\"Mit der COTI-Schnittstelle lassen sich Contentdaten noch einfacher \u00fcbertragen, verarbeiten und \u00fcbersetzen. Wir erkl\u00e4ren Ihnen, wie es funktioniert!\",\"breadcrumb\":{\"@id\":\"https:\/\/eurotext.de\/dk\/technologie\/coti-schnittstelle\/#breadcrumb\"},\"inLanguage\":\"de\",\"potentialAction\":[{\"@type\":\"ReadAction\",\"target\":[\"https:\/\/eurotext.de\/dk\/technologie\/coti-schnittstelle\/\"]}]},{\"@type\":\"BreadcrumbList\",\"@id\":\"https:\/\/eurotext.de\/dk\/technologie\/coti-schnittstelle\/#breadcrumb\",\"itemListElement\":[{\"@type\":\"ListItem\",\"position\":1,\"name\":\"Startseite\",\"item\":\"https:\/\/eurotext.de\/dk\/\"},{\"@type\":\"ListItem\",\"position\":2,\"name\":\"Technologie\",\"item\":\"https:\/\/eurotext.de\/dk\/technologie\/\"},{\"@type\":\"ListItem\",\"position\":3,\"name\":\"COTI-Schnittstelle\"}]},{\"@type\":\"WebSite\",\"@id\":\"https:\/\/eurotext.de\/dk\/#website\",\"url\":\"https:\/\/eurotext.de\/dk\/\",\"name\":\"Eurotext AG\",\"description\":\"Wir \u00fcbersetzen f\u00fcr Industrie, IT und E-Commerce\",\"publisher\":{\"@id\":\"https:\/\/eurotext.de\/dk\/#organization\"},\"potentialAction\":[{\"@type\":\"SearchAction\",\"target\":{\"@type\":\"EntryPoint\",\"urlTemplate\":\"https:\/\/eurotext.de\/dk\/?s={search_term_string}\"},\"query-input\":\"required name=search_term_string\"}],\"inLanguage\":\"de\"},{\"@type\":\"Organization\",\"@id\":\"https:\/\/eurotext.de\/dk\/#organization\",\"name\":\"Eurotext AG\",\"url\":\"https:\/\/eurotext.de\/dk\/\",\"logo\":{\"@type\":\"ImageObject\",\"inLanguage\":\"de\",\"@id\":\"https:\/\/eurotext.de\/dk\/#\/schema\/logo\/image\/\",\"url\":\"https:\/\/eurotext.de\/dk\/wp-content\/uploads\/sites\/29\/2016\/05\/eurotext_logo.png\",\"contentUrl\":\"https:\/\/eurotext.de\/dk\/wp-content\/uploads\/sites\/29\/2016\/05\/eurotext_logo.png\",\"width\":125,\"height\":22,\"caption\":\"Eurotext AG\"},\"image\":{\"@id\":\"https:\/\/eurotext.de\/dk\/#\/schema\/logo\/image\/\"},\"sameAs\":[\"https:\/\/de-de.facebook.com\/Eurotext\/\",\"https:\/\/twitter.com\/eurotext\",\"https:\/\/de.linkedin.com\/company\/eurotext-ag\"]}]}<\/script>\n<!-- \/ Yoast SEO Premium plugin. -->","yoast_head_json":{"title":"Standardisierter Datentransfer mit der COTI-Schnittstelle &#8211; Eurotext AG","description":"Mit der COTI-Schnittstelle lassen sich Contentdaten noch einfacher \u00fcbertragen, verarbeiten und \u00fcbersetzen. Wir erkl\u00e4ren Ihnen, wie es funktioniert!","robots":{"index":"noindex","follow":"follow","max-snippet":"max-snippet:-1","max-image-preview":"max-image-preview:large","max-video-preview":"max-video-preview:-1"},"og_locale":"de_DE","og_type":"article","og_title":"COTI-Schnittstelle","og_url":"https:\/\/eurotext.de\/dk\/technologie\/coti-schnittstelle\/","og_site_name":"Eurotext AG","article_publisher":"https:\/\/de-de.facebook.com\/Eurotext\/","article_modified_time":"2020-04-21T09:35:10+00:00","og_image":[{"url":"https:\/\/eurotext.de\/wp-content\/uploads\/2019\/11\/EurotextAG-COTI-Workflow.png"}],"twitter_card":"summary_large_image","twitter_site":"@eurotext","twitter_misc":{"Gesch\u00e4tzte Lesezeit":"2\u00a0Minuten"},"schema":{"@context":"https:\/\/schema.org","@graph":[{"@type":"WebPage","@id":"https:\/\/eurotext.de\/dk\/technologie\/coti-schnittstelle\/","url":"https:\/\/eurotext.de\/dk\/technologie\/coti-schnittstelle\/","name":"Standardisierter Datentransfer mit der COTI-Schnittstelle &#8211; Eurotext AG","isPartOf":{"@id":"https:\/\/eurotext.de\/dk\/#website"},"datePublished":"2019-11-27T09:24:28+00:00","dateModified":"2020-04-21T09:35:10+00:00","description":"Mit der COTI-Schnittstelle lassen sich Contentdaten noch einfacher \u00fcbertragen, verarbeiten und \u00fcbersetzen. Wir erkl\u00e4ren Ihnen, wie es funktioniert!","breadcrumb":{"@id":"https:\/\/eurotext.de\/dk\/technologie\/coti-schnittstelle\/#breadcrumb"},"inLanguage":"de","potentialAction":[{"@type":"ReadAction","target":["https:\/\/eurotext.de\/dk\/technologie\/coti-schnittstelle\/"]}]},{"@type":"BreadcrumbList","@id":"https:\/\/eurotext.de\/dk\/technologie\/coti-schnittstelle\/#breadcrumb","itemListElement":[{"@type":"ListItem","position":1,"name":"Startseite","item":"https:\/\/eurotext.de\/dk\/"},{"@type":"ListItem","position":2,"name":"Technologie","item":"https:\/\/eurotext.de\/dk\/technologie\/"},{"@type":"ListItem","position":3,"name":"COTI-Schnittstelle"}]},{"@type":"WebSite","@id":"https:\/\/eurotext.de\/dk\/#website","url":"https:\/\/eurotext.de\/dk\/","name":"Eurotext AG","description":"Wir \u00fcbersetzen f\u00fcr Industrie, IT und E-Commerce","publisher":{"@id":"https:\/\/eurotext.de\/dk\/#organization"},"potentialAction":[{"@type":"SearchAction","target":{"@type":"EntryPoint","urlTemplate":"https:\/\/eurotext.de\/dk\/?s={search_term_string}"},"query-input":"required name=search_term_string"}],"inLanguage":"de"},{"@type":"Organization","@id":"https:\/\/eurotext.de\/dk\/#organization","name":"Eurotext AG","url":"https:\/\/eurotext.de\/dk\/","logo":{"@type":"ImageObject","inLanguage":"de","@id":"https:\/\/eurotext.de\/dk\/#\/schema\/logo\/image\/","url":"https:\/\/eurotext.de\/dk\/wp-content\/uploads\/sites\/29\/2016\/05\/eurotext_logo.png","contentUrl":"https:\/\/eurotext.de\/dk\/wp-content\/uploads\/sites\/29\/2016\/05\/eurotext_logo.png","width":125,"height":22,"caption":"Eurotext AG"},"image":{"@id":"https:\/\/eurotext.de\/dk\/#\/schema\/logo\/image\/"},"sameAs":["https:\/\/de-de.facebook.com\/Eurotext\/","https:\/\/twitter.com\/eurotext","https:\/\/de.linkedin.com\/company\/eurotext-ag"]}]}},"_links":{"self":[{"href":"https:\/\/eurotext.de\/dk\/wp-json\/wp\/v2\/pages\/9688","targetHints":{"allow":["GET"]}}],"collection":[{"href":"https:\/\/eurotext.de\/dk\/wp-json\/wp\/v2\/pages"}],"about":[{"href":"https:\/\/eurotext.de\/dk\/wp-json\/wp\/v2\/types\/page"}],"author":[{"embeddable":true,"href":"https:\/\/eurotext.de\/dk\/wp-json\/wp\/v2\/users\/5"}],"replies":[{"embeddable":true,"href":"https:\/\/eurotext.de\/dk\/wp-json\/wp\/v2\/comments?post=9688"}],"version-history":[{"count":23,"href":"https:\/\/eurotext.de\/dk\/wp-json\/wp\/v2\/pages\/9688\/revisions"}],"predecessor-version":[{"id":10209,"href":"https:\/\/eurotext.de\/dk\/wp-json\/wp\/v2\/pages\/9688\/revisions\/10209"}],"up":[{"embeddable":true,"href":"https:\/\/eurotext.de\/dk\/wp-json\/wp\/v2\/pages\/1955"}],"wp:attachment":[{"href":"https:\/\/eurotext.de\/dk\/wp-json\/wp\/v2\/media?parent=9688"}],"curies":[{"name":"wp","href":"https:\/\/api.w.org\/{rel}","templated":true}]}}