{"id":4977,"date":"2019-06-25T09:36:55","date_gmt":"2019-06-25T07:36:55","guid":{"rendered":"https:\/\/eurotext.de\/?page_id=4977"},"modified":"2020-04-21T11:34:27","modified_gmt":"2020-04-21T09:34:27","slug":"projektmanagement-laenderteams","status":"publish","type":"page","link":"https:\/\/eurotext.de\/dk\/sprachdienstleistungen\/projektmanagement-laenderteams\/","title":{"rendered":"Projektmanagement &#038; L\u00e4nderteams"},"content":{"rendered":"<div class=\"parallax-container\" data-parallax=\"scroll\" data-bleed=\"10\" data-image-src=\"\/wp-content\/uploads\/2020\/04\/pastellblau_01.png\"> <div class=\"parallax-window\"> <div class=\"parallax-slider parallax-banner__content\" style=\"\"><h1 class='parallax-banner__headline'><strong>Projektmanagement &amp; L\u00e4nderteams<\/strong><\/h1><p class=\"parallax-banner__text\">Wir bei Eurotext <strong>k\u00fcmmern uns um alle Details<\/strong> Ihrer \u00dcbersetzungsprojekte: Pr\u00fcfung der Ausgangstexte, Aufbau der L\u00e4nderteams, Betreuung der \u00dcbersetzer, Terminologiemanagement und Qualit\u00e4tskontrolle. Auf die Weise haben Sie den Kopf frei und k\u00f6nnen sich um andere Dinge k\u00fcmmern \u2013 zum Beispiel Ihre Kunden auf der ganzen Welt!<\/p><\/div> <\/div> <\/div>\n<p><div class='content-column content-column-row '><div class='content-column full_width'>\n<p>&nbsp;<\/p>\n<p>&nbsp;<\/p>\n<\/div><div class='clear_column'><\/div>\n<div class='content-column one_fifth'>\n<img loading=\"lazy\" decoding=\"async\" class=\"alignleft wp-image-2775\" style=\"margin-right: 50px;\" src=\"https:\/\/eurotext.de\/wp-content\/uploads\/2017\/01\/400_Seltsam.jpg\" alt=\"Peter Seltsam\" width=\"200\" height=\"200\" srcset=\"https:\/\/eurotext.de\/dk\/wp-content\/uploads\/sites\/29\/2017\/01\/400_Seltsam.jpg 400w, https:\/\/eurotext.de\/dk\/wp-content\/uploads\/sites\/29\/2017\/01\/400_Seltsam-150x150.jpg 150w, https:\/\/eurotext.de\/dk\/wp-content\/uploads\/sites\/29\/2017\/01\/400_Seltsam-300x300.jpg 300w\" sizes=\"auto, (max-width: 200px) 100vw, 200px\" \/><\/div><div class='content-column four_fifth last_column'><span style=\"font-size: 1.3em;\"><em><strong>Gute \u00dcbersetzer<\/strong>, kulturelle Kompetenz in der Zielsprache und moderne \u00dcbersetzungstechnologien sind wichtig. Doch nur ein <strong>engagiertes Projektmanagement<\/strong> schafft es, anspruchsvolle Projekte zu einem erfolgreichen Abschluss zu bringen. Daf\u00fcr braucht es Erfahrung, die passende Arbeitsumgebung und Spa\u00df an der Arbeit.<\/em><\/span>\n<p>&nbsp;<\/p>\n<p><strong>Peter Seltsam<\/strong>, Gr\u00fcnder und Gesch\u00e4ftsf\u00fchrer der Eurotext AG und der Plunet GmbH, kennt dank seiner 30-j\u00e4hrigen Erfahrung das \u00dcbersetzungs-Business aus dem Effeff. Er ist Experte f\u00fcr das Management und die Prozessautomatisierung multilingualer \u00dcbersetzungsprojekte und ber\u00e4t seine internationalen Kunden bei der Optimierung von <strong>Qualit\u00e4t, Geschwindigkeit und Kosten<\/strong>.<\/p>\n<\/div><div class='clear_column'><\/div>\n<div class='content-column full_width'>\n<hr \/>\n<h2 style=\"text-align: center;\">Ihr Projektteam \u2013 pers\u00f6nlich und kompetent<\/h2>\n<\/div><div class='clear_column'><\/div><div class='content-column one_half'>\n<p>Der Servicegedanke steht bei uns an erster Stelle. Ihr pers\u00f6nliches <strong>Eurotext-Projektteam<\/strong> steuert den kompletten \u00dcbersetzungsprozess &#8211; verantwortungsvoll, flexibel und effizient. F\u00fcr jede Sprache stellt unser Projektmanagement ein Team mit klaren Aufgabengebieten und festgelegten Hierarchien zusammen. Dabei ber\u00fccksichtigen unsere Projektmanager die Expertise der eingesetzten <strong>Linguisten<\/strong> und unterscheiden nach Textsorten, Stilrichtungen und Fachbereichen.<\/p>\n<\/div><div class='content-column one_half last_column'>\n<p>Die Anzahl der eingesetzten Linguisten ist frei skalierbar und richtet sich nach <strong>Projektgr\u00f6\u00dfen und Terminw\u00fcnschen<\/strong> unserer Kunden.<\/p>\n<p>Das Projektteam beh\u00e4lt dabei immer den \u00dcberblick und koordiniert die Zusammenarbeit bei Fragen oder Problemen. Unterst\u00fctzt werden die Projektteams von unseren Seniors, Language-Engineers und IT-Services.<\/p>\n<\/div><div class='clear_column'><\/div><\/div><div class='clear_column'><\/div><br \/>\n<div class=\"banner banner--small banner--withTextAndButton banner--button-on-right-side banner--orange-background\"><div class=\"layout-wrapper\"><div class=\"banner__text\">Lernen Sie Ihr Projektteam kennen!<\/div><div class=\"banner__button\"><a class=\" button button--light\" target=\"_self\" href=\"\/kontakt\/das-unternehmen\/#team\">Das Team<\/a><\/div><\/div><\/div><\/p>\n<div class='content-column content-column-row '><div class='content-column full_width'>\n<h2 style=\"text-align: center;\">Ihre Vorteile:<\/h2>\n<\/div><div class='clear_column'><\/div><\/div><div class='clear_column'><\/div>\n<div class=\"iconboxes\">\n                    <div class=\"layout-wrapper\"><div class=\"iconbox \">\n                    <i class=\"icon ion-person-stalker\"><\/i>\n                    <div class=\"iconbox__text\">\n<p><strong>Rundumbetreuung<\/strong> durch ein individuelles Eurotext Projektteam mit pers\u00f6nlichem Ansprechpartner<\/p>\n<\/div>\n                <\/div>\n<div class=\"iconbox \">\n                    <i class=\"icon ion-ribbon-b\"><\/i>\n                    <div class=\"iconbox__text\">\n<p>Gleichbleibend hohe <strong>Qualit\u00e4t <\/strong>dank fortlaufender Qualit\u00e4tskontrolle, vielf\u00e4ltiger Pr\u00fcfautomatismen und kundenspezifischer Styleguides<\/p>\n<\/div>\n                <\/div>\n<div class=\"iconbox \">\n                    <i class=\"icon ion-cash\"><\/i>\n                    <div class=\"iconbox__text\">\n<p><strong>Kostensparend<\/strong> dank modernster Translation-Memory-Technologie und effizienter Prozesse<\/p>\n<\/div>\n                <\/div>\n<div class=\"iconbox \">\n                    <i class=\"icon ion-clock\"><\/i>\n                    <div class=\"iconbox__text\">\n<p>Bei Bedarf auch <strong>kurzfristige Liefertermine<\/strong> durch Skalierung der L\u00e4nderteams<\/p>\n<\/div>\n                <\/div>\n<div class=\"iconbox \">\n                    <i class=\"icon ion-map\"><\/i>\n                    <div class=\"iconbox__text\">\n<p><strong>Fundiertes Wissen<\/strong> hinsichtlich Terminologiemanagement, Stilfindung und optimaler Zielgruppenansprache<\/p>\n<\/div>\n                <\/div>\n<div class=\"iconbox \">\n                    <i class=\"icon ion-earth\"><\/i>\n                    <div class=\"iconbox__text\">\n<p>Steuerung von <strong>L\u00e4nderteams<\/strong> rund um den Globus mit einem Ansprechpartner hier vor Ort<\/p>\n<\/div>\n                <\/div>\n<\/div>\n                <\/div>\n<div class='content-column content-column-row '><div class='content-column full_width'>\n<h2 id=\"skalierbar\" style=\"text-align: center;\">Ihre L\u00e4nderteams \u2013 individuell und skalierbar<\/h2>\n<\/div><div class='clear_column'><\/div><div class='content-column one_half'><a href=\"https:\/\/eurotext.de\/wp-content\/uploads\/2019\/07\/Eurotext_Laenderteams.jpg\" data-rel=\"lightbox-image-0\" data-rl_title=\"\" data-rl_caption=\"\" title=\"\"><img loading=\"lazy\" decoding=\"async\" class=\"alignnone size-full wp-image-5474\" src=\"https:\/\/eurotext.de\/wp-content\/uploads\/2019\/07\/Eurotext_Laenderteams.jpg\" alt=\"L\u00e4nderteams\" width=\"1920\" height=\"1218\" srcset=\"https:\/\/eurotext.de\/dk\/wp-content\/uploads\/sites\/29\/2019\/07\/Eurotext_Laenderteams.jpg 1920w, https:\/\/eurotext.de\/dk\/wp-content\/uploads\/sites\/29\/2019\/07\/Eurotext_Laenderteams-300x190.jpg 300w, https:\/\/eurotext.de\/dk\/wp-content\/uploads\/sites\/29\/2019\/07\/Eurotext_Laenderteams-768x487.jpg 768w, https:\/\/eurotext.de\/dk\/wp-content\/uploads\/sites\/29\/2019\/07\/Eurotext_Laenderteams-1024x650.jpg 1024w\" sizes=\"auto, (max-width: 1920px) 100vw, 1920px\" \/><\/a><\/div><div class='content-column one_half last_column'>\n<p>Jedes Projekt wird von <strong>erfahrenen L\u00e4nderteams<\/strong> bearbeitet. Diese bestehen jenach Bedarf aus \u00dcbersetzern, SEO-Linguisten, Textern, Lektoren, QA-Fachkr\u00e4ften, KI-Linguisten, Fachlichen Pr\u00fcfern, Lead\u00fcbersetzern und sogar Mitarbeitern des Kunden.<\/p>\n<p>Unsere L\u00e4nderteams werden individuell auf die <strong>Sprachen<\/strong>, <strong>Fachbereiche<\/strong>, <strong>Textsorten<\/strong> und <strong>Zielgruppen<\/strong> unserer Kundenprojekte zugeschnitten.<\/p>\n<p>Die sprachlichen, fachlichen und partnerschaftlichen Kompetenzen unserer eingesetzten Linguisten werden dabei fortlaufend projekt- und zeitraumbezogen bewertet. Ein Nachweis, den wir bei jedem <strong>ISO-Audit<\/strong> unter Beweis stellen m\u00fcssen.<\/p>\n<p>Dank unser <strong>serverbasierten \u00dcbersetzungsumgebung<\/strong> k\u00f6nnen wir je nach Projektgr\u00f6\u00dfen, Terminanforderungen und gew\u00fcnschten Zielsprachen in frei skalierbaren Teamgr\u00f6\u00dfen arbeiten. Lead\u00fcbersetzer spielen hierbei eine wichtige Rolle bei der Koordinierung von Stil, Terminologie und Konsistenz und bilden die Schnittstelle zwischen Linguisten und Projektmanagement.<\/p>\n<\/div><div class='clear_column'><\/div><\/div><div class='clear_column'><\/div>\n<div class=\"parallax-container\" data-parallax=\"scroll\" data-bleed=\"10\" data-image-src=\"\/wp-content\/uploads\/2020\/04\/pastellblau_01.png\"> <div class=\"parallax-window\"> <div class=\"parallax-slider parallax-banner__content\" style=\"\"><h2 class='parallax-banner__headline'>M\u00f6chten Sie mehr \u00fcber <strong>Fach\u00fcbersetzungen<\/strong> erfahren?<\/h2><p class=\"parallax-banner__text\">Bei der \u00dcbersetzung von <strong>Fachtexten<\/strong> gibt es Vieles zu beachten, damit am Ende die Qualit\u00e4t stimmt. Dabei sind die Anspr\u00fcche an \u00dcbersetzer und \u00dcbersetzung abh\u00e4ngig vom <strong>Fachgebiet<\/strong>, von der <strong>Zielgruppe<\/strong> der Texte, von den jeweiligen Medien und Formaten und weiteren Faktoren. Wir zeigen, wo Herausforderungen und m\u00f6glicherweise sogar Probleme lauern und wie diese gemeistert werden k\u00f6nnen.<\/p><a target=\"_self\" href=\"\/sprachdienstleistungen\/fachuebersetzung\/\" class=\"parallax-banner__button button button--withIcon \"> <i class=\"iconion-checkmark-circled\"><\/i>Weitere Informationen<\/a><\/div> <\/div> <\/div>\n","protected":false},"excerpt":{"rendered":"","protected":false},"author":5,"featured_media":0,"parent":1937,"menu_order":2600,"comment_status":"closed","ping_status":"closed","template":"full-width-page.php","meta":{"footnotes":""},"class_list":["post-4977","page","type-page","status-publish","hentry"],"yoast_head":"<!-- This site is optimized with the Yoast SEO Premium plugin v21.9 (Yoast SEO v21.9.1) - https:\/\/yoast.com\/wordpress\/plugins\/seo\/ -->\n<title>Projektmanagement und L\u00e4nderteams bei der Eurotext AG<\/title>\n<meta name=\"description\" content=\"Informieren Sie sich jetzt \u00fcber unsere professionellen Projekt- und L\u00e4nderteams und was sie f\u00fcr Sie tun k\u00f6nnen. Ein Ansprechpartner f\u00fcr Sie vor Ort!\" \/>\n<meta name=\"robots\" content=\"noindex, follow, max-snippet:-1, max-image-preview:large, max-video-preview:-1\" \/>\n<meta property=\"og:locale\" content=\"de_DE\" \/>\n<meta property=\"og:type\" content=\"article\" \/>\n<meta property=\"og:title\" content=\"Projektmanagement &amp; L\u00e4nderteams\" \/>\n<meta property=\"og:url\" content=\"https:\/\/eurotext.de\/dk\/sprachdienstleistungen\/projektmanagement-laenderteams\/\" \/>\n<meta property=\"og:site_name\" content=\"Eurotext AG\" \/>\n<meta property=\"article:publisher\" content=\"https:\/\/de-de.facebook.com\/Eurotext\/\" \/>\n<meta property=\"article:modified_time\" content=\"2020-04-21T09:34:27+00:00\" \/>\n<meta property=\"og:image\" content=\"https:\/\/eurotext.de\/dk\/wp-content\/uploads\/sites\/29\/2018\/03\/Eurotext_AG.png\" \/>\n\t<meta property=\"og:image:width\" content=\"320\" \/>\n\t<meta property=\"og:image:height\" content=\"320\" \/>\n\t<meta property=\"og:image:type\" content=\"image\/png\" \/>\n<meta name=\"twitter:card\" content=\"summary_large_image\" \/>\n<meta name=\"twitter:site\" content=\"@eurotext\" \/>\n<meta name=\"twitter:label1\" content=\"Gesch\u00e4tzte Lesezeit\" \/>\n\t<meta name=\"twitter:data1\" content=\"3\u00a0Minuten\" \/>\n<script type=\"application\/ld+json\" class=\"yoast-schema-graph\">{\"@context\":\"https:\/\/schema.org\",\"@graph\":[{\"@type\":\"WebPage\",\"@id\":\"https:\/\/eurotext.de\/dk\/sprachdienstleistungen\/projektmanagement-laenderteams\/\",\"url\":\"https:\/\/eurotext.de\/dk\/sprachdienstleistungen\/projektmanagement-laenderteams\/\",\"name\":\"Projektmanagement und L\u00e4nderteams bei der Eurotext AG\",\"isPartOf\":{\"@id\":\"https:\/\/eurotext.de\/dk\/#website\"},\"datePublished\":\"2019-06-25T07:36:55+00:00\",\"dateModified\":\"2020-04-21T09:34:27+00:00\",\"description\":\"Informieren Sie sich jetzt \u00fcber unsere professionellen Projekt- und L\u00e4nderteams und was sie f\u00fcr Sie tun k\u00f6nnen. Ein Ansprechpartner f\u00fcr Sie vor Ort!\",\"breadcrumb\":{\"@id\":\"https:\/\/eurotext.de\/dk\/sprachdienstleistungen\/projektmanagement-laenderteams\/#breadcrumb\"},\"inLanguage\":\"de\",\"potentialAction\":[{\"@type\":\"ReadAction\",\"target\":[\"https:\/\/eurotext.de\/dk\/sprachdienstleistungen\/projektmanagement-laenderteams\/\"]}]},{\"@type\":\"BreadcrumbList\",\"@id\":\"https:\/\/eurotext.de\/dk\/sprachdienstleistungen\/projektmanagement-laenderteams\/#breadcrumb\",\"itemListElement\":[{\"@type\":\"ListItem\",\"position\":1,\"name\":\"Startseite\",\"item\":\"https:\/\/eurotext.de\/dk\/\"},{\"@type\":\"ListItem\",\"position\":2,\"name\":\"Sprachdienstleistungen\",\"item\":\"https:\/\/eurotext.de\/dk\/sprachdienstleistungen\/\"},{\"@type\":\"ListItem\",\"position\":3,\"name\":\"Projektmanagement &#038; L\u00e4nderteams\"}]},{\"@type\":\"WebSite\",\"@id\":\"https:\/\/eurotext.de\/dk\/#website\",\"url\":\"https:\/\/eurotext.de\/dk\/\",\"name\":\"Eurotext AG\",\"description\":\"Wir \u00fcbersetzen f\u00fcr Industrie, IT und E-Commerce\",\"publisher\":{\"@id\":\"https:\/\/eurotext.de\/dk\/#organization\"},\"potentialAction\":[{\"@type\":\"SearchAction\",\"target\":{\"@type\":\"EntryPoint\",\"urlTemplate\":\"https:\/\/eurotext.de\/dk\/?s={search_term_string}\"},\"query-input\":\"required name=search_term_string\"}],\"inLanguage\":\"de\"},{\"@type\":\"Organization\",\"@id\":\"https:\/\/eurotext.de\/dk\/#organization\",\"name\":\"Eurotext AG\",\"url\":\"https:\/\/eurotext.de\/dk\/\",\"logo\":{\"@type\":\"ImageObject\",\"inLanguage\":\"de\",\"@id\":\"https:\/\/eurotext.de\/dk\/#\/schema\/logo\/image\/\",\"url\":\"https:\/\/eurotext.de\/dk\/wp-content\/uploads\/sites\/29\/2016\/05\/eurotext_logo.png\",\"contentUrl\":\"https:\/\/eurotext.de\/dk\/wp-content\/uploads\/sites\/29\/2016\/05\/eurotext_logo.png\",\"width\":125,\"height\":22,\"caption\":\"Eurotext AG\"},\"image\":{\"@id\":\"https:\/\/eurotext.de\/dk\/#\/schema\/logo\/image\/\"},\"sameAs\":[\"https:\/\/de-de.facebook.com\/Eurotext\/\",\"https:\/\/twitter.com\/eurotext\",\"https:\/\/de.linkedin.com\/company\/eurotext-ag\"]}]}<\/script>\n<!-- \/ Yoast SEO Premium plugin. -->","yoast_head_json":{"title":"Projektmanagement und L\u00e4nderteams bei der Eurotext AG","description":"Informieren Sie sich jetzt \u00fcber unsere professionellen Projekt- und L\u00e4nderteams und was sie f\u00fcr Sie tun k\u00f6nnen. Ein Ansprechpartner f\u00fcr Sie vor Ort!","robots":{"index":"noindex","follow":"follow","max-snippet":"max-snippet:-1","max-image-preview":"max-image-preview:large","max-video-preview":"max-video-preview:-1"},"og_locale":"de_DE","og_type":"article","og_title":"Projektmanagement & L\u00e4nderteams","og_url":"https:\/\/eurotext.de\/dk\/sprachdienstleistungen\/projektmanagement-laenderteams\/","og_site_name":"Eurotext AG","article_publisher":"https:\/\/de-de.facebook.com\/Eurotext\/","article_modified_time":"2020-04-21T09:34:27+00:00","og_image":[{"width":320,"height":320,"url":"https:\/\/eurotext.de\/dk\/wp-content\/uploads\/sites\/29\/2018\/03\/Eurotext_AG.png","type":"image\/png"}],"twitter_card":"summary_large_image","twitter_site":"@eurotext","twitter_misc":{"Gesch\u00e4tzte Lesezeit":"3\u00a0Minuten"},"schema":{"@context":"https:\/\/schema.org","@graph":[{"@type":"WebPage","@id":"https:\/\/eurotext.de\/dk\/sprachdienstleistungen\/projektmanagement-laenderteams\/","url":"https:\/\/eurotext.de\/dk\/sprachdienstleistungen\/projektmanagement-laenderteams\/","name":"Projektmanagement und L\u00e4nderteams bei der Eurotext AG","isPartOf":{"@id":"https:\/\/eurotext.de\/dk\/#website"},"datePublished":"2019-06-25T07:36:55+00:00","dateModified":"2020-04-21T09:34:27+00:00","description":"Informieren Sie sich jetzt \u00fcber unsere professionellen Projekt- und L\u00e4nderteams und was sie f\u00fcr Sie tun k\u00f6nnen. Ein Ansprechpartner f\u00fcr Sie vor Ort!","breadcrumb":{"@id":"https:\/\/eurotext.de\/dk\/sprachdienstleistungen\/projektmanagement-laenderteams\/#breadcrumb"},"inLanguage":"de","potentialAction":[{"@type":"ReadAction","target":["https:\/\/eurotext.de\/dk\/sprachdienstleistungen\/projektmanagement-laenderteams\/"]}]},{"@type":"BreadcrumbList","@id":"https:\/\/eurotext.de\/dk\/sprachdienstleistungen\/projektmanagement-laenderteams\/#breadcrumb","itemListElement":[{"@type":"ListItem","position":1,"name":"Startseite","item":"https:\/\/eurotext.de\/dk\/"},{"@type":"ListItem","position":2,"name":"Sprachdienstleistungen","item":"https:\/\/eurotext.de\/dk\/sprachdienstleistungen\/"},{"@type":"ListItem","position":3,"name":"Projektmanagement &#038; L\u00e4nderteams"}]},{"@type":"WebSite","@id":"https:\/\/eurotext.de\/dk\/#website","url":"https:\/\/eurotext.de\/dk\/","name":"Eurotext AG","description":"Wir \u00fcbersetzen f\u00fcr Industrie, IT und E-Commerce","publisher":{"@id":"https:\/\/eurotext.de\/dk\/#organization"},"potentialAction":[{"@type":"SearchAction","target":{"@type":"EntryPoint","urlTemplate":"https:\/\/eurotext.de\/dk\/?s={search_term_string}"},"query-input":"required name=search_term_string"}],"inLanguage":"de"},{"@type":"Organization","@id":"https:\/\/eurotext.de\/dk\/#organization","name":"Eurotext AG","url":"https:\/\/eurotext.de\/dk\/","logo":{"@type":"ImageObject","inLanguage":"de","@id":"https:\/\/eurotext.de\/dk\/#\/schema\/logo\/image\/","url":"https:\/\/eurotext.de\/dk\/wp-content\/uploads\/sites\/29\/2016\/05\/eurotext_logo.png","contentUrl":"https:\/\/eurotext.de\/dk\/wp-content\/uploads\/sites\/29\/2016\/05\/eurotext_logo.png","width":125,"height":22,"caption":"Eurotext AG"},"image":{"@id":"https:\/\/eurotext.de\/dk\/#\/schema\/logo\/image\/"},"sameAs":["https:\/\/de-de.facebook.com\/Eurotext\/","https:\/\/twitter.com\/eurotext","https:\/\/de.linkedin.com\/company\/eurotext-ag"]}]}},"_links":{"self":[{"href":"https:\/\/eurotext.de\/dk\/wp-json\/wp\/v2\/pages\/4977","targetHints":{"allow":["GET"]}}],"collection":[{"href":"https:\/\/eurotext.de\/dk\/wp-json\/wp\/v2\/pages"}],"about":[{"href":"https:\/\/eurotext.de\/dk\/wp-json\/wp\/v2\/types\/page"}],"author":[{"embeddable":true,"href":"https:\/\/eurotext.de\/dk\/wp-json\/wp\/v2\/users\/5"}],"replies":[{"embeddable":true,"href":"https:\/\/eurotext.de\/dk\/wp-json\/wp\/v2\/comments?post=4977"}],"version-history":[{"count":83,"href":"https:\/\/eurotext.de\/dk\/wp-json\/wp\/v2\/pages\/4977\/revisions"}],"predecessor-version":[{"id":10204,"href":"https:\/\/eurotext.de\/dk\/wp-json\/wp\/v2\/pages\/4977\/revisions\/10204"}],"up":[{"embeddable":true,"href":"https:\/\/eurotext.de\/dk\/wp-json\/wp\/v2\/pages\/1937"}],"wp:attachment":[{"href":"https:\/\/eurotext.de\/dk\/wp-json\/wp\/v2\/media?parent=4977"}],"curies":[{"name":"wp","href":"https:\/\/api.w.org\/{rel}","templated":true}]}}