{"id":1943,"date":"2016-09-27T09:49:27","date_gmt":"2016-09-27T07:49:27","guid":{"rendered":"http:\/\/eurotext.de\/?page_id=1943"},"modified":"2020-04-21T11:34:42","modified_gmt":"2020-04-21T09:34:42","slug":"uebersetzungsportal","status":"publish","type":"page","link":"https:\/\/eurotext.de\/dk\/technologie\/uebersetzungsportal\/","title":{"rendered":"\u00dcbersetzungsportal"},"content":{"rendered":"<div class=\"parallax-container\" data-parallax=\"scroll\" data-bleed=\"10\" data-image-src=\"\/wp-content\/uploads\/2020\/04\/pastellblau_01.png\"> <div class=\"parallax-window\"> <div class=\"parallax-slider parallax-banner__content\" style=\"\"><h1 class='parallax-banner__headline'><strong>\u00dcbersetzungsportal mit 24\/7 Zugriff<\/strong><\/h1><p class=\"parallax-banner__text\">Mit dem <strong>Eurotext \u00dcbersetzungsportal<\/strong> haben Sie sicheren 24\/7 Zugriff auf Ihre<strong> Projekte und Daten<\/strong> \u2013 und das unternehmensweit!<br \/> Alle Ansprechpartner und Standorte, die sich mit \u00dcbersetzungen befassen, erhalten individuelle Logins und Rechte.<br \/> Dadurch k\u00f6nnen sie Auftr\u00e4ge direkt vergeben und haben stets den \u00dcberblick \u00fcber alle Termine und Kosten.<\/p><\/div> <\/div> <\/div>\n<div class='content-column content-column-row '><div class='content-column full_width'>\n<h2 style=\"text-align: center;\">Unser Workflow<\/h2>\n<a href=\"https:\/\/eurotext.de\/wp-content\/uploads\/2019\/03\/EurotextAG_Workflow_2019.png\" data-rel=\"lightbox-image-0\" data-rl_title=\"\" data-rl_caption=\"\" title=\"\"><img loading=\"lazy\" decoding=\"async\" class=\"alignnone size-full wp-image-4701\" src=\"https:\/\/eurotext.de\/wp-content\/uploads\/2019\/03\/EurotextAG_Workflow_2019.png\" alt=\"Eurotext-Workflow\" width=\"1920\" height=\"813\" srcset=\"https:\/\/eurotext.de\/dk\/wp-content\/uploads\/sites\/29\/2019\/03\/EurotextAG_Workflow_2019.png 1920w, https:\/\/eurotext.de\/dk\/wp-content\/uploads\/sites\/29\/2019\/03\/EurotextAG_Workflow_2019-300x127.png 300w, https:\/\/eurotext.de\/dk\/wp-content\/uploads\/sites\/29\/2019\/03\/EurotextAG_Workflow_2019-768x325.png 768w, https:\/\/eurotext.de\/dk\/wp-content\/uploads\/sites\/29\/2019\/03\/EurotextAG_Workflow_2019-1024x434.png 1024w\" sizes=\"auto, (max-width: 1920px) 100vw, 1920px\" \/><\/a>\n<p>&nbsp;<\/p>\n<hr \/>\n<p>&nbsp;<\/p>\n<h2 style=\"text-align: center;\">So einfach organisieren Sie Ihr \u00dcbersetzungsmanagement<\/h2>\n<\/div><div class='clear_column'><\/div><\/div><div class='clear_column'><\/div>\n<div class=\"iconboxes\">\n                    <div class=\"layout-wrapper\"><div class=\"iconbox \">\n                    <i class=\"icon ion-calendar\"><\/i>\n                    <div class=\"iconbox__text\">\n<h2>Anfragen und Auftr\u00e4ge<\/h2>\n<p>Mit Ihrem pers\u00f6nlichen Kundenlogin k\u00f6nnen Sie jederzeit <strong>Anfragen<\/strong> senden, <strong>Angebote<\/strong> pr\u00fcfen und <strong>Auftr\u00e4ge<\/strong> erteilen. Sie k\u00f6nnen <strong>Budgets<\/strong> verwalten, Termine organisieren und haben stets alle Ihre \u00dcbersetzungs-Projekte im Blick.<strong><br \/>\n<\/strong><\/p>\n<\/div>\n                <\/div>\n<div class=\"iconbox \">\n                    <i class=\"icon ion-person-stalker\"><\/i>\n                    <div class=\"iconbox__text\">\n<h2>Nutzergruppen und Rechte<\/h2>\n<p>Binden Sie verschiedene Abteilungen oder Kollegen in \u00dcbersetzungsprojekte ein \u2013 jeder mit <strong>eigenem Profil<\/strong> und<strong> individuell anpassbaren Rechten<\/strong>. Wenn Sie m\u00f6chten, k\u00f6nnen Content-Teams, PR und Einkauf so ganz direkt zusammenarbeiten.<\/p>\n<\/div>\n                <\/div>\n<div class=\"iconbox \">\n                    <i class=\"icon ion-speedometer\"><\/i>\n                    <div class=\"iconbox__text\">\n<h2>Automatisierung und Geschwindigkeit<\/h2>\n<p>Projekte ko\u0308nnen auf vielfa\u0308ltige Weise an das \u00dcbersetzungsportal u\u0308bermittelt werden:<a href=\"https:\/\/eurotext.de\/technologie\/uebersetzungsplugins\/api\/\"><strong> REST API<\/strong><\/a>, <strong>Plugins<\/strong> fu\u0308r verschiedene Systeme (<a href=\"https:\/\/eurotext.de\/technologie\/uebersetzungsplugins\/\">translationMANAGER<\/a>), <strong>FTP-Paketworkflow<\/strong> (<a href=\"https:\/\/eurotext.de\/technologie\/uebersetzungsplugins\/individuell\/\">easyCONNCECTOR<\/a>, COTI) oder ganz einfach u\u0308ber den <strong>perso\u0308nlichen Login<\/strong> im U\u0308bersetzungsportal. So standardisieren und vereinfachen wir den Datentransfer.<\/p>\n<\/div>\n                <\/div>\n<\/div>\n                <\/div>\n<div class=\"banner banner--small banner--withTextAndButton banner--button-on-right-side banner--orange-background\"><div class=\"layout-wrapper\"><div class=\"banner__text\">Jetzt pers\u00f6nlichen Zugang beantragen!<\/div><div class=\"banner__button\"><a class=\" button button--light\" target=\"_self\" href=\"https:\/\/eurotext.de\/angebotsanfrage\/\">Los geht's!<\/a><\/div><\/div><\/div>\n<div class=\"parallax-container\" data-parallax=\"scroll\" data-bleed=\"10\" data-image-src=\"\/wp-content\/uploads\/2020\/04\/pastellblau_01.png\"> <div class=\"parallax-window\"> <div class=\"parallax-slider parallax-banner__content\" style=\"\"><h2 class='parallax-banner__headline'><strong>Wir organisieren das f\u00fcr Sie!<\/strong><\/h2><p class=\"parallax-banner__text\">Wussten Sie schon, dass wir <strong>Service<\/strong> ganz gro\u00df schreiben? Unser <strong>Projektmanagement<\/strong> sorgt daf\u00fcr, dass Sie sich um die wirklich wichtigen Dinge k\u00fcmmern k\u00f6nnen. Selbstverst\u00e4ndlich auch, wenn es mal etwas knapp ist.<\/p><a target=\"_self\" href=\"\/sprachdienstleistungen\/projektmanagement-laenderteams\/\" class=\"parallax-banner__button button button--withIcon \"> <i class=\"iconion-checkmark-circled\"><\/i>Weitere Informationen<\/a><\/div> <\/div> <\/div>\n","protected":false},"excerpt":{"rendered":"<p>Mit dem Eurotext \u00dcbersetzungsportal habe Sie 24\/7 Zugriff auf Ihre Projekte und Daten. Sie k\u00f6nnen Anfragen senden, Angebote freigeben, \u00dcbersetzungsdaten senden, empfangen und Ihr Budget kontrollieren.<br \/>\nDamit haben Sie alles im Blick und immer immer die volle Kontrolle.<\/p>\n","protected":false},"author":5,"featured_media":0,"parent":1955,"menu_order":3100,"comment_status":"closed","ping_status":"closed","template":"full-width-page.php","meta":{"footnotes":""},"class_list":["post-1943","page","type-page","status-publish","hentry"],"yoast_head":"<!-- This site is optimized with the Yoast SEO Premium plugin v21.9 (Yoast SEO v21.9.1) - https:\/\/yoast.com\/wordpress\/plugins\/seo\/ -->\n<title>Ihr \u00dcbersetzungsportal mit 24\/7 Zugriff bei der Eurotext AG<\/title>\n<meta name=\"description\" content=\"\u00dcbermitteln Sie Ihre Daten einfach und sicher \u00fcber das Eurotext \u00dcbersetzungsportal und behalten Sie jederzeit Ihre Projekte und \u00dcbersetzungskosten im Blick.\" \/>\n<meta name=\"robots\" content=\"noindex, follow, max-snippet:-1, max-image-preview:large, max-video-preview:-1\" \/>\n<meta property=\"og:locale\" content=\"de_DE\" \/>\n<meta property=\"og:type\" content=\"article\" \/>\n<meta property=\"og:title\" content=\"\u00dcbersetzungsportal\" \/>\n<meta property=\"og:description\" content=\"Mit dem Eurotext \u00dcbersetzungsportal habe Sie 24\/7 Zugriff auf Ihre Projekte und Daten. Sie k\u00f6nnen Anfragen senden, Angebote freigeben, \u00dcbersetzungsdaten senden, empfangen und Ihr Budget kontrollieren.  Damit haben Sie alles im Blick und immer immer die volle Kontrolle.\" \/>\n<meta property=\"og:url\" content=\"https:\/\/eurotext.de\/dk\/technologie\/uebersetzungsportal\/\" \/>\n<meta property=\"og:site_name\" content=\"Eurotext AG\" \/>\n<meta property=\"article:publisher\" content=\"https:\/\/de-de.facebook.com\/Eurotext\/\" \/>\n<meta property=\"article:modified_time\" content=\"2020-04-21T09:34:42+00:00\" \/>\n<meta property=\"og:image\" content=\"https:\/\/eurotext.de\/wp-content\/uploads\/2019\/03\/EurotextAG_Workflow_2019.png\" \/>\n<meta name=\"twitter:card\" content=\"summary_large_image\" \/>\n<meta name=\"twitter:site\" content=\"@eurotext\" \/>\n<meta name=\"twitter:label1\" content=\"Gesch\u00e4tzte Lesezeit\" \/>\n\t<meta name=\"twitter:data1\" content=\"2\u00a0Minuten\" \/>\n<script type=\"application\/ld+json\" class=\"yoast-schema-graph\">{\"@context\":\"https:\/\/schema.org\",\"@graph\":[{\"@type\":\"WebPage\",\"@id\":\"https:\/\/eurotext.de\/dk\/technologie\/uebersetzungsportal\/\",\"url\":\"https:\/\/eurotext.de\/dk\/technologie\/uebersetzungsportal\/\",\"name\":\"Ihr \u00dcbersetzungsportal mit 24\/7 Zugriff bei der Eurotext AG\",\"isPartOf\":{\"@id\":\"https:\/\/eurotext.de\/dk\/#website\"},\"datePublished\":\"2016-09-27T07:49:27+00:00\",\"dateModified\":\"2020-04-21T09:34:42+00:00\",\"description\":\"\u00dcbermitteln Sie Ihre Daten einfach und sicher \u00fcber das Eurotext \u00dcbersetzungsportal und behalten Sie jederzeit Ihre Projekte und \u00dcbersetzungskosten im Blick.\",\"breadcrumb\":{\"@id\":\"https:\/\/eurotext.de\/dk\/technologie\/uebersetzungsportal\/#breadcrumb\"},\"inLanguage\":\"de\",\"potentialAction\":[{\"@type\":\"ReadAction\",\"target\":[\"https:\/\/eurotext.de\/dk\/technologie\/uebersetzungsportal\/\"]}]},{\"@type\":\"BreadcrumbList\",\"@id\":\"https:\/\/eurotext.de\/dk\/technologie\/uebersetzungsportal\/#breadcrumb\",\"itemListElement\":[{\"@type\":\"ListItem\",\"position\":1,\"name\":\"Startseite\",\"item\":\"https:\/\/eurotext.de\/dk\/\"},{\"@type\":\"ListItem\",\"position\":2,\"name\":\"Technologie\",\"item\":\"https:\/\/eurotext.de\/dk\/technologie\/\"},{\"@type\":\"ListItem\",\"position\":3,\"name\":\"\u00dcbersetzungsportal\"}]},{\"@type\":\"WebSite\",\"@id\":\"https:\/\/eurotext.de\/dk\/#website\",\"url\":\"https:\/\/eurotext.de\/dk\/\",\"name\":\"Eurotext AG\",\"description\":\"Wir \u00fcbersetzen f\u00fcr Industrie, IT und E-Commerce\",\"publisher\":{\"@id\":\"https:\/\/eurotext.de\/dk\/#organization\"},\"potentialAction\":[{\"@type\":\"SearchAction\",\"target\":{\"@type\":\"EntryPoint\",\"urlTemplate\":\"https:\/\/eurotext.de\/dk\/?s={search_term_string}\"},\"query-input\":\"required name=search_term_string\"}],\"inLanguage\":\"de\"},{\"@type\":\"Organization\",\"@id\":\"https:\/\/eurotext.de\/dk\/#organization\",\"name\":\"Eurotext AG\",\"url\":\"https:\/\/eurotext.de\/dk\/\",\"logo\":{\"@type\":\"ImageObject\",\"inLanguage\":\"de\",\"@id\":\"https:\/\/eurotext.de\/dk\/#\/schema\/logo\/image\/\",\"url\":\"https:\/\/eurotext.de\/dk\/wp-content\/uploads\/sites\/29\/2016\/05\/eurotext_logo.png\",\"contentUrl\":\"https:\/\/eurotext.de\/dk\/wp-content\/uploads\/sites\/29\/2016\/05\/eurotext_logo.png\",\"width\":125,\"height\":22,\"caption\":\"Eurotext AG\"},\"image\":{\"@id\":\"https:\/\/eurotext.de\/dk\/#\/schema\/logo\/image\/\"},\"sameAs\":[\"https:\/\/de-de.facebook.com\/Eurotext\/\",\"https:\/\/twitter.com\/eurotext\",\"https:\/\/de.linkedin.com\/company\/eurotext-ag\"]}]}<\/script>\n<!-- \/ Yoast SEO Premium plugin. -->","yoast_head_json":{"title":"Ihr \u00dcbersetzungsportal mit 24\/7 Zugriff bei der Eurotext AG","description":"\u00dcbermitteln Sie Ihre Daten einfach und sicher \u00fcber das Eurotext \u00dcbersetzungsportal und behalten Sie jederzeit Ihre Projekte und \u00dcbersetzungskosten im Blick.","robots":{"index":"noindex","follow":"follow","max-snippet":"max-snippet:-1","max-image-preview":"max-image-preview:large","max-video-preview":"max-video-preview:-1"},"og_locale":"de_DE","og_type":"article","og_title":"\u00dcbersetzungsportal","og_description":"Mit dem Eurotext \u00dcbersetzungsportal habe Sie 24\/7 Zugriff auf Ihre Projekte und Daten. Sie k\u00f6nnen Anfragen senden, Angebote freigeben, \u00dcbersetzungsdaten senden, empfangen und Ihr Budget kontrollieren.  Damit haben Sie alles im Blick und immer immer die volle Kontrolle.","og_url":"https:\/\/eurotext.de\/dk\/technologie\/uebersetzungsportal\/","og_site_name":"Eurotext AG","article_publisher":"https:\/\/de-de.facebook.com\/Eurotext\/","article_modified_time":"2020-04-21T09:34:42+00:00","og_image":[{"url":"https:\/\/eurotext.de\/wp-content\/uploads\/2019\/03\/EurotextAG_Workflow_2019.png"}],"twitter_card":"summary_large_image","twitter_site":"@eurotext","twitter_misc":{"Gesch\u00e4tzte Lesezeit":"2\u00a0Minuten"},"schema":{"@context":"https:\/\/schema.org","@graph":[{"@type":"WebPage","@id":"https:\/\/eurotext.de\/dk\/technologie\/uebersetzungsportal\/","url":"https:\/\/eurotext.de\/dk\/technologie\/uebersetzungsportal\/","name":"Ihr \u00dcbersetzungsportal mit 24\/7 Zugriff bei der Eurotext AG","isPartOf":{"@id":"https:\/\/eurotext.de\/dk\/#website"},"datePublished":"2016-09-27T07:49:27+00:00","dateModified":"2020-04-21T09:34:42+00:00","description":"\u00dcbermitteln Sie Ihre Daten einfach und sicher \u00fcber das Eurotext \u00dcbersetzungsportal und behalten Sie jederzeit Ihre Projekte und \u00dcbersetzungskosten im Blick.","breadcrumb":{"@id":"https:\/\/eurotext.de\/dk\/technologie\/uebersetzungsportal\/#breadcrumb"},"inLanguage":"de","potentialAction":[{"@type":"ReadAction","target":["https:\/\/eurotext.de\/dk\/technologie\/uebersetzungsportal\/"]}]},{"@type":"BreadcrumbList","@id":"https:\/\/eurotext.de\/dk\/technologie\/uebersetzungsportal\/#breadcrumb","itemListElement":[{"@type":"ListItem","position":1,"name":"Startseite","item":"https:\/\/eurotext.de\/dk\/"},{"@type":"ListItem","position":2,"name":"Technologie","item":"https:\/\/eurotext.de\/dk\/technologie\/"},{"@type":"ListItem","position":3,"name":"\u00dcbersetzungsportal"}]},{"@type":"WebSite","@id":"https:\/\/eurotext.de\/dk\/#website","url":"https:\/\/eurotext.de\/dk\/","name":"Eurotext AG","description":"Wir \u00fcbersetzen f\u00fcr Industrie, IT und E-Commerce","publisher":{"@id":"https:\/\/eurotext.de\/dk\/#organization"},"potentialAction":[{"@type":"SearchAction","target":{"@type":"EntryPoint","urlTemplate":"https:\/\/eurotext.de\/dk\/?s={search_term_string}"},"query-input":"required name=search_term_string"}],"inLanguage":"de"},{"@type":"Organization","@id":"https:\/\/eurotext.de\/dk\/#organization","name":"Eurotext AG","url":"https:\/\/eurotext.de\/dk\/","logo":{"@type":"ImageObject","inLanguage":"de","@id":"https:\/\/eurotext.de\/dk\/#\/schema\/logo\/image\/","url":"https:\/\/eurotext.de\/dk\/wp-content\/uploads\/sites\/29\/2016\/05\/eurotext_logo.png","contentUrl":"https:\/\/eurotext.de\/dk\/wp-content\/uploads\/sites\/29\/2016\/05\/eurotext_logo.png","width":125,"height":22,"caption":"Eurotext AG"},"image":{"@id":"https:\/\/eurotext.de\/dk\/#\/schema\/logo\/image\/"},"sameAs":["https:\/\/de-de.facebook.com\/Eurotext\/","https:\/\/twitter.com\/eurotext","https:\/\/de.linkedin.com\/company\/eurotext-ag"]}]}},"_links":{"self":[{"href":"https:\/\/eurotext.de\/dk\/wp-json\/wp\/v2\/pages\/1943","targetHints":{"allow":["GET"]}}],"collection":[{"href":"https:\/\/eurotext.de\/dk\/wp-json\/wp\/v2\/pages"}],"about":[{"href":"https:\/\/eurotext.de\/dk\/wp-json\/wp\/v2\/types\/page"}],"author":[{"embeddable":true,"href":"https:\/\/eurotext.de\/dk\/wp-json\/wp\/v2\/users\/5"}],"replies":[{"embeddable":true,"href":"https:\/\/eurotext.de\/dk\/wp-json\/wp\/v2\/comments?post=1943"}],"version-history":[{"count":39,"href":"https:\/\/eurotext.de\/dk\/wp-json\/wp\/v2\/pages\/1943\/revisions"}],"predecessor-version":[{"id":10206,"href":"https:\/\/eurotext.de\/dk\/wp-json\/wp\/v2\/pages\/1943\/revisions\/10206"}],"up":[{"embeddable":true,"href":"https:\/\/eurotext.de\/dk\/wp-json\/wp\/v2\/pages\/1955"}],"wp:attachment":[{"href":"https:\/\/eurotext.de\/dk\/wp-json\/wp\/v2\/media?parent=1943"}],"curies":[{"name":"wp","href":"https:\/\/api.w.org\/{rel}","templated":true}]}}