{"id":9590,"date":"2019-11-25T11:28:57","date_gmt":"2019-11-25T10:28:57","guid":{"rendered":"https:\/\/eurotext.de\/?page_id=9590"},"modified":"2020-04-28T08:39:22","modified_gmt":"2020-04-28T06:39:22","slug":"newsletter","status":"publish","type":"page","link":"https:\/\/eurotext.de\/cz\/newsletter\/","title":{"rendered":"Newsletter"},"content":{"rendered":"<div class=\"parallax-container\" data-parallax=\"scroll\" data-bleed=\"10\" data-image-src=\"\/wp-content\/uploads\/2020\/04\/pastellblau_01.png\"> <div class=\"parallax-window\"> <div class=\"parallax-slider parallax-banner__content\" style=\"\"><h1 class='parallax-banner__headline'>Der Eurotext-<strong>Newsletter<\/strong><\/h1><p class=\"parallax-banner__text\">Bleiben Sie mit dem Eurotext-Newsletter stets auf dem Laufenden! Wir informieren Sie in unregelm\u00e4\u00dfigen Abst\u00e4nden \u00fcber Produktneuheiten, Veranstaltungen und wichtige Entwicklungen im E-Commerce. Melden Sie sich jetzt an!<\/p><\/div> <\/div> <\/div>\n<div class='content-column content-column-row '><\/p>\n<div class='content-column full_width'>\n<p><script id=\"n2g_script\">!function(e,t,n,c,r,a,i){e.Newsletter2GoTrackingObject=r,e[r]=e[r]||function(){(e[r].q=e[r].q||[]).push(arguments)},e[r].l=1*new Date,a=t.createElement(n),i=t.getElementsByTagName(n)[0],a.async=1,a.src=c,i.parentNode.insertBefore(a,i)}(window,document,\"script\",\"https:\/\/static.newsletter2go.com\/utils.js\",\"n2g\");var config = {\"container\": {\"type\": \"div\",\"class\": \"\",\"style\": \"\"},\"row\": {\"type\": \"div\",\"class\": \"\",\"style\": \"margin-top: 15px;\"},\"columnLeft\": {\"type\": \"div\",\"class\": \"\",\"style\": \"\"},\"columnRight\": {\"type\": \"div\",\"class\": \"\",\"style\": \"\"},\"label\": {\"type\": \"label\",\"class\": \"\",\"style\": \"\"}};n2g('create', 'bjh8ws43-wr1kkgyv-10uv');n2g('subscribe:createForm', config);<\/script><\/p>\n<\/div><div class='clear_column'><\/div>\n<p><\/div><div class='clear_column'><\/div>\n","protected":false},"excerpt":{"rendered":"","protected":false},"author":5,"featured_media":0,"parent":0,"menu_order":8010,"comment_status":"closed","ping_status":"closed","template":"full-width-page.php","meta":{"footnotes":""},"class_list":["post-9590","page","type-page","status-publish","hentry"],"yoast_head":"<!-- This site is optimized with the Yoast SEO Premium plugin v21.9 (Yoast SEO v21.9.1) - https:\/\/yoast.com\/wordpress\/plugins\/seo\/ -->\n<title>Stets aktuell informiert mit dem Eurotext-Newsletter &#8211; Eurotext AG<\/title>\n<meta name=\"description\" content=\"Mit dem Eurotext-Newsletter sind Sie immer auf dem Laufenden! Hintergrundinfos rund um Internationalisierung, aktuelle Entwicklungen und neue Produkte.\" \/>\n<meta name=\"robots\" content=\"noindex, follow, max-snippet:-1, max-image-preview:large, max-video-preview:-1\" \/>\n<meta property=\"og:locale\" content=\"de_DE\" \/>\n<meta property=\"og:type\" content=\"article\" \/>\n<meta property=\"og:title\" content=\"Newsletter\" \/>\n<meta property=\"og:url\" content=\"https:\/\/eurotext.de\/cz\/newsletter\/\" \/>\n<meta property=\"og:site_name\" content=\"Eurotext AG\" \/>\n<meta property=\"article:publisher\" content=\"https:\/\/de-de.facebook.com\/Eurotext\/\" \/>\n<meta property=\"article:modified_time\" content=\"2020-04-28T06:39:22+00:00\" \/>\n<meta name=\"twitter:card\" content=\"summary_large_image\" \/>\n<meta name=\"twitter:site\" content=\"@eurotext\" \/>\n<script type=\"application\/ld+json\" class=\"yoast-schema-graph\">{\"@context\":\"https:\/\/schema.org\",\"@graph\":[{\"@type\":\"WebPage\",\"@id\":\"https:\/\/eurotext.de\/cz\/newsletter\/\",\"url\":\"https:\/\/eurotext.de\/cz\/newsletter\/\",\"name\":\"Stets aktuell informiert mit dem Eurotext-Newsletter &#8211; Eurotext AG\",\"isPartOf\":{\"@id\":\"https:\/\/eurotext.de\/cz\/#website\"},\"datePublished\":\"2019-11-25T10:28:57+00:00\",\"dateModified\":\"2020-04-28T06:39:22+00:00\",\"description\":\"Mit dem Eurotext-Newsletter sind Sie immer auf dem Laufenden! Hintergrundinfos rund um Internationalisierung, aktuelle Entwicklungen und neue Produkte.\",\"breadcrumb\":{\"@id\":\"https:\/\/eurotext.de\/cz\/newsletter\/#breadcrumb\"},\"inLanguage\":\"de\",\"potentialAction\":[{\"@type\":\"ReadAction\",\"target\":[\"https:\/\/eurotext.de\/cz\/newsletter\/\"]}]},{\"@type\":\"BreadcrumbList\",\"@id\":\"https:\/\/eurotext.de\/cz\/newsletter\/#breadcrumb\",\"itemListElement\":[{\"@type\":\"ListItem\",\"position\":1,\"name\":\"Startseite\",\"item\":\"https:\/\/eurotext.de\/cz\/\"},{\"@type\":\"ListItem\",\"position\":2,\"name\":\"Newsletter\"}]},{\"@type\":\"WebSite\",\"@id\":\"https:\/\/eurotext.de\/cz\/#website\",\"url\":\"https:\/\/eurotext.de\/cz\/\",\"name\":\"Eurotext AG\",\"description\":\"Wir \u00fcbersetzen f\u00fcr Industrie, IT und E-Commerce\",\"publisher\":{\"@id\":\"https:\/\/eurotext.de\/cz\/#organization\"},\"potentialAction\":[{\"@type\":\"SearchAction\",\"target\":{\"@type\":\"EntryPoint\",\"urlTemplate\":\"https:\/\/eurotext.de\/cz\/?s={search_term_string}\"},\"query-input\":\"required name=search_term_string\"}],\"inLanguage\":\"de\"},{\"@type\":\"Organization\",\"@id\":\"https:\/\/eurotext.de\/cz\/#organization\",\"name\":\"Eurotext AG\",\"url\":\"https:\/\/eurotext.de\/cz\/\",\"logo\":{\"@type\":\"ImageObject\",\"inLanguage\":\"de\",\"@id\":\"https:\/\/eurotext.de\/cz\/#\/schema\/logo\/image\/\",\"url\":\"https:\/\/eurotext.de\/cz\/wp-content\/uploads\/sites\/27\/2016\/05\/eurotext_logo.png\",\"contentUrl\":\"https:\/\/eurotext.de\/cz\/wp-content\/uploads\/sites\/27\/2016\/05\/eurotext_logo.png\",\"width\":125,\"height\":22,\"caption\":\"Eurotext AG\"},\"image\":{\"@id\":\"https:\/\/eurotext.de\/cz\/#\/schema\/logo\/image\/\"},\"sameAs\":[\"https:\/\/de-de.facebook.com\/Eurotext\/\",\"https:\/\/twitter.com\/eurotext\",\"https:\/\/de.linkedin.com\/company\/eurotext-ag\"]}]}<\/script>\n<!-- \/ Yoast SEO Premium plugin. -->","yoast_head_json":{"title":"Stets aktuell informiert mit dem Eurotext-Newsletter &#8211; Eurotext AG","description":"Mit dem Eurotext-Newsletter sind Sie immer auf dem Laufenden! Hintergrundinfos rund um Internationalisierung, aktuelle Entwicklungen und neue Produkte.","robots":{"index":"noindex","follow":"follow","max-snippet":"max-snippet:-1","max-image-preview":"max-image-preview:large","max-video-preview":"max-video-preview:-1"},"og_locale":"de_DE","og_type":"article","og_title":"Newsletter","og_url":"https:\/\/eurotext.de\/cz\/newsletter\/","og_site_name":"Eurotext AG","article_publisher":"https:\/\/de-de.facebook.com\/Eurotext\/","article_modified_time":"2020-04-28T06:39:22+00:00","twitter_card":"summary_large_image","twitter_site":"@eurotext","schema":{"@context":"https:\/\/schema.org","@graph":[{"@type":"WebPage","@id":"https:\/\/eurotext.de\/cz\/newsletter\/","url":"https:\/\/eurotext.de\/cz\/newsletter\/","name":"Stets aktuell informiert mit dem Eurotext-Newsletter &#8211; Eurotext AG","isPartOf":{"@id":"https:\/\/eurotext.de\/cz\/#website"},"datePublished":"2019-11-25T10:28:57+00:00","dateModified":"2020-04-28T06:39:22+00:00","description":"Mit dem Eurotext-Newsletter sind Sie immer auf dem Laufenden! Hintergrundinfos rund um Internationalisierung, aktuelle Entwicklungen und neue Produkte.","breadcrumb":{"@id":"https:\/\/eurotext.de\/cz\/newsletter\/#breadcrumb"},"inLanguage":"de","potentialAction":[{"@type":"ReadAction","target":["https:\/\/eurotext.de\/cz\/newsletter\/"]}]},{"@type":"BreadcrumbList","@id":"https:\/\/eurotext.de\/cz\/newsletter\/#breadcrumb","itemListElement":[{"@type":"ListItem","position":1,"name":"Startseite","item":"https:\/\/eurotext.de\/cz\/"},{"@type":"ListItem","position":2,"name":"Newsletter"}]},{"@type":"WebSite","@id":"https:\/\/eurotext.de\/cz\/#website","url":"https:\/\/eurotext.de\/cz\/","name":"Eurotext AG","description":"Wir \u00fcbersetzen f\u00fcr Industrie, IT und E-Commerce","publisher":{"@id":"https:\/\/eurotext.de\/cz\/#organization"},"potentialAction":[{"@type":"SearchAction","target":{"@type":"EntryPoint","urlTemplate":"https:\/\/eurotext.de\/cz\/?s={search_term_string}"},"query-input":"required name=search_term_string"}],"inLanguage":"de"},{"@type":"Organization","@id":"https:\/\/eurotext.de\/cz\/#organization","name":"Eurotext AG","url":"https:\/\/eurotext.de\/cz\/","logo":{"@type":"ImageObject","inLanguage":"de","@id":"https:\/\/eurotext.de\/cz\/#\/schema\/logo\/image\/","url":"https:\/\/eurotext.de\/cz\/wp-content\/uploads\/sites\/27\/2016\/05\/eurotext_logo.png","contentUrl":"https:\/\/eurotext.de\/cz\/wp-content\/uploads\/sites\/27\/2016\/05\/eurotext_logo.png","width":125,"height":22,"caption":"Eurotext AG"},"image":{"@id":"https:\/\/eurotext.de\/cz\/#\/schema\/logo\/image\/"},"sameAs":["https:\/\/de-de.facebook.com\/Eurotext\/","https:\/\/twitter.com\/eurotext","https:\/\/de.linkedin.com\/company\/eurotext-ag"]}]}},"_links":{"self":[{"href":"https:\/\/eurotext.de\/cz\/wp-json\/wp\/v2\/pages\/9590","targetHints":{"allow":["GET"]}}],"collection":[{"href":"https:\/\/eurotext.de\/cz\/wp-json\/wp\/v2\/pages"}],"about":[{"href":"https:\/\/eurotext.de\/cz\/wp-json\/wp\/v2\/types\/page"}],"author":[{"embeddable":true,"href":"https:\/\/eurotext.de\/cz\/wp-json\/wp\/v2\/users\/5"}],"replies":[{"embeddable":true,"href":"https:\/\/eurotext.de\/cz\/wp-json\/wp\/v2\/comments?post=9590"}],"version-history":[{"count":6,"href":"https:\/\/eurotext.de\/cz\/wp-json\/wp\/v2\/pages\/9590\/revisions"}],"predecessor-version":[{"id":10227,"href":"https:\/\/eurotext.de\/cz\/wp-json\/wp\/v2\/pages\/9590\/revisions\/10227"}],"wp:attachment":[{"href":"https:\/\/eurotext.de\/cz\/wp-json\/wp\/v2\/media?parent=9590"}],"curies":[{"name":"wp","href":"https:\/\/api.w.org\/{rel}","templated":true}]}}