{"id":5972,"date":"2019-11-06T11:35:49","date_gmt":"2019-11-06T10:35:49","guid":{"rendered":"https:\/\/eurotext.de\/?page_id=5972"},"modified":"2020-04-21T10:58:02","modified_gmt":"2020-04-21T08:58:02","slug":"uebersetzungsplugins","status":"publish","type":"page","link":"https:\/\/eurotext.de\/cz\/technologie\/uebersetzungsplugins\/","title":{"rendered":"\u00dcbersetzungsplugins"},"content":{"rendered":"<div class=\"parallax-container\" data-parallax=\"scroll\" data-bleed=\"10\" data-image-src=\"\/wp-content\/uploads\/2020\/04\/pastellblau_05.png\"> <div class=\"parallax-window\"> <div class=\"parallax-slider parallax-banner__content\" style=\"\"><h1 class='parallax-banner__headline'>L\u00f6sungen<\/h1><p class=\"parallax-banner__text\">Wir verbinden Ihre Systeme mit unserem \u00dcbersetzungsportal! Ein strukturierter Datenaustausch optimiert Kosten, Geschwindigkeit und Qualit\u00e4t.<\/p><\/div> <\/div> <\/div>\n<div class=\"iconboxes\">\n                    <div class=\"layout-wrapper\"><div class=\"iconbox \">\n                    <i class=\"icon \" style=\"background:#fff url(\/wp-content\/uploads\/2019\/11\/icon_magento.png) no-repeat center center; background-size:47px\"><\/i>\n                    <div class=\"iconbox__text\">\n<h2>Magento<\/h2>\n<p>\u00dcbersetzungen direkt aus dem <strong>Magento<\/strong>-Admin: der <strong>translationMANAGER<\/strong> hilft Ihnen mit einer intelligenten Auswahl-, Export- und Importfunktionalit\u00e4t dabei, professionelle \u00dcbersetzungen zu organisieren. Binden Sie Ihren Shop an ein \u00dcbersetzungsportal und muttersprachliche L\u00e4nderteams f\u00fcr mehr als 50 Sprachen an. So einfach geht <strong>Internationalisierung<\/strong>.<div class=\"iconbox__link \" style=\"background-color: ;\"><a href=\"\/technologie\/uebersetzungsplugins\/magento\/\" target=\"_self\" style=\"color: ; background-color: ;\"><span class=\"\">translationMANAGER f\u00fcr <strong>Magento<\/strong><\/span><\/a><\/div><\/div>\n                <\/div><div class=\"iconbox \">\n                    <i class=\"icon \" style=\"background:#fff url(\/wp-content\/uploads\/2019\/01\/OXID.png) no-repeat center center; background-size:47px\"><\/i>\n                    <div class=\"iconbox__text\">\n<h2>OXID<\/h2>\n<p>Werden Sie mit Ihrem <strong>OXID eShop<\/strong> international: Egal ob CE, PE oder EE \u2013 der <strong>translationMANAGER<\/strong> ist die erste professionelle und zertifizierte \u00dcbersetzungsl\u00f6sung f\u00fcr OXID eSales. Nutzen Sie die intelligente Textauswahl, organisieren Sie \u00dcbersetzungen in mehr als 50 Sprachen und arbeiten Sie mit <strong>muttersprachlichen L\u00e4nderteams<\/strong> auf der ganzen Welt. Ganz einfach in Ihrem OXID Admin-Bereich.<div class=\"iconbox__link \" style=\"background-color: ;\"><a href=\"\/technologie\/uebersetzungsplugins\/oxid\/\" target=\"_self\" style=\"color: ; background-color: ;\"><span class=\"\">translationMANAGER f\u00fcr <strong>OXID<\/strong><\/span><\/a><\/div><\/div>\n                <\/div><div class=\"iconbox \">\n                    <i class=\"icon \" style=\"background:#fff url(\/wp-content\/uploads\/2019\/11\/plentymarkets-1024x226-e1574679299325.png) no-repeat center center; background-size:47px\"><\/i>\n                    <div class=\"iconbox__text\">\n<h2>plentymarkets<\/h2>\n<p>Mit dem <strong>translationMANAGER f\u00fcr plentymarkets <\/strong>starten Sie Omnichannel-\u00dcbersetzungsprojekte direkt aus dem Backend. Exportieren Sie Artikel ganz oder auch nur in Teilen ins Eurotext \u00dcbersetzungsportal und importieren Sie mit wenigen Klicks professionelle \u00dcbersetzungen zur\u00fcck in Ihr System. Die ausgefeilten Such- und Auswahloptionen des Plug-Ins helfen Ihnen dabei, noch schneller ans Ziel zu kommen. So einfach kann Mehrsprachigkeit im E-Commerce sein!<div class=\"iconbox__link \" style=\"background-color: ;\"><a href=\"\/technologie\/uebersetzungsplugins\/plentymarkets\/\" target=\"_self\" style=\"color: ; background-color: ;\"><span class=\"\">translationMANAGER f\u00fcr <strong>plentymarkets<\/strong><\/span><\/a><\/div><\/div>\n                <\/div><div class=\"iconbox \">\n                    <i class=\"icon \" style=\"background:#fff url(\/wp-content\/uploads\/2019\/11\/Shopware-1024x341-e1574679362193.png) no-repeat center center; background-size:47px\"><\/i>\n                    <div class=\"iconbox__text\">\n<h2>Shopware<\/h2>\n<p>Mit dem <strong>translationMANAGER f\u00fcr Shopware<\/strong> starten Sie \u00dcbersetzungsprojekte direkt aus dem Backend Ihres Onlineshops. Exportieren Sie Inhalte wie Artikel, Hersteller, Einkaufswelten oder Textbausteine f\u00fcr die <strong>professionelle \u00dcbersetzung<\/strong>. Die intelligente Auswahl- , Export- und Importfunktionen des Plug-Ins helfen Ihnen dabei, immer den \u00dcberblick zu behalten. Flexibel, einfach, sicher.<div class=\"iconbox__link \" style=\"background-color: ;\"><a href=\"\/technologie\/uebersetzungsplugins\/shopware\/\" target=\"_self\" style=\"color: ; background-color: ;\"><span class=\"\">translationMANAGER f\u00fcr <strong>Shopware<\/strong><\/span><\/a><\/div><\/div>\n                <\/div><div class=\"iconbox \">\n                    <i class=\"icon \" style=\"background:#fff url(\/wp-content\/uploads\/2019\/11\/WordPress-1024x262-e1574679434599.png) no-repeat center center; background-size:47px\"><\/i>\n                    <div class=\"iconbox__text\">\n<h2>WordPress<\/h2>\n<p>Der<strong> translationMANAGER f\u00fcr WordPress<\/strong> erleichtert Ihnen den Export von Inhalten Ihrer<strong> WordPress Multisite<\/strong> f\u00fcr die professionelle \u00dcbersetzung. W\u00e4hlen Sie Beitr\u00e4ge, Seiten und individuelle Inhalte (custom post types) wie WooCommerce Produkte aus und arbeiten Sie mit muttersprachlichen \u00dcbersetzern auf der ganzen Welt. Ganz einfach und direkt im WordPress Admin.<div class=\"iconbox__link \" style=\"background-color: ;\"><a href=\"\/technologie\/uebersetzungsplugins\/wordpress\/\" target=\"_self\" style=\"color: ; background-color: ;\"><span class=\"\">translationMANAGER f\u00fcr <strong>WordPress<\/strong><\/span><\/a><\/div><\/div>\n                <\/div><div class=\"iconbox \">\n                    <i class=\"icon \" style=\"background:#fff url(\/wp-content\/uploads\/2016\/12\/Logo_easyConnector_Signet_RGB.png) no-repeat center center; background-size:47px\"><\/i>\n                    <div class=\"iconbox__text\">\n<h2>Individuell<\/h2>\n<p>Leicht zur integrieren. Schneller am Markt. Starten Sie \u00dcbersetzungen dort, wo es wirklich sinnvoll ist: Mit dem <strong>easyConnector<\/strong> beginnen Ihre \u00dcbersetzungsprozesse schon im eigenen CMS, PIM, ERP oder der Warenwirtschaft. Binden Sie Ihre Systeme an ein \u00dcbersetzungsportal mit <strong>muttersprachlichen L\u00e4nderteams<\/strong> f\u00fcr mehr als 50 Sprachen an. Einfach. Sicher. Flexibel.<div class=\"iconbox__link \" style=\"background-color: ;\"><a href=\"\/technologie\/uebersetzungsplugins\/individuell\/\" target=\"_self\" style=\"color: ; background-color: ;\"><span class=\"\">easyConnector f\u00fcr <strong>Eigenentwicklungen<\/strong><\/span><\/a><\/div><\/div>\n                <\/div><div class=\"iconbox \">\n                    <i class=\"icon ion-help\"><\/i>\n                    <div class=\"iconbox__text\">\n<h2><a href=\"https:\/\/eurotext.de\/dokumentation\/\">Dokumentation &amp; Support<\/a><\/h2>\n<p>Sie haben Fragen oder ben\u00f6tigen Hilfe bei der Verwendung des Eurotext translationMANAGER? Hier finden Sie alle n\u00f6tigen Informationen!<br \/>\n<div class=\"iconbox__link \" style=\"background-color: ;\"><a href=\"\/dokumentation\/\" target=\"_self\" style=\"color: ; background-color: ;\"><span class=\"\">Dokumentation &amp; Support<\/span><\/a><\/div><\/div>\n                <\/div><\/div>\n                <\/div>\n<div class=\"banner banner--small banner--withTextAndButton banner--button-on-right-side banner--blue-background\"><div class=\"layout-wrapper\"><div class=\"banner__text\">Jetzt kostenloses Angebot anfordern!<\/div><div class=\"banner__button\"><a class=\" button button--juice\" target=\"_self\" href=\"\/angebotsanfrage\/\">Angebot anfordern<\/a><\/div><\/div><\/div>\n<p>&nbsp;<\/p>\n<p>&nbsp;<\/p>\n","protected":false},"excerpt":{"rendered":"<p>&nbsp; &nbsp;<\/p>\n","protected":false},"author":5,"featured_media":0,"parent":1955,"menu_order":3200,"comment_status":"closed","ping_status":"closed","template":"full-width-page.php","meta":{"footnotes":""},"class_list":["post-5972","page","type-page","status-publish","hentry"],"yoast_head":"<!-- This site is optimized with the Yoast SEO Premium plugin v21.9 (Yoast SEO v21.9.1) - https:\/\/yoast.com\/wordpress\/plugins\/seo\/ -->\n<title>\u00dcbersetzungsplugins f\u00fcr Onlineshop, PIM, CMS, ERP etc.&#8211; Eurotext AG<\/title>\n<meta name=\"description\" content=\"Nahtlose Integration des \u00dcbersetzungsprozesses in bestehende Systemlandschaften und die Projektverwaltung direkt im Onlineshop? So einfach geht&#039;s!\" \/>\n<meta name=\"robots\" content=\"noindex, follow, max-snippet:-1, max-image-preview:large, max-video-preview:-1\" \/>\n<meta property=\"og:locale\" content=\"de_DE\" \/>\n<meta property=\"og:type\" content=\"article\" \/>\n<meta property=\"og:title\" content=\"\u00dcbersetzungsplugins\" \/>\n<meta property=\"og:description\" content=\"&nbsp;  &nbsp;\" \/>\n<meta property=\"og:url\" content=\"https:\/\/eurotext.de\/cz\/technologie\/uebersetzungsplugins\/\" \/>\n<meta property=\"og:site_name\" content=\"Eurotext AG\" \/>\n<meta property=\"article:publisher\" content=\"https:\/\/de-de.facebook.com\/Eurotext\/\" \/>\n<meta property=\"article:modified_time\" content=\"2020-04-21T08:58:02+00:00\" \/>\n<meta name=\"twitter:card\" content=\"summary_large_image\" \/>\n<meta name=\"twitter:site\" content=\"@eurotext\" \/>\n<meta name=\"twitter:label1\" content=\"Gesch\u00e4tzte Lesezeit\" \/>\n\t<meta name=\"twitter:data1\" content=\"3\u00a0Minuten\" \/>\n<script type=\"application\/ld+json\" class=\"yoast-schema-graph\">{\"@context\":\"https:\/\/schema.org\",\"@graph\":[{\"@type\":\"WebPage\",\"@id\":\"https:\/\/eurotext.de\/cz\/technologie\/uebersetzungsplugins\/\",\"url\":\"https:\/\/eurotext.de\/cz\/technologie\/uebersetzungsplugins\/\",\"name\":\"\u00dcbersetzungsplugins f\u00fcr Onlineshop, PIM, CMS, ERP etc.&#8211; Eurotext AG\",\"isPartOf\":{\"@id\":\"https:\/\/eurotext.de\/cz\/#website\"},\"datePublished\":\"2019-11-06T10:35:49+00:00\",\"dateModified\":\"2020-04-21T08:58:02+00:00\",\"description\":\"Nahtlose Integration des \u00dcbersetzungsprozesses in bestehende Systemlandschaften und die Projektverwaltung direkt im Onlineshop? So einfach geht's!\",\"breadcrumb\":{\"@id\":\"https:\/\/eurotext.de\/cz\/technologie\/uebersetzungsplugins\/#breadcrumb\"},\"inLanguage\":\"de\",\"potentialAction\":[{\"@type\":\"ReadAction\",\"target\":[\"https:\/\/eurotext.de\/cz\/technologie\/uebersetzungsplugins\/\"]}]},{\"@type\":\"BreadcrumbList\",\"@id\":\"https:\/\/eurotext.de\/cz\/technologie\/uebersetzungsplugins\/#breadcrumb\",\"itemListElement\":[{\"@type\":\"ListItem\",\"position\":1,\"name\":\"Startseite\",\"item\":\"https:\/\/eurotext.de\/cz\/\"},{\"@type\":\"ListItem\",\"position\":2,\"name\":\"Technologie\",\"item\":\"https:\/\/eurotext.de\/cz\/technologie\/\"},{\"@type\":\"ListItem\",\"position\":3,\"name\":\"\u00dcbersetzungsplugins\"}]},{\"@type\":\"WebSite\",\"@id\":\"https:\/\/eurotext.de\/cz\/#website\",\"url\":\"https:\/\/eurotext.de\/cz\/\",\"name\":\"Eurotext AG\",\"description\":\"Wir \u00fcbersetzen f\u00fcr Industrie, IT und E-Commerce\",\"publisher\":{\"@id\":\"https:\/\/eurotext.de\/cz\/#organization\"},\"potentialAction\":[{\"@type\":\"SearchAction\",\"target\":{\"@type\":\"EntryPoint\",\"urlTemplate\":\"https:\/\/eurotext.de\/cz\/?s={search_term_string}\"},\"query-input\":\"required name=search_term_string\"}],\"inLanguage\":\"de\"},{\"@type\":\"Organization\",\"@id\":\"https:\/\/eurotext.de\/cz\/#organization\",\"name\":\"Eurotext AG\",\"url\":\"https:\/\/eurotext.de\/cz\/\",\"logo\":{\"@type\":\"ImageObject\",\"inLanguage\":\"de\",\"@id\":\"https:\/\/eurotext.de\/cz\/#\/schema\/logo\/image\/\",\"url\":\"https:\/\/eurotext.de\/cz\/wp-content\/uploads\/sites\/27\/2016\/05\/eurotext_logo.png\",\"contentUrl\":\"https:\/\/eurotext.de\/cz\/wp-content\/uploads\/sites\/27\/2016\/05\/eurotext_logo.png\",\"width\":125,\"height\":22,\"caption\":\"Eurotext AG\"},\"image\":{\"@id\":\"https:\/\/eurotext.de\/cz\/#\/schema\/logo\/image\/\"},\"sameAs\":[\"https:\/\/de-de.facebook.com\/Eurotext\/\",\"https:\/\/twitter.com\/eurotext\",\"https:\/\/de.linkedin.com\/company\/eurotext-ag\"]}]}<\/script>\n<!-- \/ Yoast SEO Premium plugin. -->","yoast_head_json":{"title":"\u00dcbersetzungsplugins f\u00fcr Onlineshop, PIM, CMS, ERP etc.&#8211; Eurotext AG","description":"Nahtlose Integration des \u00dcbersetzungsprozesses in bestehende Systemlandschaften und die Projektverwaltung direkt im Onlineshop? So einfach geht's!","robots":{"index":"noindex","follow":"follow","max-snippet":"max-snippet:-1","max-image-preview":"max-image-preview:large","max-video-preview":"max-video-preview:-1"},"og_locale":"de_DE","og_type":"article","og_title":"\u00dcbersetzungsplugins","og_description":"&nbsp;  &nbsp;","og_url":"https:\/\/eurotext.de\/cz\/technologie\/uebersetzungsplugins\/","og_site_name":"Eurotext AG","article_publisher":"https:\/\/de-de.facebook.com\/Eurotext\/","article_modified_time":"2020-04-21T08:58:02+00:00","twitter_card":"summary_large_image","twitter_site":"@eurotext","twitter_misc":{"Gesch\u00e4tzte Lesezeit":"3\u00a0Minuten"},"schema":{"@context":"https:\/\/schema.org","@graph":[{"@type":"WebPage","@id":"https:\/\/eurotext.de\/cz\/technologie\/uebersetzungsplugins\/","url":"https:\/\/eurotext.de\/cz\/technologie\/uebersetzungsplugins\/","name":"\u00dcbersetzungsplugins f\u00fcr Onlineshop, PIM, CMS, ERP etc.&#8211; Eurotext AG","isPartOf":{"@id":"https:\/\/eurotext.de\/cz\/#website"},"datePublished":"2019-11-06T10:35:49+00:00","dateModified":"2020-04-21T08:58:02+00:00","description":"Nahtlose Integration des \u00dcbersetzungsprozesses in bestehende Systemlandschaften und die Projektverwaltung direkt im Onlineshop? So einfach geht's!","breadcrumb":{"@id":"https:\/\/eurotext.de\/cz\/technologie\/uebersetzungsplugins\/#breadcrumb"},"inLanguage":"de","potentialAction":[{"@type":"ReadAction","target":["https:\/\/eurotext.de\/cz\/technologie\/uebersetzungsplugins\/"]}]},{"@type":"BreadcrumbList","@id":"https:\/\/eurotext.de\/cz\/technologie\/uebersetzungsplugins\/#breadcrumb","itemListElement":[{"@type":"ListItem","position":1,"name":"Startseite","item":"https:\/\/eurotext.de\/cz\/"},{"@type":"ListItem","position":2,"name":"Technologie","item":"https:\/\/eurotext.de\/cz\/technologie\/"},{"@type":"ListItem","position":3,"name":"\u00dcbersetzungsplugins"}]},{"@type":"WebSite","@id":"https:\/\/eurotext.de\/cz\/#website","url":"https:\/\/eurotext.de\/cz\/","name":"Eurotext AG","description":"Wir \u00fcbersetzen f\u00fcr Industrie, IT und E-Commerce","publisher":{"@id":"https:\/\/eurotext.de\/cz\/#organization"},"potentialAction":[{"@type":"SearchAction","target":{"@type":"EntryPoint","urlTemplate":"https:\/\/eurotext.de\/cz\/?s={search_term_string}"},"query-input":"required name=search_term_string"}],"inLanguage":"de"},{"@type":"Organization","@id":"https:\/\/eurotext.de\/cz\/#organization","name":"Eurotext AG","url":"https:\/\/eurotext.de\/cz\/","logo":{"@type":"ImageObject","inLanguage":"de","@id":"https:\/\/eurotext.de\/cz\/#\/schema\/logo\/image\/","url":"https:\/\/eurotext.de\/cz\/wp-content\/uploads\/sites\/27\/2016\/05\/eurotext_logo.png","contentUrl":"https:\/\/eurotext.de\/cz\/wp-content\/uploads\/sites\/27\/2016\/05\/eurotext_logo.png","width":125,"height":22,"caption":"Eurotext AG"},"image":{"@id":"https:\/\/eurotext.de\/cz\/#\/schema\/logo\/image\/"},"sameAs":["https:\/\/de-de.facebook.com\/Eurotext\/","https:\/\/twitter.com\/eurotext","https:\/\/de.linkedin.com\/company\/eurotext-ag"]}]}},"_links":{"self":[{"href":"https:\/\/eurotext.de\/cz\/wp-json\/wp\/v2\/pages\/5972","targetHints":{"allow":["GET"]}}],"collection":[{"href":"https:\/\/eurotext.de\/cz\/wp-json\/wp\/v2\/pages"}],"about":[{"href":"https:\/\/eurotext.de\/cz\/wp-json\/wp\/v2\/types\/page"}],"author":[{"embeddable":true,"href":"https:\/\/eurotext.de\/cz\/wp-json\/wp\/v2\/users\/5"}],"replies":[{"embeddable":true,"href":"https:\/\/eurotext.de\/cz\/wp-json\/wp\/v2\/comments?post=5972"}],"version-history":[{"count":23,"href":"https:\/\/eurotext.de\/cz\/wp-json\/wp\/v2\/pages\/5972\/revisions"}],"predecessor-version":[{"id":10177,"href":"https:\/\/eurotext.de\/cz\/wp-json\/wp\/v2\/pages\/5972\/revisions\/10177"}],"up":[{"embeddable":true,"href":"https:\/\/eurotext.de\/cz\/wp-json\/wp\/v2\/pages\/1955"}],"wp:attachment":[{"href":"https:\/\/eurotext.de\/cz\/wp-json\/wp\/v2\/media?parent=5972"}],"curies":[{"name":"wp","href":"https:\/\/api.w.org\/{rel}","templated":true}]}}