{"id":5164,"date":"2019-06-27T11:37:41","date_gmt":"2019-06-27T09:37:41","guid":{"rendered":"https:\/\/eurotext.de\/?page_id=5164"},"modified":"2020-04-21T11:34:11","modified_gmt":"2020-04-21T09:34:11","slug":"engineering-formate","status":"publish","type":"page","link":"https:\/\/eurotext.de\/cz\/sprachdienstleistungen\/engineering-formate\/","title":{"rendered":"Engineering &#038; Formate"},"content":{"rendered":"<div class=\"parallax-container\" data-parallax=\"scroll\" data-bleed=\"10\" data-image-src=\"\/wp-content\/uploads\/2020\/04\/pastellblau_01.png\"> <div class=\"parallax-window\"> <div class=\"parallax-slider parallax-banner__content\" style=\"\"><h1 class='parallax-banner__headline'><strong>Engineering <\/strong>&amp; <strong>Formate<\/strong><\/h1><p class=\"parallax-banner__text\">Wir k\u00f6nnen <strong>alle g\u00e4ngigen Dateiformate<\/strong> verarbeiten und \u00fcbersetzt in ihrer urspr\u00fcnglichen Struktur liefern! Vor der \u00dcbersetzung erstellen wir passende Importfilter f\u00fcr unsere \u00dcbersetzungsumgebung. Ist dies geschehen, haben wir einen standardisierten Prozess f\u00fcr die Verarbeitung Ihrer Formate geschaffen. Vor der Lieferung werden die \u00fcbersetzten Dateien entsprechend validiert, sodass dem Reimport und der Wiederverwendung Ihrerseits nichts im Wege steht.<\/p> <\/div> <\/div> <\/div>\n<div class='content-column content-column-row '><div class='content-column full_width'>\n<p>&nbsp;<\/p>\n<p>&nbsp;<\/p>\n<\/div><div class='clear_column'><\/div>\n<div class='content-column one_fifth'>\n<img loading=\"lazy\" decoding=\"async\" class=\"alignnone\" src=\"\/wp-content\/uploads\/2017\/02\/400_Ardoin.jpg\" alt=\"Julian Ardoin\" width=\"200\" height=\"200\" \/><\/div><div class='content-column four_fifth last_column'><span style=\"font-size: 1.3em;\"><em>Die <strong>Eurotext-\u00dcbersetzungsumgebung<\/strong> bietet unseren Linguisten die M\u00f6glichkeit, direkt im urspr\u00fcnglichen Dateiformat zu \u00fcbersetzen. Dabei werden Codes &amp; Formatierungen automatisch durch unsere Importfilter erkannt und &#8222;getaggt&#8220;. So werden nur die relevanten Inhalte \u00fcbersetzt und die Datenstruktur bleibt unver\u00e4ndert. Das spart Zeit und Kosten.<\/em><\/span>\n<p>&nbsp;<\/p>\n<p><strong>Julian Ardoin<\/strong> k\u00fcmmert sich bei der Eurotext AG um die IT Services, ist Ansprechpartner in allen technischen Fragen und betreut als Language Engineer die \u00dcbersetzung von Onlineshops und anderen E-Commerce-Projekten.<\/p>\n<\/div><div class='clear_column'><\/div><\/div><div class='clear_column'><\/div>\n<div class=\"iconboxes\">\n                    <div class=\"layout-wrapper\"><div class=\"iconbox \">\n                    <i class=\"icon ion-log-in\"><\/i>\n                    <div class=\"iconbox__text\">\n<h2>Direkte Anbindung<\/h2>\n<p>Wir bieten Plugins und L\u00f6sungen, die Systeme unserer Kunden direkt mit unserem 24\/7-\u00dcbersetzungsportal verbinden. Die automatische Erzeugung \u00fcbersetzungsoptimierter und standardisierter <strong>Austauschformate<\/strong> ist dabei Bestandteil unserer Systeml\u00f6sungen.<div class=\"iconbox__link \" style=\"background-color: ;\"><a href=\"\/technologie\/uebersetzungsplugins\/\" target=\"_self\" style=\"color: ; background-color: ;\"><span class=\"\">Interessieren Sie sich f\u00fcr unsere <strong>Onlineshop-Plugins &amp; API<\/strong>?<\/span><\/a><\/div><\/div>\n                <\/div>\n<div class=\"iconbox \">\n                    <i class=\"icon ion-document\"><\/i>\n                    <div class=\"iconbox__text\">\n<h2>Dateien und Formate<\/h2>\n<p>Wir k\u00f6nnen <strong>alle g\u00e4ngigen Dateiformate<\/strong> verarbeiten und die \u00dcbersetzungen auch im gleichen <strong>Format<\/strong> und mit identischer <strong>Struktur<\/strong> zur\u00fcckliefern. So k\u00f6nnen Sie die Dateien direkt importieren und ohne weitere Bearbeitung sofort nutzen.<div class=\"iconbox__link \" style=\"background-color: ;\"><a href=\"#formate\" target=\"_self\" style=\"color: ; background-color: ;\"><span class=\"\">Hier finden Sie eine Auswahl der m\u00f6glichen <strong>Dateien und Formate<\/strong><\/span><\/a><\/div><\/div>\n                <\/div>\n<div class=\"iconbox \">\n                    <i class=\"icon ion-map\"><\/i>\n                    <div class=\"iconbox__text\">\n<h2>Umfangreiche Erfahrung<\/h2>\n<p>Mit unseren Kunden aus <strong>Industrie<\/strong> und <strong>E-Commerce<\/strong> setzen wir jeden Tag spannende Projekte um. Dadurch verf\u00fcgen wir \u00fcber einen reichen Erfahrungsschatz und lernen dennoch jeden Tag dazu. Hier gew\u00e4hren wir einen Blick hinter die Kulissen:<div class=\"iconbox__link \" style=\"background-color: ;\"><a href=\"\/projekte\/\" target=\"_self\" style=\"color: ; background-color: ;\"><span class=\"\">Erfahren Sie mehr \u00fcber unsere <strong>Kunden &amp; Projekte<\/strong><\/span><\/a><\/div><\/div>\n                <\/div>\n<\/div>\n                <\/div>\n<div class=\"banner banner--small banner--withTextAndButton banner--button-on-right-side banner--orange-background\"><div class=\"layout-wrapper\"><div class=\"banner__text\">Jetzt Angebot einholen!<\/div><div class=\"banner__button\"><a class=\" button button--light\" target=\"_self\" href=\"\/angebotsanfrage\/\">Kontakt<\/a><\/div><\/div><\/div>\n<div class='content-column content-column-row '><div class='content-column full_width'>\n<h2 id=\"formate\" style=\"text-align: center;\"><strong>Dateien &amp; Formate<\/strong><\/h2>\n<\/div><div class='clear_column'><\/div><div class='content-column one_half'>\n<p>Die folgenden Formate k\u00f6nnen wir direkt verarbeiten. Aber auch andere Dateien lassen sich mithilfe individueller Filter und Regeln \u00fcbersetzen.<\/p>\n<\/div><div class='content-column one_half last_column'>\n<p>Gerne sind wir Ihnen dabei behilflich und beraten Sie ggf. bei der Anfertigung passender <strong>Austauschformate<\/strong>.<\/p>\n<\/div><div class='clear_column'><\/div><div class='content-column one_fourth'>\n<h3>Strukturierte Daten<\/h3>\n<p><span style=\"color: #99cc00;\">&#x2714;<\/span> properties<br \/>\n<span style=\"color: #99cc00;\">&#x2714; <\/span> resx<br \/>\n<span style=\"color: #99cc00;\">&#x2714; <\/span> xml<br \/>\n<span style=\"color: #99cc00;\">&#x2714; <\/span> sxml<br \/>\n<span style=\"color: #99cc00;\">&#x2714; <\/span> txml<br \/>\n<span style=\"color: #99cc00;\">&#x2714; <\/span> csv<br \/>\n<span style=\"color: #99cc00;\">&#x2714; <\/span> dita<br \/>\n<span style=\"color: #99cc00;\">&#x2714; <\/span> strings<br \/>\n<span style=\"color: #99cc00;\">&#x2714; <\/span> Android xml<br \/>\n<span style=\"color: #99cc00;\">&#x2714; <\/span> srt<br \/>\n<span style=\"color: #99cc00;\">&#x2714; <\/span> wix<br \/>\n<span style=\"color: #99cc00;\">&#x2714; <\/span> po<\/p>\n<\/div><div class='content-column one_fourth'>\n<h3>Web- und Austauschformate<\/h3>\n<p><span style=\"color: #99cc00;\">&#x2714; <\/span> htm<br \/>\n<span style=\"color: #99cc00;\">&#x2714; <\/span> html<br \/>\n<span style=\"color: #99cc00;\">&#x2714; <\/span> xhtml<br \/>\n<span style=\"color: #99cc00;\">&#x2714; <\/span>COTI-Pakete<br \/>\n<span style=\"color: #99cc00;\">&#x2714; <\/span> dtd<br \/>\n<span style=\"color: #99cc00;\">&#x2714; <\/span> json<br \/>\n<span style=\"color: #99cc00;\">&#x2714; <\/span> yaml<br \/>\n<span style=\"color: #99cc00;\">&#x2714; <\/span> yml<br \/>\n<span style=\"color: #99cc00;\">&#x2714; <\/span> xliff<br \/>\n<span style=\"color: #99cc00;\">&#x2714; <\/span> sdlxliff<br \/>\n<span style=\"color: #99cc00;\">&#x2714; <\/span> tmx<br \/>\n<span style=\"color: #99cc00;\">&#x2714; <\/span> ttx<br \/>\n<span style=\"color: #99cc00;\">&#x2714; <\/span> xlf<\/p>\n<\/div><div class='content-column one_fourth'>\n<h3>Layout- und Grafikdateien<\/h3>\n<p><span style=\"color: #99cc00;\">&#x2714; <\/span> indd<br \/>\n<span style=\"color: #99cc00;\">&#x2714; <\/span> idml<br \/>\n<span style=\"color: #99cc00;\">&#x2714; <\/span> icml<br \/>\n<span style=\"color: #99cc00;\">&#x2714; <\/span> ai<br \/>\n<span style=\"color: #99cc00;\">&#x2714; <\/span> eps<br \/>\n<span style=\"color: #99cc00;\">&#x2714; <\/span> psd<br \/>\n<span style=\"color: #99cc00;\">&#x2714; <\/span> pdd<br \/>\n<span style=\"color: #99cc00;\">&#x2714; <\/span> psdt<br \/>\n<span style=\"color: #99cc00;\">&#x2714; <\/span> tiff<br \/>\n<span style=\"color: #99cc00;\">&#x2714; <\/span> pdf<\/p>\n<\/div><div class='content-column one_fourth last_column'>\n<h3>Office-Formate<\/h3>\n<p><span style=\"color: #99cc00;\">&#x2714; <\/span> MS Word<br \/>\n<span style=\"color: #99cc00;\">&#x2714; <\/span> MS Excel<br \/>\n<span style=\"color: #99cc00;\">&#x2714; <\/span> MS Power Point<br \/>\n<span style=\"color: #99cc00;\">&#x2714; <\/span> MS Access<br \/>\n<span style=\"color: #99cc00;\">&#x2714; <\/span> MS OneNote<br \/>\n<span style=\"color: #99cc00;\">&#x2714; <\/span> MS Publisher<br \/>\n<span style=\"color: #99cc00;\">&#x2714; <\/span> Open Office<br \/>\n<span style=\"color: #99cc00;\">&#x2714; <\/span> Google Docs<br \/>\n<span style=\"color: #99cc00;\">&#x2714; <\/span> Google Sheets<br \/>\n<span style=\"color: #99cc00;\">&#x2714; <\/span> Google Slides<br \/>\n<span style=\"color: #99cc00;\">&#x2714; <\/span> txt<\/p>\n<\/div><div class='clear_column'><\/div><\/div><div class='clear_column'><\/div>\n<div class=\"parallax-container\" data-parallax=\"scroll\" data-bleed=\"10\" data-image-src=\"\/wp-content\/uploads\/2020\/04\/pastellblau_01.png\"> <div class=\"parallax-window\"> <div class=\"parallax-slider parallax-banner__content\" style=\"\"><h2 class='parallax-banner__headline'><strong>Kennen Sie schon unsere DTP- und Layout-Dienstleistungen?<\/strong><\/h2><p class=\"parallax-banner__text\">Gerne helfen wir Ihnen auch beim Erstellen zielsprachiger Druckdaten! Wir \u00fcbersetzen nicht nur Ihre Printmedien, sondern bringen Sie auch in Form, pr\u00fcfen und korrigieren das Layout in der Zielsprache. So k\u00f6nnen Sie die Dokumente ohne weiteren Arbeitsaufwand direkt in den Druck geben. <\/p><a target=\"_self\" href=\"\/sprachdienstleistungen\/dtp-layout\/\" class=\"parallax-banner__button button button--withIcon \"> <i class=\"iconion-checkmark-circled\"><\/i>Weitere Informationen<\/a><\/div> <\/div> <\/div>\n","protected":false},"excerpt":{"rendered":"","protected":false},"author":5,"featured_media":0,"parent":1937,"menu_order":2400,"comment_status":"closed","ping_status":"closed","template":"full-width-page.php","meta":{"footnotes":""},"class_list":["post-5164","page","type-page","status-publish","hentry"],"yoast_head":"<!-- This site is optimized with the Yoast SEO Premium plugin v21.9 (Yoast SEO v21.9.1) - https:\/\/yoast.com\/wordpress\/plugins\/seo\/ -->\n<title>Language Engineering f\u00fcr Codes &amp; Formatierungen - Eurotext AG<\/title>\n<meta name=\"description\" content=\"Wir \u00fcbersetzen alle g\u00e4ngigen Dateiformate und liefern diese in der urspr\u00fcnglichen Formatierung zur\u00fcck. So einfach k\u00f6nnen \u00dcbersetzungsprojekte sein!\" \/>\n<meta name=\"robots\" content=\"noindex, follow, max-snippet:-1, max-image-preview:large, max-video-preview:-1\" \/>\n<meta property=\"og:locale\" content=\"de_DE\" \/>\n<meta property=\"og:type\" content=\"article\" \/>\n<meta property=\"og:title\" content=\"Engineering &amp; Formate\" \/>\n<meta property=\"og:url\" content=\"https:\/\/eurotext.de\/cz\/sprachdienstleistungen\/engineering-formate\/\" \/>\n<meta property=\"og:site_name\" content=\"Eurotext AG\" \/>\n<meta property=\"article:publisher\" content=\"https:\/\/de-de.facebook.com\/Eurotext\/\" \/>\n<meta property=\"article:modified_time\" content=\"2020-04-21T09:34:11+00:00\" \/>\n<meta property=\"og:image\" content=\"https:\/\/eurotext.de\/cz\/wp-content\/uploads\/sites\/27\/2018\/03\/Eurotext_AG.png\" \/>\n\t<meta property=\"og:image:width\" content=\"320\" \/>\n\t<meta property=\"og:image:height\" content=\"320\" \/>\n\t<meta property=\"og:image:type\" content=\"image\/png\" \/>\n<meta name=\"twitter:card\" content=\"summary_large_image\" \/>\n<meta name=\"twitter:site\" content=\"@eurotext\" \/>\n<meta name=\"twitter:label1\" content=\"Gesch\u00e4tzte Lesezeit\" \/>\n\t<meta name=\"twitter:data1\" content=\"3\u00a0Minuten\" \/>\n<script type=\"application\/ld+json\" class=\"yoast-schema-graph\">{\"@context\":\"https:\/\/schema.org\",\"@graph\":[{\"@type\":\"WebPage\",\"@id\":\"https:\/\/eurotext.de\/cz\/sprachdienstleistungen\/engineering-formate\/\",\"url\":\"https:\/\/eurotext.de\/cz\/sprachdienstleistungen\/engineering-formate\/\",\"name\":\"Language Engineering f\u00fcr Codes & Formatierungen - Eurotext AG\",\"isPartOf\":{\"@id\":\"https:\/\/eurotext.de\/cz\/#website\"},\"datePublished\":\"2019-06-27T09:37:41+00:00\",\"dateModified\":\"2020-04-21T09:34:11+00:00\",\"description\":\"Wir \u00fcbersetzen alle g\u00e4ngigen Dateiformate und liefern diese in der urspr\u00fcnglichen Formatierung zur\u00fcck. So einfach k\u00f6nnen \u00dcbersetzungsprojekte sein!\",\"breadcrumb\":{\"@id\":\"https:\/\/eurotext.de\/cz\/sprachdienstleistungen\/engineering-formate\/#breadcrumb\"},\"inLanguage\":\"de\",\"potentialAction\":[{\"@type\":\"ReadAction\",\"target\":[\"https:\/\/eurotext.de\/cz\/sprachdienstleistungen\/engineering-formate\/\"]}]},{\"@type\":\"BreadcrumbList\",\"@id\":\"https:\/\/eurotext.de\/cz\/sprachdienstleistungen\/engineering-formate\/#breadcrumb\",\"itemListElement\":[{\"@type\":\"ListItem\",\"position\":1,\"name\":\"Startseite\",\"item\":\"https:\/\/eurotext.de\/cz\/\"},{\"@type\":\"ListItem\",\"position\":2,\"name\":\"Sprachdienstleistungen\",\"item\":\"https:\/\/eurotext.de\/cz\/sprachdienstleistungen\/\"},{\"@type\":\"ListItem\",\"position\":3,\"name\":\"Engineering &#038; Formate\"}]},{\"@type\":\"WebSite\",\"@id\":\"https:\/\/eurotext.de\/cz\/#website\",\"url\":\"https:\/\/eurotext.de\/cz\/\",\"name\":\"Eurotext AG\",\"description\":\"Wir \u00fcbersetzen f\u00fcr Industrie, IT und E-Commerce\",\"publisher\":{\"@id\":\"https:\/\/eurotext.de\/cz\/#organization\"},\"potentialAction\":[{\"@type\":\"SearchAction\",\"target\":{\"@type\":\"EntryPoint\",\"urlTemplate\":\"https:\/\/eurotext.de\/cz\/?s={search_term_string}\"},\"query-input\":\"required name=search_term_string\"}],\"inLanguage\":\"de\"},{\"@type\":\"Organization\",\"@id\":\"https:\/\/eurotext.de\/cz\/#organization\",\"name\":\"Eurotext AG\",\"url\":\"https:\/\/eurotext.de\/cz\/\",\"logo\":{\"@type\":\"ImageObject\",\"inLanguage\":\"de\",\"@id\":\"https:\/\/eurotext.de\/cz\/#\/schema\/logo\/image\/\",\"url\":\"https:\/\/eurotext.de\/cz\/wp-content\/uploads\/sites\/27\/2016\/05\/eurotext_logo.png\",\"contentUrl\":\"https:\/\/eurotext.de\/cz\/wp-content\/uploads\/sites\/27\/2016\/05\/eurotext_logo.png\",\"width\":125,\"height\":22,\"caption\":\"Eurotext AG\"},\"image\":{\"@id\":\"https:\/\/eurotext.de\/cz\/#\/schema\/logo\/image\/\"},\"sameAs\":[\"https:\/\/de-de.facebook.com\/Eurotext\/\",\"https:\/\/twitter.com\/eurotext\",\"https:\/\/de.linkedin.com\/company\/eurotext-ag\"]}]}<\/script>\n<!-- \/ Yoast SEO Premium plugin. -->","yoast_head_json":{"title":"Language Engineering f\u00fcr Codes & Formatierungen - Eurotext AG","description":"Wir \u00fcbersetzen alle g\u00e4ngigen Dateiformate und liefern diese in der urspr\u00fcnglichen Formatierung zur\u00fcck. So einfach k\u00f6nnen \u00dcbersetzungsprojekte sein!","robots":{"index":"noindex","follow":"follow","max-snippet":"max-snippet:-1","max-image-preview":"max-image-preview:large","max-video-preview":"max-video-preview:-1"},"og_locale":"de_DE","og_type":"article","og_title":"Engineering & Formate","og_url":"https:\/\/eurotext.de\/cz\/sprachdienstleistungen\/engineering-formate\/","og_site_name":"Eurotext AG","article_publisher":"https:\/\/de-de.facebook.com\/Eurotext\/","article_modified_time":"2020-04-21T09:34:11+00:00","og_image":[{"width":320,"height":320,"url":"https:\/\/eurotext.de\/cz\/wp-content\/uploads\/sites\/27\/2018\/03\/Eurotext_AG.png","type":"image\/png"}],"twitter_card":"summary_large_image","twitter_site":"@eurotext","twitter_misc":{"Gesch\u00e4tzte Lesezeit":"3\u00a0Minuten"},"schema":{"@context":"https:\/\/schema.org","@graph":[{"@type":"WebPage","@id":"https:\/\/eurotext.de\/cz\/sprachdienstleistungen\/engineering-formate\/","url":"https:\/\/eurotext.de\/cz\/sprachdienstleistungen\/engineering-formate\/","name":"Language Engineering f\u00fcr Codes & Formatierungen - Eurotext AG","isPartOf":{"@id":"https:\/\/eurotext.de\/cz\/#website"},"datePublished":"2019-06-27T09:37:41+00:00","dateModified":"2020-04-21T09:34:11+00:00","description":"Wir \u00fcbersetzen alle g\u00e4ngigen Dateiformate und liefern diese in der urspr\u00fcnglichen Formatierung zur\u00fcck. So einfach k\u00f6nnen \u00dcbersetzungsprojekte sein!","breadcrumb":{"@id":"https:\/\/eurotext.de\/cz\/sprachdienstleistungen\/engineering-formate\/#breadcrumb"},"inLanguage":"de","potentialAction":[{"@type":"ReadAction","target":["https:\/\/eurotext.de\/cz\/sprachdienstleistungen\/engineering-formate\/"]}]},{"@type":"BreadcrumbList","@id":"https:\/\/eurotext.de\/cz\/sprachdienstleistungen\/engineering-formate\/#breadcrumb","itemListElement":[{"@type":"ListItem","position":1,"name":"Startseite","item":"https:\/\/eurotext.de\/cz\/"},{"@type":"ListItem","position":2,"name":"Sprachdienstleistungen","item":"https:\/\/eurotext.de\/cz\/sprachdienstleistungen\/"},{"@type":"ListItem","position":3,"name":"Engineering &#038; Formate"}]},{"@type":"WebSite","@id":"https:\/\/eurotext.de\/cz\/#website","url":"https:\/\/eurotext.de\/cz\/","name":"Eurotext AG","description":"Wir \u00fcbersetzen f\u00fcr Industrie, IT und E-Commerce","publisher":{"@id":"https:\/\/eurotext.de\/cz\/#organization"},"potentialAction":[{"@type":"SearchAction","target":{"@type":"EntryPoint","urlTemplate":"https:\/\/eurotext.de\/cz\/?s={search_term_string}"},"query-input":"required name=search_term_string"}],"inLanguage":"de"},{"@type":"Organization","@id":"https:\/\/eurotext.de\/cz\/#organization","name":"Eurotext AG","url":"https:\/\/eurotext.de\/cz\/","logo":{"@type":"ImageObject","inLanguage":"de","@id":"https:\/\/eurotext.de\/cz\/#\/schema\/logo\/image\/","url":"https:\/\/eurotext.de\/cz\/wp-content\/uploads\/sites\/27\/2016\/05\/eurotext_logo.png","contentUrl":"https:\/\/eurotext.de\/cz\/wp-content\/uploads\/sites\/27\/2016\/05\/eurotext_logo.png","width":125,"height":22,"caption":"Eurotext AG"},"image":{"@id":"https:\/\/eurotext.de\/cz\/#\/schema\/logo\/image\/"},"sameAs":["https:\/\/de-de.facebook.com\/Eurotext\/","https:\/\/twitter.com\/eurotext","https:\/\/de.linkedin.com\/company\/eurotext-ag"]}]}},"_links":{"self":[{"href":"https:\/\/eurotext.de\/cz\/wp-json\/wp\/v2\/pages\/5164","targetHints":{"allow":["GET"]}}],"collection":[{"href":"https:\/\/eurotext.de\/cz\/wp-json\/wp\/v2\/pages"}],"about":[{"href":"https:\/\/eurotext.de\/cz\/wp-json\/wp\/v2\/types\/page"}],"author":[{"embeddable":true,"href":"https:\/\/eurotext.de\/cz\/wp-json\/wp\/v2\/users\/5"}],"replies":[{"embeddable":true,"href":"https:\/\/eurotext.de\/cz\/wp-json\/wp\/v2\/comments?post=5164"}],"version-history":[{"count":41,"href":"https:\/\/eurotext.de\/cz\/wp-json\/wp\/v2\/pages\/5164\/revisions"}],"predecessor-version":[{"id":10202,"href":"https:\/\/eurotext.de\/cz\/wp-json\/wp\/v2\/pages\/5164\/revisions\/10202"}],"up":[{"embeddable":true,"href":"https:\/\/eurotext.de\/cz\/wp-json\/wp\/v2\/pages\/1937"}],"wp:attachment":[{"href":"https:\/\/eurotext.de\/cz\/wp-json\/wp\/v2\/media?parent=5164"}],"curies":[{"name":"wp","href":"https:\/\/api.w.org\/{rel}","templated":true}]}}