{"id":2,"date":"2016-05-19T14:11:00","date_gmt":"2016-05-19T12:11:00","guid":{"rendered":"http:\/\/eurotext.de\/?page_id=2"},"modified":"2020-06-22T07:27:53","modified_gmt":"2020-06-22T05:27:53","slug":"startseite","status":"publish","type":"page","link":"https:\/\/eurotext.de\/cz\/","title":{"rendered":"Startseite"},"content":{"rendered":"<div class=\"slider slider--main\"><div class=\"slide\" style=\"background-image: url(\/wp-content\/uploads\/2016\/10\/weltweit_2.jpg);\">\n\t<div class=\"slide__content\">\n\t\t<h1>\n\t\t\t<span class=\"slide__headline\"><strong>Wir \u00fcbersetzen<\/strong><\/span><br>\n\t\t\t<span class=\"slide__sub-headline\">f\u00fcr Industrie, IT und E-Commerce<\/span>\n\t\t<\/h1>\n\t<\/div>\n<\/div><\/div>\n<div class=\"iconboxes\">\n                    <div class=\"layout-wrapper\"><div class=\"iconbox \">\n                    <i class=\"icon ion-connection-bars\"><\/i>\n                    <div class=\"iconbox__text\">\n<h2>Professionelle \u00dcbersetzung<\/h2>\n<p>Seit mehr als 30 Jahren sind wir die Spezialisten f\u00fcr Fach\u00fcbersetzungen f\u00fcr verschiedene Branchen, Fachgebiete und Textsorten. Inzwischen bieten wir mit mehr als 4.000 muttersprachlichen Experten, modernen \u00dcbersetzungstechnologien und einem eigenen \u00dcbersetzungsportal Sprachdienstleistungen f\u00fcr mehr als 50 Sprachen.<div class=\"iconbox__link \" style=\"background-color: ;\"><a href=\"https:\/\/eurotext.de\/sprachdienstleistungen\/\" target=\"_self\" style=\"color: ; background-color: ;\"><span class=\"\">Mehr \u00fcber unsere <strong>Sprachdienstleistungen<\/strong><\/span><\/a><\/div><\/div>\n                <\/div><div class=\"iconbox \">\n                    <i class=\"icon ion-gear-b\"><\/i>\n                    <div class=\"iconbox__text\">\n<h2>Effiziente Prozesse<\/h2>\n<p>Hochwertige \u00dcbersetzungen ben\u00f6tigen effiziente Prozesse. Wir bei Eurotext haben erkannt, dass sinnvolle \u00dcbersetzungsprozesse den Alltag unserer Kunden nicht nur erleichtern, sondern die Grundlage f\u00fcr ein gesundes Wachstum sind. Wir binden daher mit fertigen Modulen und Schnittstellen die Systeme unserer Kunden direkt in unsere \u00dcbersetzungsprozesse ein.<div class=\"iconbox__link \" style=\"background-color: ;\"><a href=\"https:\/\/eurotext.de\/technologie\/\" target=\"_self\" style=\"color: ; background-color: ;\"><span class=\"\">Mehr \u00fcber unsere <strong>Technologien<\/strong><\/span><\/a><\/div><\/div>\n                <\/div><div class=\"iconbox \">\n                    <i class=\"icon ion-checkmark-circled\"><\/i>\n                    <div class=\"iconbox__text\">\n<h2>Zertifizierte Qualit\u00e4t<\/h2>\n<p>Wir sind ein \u00dcbersetzungsdienst f\u00fcr professionelle und hochwertige Fach\u00fcbersetzungen. Unsere \u00dcbersetzungsdienstleistungen, SEO-Services und multilingualen UX-Testings sind zertifiziert nach <strong>ISO 9001:2015<\/strong>. Damit erf\u00fcllen wir auch h\u00f6chste Qualit\u00e4tsanspr\u00fcche und sind der ideale Partner f\u00fcr Industrie, IT und E-Commerce.<div class=\"iconbox__link \" style=\"background-color: ;\"><a href=\"\/sprachdienstleistungen\/fachuebersetzung\/#qualitaet\" target=\"_self\" style=\"color: ; background-color: ;\"><span class=\"\">Mehr \u00fcber unsere <strong>zertifizierte Qualit\u00e4t<\/strong><\/span><\/a><\/div><\/div>\n                <\/div><\/div>\n                <\/div>\n<div class=\"parallax-container\" data-parallax=\"scroll\" data-bleed=\"10\" data-image-src=\"\/wp-content\/uploads\/2019\/01\/black-computer-contemporary-270435.jpg\"> <div class=\"parallax-window\"> <div class=\"parallax-slider parallax-banner__content\" style=\"\"><h2 class='parallax-banner__headline'><strong>Ihr mehrsprachiger Onlineshop<\/strong><\/h2><p class=\"parallax-banner__text\">\u00dcbersetzen Sie Ihren <strong>Onlineshop<\/strong> und profitieren Sie von einem globalen Markt. Wir zeigen Ihnen, warum sich eine <strong>Internationalisierung<\/strong> lohnt und wie wir dank modernen \u00dcbersetzungstechnologien optimale Ergebnisse erzielen.<\/p><a target=\"_self\" href=\"\/sprachdienstleistungen\/e-commerce-uebersetzungen\/\" class=\"parallax-banner__button button button--withIcon \"> <i class=\"iconion-android-cart\"><\/i>Onlineshop \u00fcbersetzen<\/a><\/div> <\/div> <\/div>\n<div class=\"banner banner--hasImageList\"><div class=\"layout-wrapper\"><span class=\"banner__text\"><a href=\"\/technologie\/uebersetzungsplugins\/magento\/\"><img loading=\"lazy\" decoding=\"async\" class=\"alignnone wp-image-180\" src=\"\/wp-content\/uploads\/2020\/06\/Magento-1.png\" alt=\"\u00dcbersetzung von Magento Shops\" width=\"118\" height=\"40\" \/><\/a><a href=\"\/technologie\/uebersetzungsplugins\/oxid\/\"><img loading=\"lazy\" decoding=\"async\" class=\"alignnone wp-image-181\" src=\"\/wp-content\/uploads\/2020\/06\/oxid-1.png\" alt=\"\u00dcbersetzung von OXID Shops\" width=\"100\" height=\"40\" \/><\/a><a href=\"\/technologie\/uebersetzungsplugins\/plentymarkets\/\"><img loading=\"lazy\" decoding=\"async\" class=\"alignnone wp-image-7685\" src=\"https:\/\/eurotext-ecommerce.com\/uploads\/2020\/06\/plentymarkets-1.png\" alt=\"\u00dcbersetzungen f\u00fcr plentymarkets\" width=\"179\" height=\"40\" \/><\/a><a href=\"\/technologie\/uebersetzungsplugins\/shopware\/\"><img loading=\"lazy\" decoding=\"async\" class=\"alignnone wp-image-2423\" src=\"\/wp-content\/uploads\/2020\/06\/shopware-1.png\" alt=\"shopware\" width=\"158\" height=\"40\" \/><\/a><a href=\"\/technologie\/uebersetzungsplugins\/wordpress\/\"><img loading=\"lazy\" decoding=\"async\" class=\"alignnone wp-image-182\" src=\"\/wp-content\/uploads\/2020\/06\/WordPress-1.png\" alt=\"\u00dcbersetzung von WordPress Blogs und Webseiten\" width=\"158\" height=\"40\" \/><\/a><\/span><\/div><\/div>\n<div class='content-column content-column-row '><div class='content-column full_width'>\n<h2 style=\"text-align: center;\"><strong>Professionelle \u00dcbersetzung<\/strong> f\u00fcr den <strong>E-Commerce<\/strong><\/h2>\n<\/div><div class='clear_column'><\/div><div class='content-column one_half'>\n<p>Im <strong>E-Commerce<\/strong> werden ganz eigene Anforderungen an \u00dcbersetzungen gestellt: <strong>Geschwindigkeit<\/strong>, optimale <strong>Prozessintegration<\/strong>, Workflows, die sich ohne zus\u00e4tzlichen Aufwand in das Tagesgesch\u00e4ft integrieren lassen, einwandfreie <strong>Qualit\u00e4t<\/strong> und nochmals <strong>Geschwindigkeit<\/strong>.<\/p>\n<\/div><div class='content-column one_half last_column'>\n<p>Deshalb bieten wir <strong>Plugins<\/strong> f\u00fcr viele Shop- und Content Management Systeme, verschiedene Schnittstellen und Anbindungsm\u00f6glichkeiten, <strong>Beratung <\/strong>bei der Einrichtung effizienter \u00dcbersetzungs-Workflows und hochwertige <strong>\u00dcbersetzungen<\/strong> zu fairen Preisen. Au\u00dferdem unterst\u00fctzen wir Ihre Contenterstellung bei Bedarf durch mehrsprachige <strong>Suchmaschinenoptimierung<\/strong> und internationales <strong>UX-Testing<\/strong>.<br \/>\n<\/div><div class='clear_column'><\/div><\/div><div class='clear_column'><\/div>\n<div class=\"banner banner--small banner--withTextAndButton banner--button-on-right-side banner--blue-background\"><div class=\"layout-wrapper\"><div class=\"banner__text\">Jetzt kostenloses Angebot anfordern!<\/div><div class=\"banner__button\"><a class=\" button button--juice\" target=\"_self\" href=\"\/angebotsanfrage\/\">Angebot anfordern<\/a><\/div><\/div><\/div>\n<div class=\"iconboxes\">\n                    <div class=\"layout-wrapper\"><div class=\"iconbox \">\n                    <i class=\"icon \" style=\"background:#fff url(\/wp-content\/uploads\/2016\/11\/TM-Icon-Kopie_transparent.png) no-repeat center center; background-size:47px\"><\/i>\n                    <div class=\"iconbox__text\">\n<h2>Plugins f\u00fcr Ihren Shop<\/h2>\n<p>Mit unseren <strong>\u00dcbersetzungsplugins<\/strong> lassen sich viele Shopsystem ganz einfach mit dem Eurotext \u00dcbersetzungsportal verbinden. So k\u00f6nnen Sie die Texte direkt in Ihrem Backend und ohne zus\u00e4tzlichen Entwicklungsaufwand ausw\u00e4hlen, exportieren und die fertigen \u00dcbersetzungen importieren. <div class=\"iconbox__link \" style=\"background-color: ;\"><a href=\"\/technologie\/uebersetzungsplugins\/\" target=\"_self\" style=\"color: ; background-color: ;\"><span class=\"\">Alle <strong>\u00dcbersetzungs-Plugins<\/strong> im \u00dcberblick<\/span><\/a><\/div><\/div>\n                <\/div><div class=\"iconbox \">\n                    <i class=\"icon ion-power\"><\/i>\n                    <div class=\"iconbox__text\">\n<h2>24\/7 \u00dcbersetzungsportal<\/h2>\n<p>Im <strong>Eurotext \u00dcbersetzungsportal<\/strong> haben Sie rund um die Uhr Zugriff auf Ihre Projekte und Daten. Auftr\u00e4ge k\u00f6nnen von autorisierten Personen direkt vergeben werden, Termine und Kosten sind dabei immer im Blick. Einfacher lassen sich \u00dcbersetzungen nicht organisieren! <div class=\"iconbox__link \" style=\"background-color: ;\"><a href=\"\/technologie\/uebersetzungsportal\/\" target=\"_self\" style=\"color: ; background-color: ;\"><span class=\"\">Mehr \u00fcber das <strong>\u00dcbersetzungsportal<\/strong><\/span><\/a><\/div><\/div>\n                <\/div><div class=\"iconbox \">\n                    <i class=\"icon \" style=\"background:#fff url(\/wp-content\/uploads\/2017\/03\/API.png) no-repeat center center; background-size:47px\"><\/i>\n                    <div class=\"iconbox__text\">\n<h2>Translation API<\/h2>\n<p>Mit der Eurotext Translation API steuert Ihre Software unser \u00dcbersetzungsportal direkt und ohne Umwege an. Strukturierte Daten erlauben einen reibungslosen und schnellen Datenaustausch, egal ob die Texte aus Standardsoftware, selbst entwickelten Anwendungen oder komplexen Frameworks stammen. <div class=\"iconbox__link \" style=\"background-color: ;\"><a href=\"\/technologie\/uebersetzungsplugins\/api\/\" target=\"_self\" style=\"color: ; background-color: ;\"><span class=\"\">Mehr \u00fcber unsere<strong> Translation API<\/strong><\/span><\/a><\/div><\/div>\n                <\/div><\/div>\n                <\/div>\n<div class=\"parallax-container\" data-parallax=\"scroll\" data-bleed=\"10\" data-image-src=\"\/wp-content\/uploads\/2019\/02\/earth-lights-world-41949_dunkel.jpg\"> <div class=\"parallax-window\"> <div class=\"parallax-slider parallax-banner__content\" style=\"\"><h2 class='parallax-banner__headline'><strong>International erfolgreich mit Eurotext<\/strong><\/h2><p class=\"parallax-banner__text\"><strong>Paulmann<\/strong>, <strong>Bauerfeind<\/strong>, <strong>Hirmer<\/strong>, <strong>Eibmarkt<\/strong>: Wir stellen Ihnen umfangreiche <strong>Internationalisierungs-Projekte<\/strong> mit ganz besonderen Anspr\u00fcchen vor und gew\u00e4hren einen Blick hinter die Kulissen. Herausforderungen, Strategien, L\u00f6sungsans\u00e4tze \u2013 Erfahren Sie, was mit moderner \u00dcbersetzungstechnologie und durchdachtem Projektmanagement m\u00f6glich ist.<\/p><a target=\"_self\" href=\"\/projekte\/\" class=\"parallax-banner__button button button--withIcon \"> <i class=\"iconion-ios-star\"><\/i>zu den Projekten<\/a><\/div> <\/div> <\/div>\n<div class='content-column content-column-row '><div class='content-column full_width'>\n<h2 style=\"text-align: center;\">Aus unserem Blog:<\/h2>\n<\/div><div class='clear_column'><\/div><div class='content-column one_third'>\n<a href=\"https:\/\/eurotext.de\/blog\/die-webseite-uebersetzen-ein-erfahrungsbericht\/\"><img loading=\"lazy\" decoding=\"async\" class=\"alignnone wp-image-9869\" src=\"https:\/\/eurotext.de\/wp-content\/uploads\/2020\/01\/Blog_weltweit_blau-300x78.jpg\" alt=\"0\" width=\"360\" height=\"94\" srcset=\"https:\/\/eurotext.de\/cz\/wp-content\/uploads\/sites\/27\/2020\/01\/Blog_weltweit_blau-300x78.jpg 300w, https:\/\/eurotext.de\/cz\/wp-content\/uploads\/sites\/27\/2020\/01\/Blog_weltweit_blau-768x200.jpg 768w, https:\/\/eurotext.de\/cz\/wp-content\/uploads\/sites\/27\/2020\/01\/Blog_weltweit_blau-1024x267.jpg 1024w, https:\/\/eurotext.de\/cz\/wp-content\/uploads\/sites\/27\/2020\/01\/Blog_weltweit_blau.jpg 1920w\" sizes=\"auto, (max-width: 360px) 100vw, 360px\" \/><\/a>\n<h2><\/h2>\n<h2 class=\"post-title\">Die Webseite \u00fcbersetzen \u2013 ein Erfahrungsbericht<\/h2>\n<p>Wir \u00fcbersetzen t\u00e4glich Webseiten und Onlineshops f\u00fcr unsere Kunden. Irgendwann habe ich mit dem Z\u00e4hlen aufgeh\u00f6rt, einige hundert sind es inzwischen bestimmt. Von der Gr\u00f6\u00dfenordnung ist so ziemlich alles dabei: Kleine Seiten mit 1-2 Sprachen. Gro\u00dfe Shops und die Lokalisierung von mehr als 15 Sprachen und hunderttausenden von Produkten.<\/p>\n<a href=\"https:\/\/eurotext.de\/blog\/die-webseite-uebersetzen-ein-erfahrungsbericht\/\">Weiterlesen<\/a><br \/>\n<\/div><div class='content-column one_third'>\n<p><a href=\"https:\/\/eurotext.de\/blog\/internationales-seo-unsere-tipps-teil-1\/\"><img loading=\"lazy\" decoding=\"async\" class=\"alignnone wp-image-9126\" src=\"https:\/\/eurotext.de\/wp-content\/uploads\/2019\/07\/seo.jpg\" alt=\"seo\" width=\"360\" height=\"94\" srcset=\"https:\/\/eurotext.de\/cz\/wp-content\/uploads\/sites\/27\/2019\/07\/seo.jpg 1920w, https:\/\/eurotext.de\/cz\/wp-content\/uploads\/sites\/27\/2019\/07\/seo-300x78.jpg 300w, https:\/\/eurotext.de\/cz\/wp-content\/uploads\/sites\/27\/2019\/07\/seo-768x200.jpg 768w, https:\/\/eurotext.de\/cz\/wp-content\/uploads\/sites\/27\/2019\/07\/seo-1024x267.jpg 1024w\" sizes=\"auto, (max-width: 360px) 100vw, 360px\" \/><\/a>\n<h2><\/h2>\n<h2 class=\"post-title\">Internationales SEO \u2013 Unsere Tipps \u2013 Teil 1<\/h2>\n<p>Wenn es um eine erfolgreiche Internationalisierung Ihres Unternehmens geht, sind Marktstudien und Prozessoptimierungen nat\u00fcrlich relevant, doch nicht nur. Mindestens genauso wichtig sind professionelle \u00dcbersetzungen Ihres Contents. Denn die Inhalte m\u00fcssen an die Bed\u00fcrfnisse der Kunden angepasst werden.<\/p>\n<a href=\"https:\/\/eurotext.de\/blog\/internationales-seo-unsere-tipps-teil-1\/\">Weiterlesen<\/a><\/p>\n<\/div><div class='content-column one_third last_column'>\n<p><a href=\"https:\/\/eurotext.de\/blog\/wussten-sie-schon-wie-die-eurotext-ag-ihre-kunden-in-den-uebersetzungsworkflow-integriert\/\"><img loading=\"lazy\" decoding=\"async\" class=\"alignnone wp-image-3743\" src=\"https:\/\/eurotext.de\/wp-content\/uploads\/2018\/03\/weltweit2-1024x267.jpg\" alt=\"Wussten Sie schon\" width=\"360\" height=\"94\" srcset=\"https:\/\/eurotext.de\/cz\/wp-content\/uploads\/sites\/27\/2018\/03\/weltweit2-1024x267.jpg 1024w, https:\/\/eurotext.de\/cz\/wp-content\/uploads\/sites\/27\/2018\/03\/weltweit2-300x78.jpg 300w, https:\/\/eurotext.de\/cz\/wp-content\/uploads\/sites\/27\/2018\/03\/weltweit2-768x200.jpg 768w, https:\/\/eurotext.de\/cz\/wp-content\/uploads\/sites\/27\/2018\/03\/weltweit2.jpg 1920w\" sizes=\"auto, (max-width: 360px) 100vw, 360px\" \/><\/a>\n<h2><\/h2>\n<h2 class=\"post-title\">Wussten Sie schon\u2026 wie die Eurotext AG ihre Kunden in den \u00dcbersetzungsworkflow integriert?<\/h2>\n<p>Viele Kunden haben bereits eigene \u00dcbersetzer im Unternehmen und ausl\u00e4ndische Niederlassungen und wollen diese Mitarbeiter nat\u00fcrlich auch in den \u00dcbersetzungs-Workflow einbinden. Doch wie? Heute wollen wir anhand eines aktuellen Beispiels zeigen, wie so etwas aussehen kann.<\/p>\n<p><a href=\"https:\/\/eurotext.de\/blog\/wussten-sie-schon-wie-die-eurotext-ag-ihre-kunden-in-den-uebersetzungsworkflow-integriert\/\">Weiterlesen<\/a><br \/>\n<\/div><div class='clear_column'><\/div><\/div><div class='clear_column'><\/div>\n","protected":false},"excerpt":{"rendered":"","protected":false},"author":4,"featured_media":0,"parent":0,"menu_order":1000,"comment_status":"closed","ping_status":"closed","template":"full-width-page.php","meta":{"footnotes":""},"class_list":["post-2","page","type-page","status-publish","hentry"],"yoast_head":"<!-- This site is optimized with the Yoast SEO Premium plugin v21.9 (Yoast SEO v21.9.1) - https:\/\/yoast.com\/wordpress\/plugins\/seo\/ -->\n<title>Fach\u00fcbersetzungen f\u00fcr Industrie, IT und E-Commerce \u2013 Eurotext AG<\/title>\n<meta name=\"description\" content=\"Seit &gt;30 Jahren sind wir der \u00dcbersetzungsdienst f\u00fcr Fach\u00fcbersetzungen in verschiedenen Fachgebieten und bieten L\u00f6sungen f\u00fcr Industrie, IT und E-Commerce.\" \/>\n<meta name=\"robots\" content=\"noindex, follow, max-snippet:-1, max-image-preview:large, max-video-preview:-1\" \/>\n<meta property=\"og:locale\" content=\"de_DE\" \/>\n<meta property=\"og:type\" content=\"article\" \/>\n<meta property=\"og:title\" content=\"Startseite\" \/>\n<meta property=\"og:url\" content=\"https:\/\/eurotext.de\/cz\/\" \/>\n<meta property=\"og:site_name\" content=\"Eurotext AG\" \/>\n<meta property=\"article:publisher\" content=\"https:\/\/de-de.facebook.com\/Eurotext\/\" \/>\n<meta property=\"article:modified_time\" content=\"2020-06-22T05:27:53+00:00\" \/>\n<meta property=\"og:image\" content=\"https:\/\/eurotext-ecommerce.com\/uploads\/2020\/06\/plentymarkets-1.png\" \/>\n<meta name=\"twitter:card\" content=\"summary_large_image\" \/>\n<meta name=\"twitter:site\" content=\"@eurotext\" \/>\n<meta name=\"twitter:label1\" content=\"Gesch\u00e4tzte Lesezeit\" \/>\n\t<meta name=\"twitter:data1\" content=\"4\u00a0Minuten\" \/>\n<script type=\"application\/ld+json\" class=\"yoast-schema-graph\">{\"@context\":\"https:\/\/schema.org\",\"@graph\":[{\"@type\":\"WebPage\",\"@id\":\"https:\/\/eurotext.de\/cz\/\",\"url\":\"https:\/\/eurotext.de\/cz\/\",\"name\":\"Fach\u00fcbersetzungen f\u00fcr Industrie, IT und E-Commerce \u2013 Eurotext AG\",\"isPartOf\":{\"@id\":\"https:\/\/eurotext.de\/cz\/#website\"},\"datePublished\":\"2016-05-19T12:11:00+00:00\",\"dateModified\":\"2020-06-22T05:27:53+00:00\",\"description\":\"Seit >30 Jahren sind wir der \u00dcbersetzungsdienst f\u00fcr Fach\u00fcbersetzungen in verschiedenen Fachgebieten und bieten L\u00f6sungen f\u00fcr Industrie, IT und E-Commerce.\",\"breadcrumb\":{\"@id\":\"https:\/\/eurotext.de\/cz\/#breadcrumb\"},\"inLanguage\":\"de\",\"potentialAction\":[{\"@type\":\"ReadAction\",\"target\":[\"https:\/\/eurotext.de\/cz\/\"]}]},{\"@type\":\"BreadcrumbList\",\"@id\":\"https:\/\/eurotext.de\/cz\/#breadcrumb\",\"itemListElement\":[{\"@type\":\"ListItem\",\"position\":1,\"name\":\"Startseite\",\"item\":\"https:\/\/eurotext.de\/cz\/\"},{\"@type\":\"ListItem\",\"position\":2,\"name\":\"Startseite\"}]},{\"@type\":\"WebSite\",\"@id\":\"https:\/\/eurotext.de\/cz\/#website\",\"url\":\"https:\/\/eurotext.de\/cz\/\",\"name\":\"Eurotext AG\",\"description\":\"Wir \u00fcbersetzen f\u00fcr Industrie, IT und E-Commerce\",\"publisher\":{\"@id\":\"https:\/\/eurotext.de\/cz\/#organization\"},\"potentialAction\":[{\"@type\":\"SearchAction\",\"target\":{\"@type\":\"EntryPoint\",\"urlTemplate\":\"https:\/\/eurotext.de\/cz\/?s={search_term_string}\"},\"query-input\":\"required name=search_term_string\"}],\"inLanguage\":\"de\"},{\"@type\":\"Organization\",\"@id\":\"https:\/\/eurotext.de\/cz\/#organization\",\"name\":\"Eurotext AG\",\"url\":\"https:\/\/eurotext.de\/cz\/\",\"logo\":{\"@type\":\"ImageObject\",\"inLanguage\":\"de\",\"@id\":\"https:\/\/eurotext.de\/cz\/#\/schema\/logo\/image\/\",\"url\":\"https:\/\/eurotext.de\/cz\/wp-content\/uploads\/sites\/27\/2016\/05\/eurotext_logo.png\",\"contentUrl\":\"https:\/\/eurotext.de\/cz\/wp-content\/uploads\/sites\/27\/2016\/05\/eurotext_logo.png\",\"width\":125,\"height\":22,\"caption\":\"Eurotext AG\"},\"image\":{\"@id\":\"https:\/\/eurotext.de\/cz\/#\/schema\/logo\/image\/\"},\"sameAs\":[\"https:\/\/de-de.facebook.com\/Eurotext\/\",\"https:\/\/twitter.com\/eurotext\",\"https:\/\/de.linkedin.com\/company\/eurotext-ag\"]}]}<\/script>\n<!-- \/ Yoast SEO Premium plugin. -->","yoast_head_json":{"title":"Fach\u00fcbersetzungen f\u00fcr Industrie, IT und E-Commerce \u2013 Eurotext AG","description":"Seit >30 Jahren sind wir der \u00dcbersetzungsdienst f\u00fcr Fach\u00fcbersetzungen in verschiedenen Fachgebieten und bieten L\u00f6sungen f\u00fcr Industrie, IT und E-Commerce.","robots":{"index":"noindex","follow":"follow","max-snippet":"max-snippet:-1","max-image-preview":"max-image-preview:large","max-video-preview":"max-video-preview:-1"},"og_locale":"de_DE","og_type":"article","og_title":"Startseite","og_url":"https:\/\/eurotext.de\/cz\/","og_site_name":"Eurotext AG","article_publisher":"https:\/\/de-de.facebook.com\/Eurotext\/","article_modified_time":"2020-06-22T05:27:53+00:00","og_image":[{"url":"https:\/\/eurotext-ecommerce.com\/uploads\/2020\/06\/plentymarkets-1.png"}],"twitter_card":"summary_large_image","twitter_site":"@eurotext","twitter_misc":{"Gesch\u00e4tzte Lesezeit":"4\u00a0Minuten"},"schema":{"@context":"https:\/\/schema.org","@graph":[{"@type":"WebPage","@id":"https:\/\/eurotext.de\/cz\/","url":"https:\/\/eurotext.de\/cz\/","name":"Fach\u00fcbersetzungen f\u00fcr Industrie, IT und E-Commerce \u2013 Eurotext AG","isPartOf":{"@id":"https:\/\/eurotext.de\/cz\/#website"},"datePublished":"2016-05-19T12:11:00+00:00","dateModified":"2020-06-22T05:27:53+00:00","description":"Seit >30 Jahren sind wir der \u00dcbersetzungsdienst f\u00fcr Fach\u00fcbersetzungen in verschiedenen Fachgebieten und bieten L\u00f6sungen f\u00fcr Industrie, IT und E-Commerce.","breadcrumb":{"@id":"https:\/\/eurotext.de\/cz\/#breadcrumb"},"inLanguage":"de","potentialAction":[{"@type":"ReadAction","target":["https:\/\/eurotext.de\/cz\/"]}]},{"@type":"BreadcrumbList","@id":"https:\/\/eurotext.de\/cz\/#breadcrumb","itemListElement":[{"@type":"ListItem","position":1,"name":"Startseite","item":"https:\/\/eurotext.de\/cz\/"},{"@type":"ListItem","position":2,"name":"Startseite"}]},{"@type":"WebSite","@id":"https:\/\/eurotext.de\/cz\/#website","url":"https:\/\/eurotext.de\/cz\/","name":"Eurotext AG","description":"Wir \u00fcbersetzen f\u00fcr Industrie, IT und E-Commerce","publisher":{"@id":"https:\/\/eurotext.de\/cz\/#organization"},"potentialAction":[{"@type":"SearchAction","target":{"@type":"EntryPoint","urlTemplate":"https:\/\/eurotext.de\/cz\/?s={search_term_string}"},"query-input":"required name=search_term_string"}],"inLanguage":"de"},{"@type":"Organization","@id":"https:\/\/eurotext.de\/cz\/#organization","name":"Eurotext AG","url":"https:\/\/eurotext.de\/cz\/","logo":{"@type":"ImageObject","inLanguage":"de","@id":"https:\/\/eurotext.de\/cz\/#\/schema\/logo\/image\/","url":"https:\/\/eurotext.de\/cz\/wp-content\/uploads\/sites\/27\/2016\/05\/eurotext_logo.png","contentUrl":"https:\/\/eurotext.de\/cz\/wp-content\/uploads\/sites\/27\/2016\/05\/eurotext_logo.png","width":125,"height":22,"caption":"Eurotext AG"},"image":{"@id":"https:\/\/eurotext.de\/cz\/#\/schema\/logo\/image\/"},"sameAs":["https:\/\/de-de.facebook.com\/Eurotext\/","https:\/\/twitter.com\/eurotext","https:\/\/de.linkedin.com\/company\/eurotext-ag"]}]}},"_links":{"self":[{"href":"https:\/\/eurotext.de\/cz\/wp-json\/wp\/v2\/pages\/2","targetHints":{"allow":["GET"]}}],"collection":[{"href":"https:\/\/eurotext.de\/cz\/wp-json\/wp\/v2\/pages"}],"about":[{"href":"https:\/\/eurotext.de\/cz\/wp-json\/wp\/v2\/types\/page"}],"author":[{"embeddable":true,"href":"https:\/\/eurotext.de\/cz\/wp-json\/wp\/v2\/users\/4"}],"replies":[{"embeddable":true,"href":"https:\/\/eurotext.de\/cz\/wp-json\/wp\/v2\/comments?post=2"}],"version-history":[{"count":319,"href":"https:\/\/eurotext.de\/cz\/wp-json\/wp\/v2\/pages\/2\/revisions"}],"predecessor-version":[{"id":10305,"href":"https:\/\/eurotext.de\/cz\/wp-json\/wp\/v2\/pages\/2\/revisions\/10305"}],"wp:attachment":[{"href":"https:\/\/eurotext.de\/cz\/wp-json\/wp\/v2\/media?parent=2"}],"curies":[{"name":"wp","href":"https:\/\/api.w.org\/{rel}","templated":true}]}}