{"id":7682,"date":"2019-01-22T08:01:12","date_gmt":"2019-01-22T07:01:12","guid":{"rendered":"https:\/\/eurotext-ecommerce.com\/?page_id=7682"},"modified":"2020-02-06T09:10:50","modified_gmt":"2020-02-06T08:10:50","slug":"plentymarkets","status":"publish","type":"page","link":"https:\/\/eurotext.de\/cn\/technologie\/uebersetzungsplugins\/plentymarkets\/","title":{"rendered":"translationMANAGER f\u00fcr plentymarkets"},"content":{"rendered":"<p><div class=\"parallax-container\" data-parallax=\"scroll\" data-bleed=\"10\" data-image-src=\"\/wp-content\/uploads\/sites\/3\/2019\/01\/plentymarkets_blau_01.png\"> <div class=\"parallax-window\"> <div class=\"parallax-slider parallax-banner__content\" style=\"\"><h1 class='parallax-banner__headline'>translationMANAGER f\u00fcr plentymarkets<\/h1><p class=\"parallax-banner__text\">Mit dem <strong>translationMANAGER f\u00fcr plentymarkets <\/strong>starten Sie Omnichannel-\u00dcbersetzungsprojekte direkt aus dem Backend. Exportieren Sie Artikel vollst\u00e4ndig oder in Teilen ins Eurotext \u00dcbersetzungsportal und importieren Sie mit wenigen Klicks professionelle \u00dcbersetzungen zur\u00fcck in Ihr System. Die ausgefeilten Such- und Auswahloptionen des Plug-Ins helfen Ihnen dabei, noch schneller ans Ziel zu kommen. So einfach kann Mehrsprachigkeit im E-Commerce sein!<\/p><\/div> <\/div> <\/div><div class=\"banner banner--hasImageList\"><div class=\"layout-wrapper\"><span class=\"banner__text\"><img loading=\"lazy\" decoding=\"async\" class=\"alignnone size-full wp-image-9436\" src=\"https:\/\/eurotext.de\/wp-content\/uploads\/2019\/11\/plentymarkets_grau-300x67.png\" alt=\"plentymarkets\" width=\"300\" height=\"67\" \/><\/span><\/div><\/div><\/p>\n<p><div class=\"iconboxes\">\n                    <div class=\"layout-wrapper\"><div class=\"iconbox \">\n                    <i class=\"icon ion-search\"><\/i>\n                    <div class=\"iconbox__text\">\n<h2>Besserer \u00dcberblick dank vielf\u00e4ltiger Suchm\u00f6glichkeiten<\/h2>\n<p>Die Suchfunktion erlaubt eine Artikel-Suche nach <strong>Name<\/strong>, <strong>ItemID<\/strong>, <strong>VariantID<\/strong> oder individuellen <strong>Markierungen<\/strong> \u2013 so finden Sie ganz schnell, was Sie suchen!<\/div>\n                <\/div><div class=\"iconbox \">\n                    <i class=\"icon ion-checkmark-circled\"><\/i>\n                    <div class=\"iconbox__text\">\n<h2>Gezielt \u00dcbersetzen<\/h2>\n<p>\u00dcbersetzen Sie nur, was Sie wirklich ben\u00f6tigen. Sollen alle Texte des jeweiligen Artikels \u00fcbersetzt werden? Oder nur Teile davon? Sie haben die freie Wahl zwischen <strong>Name 1-3<\/strong>, <strong>Kurzbeschreibung<\/strong>, <strong>Langbeschreibung<\/strong> und <strong>technischen Daten<\/strong>.<\/div>\n                <\/div><div class=\"iconbox \">\n                    <i class=\"icon ion-flag\"><\/i>\n                    <div class=\"iconbox__text\">\n<h2 style=\"text-align: left;\">Individuelle Markierungen f\u00fcr vollen \u00dcberblick<\/h2>\n<p>Vor der \u00dcbersetzung k\u00f6nnen Sie ausw\u00e4hlen, welche <strong>Markierungen<\/strong> den Artikeln nach der \u00dcbersetzung zugewiesen werden sollen. So haben Sie Ihr Internationalisierungsprojekt immer unter Kontrolle!<\/div>\n                <\/div><div class=\"iconbox \">\n                    <i class=\"icon ion-clock\"><\/i>\n                    <div class=\"iconbox__text\">\n<h2 style=\"text-align: left;\">Ideal f\u00fcr regelm\u00e4\u00dfige Contentupdates<\/h2>\n<p>Dank des<strong> translationMANAGERS f\u00fcr plentymarkets<\/strong> sehen Sie immer, welche Artikel bereits \u00fcbersetzt wurden und welche nicht. Die \u00dcbersetzung <strong>neuer Artikel<\/strong> oder <strong>ge\u00e4nderter Texte<\/strong> wird so zum Kinderspiel!<\/div>\n                <\/div><div class=\"iconbox \">\n                    <i class=\"icon ion-loop\"><\/i>\n                    <div class=\"iconbox__text\">\n<h2>Export und Import von \u00dcbersetzungsprojekten<\/h2>\n<p>Gro\u00dfe Leistung mit wenigen Klicks: Exportieren Sie die zu \u00fcbersetzenden Texte und importieren Sie diese automatisch wieder zur\u00fcck. Ganz einfach.<\/div>\n                <\/div><div class=\"iconbox \">\n                    <i class=\"icon ion-gear-a\"><\/i>\n                    <div class=\"iconbox__text\">\n<h2>Plug &amp; Play<\/h2>\n<p>Einfaches <strong>Setup<\/strong> des translationMANAGER \u00fcber das Backend von plentymarkets. <a href=\"https:\/\/eurotext.de\/api-key-anfordern\/\" target=\"_blank\" rel=\"noopener noreferrer\">API-Schl\u00fcssel beantragen<\/a>, eintragen, loslegen! <\/div>\n                <\/div><\/div>\n                <\/div><div class=\"parallax-container\" data-parallax=\"scroll\" data-bleed=\"10\" data-image-src=\"\/wp-content\/uploads\/sites\/3\/2019\/01\/plentymarkets_blau_01.png\"> <div class=\"parallax-window\"> <div class=\"parallax-slider parallax-banner__content\" style=\"\"><h2 class='parallax-banner__headline'><\/h2><p class=\"parallax-banner__text\"><img loading=\"lazy\" decoding=\"async\" class=\"aligncenter wp-image-5422\" src=\"\/wp-content\/uploads\/sites\/3\/2017\/03\/TM-Icon-Kreis-150x150_flat.png\" width=\"120\" height=\"119\" \/><br \/> translationMANAGER f\u00fcr plentymarkets<br \/> (Version 1.0.0)<br \/> <a style=\"color: #f9af14\" href=\"\/faq\/\" target=\"_blank\" rel=\"noopener noreferrer\">Fragen und Antworten (FAQ)<\/a><\/p><a target=\"_blank\" href=\"https:\/\/marketplace.plentymarkets.com\/plugins\/integration\/Eurotext_6078\" class=\"parallax-banner__button button button--withIcon \"> <i class=\"iconion-android-download\"><\/i>Download<\/a><\/div> <\/div> <\/div><\/p>\n<div class='content-column content-column-row '><div class='content-column full_width no-border'>\n<h2 style=\"text-align: center;\">Screenshot<\/h2>\n<p style=\"text-align: center;\"><a href=\"https:\/\/eurotext.de\/wp-content\/uploads\/2019\/01\/preview_0.png\" data-rel=\"lightbox-image-0\" data-rl_title=\"\" data-rl_caption=\"\" title=\"\"><img loading=\"lazy\" decoding=\"async\" class=\"aligncenter wp-image-7696\" style=\"border: 1px solid black;\" src=\"https:\/\/eurotext.de\/wp-content\/uploads\/2019\/01\/preview_0.png\" alt=\"translationMANAGER f\u00fcr Plentymarkets\" width=\"540\" height=\"366\" srcset=\"https:\/\/eurotext.de\/cn\/wp-content\/uploads\/sites\/31\/2019\/01\/preview_0.png 1137w, https:\/\/eurotext.de\/cn\/wp-content\/uploads\/sites\/31\/2019\/01\/preview_0-300x203.png 300w, https:\/\/eurotext.de\/cn\/wp-content\/uploads\/sites\/31\/2019\/01\/preview_0-768x520.png 768w, https:\/\/eurotext.de\/cn\/wp-content\/uploads\/sites\/31\/2019\/01\/preview_0-1024x693.png 1024w\" sizes=\"auto, (max-width: 540px) 100vw, 540px\" \/><\/a><\/p>\n<p style=\"text-align: center;\"><strong>Plugin-Einstellungen <\/strong>im translationMANAGER f\u00fcr plentymarkets<\/p>\n<h2 style=\"text-align: center;\">\u00dcber plentymarkets<\/h2>\n<\/div><div class='clear_column'><\/div><div class='content-column one_half'>\u00a0<strong>plentymarkets<\/strong> ist ein <strong>E-Commerce ERP-System<\/strong>, das <strong>Warenwirtschaft<\/strong> mit <strong>Shopsystem<\/strong> und <strong>Multi-Channel-Vertrieb<\/strong> verbindet. Mit der hauseigenen App-basierten Kassensoftware plentyPOS l\u00e4sst sich das System zur umfangreichen Omni-Channel-Plattform ausbauen. Dank Kompatibilit\u00e4t mit modernen Touchscreen-Ger\u00e4ten k\u00f6nnen plentyPOS-Anwender sich bei der Bedienung flexibel im Verkaufsraum bewegen und Kunden so einen modernes, komfortables Einkaufserlebnis bieten. Dank umfangreicher Funktionen und Schnittstellen l\u00e4sst sich mit der online-basierten Software der gesamte Workflow im On- und Offline-Handel voll automatisiert abbilden. <\/div><div class='content-column one_half last_column'>\n<p>plentymarkets verf\u00fcgt \u00fcber <strong>Anbindungen<\/strong> zu allen relevanten Marktpl\u00e4tzen, Payment-, Logistik-, Webshop-, Recht- und Affiliate-Marketing-Anbietern und erm\u00f6glicht so die Erschlie\u00dfung einer Vielzahl an Verkaufskan\u00e4len gleichzeitig. S\u00e4mtliche Schnittstellen k\u00f6nnen ohne zus\u00e4tzliche Kosten direkt genutzt werden. \u00dcber den plentyMarketplace lassen sich weitere Schnittstellen, Shop-Templates und Features via Plugin integrieren.<\/p>\n<p>plentymarkets ist in drei Tarifmodellen verf\u00fcgbar. So ist f\u00fcr jedes Business das passende Preismodell dabei \u2013 f\u00fcr E-Commerce-Einsteiger, \u00fcber erfahrene KMU-H\u00e4ndler bis hin zum Full-Service-Tarif f\u00fcr gro\u00dfe Unternehmen mit individuellen Anforderungen.<\/p>\n<p style=\"text-align: right;\"><a href=\"https:\/\/www.plentymarkets.eu\/\" target=\"_blank\" rel=\"noopener noreferrer\">www.plentymarkets.eu<\/a><\/div><div class='clear_column'><\/div><\/div><div class='clear_column'><\/div>\n<div class=\"banner banner--small banner--withTextAndButton banner--button-on-right-side banner--blue-background\"><div class=\"layout-wrapper\"><div class=\"banner__text\">Interessiert? Jetzt Kontakt aufnehmen!<\/div><div class=\"banner__button\"><a class=\" button button--juice\" target=\"_self\" href=\"\/kontakt\/\">Kontakt<\/a><\/div><\/div><\/div>\n","protected":false},"excerpt":{"rendered":"","protected":false},"author":5,"featured_media":0,"parent":5972,"menu_order":3250,"comment_status":"closed","ping_status":"closed","template":"full-width-page.php","meta":{"footnotes":""},"class_list":["post-7682","page","type-page","status-publish","hentry"],"yoast_head":"<!-- This site is optimized with the Yoast SEO Premium plugin v21.9 (Yoast SEO v21.9.1) - https:\/\/yoast.com\/wordpress\/plugins\/seo\/ -->\n<title>translationMANAGER f\u00fcr plentymarkets &#8211; Eurotext AG<\/title>\n<meta name=\"description\" content=\"Der translationMANAGER f\u00fcr plentymarkets macht \u00dcbersetzungen f\u00fcr Onlineshops noch einfacher. Problemloser Import und Export \u2714 Mehr als 50 Sprachen \u2714\" \/>\n<meta name=\"robots\" content=\"noindex, follow, max-snippet:-1, max-image-preview:large, max-video-preview:-1\" \/>\n<meta property=\"og:locale\" content=\"de_DE\" \/>\n<meta property=\"og:type\" content=\"article\" \/>\n<meta property=\"og:title\" content=\"translationMANAGER f\u00fcr plentymarkets\" \/>\n<meta property=\"og:url\" content=\"https:\/\/eurotext.de\/cn\/technologie\/uebersetzungsplugins\/plentymarkets\/\" \/>\n<meta property=\"og:site_name\" content=\"Eurotext AG\" \/>\n<meta property=\"article:publisher\" content=\"https:\/\/de-de.facebook.com\/Eurotext\/\" \/>\n<meta property=\"article:modified_time\" content=\"2020-02-06T08:10:50+00:00\" \/>\n<meta property=\"og:image\" content=\"https:\/\/eurotext.de\/wp-content\/uploads\/2019\/11\/plentymarkets_grau-300x67.png\" \/>\n<meta name=\"twitter:card\" content=\"summary_large_image\" \/>\n<meta name=\"twitter:site\" content=\"@eurotext\" \/>\n<meta name=\"twitter:label1\" content=\"Gesch\u00e4tzte Lesezeit\" \/>\n\t<meta name=\"twitter:data1\" content=\"3\u00a0Minuten\" \/>\n<script type=\"application\/ld+json\" class=\"yoast-schema-graph\">{\"@context\":\"https:\/\/schema.org\",\"@graph\":[{\"@type\":\"WebPage\",\"@id\":\"https:\/\/eurotext.de\/cn\/technologie\/uebersetzungsplugins\/plentymarkets\/\",\"url\":\"https:\/\/eurotext.de\/cn\/technologie\/uebersetzungsplugins\/plentymarkets\/\",\"name\":\"translationMANAGER f\u00fcr plentymarkets &#8211; Eurotext AG\",\"isPartOf\":{\"@id\":\"https:\/\/eurotext.de\/cn\/#website\"},\"datePublished\":\"2019-01-22T07:01:12+00:00\",\"dateModified\":\"2020-02-06T08:10:50+00:00\",\"description\":\"Der translationMANAGER f\u00fcr plentymarkets macht \u00dcbersetzungen f\u00fcr Onlineshops noch einfacher. Problemloser Import und Export \u2714 Mehr als 50 Sprachen \u2714\",\"breadcrumb\":{\"@id\":\"https:\/\/eurotext.de\/cn\/technologie\/uebersetzungsplugins\/plentymarkets\/#breadcrumb\"},\"inLanguage\":\"de\",\"potentialAction\":[{\"@type\":\"ReadAction\",\"target\":[\"https:\/\/eurotext.de\/cn\/technologie\/uebersetzungsplugins\/plentymarkets\/\"]}]},{\"@type\":\"BreadcrumbList\",\"@id\":\"https:\/\/eurotext.de\/cn\/technologie\/uebersetzungsplugins\/plentymarkets\/#breadcrumb\",\"itemListElement\":[{\"@type\":\"ListItem\",\"position\":1,\"name\":\"Startseite\",\"item\":\"https:\/\/eurotext.de\/cn\/\"},{\"@type\":\"ListItem\",\"position\":2,\"name\":\"Technologie\",\"item\":\"https:\/\/eurotext.de\/cn\/technologie\/\"},{\"@type\":\"ListItem\",\"position\":3,\"name\":\"\u00dcbersetzungsplugins\",\"item\":\"https:\/\/eurotext.de\/cn\/technologie\/uebersetzungsplugins\/\"},{\"@type\":\"ListItem\",\"position\":4,\"name\":\"translationMANAGER f\u00fcr plentymarkets\"}]},{\"@type\":\"WebSite\",\"@id\":\"https:\/\/eurotext.de\/cn\/#website\",\"url\":\"https:\/\/eurotext.de\/cn\/\",\"name\":\"Eurotext AG\",\"description\":\"Wir \u00fcbersetzen f\u00fcr Industrie, IT und E-Commerce\",\"publisher\":{\"@id\":\"https:\/\/eurotext.de\/cn\/#organization\"},\"potentialAction\":[{\"@type\":\"SearchAction\",\"target\":{\"@type\":\"EntryPoint\",\"urlTemplate\":\"https:\/\/eurotext.de\/cn\/?s={search_term_string}\"},\"query-input\":\"required name=search_term_string\"}],\"inLanguage\":\"de\"},{\"@type\":\"Organization\",\"@id\":\"https:\/\/eurotext.de\/cn\/#organization\",\"name\":\"Eurotext AG\",\"url\":\"https:\/\/eurotext.de\/cn\/\",\"logo\":{\"@type\":\"ImageObject\",\"inLanguage\":\"de\",\"@id\":\"https:\/\/eurotext.de\/cn\/#\/schema\/logo\/image\/\",\"url\":\"https:\/\/eurotext.de\/cn\/wp-content\/uploads\/sites\/31\/2016\/05\/eurotext_logo.png\",\"contentUrl\":\"https:\/\/eurotext.de\/cn\/wp-content\/uploads\/sites\/31\/2016\/05\/eurotext_logo.png\",\"width\":125,\"height\":22,\"caption\":\"Eurotext AG\"},\"image\":{\"@id\":\"https:\/\/eurotext.de\/cn\/#\/schema\/logo\/image\/\"},\"sameAs\":[\"https:\/\/de-de.facebook.com\/Eurotext\/\",\"https:\/\/twitter.com\/eurotext\",\"https:\/\/de.linkedin.com\/company\/eurotext-ag\"]}]}<\/script>\n<!-- \/ Yoast SEO Premium plugin. -->","yoast_head_json":{"title":"translationMANAGER f\u00fcr plentymarkets &#8211; Eurotext AG","description":"Der translationMANAGER f\u00fcr plentymarkets macht \u00dcbersetzungen f\u00fcr Onlineshops noch einfacher. Problemloser Import und Export \u2714 Mehr als 50 Sprachen \u2714","robots":{"index":"noindex","follow":"follow","max-snippet":"max-snippet:-1","max-image-preview":"max-image-preview:large","max-video-preview":"max-video-preview:-1"},"og_locale":"de_DE","og_type":"article","og_title":"translationMANAGER f\u00fcr plentymarkets","og_url":"https:\/\/eurotext.de\/cn\/technologie\/uebersetzungsplugins\/plentymarkets\/","og_site_name":"Eurotext AG","article_publisher":"https:\/\/de-de.facebook.com\/Eurotext\/","article_modified_time":"2020-02-06T08:10:50+00:00","og_image":[{"url":"https:\/\/eurotext.de\/wp-content\/uploads\/2019\/11\/plentymarkets_grau-300x67.png"}],"twitter_card":"summary_large_image","twitter_site":"@eurotext","twitter_misc":{"Gesch\u00e4tzte Lesezeit":"3\u00a0Minuten"},"schema":{"@context":"https:\/\/schema.org","@graph":[{"@type":"WebPage","@id":"https:\/\/eurotext.de\/cn\/technologie\/uebersetzungsplugins\/plentymarkets\/","url":"https:\/\/eurotext.de\/cn\/technologie\/uebersetzungsplugins\/plentymarkets\/","name":"translationMANAGER f\u00fcr plentymarkets &#8211; Eurotext AG","isPartOf":{"@id":"https:\/\/eurotext.de\/cn\/#website"},"datePublished":"2019-01-22T07:01:12+00:00","dateModified":"2020-02-06T08:10:50+00:00","description":"Der translationMANAGER f\u00fcr plentymarkets macht \u00dcbersetzungen f\u00fcr Onlineshops noch einfacher. Problemloser Import und Export \u2714 Mehr als 50 Sprachen \u2714","breadcrumb":{"@id":"https:\/\/eurotext.de\/cn\/technologie\/uebersetzungsplugins\/plentymarkets\/#breadcrumb"},"inLanguage":"de","potentialAction":[{"@type":"ReadAction","target":["https:\/\/eurotext.de\/cn\/technologie\/uebersetzungsplugins\/plentymarkets\/"]}]},{"@type":"BreadcrumbList","@id":"https:\/\/eurotext.de\/cn\/technologie\/uebersetzungsplugins\/plentymarkets\/#breadcrumb","itemListElement":[{"@type":"ListItem","position":1,"name":"Startseite","item":"https:\/\/eurotext.de\/cn\/"},{"@type":"ListItem","position":2,"name":"Technologie","item":"https:\/\/eurotext.de\/cn\/technologie\/"},{"@type":"ListItem","position":3,"name":"\u00dcbersetzungsplugins","item":"https:\/\/eurotext.de\/cn\/technologie\/uebersetzungsplugins\/"},{"@type":"ListItem","position":4,"name":"translationMANAGER f\u00fcr plentymarkets"}]},{"@type":"WebSite","@id":"https:\/\/eurotext.de\/cn\/#website","url":"https:\/\/eurotext.de\/cn\/","name":"Eurotext AG","description":"Wir \u00fcbersetzen f\u00fcr Industrie, IT und E-Commerce","publisher":{"@id":"https:\/\/eurotext.de\/cn\/#organization"},"potentialAction":[{"@type":"SearchAction","target":{"@type":"EntryPoint","urlTemplate":"https:\/\/eurotext.de\/cn\/?s={search_term_string}"},"query-input":"required name=search_term_string"}],"inLanguage":"de"},{"@type":"Organization","@id":"https:\/\/eurotext.de\/cn\/#organization","name":"Eurotext AG","url":"https:\/\/eurotext.de\/cn\/","logo":{"@type":"ImageObject","inLanguage":"de","@id":"https:\/\/eurotext.de\/cn\/#\/schema\/logo\/image\/","url":"https:\/\/eurotext.de\/cn\/wp-content\/uploads\/sites\/31\/2016\/05\/eurotext_logo.png","contentUrl":"https:\/\/eurotext.de\/cn\/wp-content\/uploads\/sites\/31\/2016\/05\/eurotext_logo.png","width":125,"height":22,"caption":"Eurotext AG"},"image":{"@id":"https:\/\/eurotext.de\/cn\/#\/schema\/logo\/image\/"},"sameAs":["https:\/\/de-de.facebook.com\/Eurotext\/","https:\/\/twitter.com\/eurotext","https:\/\/de.linkedin.com\/company\/eurotext-ag"]}]}},"_links":{"self":[{"href":"https:\/\/eurotext.de\/cn\/wp-json\/wp\/v2\/pages\/7682","targetHints":{"allow":["GET"]}}],"collection":[{"href":"https:\/\/eurotext.de\/cn\/wp-json\/wp\/v2\/pages"}],"about":[{"href":"https:\/\/eurotext.de\/cn\/wp-json\/wp\/v2\/types\/page"}],"author":[{"embeddable":true,"href":"https:\/\/eurotext.de\/cn\/wp-json\/wp\/v2\/users\/5"}],"replies":[{"embeddable":true,"href":"https:\/\/eurotext.de\/cn\/wp-json\/wp\/v2\/comments?post=7682"}],"version-history":[{"count":6,"href":"https:\/\/eurotext.de\/cn\/wp-json\/wp\/v2\/pages\/7682\/revisions"}],"predecessor-version":[{"id":10332,"href":"https:\/\/eurotext.de\/cn\/wp-json\/wp\/v2\/pages\/7682\/revisions\/10332"}],"up":[{"embeddable":true,"href":"https:\/\/eurotext.de\/cn\/wp-json\/wp\/v2\/pages\/5972"}],"wp:attachment":[{"href":"https:\/\/eurotext.de\/cn\/wp-json\/wp\/v2\/media?parent=7682"}],"curies":[{"name":"wp","href":"https:\/\/api.w.org\/{rel}","templated":true}]}}