{"id":6630,"date":"2018-04-05T21:47:43","date_gmt":"2018-04-05T19:47:43","guid":{"rendered":"https:\/\/eurotext-ecommerce.com\/?page_id=6630"},"modified":"2020-02-06T09:17:13","modified_gmt":"2020-02-06T08:17:13","slug":"magento","status":"publish","type":"page","link":"https:\/\/eurotext.de\/cn\/dokumentation\/magento\/","title":{"rendered":"Doku: translationMANAGER f\u00fcr Magento"},"content":{"rendered":"<h1>Dokumentation f\u00fcr den translationMANAGER f\u00fcr Magento<\/h1>\n<h2><a href=\"https:\/\/eurotext.de\/dokumentation\/magento\/installation-updates\/\">Installation &amp; Updates<\/a><\/h2>\n<ul>\n<li><a href=\"https:\/\/eurotext.de\/dokumentation\/magento\/installation-updates\/#technische-voraussetzungen\">Technische Voraussetzungen<\/a><\/li>\n<li><a href=\"https:\/\/eurotext.de\/dokumentation\/magento\/installation-updates\/#installation-in-magento\">Installation in Magento<\/a><\/li>\n<li><a href=\"https:\/\/eurotext.de\/dokumentation\/magento\/installation-updates\/#versionsupdates\">translationMANAGER Versionsupdates<\/a><\/li>\n<\/ul>\n<h2><a href=\"https:\/\/eurotext.de\/dokumentation\/magento\/schnellstart\/\">Schnellstart<\/a><\/h2>\n<ul>\n<li><a href=\"https:\/\/eurotext.de\/dokumentation\/magento\/schnellstart\/#magento-shop-internationalisieren-wie-anfangen\">Meinen Shop internationalisieren &#8211; wie fange ich an?<\/a><\/li>\n<li><a href=\"https:\/\/eurotext.de\/dokumentation\/magento\/schnellstart\/#registrierung\">Registrierung<\/a><\/li>\n<li><a href=\"https:\/\/eurotext.de\/dokumentation\/magento\/schnellstart\/#einstellungen\">Einstellungen<\/a><\/li>\n<li><a href=\"https:\/\/eurotext.de\/dokumentation\/magento\/schnellstart\/#system-status\">System Status<\/a><\/li>\n<li><a href=\"https:\/\/eurotext.de\/dokumentation\/magento\/schnellstart\/#die-projektuebersicht\">Die Projekt\u00fcbersicht<\/a><\/li>\n<\/ul>\n<h2><a href=\"https:\/\/eurotext.de\/dokumentation\/magento\/projektauswahl-bearbeiten\/\">Projektauswahl bearbeiten<\/a><\/h2>\n<ul>\n<li><a href=\"https:\/\/eurotext.de\/dokumentation\/magento\/projektauswahl-bearbeiten\/#uebersetzungsprojekt-zusammenstellen\">So stellen Sie Ihr \u00dcbersetzungsprojekt zusammen<\/a><\/li>\n<li><a href=\"https:\/\/eurotext.de\/dokumentation\/magento\/projektauswahl-bearbeiten\/#artikel-auswaehlen\">Artikel ausw\u00e4hlen<\/a><\/li>\n<li><a href=\"https:\/\/eurotext.de\/dokumentation\/magento\/projektauswahl-bearbeiten\/#kategorie-auswaehlen\">Kategorien ausw\u00e4hlen<\/a><\/li>\n<li><a href=\"https:\/\/eurotext.de\/dokumentation\/magento\/projektauswahl-bearbeiten\/#cms-bloecke-auswaehlen\">CMS-Bl\u00f6cke ausw\u00e4hlen<\/a><\/li>\n<li><a href=\"https:\/\/eurotext.de\/dokumentation\/magento\/projektauswahl-bearbeiten\/#cms-seiten-auswaehlen\">CMS-Seiten ausw\u00e4hlen<\/a><\/li>\n<li><a href=\"https:\/\/eurotext.de\/dokumentation\/magento\/projektauswahl-bearbeiten\/#e-mail-vorlagen-auswaehlen\">E-Mail Vorlagen ausw\u00e4hlen<\/a><\/li>\n<li><a href=\"https:\/\/eurotext.de\/dokumentation\/magento\/projektauswahl-bearbeiten\/#sprachdateien-auswaehlen\">Sprachdateien ausw\u00e4hlen<\/a><\/li>\n<li><a href=\"https:\/\/eurotext.de\/dokumentation\/magento\/projektauswahl-bearbeiten\/#uebersetzungsinhalt-auswaehlen\">W\u00e4hlen Sie SEO- und weitere Inhalte zur \u00dcbersetzung aus<\/a><\/li>\n<li><a href=\"https:\/\/eurotext.de\/dokumentation\/magento\/projektauswahl-bearbeiten\/#benutzerdefinierte-attribute-auswaehlen\">Benutzerdefinierte Attribute ausw\u00e4hlen<\/a><\/li>\n<\/ul>\n<h2><a href=\"https:\/\/eurotext.de\/dokumentation\/magento\/datensicherheit-support\/\">Datensicherheit &amp; Support<\/a><\/h2>\n<ul>\n<li><a href=\"https:\/\/eurotext.de\/dokumentation\/magento\/datensicherheit-support\/#artikel-speichermethode-bei-import\">Verwenden der eigenen Artikel-Speichermethode bei Import von \u00dcbersetzungen<\/a><\/li>\n<li><a href=\"https:\/\/eurotext.de\/dokumentation\/magento\/datensicherheit-support\/#hinweise-zur-datensicherung\">Hinweise zur Datensicherung<\/a><\/li>\n<li><a href=\"https:\/\/eurotext.de\/dokumentation\/magento\/datensicherheit-support\/#support\">Wie erhalte ich Support?<\/a><\/li>\n<\/ul>\n<p>&nbsp;<\/p>\n<p style=\"text-align: center\"><a class=\"wpb_button\" href=\"#top\">zur\u00fcck nach oben<\/a> <a class=\"wpb_button\" href=\"\/dokumentation\/\">zur\u00fcck zur \u00dcbersicht<\/a><\/p>\n","protected":false},"excerpt":{"rendered":"<p>Dokumentation f\u00fcr den translationMANAGER f\u00fcr Magento Installation &amp; Updates Technische Voraussetzungen Installation in Magento translationMANAGER Versionsupdates Schnellstart Meinen Shop internationalisieren &#8211; wie fange ich an? Registrierung Einstellungen System Status Die Projekt\u00fcbersicht Projektauswahl bearbeiten So stellen Sie Ihr \u00dcbersetzungsprojekt zusammen Artikel ausw\u00e4hlen Kategorien ausw\u00e4hlen CMS-Bl\u00f6cke ausw\u00e4hlen CMS-Seiten ausw\u00e4hlen E-Mail Vorlagen ausw\u00e4hlen Sprachdateien ausw\u00e4hlen W\u00e4hlen Sie SEO- [&hellip;]<\/p>\n","protected":false},"author":4,"featured_media":0,"parent":8703,"menu_order":4110,"comment_status":"closed","ping_status":"closed","template":"","meta":{"footnotes":""},"class_list":["post-6630","page","type-page","status-publish","hentry"],"yoast_head":"<!-- This site is optimized with the Yoast SEO Premium plugin v21.9 (Yoast SEO v21.9.1) - https:\/\/yoast.com\/wordpress\/plugins\/seo\/ -->\n<title>Doku: translationMANAGER f\u00fcr Magento &#8211; Eurotext AG<\/title>\n<meta name=\"robots\" content=\"noindex, follow, max-snippet:-1, max-image-preview:large, max-video-preview:-1\" \/>\n<meta property=\"og:locale\" content=\"de_DE\" \/>\n<meta property=\"og:type\" content=\"article\" \/>\n<meta property=\"og:title\" content=\"Doku: translationMANAGER f\u00fcr Magento\" \/>\n<meta property=\"og:description\" content=\"Dokumentation f\u00fcr den translationMANAGER f\u00fcr Magento Installation &amp; Updates Technische Voraussetzungen Installation in Magento translationMANAGER\" \/>\n<meta property=\"og:url\" content=\"https:\/\/eurotext.de\/cn\/dokumentation\/magento\/\" \/>\n<meta property=\"og:site_name\" content=\"Eurotext AG\" \/>\n<meta property=\"article:publisher\" content=\"https:\/\/de-de.facebook.com\/Eurotext\/\" \/>\n<meta property=\"article:modified_time\" content=\"2020-02-06T08:17:13+00:00\" \/>\n<meta name=\"twitter:card\" content=\"summary_large_image\" \/>\n<meta name=\"twitter:site\" content=\"@eurotext\" \/>\n<meta name=\"twitter:label1\" content=\"Gesch\u00e4tzte Lesezeit\" \/>\n\t<meta name=\"twitter:data1\" content=\"1\u00a0Minute\" \/>\n<script type=\"application\/ld+json\" class=\"yoast-schema-graph\">{\"@context\":\"https:\/\/schema.org\",\"@graph\":[{\"@type\":\"WebPage\",\"@id\":\"https:\/\/eurotext.de\/cn\/dokumentation\/magento\/\",\"url\":\"https:\/\/eurotext.de\/cn\/dokumentation\/magento\/\",\"name\":\"Doku: translationMANAGER f\u00fcr Magento &#8211; Eurotext AG\",\"isPartOf\":{\"@id\":\"https:\/\/eurotext.de\/cn\/#website\"},\"datePublished\":\"2018-04-05T19:47:43+00:00\",\"dateModified\":\"2020-02-06T08:17:13+00:00\",\"breadcrumb\":{\"@id\":\"https:\/\/eurotext.de\/cn\/dokumentation\/magento\/#breadcrumb\"},\"inLanguage\":\"de\",\"potentialAction\":[{\"@type\":\"ReadAction\",\"target\":[\"https:\/\/eurotext.de\/cn\/dokumentation\/magento\/\"]}]},{\"@type\":\"BreadcrumbList\",\"@id\":\"https:\/\/eurotext.de\/cn\/dokumentation\/magento\/#breadcrumb\",\"itemListElement\":[{\"@type\":\"ListItem\",\"position\":1,\"name\":\"Startseite\",\"item\":\"https:\/\/eurotext.de\/cn\/\"},{\"@type\":\"ListItem\",\"position\":2,\"name\":\"translationMANAGER Dokumentation &#038; Support\",\"item\":\"https:\/\/eurotext.de\/cn\/dokumentation\/\"},{\"@type\":\"ListItem\",\"position\":3,\"name\":\"Doku: translationMANAGER f\u00fcr Magento\"}]},{\"@type\":\"WebSite\",\"@id\":\"https:\/\/eurotext.de\/cn\/#website\",\"url\":\"https:\/\/eurotext.de\/cn\/\",\"name\":\"Eurotext AG\",\"description\":\"Wir \u00fcbersetzen f\u00fcr Industrie, IT und E-Commerce\",\"publisher\":{\"@id\":\"https:\/\/eurotext.de\/cn\/#organization\"},\"potentialAction\":[{\"@type\":\"SearchAction\",\"target\":{\"@type\":\"EntryPoint\",\"urlTemplate\":\"https:\/\/eurotext.de\/cn\/?s={search_term_string}\"},\"query-input\":\"required name=search_term_string\"}],\"inLanguage\":\"de\"},{\"@type\":\"Organization\",\"@id\":\"https:\/\/eurotext.de\/cn\/#organization\",\"name\":\"Eurotext AG\",\"url\":\"https:\/\/eurotext.de\/cn\/\",\"logo\":{\"@type\":\"ImageObject\",\"inLanguage\":\"de\",\"@id\":\"https:\/\/eurotext.de\/cn\/#\/schema\/logo\/image\/\",\"url\":\"https:\/\/eurotext.de\/cn\/wp-content\/uploads\/sites\/31\/2016\/05\/eurotext_logo.png\",\"contentUrl\":\"https:\/\/eurotext.de\/cn\/wp-content\/uploads\/sites\/31\/2016\/05\/eurotext_logo.png\",\"width\":125,\"height\":22,\"caption\":\"Eurotext AG\"},\"image\":{\"@id\":\"https:\/\/eurotext.de\/cn\/#\/schema\/logo\/image\/\"},\"sameAs\":[\"https:\/\/de-de.facebook.com\/Eurotext\/\",\"https:\/\/twitter.com\/eurotext\",\"https:\/\/de.linkedin.com\/company\/eurotext-ag\"]}]}<\/script>\n<!-- \/ Yoast SEO Premium plugin. -->","yoast_head_json":{"title":"Doku: translationMANAGER f\u00fcr Magento &#8211; Eurotext AG","robots":{"index":"noindex","follow":"follow","max-snippet":"max-snippet:-1","max-image-preview":"max-image-preview:large","max-video-preview":"max-video-preview:-1"},"og_locale":"de_DE","og_type":"article","og_title":"Doku: translationMANAGER f\u00fcr Magento","og_description":"Dokumentation f\u00fcr den translationMANAGER f\u00fcr Magento Installation &amp; Updates Technische Voraussetzungen Installation in Magento translationMANAGER","og_url":"https:\/\/eurotext.de\/cn\/dokumentation\/magento\/","og_site_name":"Eurotext AG","article_publisher":"https:\/\/de-de.facebook.com\/Eurotext\/","article_modified_time":"2020-02-06T08:17:13+00:00","twitter_card":"summary_large_image","twitter_site":"@eurotext","twitter_misc":{"Gesch\u00e4tzte Lesezeit":"1\u00a0Minute"},"schema":{"@context":"https:\/\/schema.org","@graph":[{"@type":"WebPage","@id":"https:\/\/eurotext.de\/cn\/dokumentation\/magento\/","url":"https:\/\/eurotext.de\/cn\/dokumentation\/magento\/","name":"Doku: translationMANAGER f\u00fcr Magento &#8211; Eurotext AG","isPartOf":{"@id":"https:\/\/eurotext.de\/cn\/#website"},"datePublished":"2018-04-05T19:47:43+00:00","dateModified":"2020-02-06T08:17:13+00:00","breadcrumb":{"@id":"https:\/\/eurotext.de\/cn\/dokumentation\/magento\/#breadcrumb"},"inLanguage":"de","potentialAction":[{"@type":"ReadAction","target":["https:\/\/eurotext.de\/cn\/dokumentation\/magento\/"]}]},{"@type":"BreadcrumbList","@id":"https:\/\/eurotext.de\/cn\/dokumentation\/magento\/#breadcrumb","itemListElement":[{"@type":"ListItem","position":1,"name":"Startseite","item":"https:\/\/eurotext.de\/cn\/"},{"@type":"ListItem","position":2,"name":"translationMANAGER Dokumentation &#038; Support","item":"https:\/\/eurotext.de\/cn\/dokumentation\/"},{"@type":"ListItem","position":3,"name":"Doku: translationMANAGER f\u00fcr Magento"}]},{"@type":"WebSite","@id":"https:\/\/eurotext.de\/cn\/#website","url":"https:\/\/eurotext.de\/cn\/","name":"Eurotext AG","description":"Wir \u00fcbersetzen f\u00fcr Industrie, IT und E-Commerce","publisher":{"@id":"https:\/\/eurotext.de\/cn\/#organization"},"potentialAction":[{"@type":"SearchAction","target":{"@type":"EntryPoint","urlTemplate":"https:\/\/eurotext.de\/cn\/?s={search_term_string}"},"query-input":"required name=search_term_string"}],"inLanguage":"de"},{"@type":"Organization","@id":"https:\/\/eurotext.de\/cn\/#organization","name":"Eurotext AG","url":"https:\/\/eurotext.de\/cn\/","logo":{"@type":"ImageObject","inLanguage":"de","@id":"https:\/\/eurotext.de\/cn\/#\/schema\/logo\/image\/","url":"https:\/\/eurotext.de\/cn\/wp-content\/uploads\/sites\/31\/2016\/05\/eurotext_logo.png","contentUrl":"https:\/\/eurotext.de\/cn\/wp-content\/uploads\/sites\/31\/2016\/05\/eurotext_logo.png","width":125,"height":22,"caption":"Eurotext AG"},"image":{"@id":"https:\/\/eurotext.de\/cn\/#\/schema\/logo\/image\/"},"sameAs":["https:\/\/de-de.facebook.com\/Eurotext\/","https:\/\/twitter.com\/eurotext","https:\/\/de.linkedin.com\/company\/eurotext-ag"]}]}},"_links":{"self":[{"href":"https:\/\/eurotext.de\/cn\/wp-json\/wp\/v2\/pages\/6630","targetHints":{"allow":["GET"]}}],"collection":[{"href":"https:\/\/eurotext.de\/cn\/wp-json\/wp\/v2\/pages"}],"about":[{"href":"https:\/\/eurotext.de\/cn\/wp-json\/wp\/v2\/types\/page"}],"author":[{"embeddable":true,"href":"https:\/\/eurotext.de\/cn\/wp-json\/wp\/v2\/users\/4"}],"replies":[{"embeddable":true,"href":"https:\/\/eurotext.de\/cn\/wp-json\/wp\/v2\/comments?post=6630"}],"version-history":[{"count":1,"href":"https:\/\/eurotext.de\/cn\/wp-json\/wp\/v2\/pages\/6630\/revisions"}],"predecessor-version":[{"id":8768,"href":"https:\/\/eurotext.de\/cn\/wp-json\/wp\/v2\/pages\/6630\/revisions\/8768"}],"up":[{"embeddable":true,"href":"https:\/\/eurotext.de\/cn\/wp-json\/wp\/v2\/pages\/8703"}],"wp:attachment":[{"href":"https:\/\/eurotext.de\/cn\/wp-json\/wp\/v2\/media?parent=6630"}],"curies":[{"name":"wp","href":"https:\/\/api.w.org\/{rel}","templated":true}]}}