{"id":3075,"date":"2017-04-10T12:45:56","date_gmt":"2017-04-10T10:45:56","guid":{"rendered":"https:\/\/eurotext.de\/?page_id=3075"},"modified":"2020-06-08T07:34:56","modified_gmt":"2020-06-08T05:34:56","slug":"angebotsanfrage","status":"publish","type":"page","link":"https:\/\/eurotext.de\/cn\/angebotsanfrage\/","title":{"rendered":"Angebotsanfrage"},"content":{"rendered":"<div class=\"parallax-container\" data-parallax=\"scroll\" data-bleed=\"10\" data-image-src=\"\/wp-content\/uploads\/2020\/04\/pastellblau_01.png\"> <div class=\"parallax-window\"> <div class=\"parallax-slider parallax-banner__content\" style=\"\"><h1 class='parallax-banner__headline'><strong>Angebot anfordern<\/strong><\/h1><p class=\"parallax-banner__text\">Sie m\u00f6chten ein unverbindliches Angebot? Sehr gerne! Hier finden Sie alle n\u00f6tigen Informationen, wie Sie uns Ihre Anfrage \u00fcbermitteln k\u00f6nnen:<\/p><\/div> <\/div> <\/div>\n<div class='content-column content-column-row '><\/p>\n<div class='content-column full_width'>\n<\/div><div class='clear_column'><\/div>\n<div class='content-column one_half'>\n<p>&nbsp;<\/p>\n<h2>Anfrage \u00fcber das <strong>Eurotext-\u00dcbersetzungsportal<\/strong><\/h2>\n<p>\u00dcber das Portal k\u00f6nnen Sie eine <strong>Angebotsanfrage<\/strong> erstellen und die zu \u00fcbersetzenden Daten sicher hochladen. Es eignet sich besonders, wenn Sie h\u00e4ufiger bestellen m\u00f6chten und die Texte in einem standardisierten Dateiformat vorliegen. Nach einer kurzen <strong>Registrierung<\/strong> erhalten Sie Ihre Zugangsdaten:<\/p>\n<p class=\"wpcf7-invalid-action-url\"><strong>Fehler:<\/strong> Ung\u00fcltige Aktions-URL wurde entdeckt.<\/p>\n<\/div><div class='content-column one_half last_column'>\n<p>&nbsp;<\/p>\n<h2>Anfrage via <strong>E-Mail oder<\/strong> <strong>Telefon<\/strong><\/h2>\n<p>Sie m\u00f6chten direkt Kontakt mit uns aufnehmen und haben ein umfangreiches und <strong>komplexes Projekt<\/strong>? Rufen Sie uns an oder schreiben Sie uns eine E-Mail! Gerne k\u00f6nnen Sie uns die Ausgangstexte oder Beispieldaten f\u00fcr ein <strong>unverbindliches Angebot<\/strong> direkt zukommen lassen. Hier finden Sie alle n\u00f6tigen Kontakt-Informationen:<\/p>\n<p>&nbsp;<\/p>\n<h2 style=\"text-align: center;\"><img loading=\"lazy\" decoding=\"async\" class=\"alignnone size-full wp-image-5938\" style=\"margin-top: 10px;\" src=\"https:\/\/eurotext.de\/wp-content\/uploads\/2019\/10\/Telefon.png\" alt=\"Telefon\" width=\"23\" height=\"20\" \/> <a href=\"tel:+49931354050\"><strong>+49 (0)931 35 40 50<\/strong><\/a><\/h2>\n<h2 class=\"header2\" style=\"text-align: center;\"><img loading=\"lazy\" decoding=\"async\" class=\"alignnone size-full wp-image-5946\" src=\"https:\/\/eurotext.de\/wp-content\/uploads\/2019\/10\/Mail.png\" alt=\"E-Mail\" width=\"23\" height=\"20\" \/>\u00a0<a href=\"mailto:info@eurotext.de\"><strong>info@eurotext.de<\/strong><\/a><\/h2>\n<p>&nbsp;<\/p>\n<p style=\"text-align: center;\">Unser <strong>Kontaktformular<\/strong> finden Sie unter <a href=\"https:\/\/eurotext.de\/kontakt\/\">Kontakt<\/a>.<\/p>\n<p>&nbsp;<\/p>\n<img loading=\"lazy\" decoding=\"async\" class=\"size-full wp-image-5922 aligncenter\" src=\"https:\/\/eurotext.de\/wp-content\/uploads\/2019\/10\/Eurotext_Wasserzeichen.png\" alt=\"\" width=\"109\" height=\"109\" \/>\n<\/div><div class='clear_column'><\/div>\n<div class='content-column full_width'>\n<hr \/>\n<p>&nbsp;<\/p>\n<h2 style=\"text-align: center;\"><strong>Bereits Kunde?<br \/>\n<\/strong><\/h2>\n<p style=\"text-align: center;\">Sie sind bereits Eurotext-Kunde und m\u00f6chten eine \u00dcbersetzung beauftragen? Dann verwenden Sie bitte unser <strong>Kundenportal<\/strong>.<br \/>\nWenn Sie <strong>Fragen oder Probleme<\/strong> haben, hilft Ihnen Ihr Projektmanager gerne weiter.<\/p>\n<p style=\"text-align: center;\">\u00a0<a href=\"https:\/\/login.eurotext.de\">zum <strong>Kundenportal<\/strong><\/a><\/p>\n<p>&nbsp;<\/p>\n<hr \/>\n<p><strong>Hinweis zum Datenschutz<\/strong><\/p>\n<p>Mit dem Ausf\u00fcllen des Formulars stimmen Sie folgender Vereinbarung zu: <em>&#8222;Ich stimme zu, dass meine personenbezogenen Daten zum Zweck der Kontaktaufnahme und Auftragsbearbeitung an die Eurotext AG \u00fcbermittelt werden. Diese Einverst\u00e4ndniserkl\u00e4rung erfolgt freiwillig und kann jederzeit widerrufen, sowie die L\u00f6schung der erhobenen Daten beantragt werden. Die Weitergabe an Dritte ist ausgeschlossen.&#8220;<\/em> Weitere Informationen erhalten Sie unter: <a href=\"https:\/\/eurotext.de\/datenschutz\/\" target=\"_blank\" rel=\"noopener noreferrer\">https:\/\/eurotext.de\/datenschutz\/<\/a><\/div><div class='clear_column'><\/div><\/div><div class='clear_column'><\/div>\n","protected":false},"excerpt":{"rendered":"","protected":false},"author":5,"featured_media":0,"parent":0,"menu_order":8006,"comment_status":"closed","ping_status":"closed","template":"full-width-page.php","meta":{"footnotes":""},"class_list":["post-3075","page","type-page","status-publish","hentry"],"yoast_head":"<!-- This site is optimized with the Yoast SEO Premium plugin v21.9 (Yoast SEO v21.9.1) - https:\/\/yoast.com\/wordpress\/plugins\/seo\/ -->\n<title>Fordern Sie jetzt ein Angebot an \u2013 Eurotext AG<\/title>\n<meta name=\"description\" content=\"Sie m\u00f6chten Ihren Onlineshop \u00fcbersetzen lassen? Gerne erstellen wir Ihnen ein kostenloses Angebot oder besprechen das Projekt mit Ihnen pers\u00f6nlich. \u2714\" \/>\n<meta name=\"robots\" content=\"noindex, follow\" \/>\n<meta property=\"og:locale\" content=\"de_DE\" \/>\n<meta property=\"og:type\" content=\"article\" \/>\n<meta property=\"og:title\" content=\"Angebotsanfrage\" \/>\n<meta property=\"og:url\" content=\"https:\/\/eurotext.de\/cn\/angebotsanfrage\/\" \/>\n<meta property=\"og:site_name\" content=\"Eurotext AG\" \/>\n<meta property=\"article:publisher\" content=\"https:\/\/de-de.facebook.com\/Eurotext\/\" \/>\n<meta property=\"article:modified_time\" content=\"2020-06-08T05:34:56+00:00\" \/>\n<meta property=\"og:image\" content=\"https:\/\/eurotext.de\/wp-content\/uploads\/2019\/10\/Telefon.png\" \/>\n<meta name=\"twitter:card\" content=\"summary_large_image\" \/>\n<meta name=\"twitter:site\" content=\"@eurotext\" \/>\n<meta name=\"twitter:label1\" content=\"Gesch\u00e4tzte Lesezeit\" \/>\n\t<meta name=\"twitter:data1\" content=\"1\u00a0Minute\" \/>\n<script type=\"application\/ld+json\" class=\"yoast-schema-graph\">{\"@context\":\"https:\/\/schema.org\",\"@graph\":[{\"@type\":\"WebPage\",\"@id\":\"https:\/\/eurotext.de\/cn\/angebotsanfrage\/\",\"url\":\"https:\/\/eurotext.de\/cn\/angebotsanfrage\/\",\"name\":\"Fordern Sie jetzt ein Angebot an \u2013 Eurotext AG\",\"isPartOf\":{\"@id\":\"https:\/\/eurotext.de\/cn\/#website\"},\"datePublished\":\"2017-04-10T10:45:56+00:00\",\"dateModified\":\"2020-06-08T05:34:56+00:00\",\"description\":\"Sie m\u00f6chten Ihren Onlineshop \u00fcbersetzen lassen? Gerne erstellen wir Ihnen ein kostenloses Angebot oder besprechen das Projekt mit Ihnen pers\u00f6nlich. \u2714\",\"breadcrumb\":{\"@id\":\"https:\/\/eurotext.de\/cn\/angebotsanfrage\/#breadcrumb\"},\"inLanguage\":\"de\",\"potentialAction\":[{\"@type\":\"ReadAction\",\"target\":[\"https:\/\/eurotext.de\/cn\/angebotsanfrage\/\"]}]},{\"@type\":\"BreadcrumbList\",\"@id\":\"https:\/\/eurotext.de\/cn\/angebotsanfrage\/#breadcrumb\",\"itemListElement\":[{\"@type\":\"ListItem\",\"position\":1,\"name\":\"Startseite\",\"item\":\"https:\/\/eurotext.de\/cn\/\"},{\"@type\":\"ListItem\",\"position\":2,\"name\":\"Angebotsanfrage\"}]},{\"@type\":\"WebSite\",\"@id\":\"https:\/\/eurotext.de\/cn\/#website\",\"url\":\"https:\/\/eurotext.de\/cn\/\",\"name\":\"Eurotext AG\",\"description\":\"Wir \u00fcbersetzen f\u00fcr Industrie, IT und E-Commerce\",\"publisher\":{\"@id\":\"https:\/\/eurotext.de\/cn\/#organization\"},\"potentialAction\":[{\"@type\":\"SearchAction\",\"target\":{\"@type\":\"EntryPoint\",\"urlTemplate\":\"https:\/\/eurotext.de\/cn\/?s={search_term_string}\"},\"query-input\":\"required name=search_term_string\"}],\"inLanguage\":\"de\"},{\"@type\":\"Organization\",\"@id\":\"https:\/\/eurotext.de\/cn\/#organization\",\"name\":\"Eurotext AG\",\"url\":\"https:\/\/eurotext.de\/cn\/\",\"logo\":{\"@type\":\"ImageObject\",\"inLanguage\":\"de\",\"@id\":\"https:\/\/eurotext.de\/cn\/#\/schema\/logo\/image\/\",\"url\":\"https:\/\/eurotext.de\/cn\/wp-content\/uploads\/sites\/31\/2016\/05\/eurotext_logo.png\",\"contentUrl\":\"https:\/\/eurotext.de\/cn\/wp-content\/uploads\/sites\/31\/2016\/05\/eurotext_logo.png\",\"width\":125,\"height\":22,\"caption\":\"Eurotext AG\"},\"image\":{\"@id\":\"https:\/\/eurotext.de\/cn\/#\/schema\/logo\/image\/\"},\"sameAs\":[\"https:\/\/de-de.facebook.com\/Eurotext\/\",\"https:\/\/twitter.com\/eurotext\",\"https:\/\/de.linkedin.com\/company\/eurotext-ag\"]}]}<\/script>\n<!-- \/ Yoast SEO Premium plugin. -->","yoast_head_json":{"title":"Fordern Sie jetzt ein Angebot an \u2013 Eurotext AG","description":"Sie m\u00f6chten Ihren Onlineshop \u00fcbersetzen lassen? Gerne erstellen wir Ihnen ein kostenloses Angebot oder besprechen das Projekt mit Ihnen pers\u00f6nlich. \u2714","robots":{"index":"noindex","follow":"follow"},"og_locale":"de_DE","og_type":"article","og_title":"Angebotsanfrage","og_url":"https:\/\/eurotext.de\/cn\/angebotsanfrage\/","og_site_name":"Eurotext AG","article_publisher":"https:\/\/de-de.facebook.com\/Eurotext\/","article_modified_time":"2020-06-08T05:34:56+00:00","og_image":[{"url":"https:\/\/eurotext.de\/wp-content\/uploads\/2019\/10\/Telefon.png"}],"twitter_card":"summary_large_image","twitter_site":"@eurotext","twitter_misc":{"Gesch\u00e4tzte Lesezeit":"1\u00a0Minute"},"schema":{"@context":"https:\/\/schema.org","@graph":[{"@type":"WebPage","@id":"https:\/\/eurotext.de\/cn\/angebotsanfrage\/","url":"https:\/\/eurotext.de\/cn\/angebotsanfrage\/","name":"Fordern Sie jetzt ein Angebot an \u2013 Eurotext AG","isPartOf":{"@id":"https:\/\/eurotext.de\/cn\/#website"},"datePublished":"2017-04-10T10:45:56+00:00","dateModified":"2020-06-08T05:34:56+00:00","description":"Sie m\u00f6chten Ihren Onlineshop \u00fcbersetzen lassen? Gerne erstellen wir Ihnen ein kostenloses Angebot oder besprechen das Projekt mit Ihnen pers\u00f6nlich. \u2714","breadcrumb":{"@id":"https:\/\/eurotext.de\/cn\/angebotsanfrage\/#breadcrumb"},"inLanguage":"de","potentialAction":[{"@type":"ReadAction","target":["https:\/\/eurotext.de\/cn\/angebotsanfrage\/"]}]},{"@type":"BreadcrumbList","@id":"https:\/\/eurotext.de\/cn\/angebotsanfrage\/#breadcrumb","itemListElement":[{"@type":"ListItem","position":1,"name":"Startseite","item":"https:\/\/eurotext.de\/cn\/"},{"@type":"ListItem","position":2,"name":"Angebotsanfrage"}]},{"@type":"WebSite","@id":"https:\/\/eurotext.de\/cn\/#website","url":"https:\/\/eurotext.de\/cn\/","name":"Eurotext AG","description":"Wir \u00fcbersetzen f\u00fcr Industrie, IT und E-Commerce","publisher":{"@id":"https:\/\/eurotext.de\/cn\/#organization"},"potentialAction":[{"@type":"SearchAction","target":{"@type":"EntryPoint","urlTemplate":"https:\/\/eurotext.de\/cn\/?s={search_term_string}"},"query-input":"required name=search_term_string"}],"inLanguage":"de"},{"@type":"Organization","@id":"https:\/\/eurotext.de\/cn\/#organization","name":"Eurotext AG","url":"https:\/\/eurotext.de\/cn\/","logo":{"@type":"ImageObject","inLanguage":"de","@id":"https:\/\/eurotext.de\/cn\/#\/schema\/logo\/image\/","url":"https:\/\/eurotext.de\/cn\/wp-content\/uploads\/sites\/31\/2016\/05\/eurotext_logo.png","contentUrl":"https:\/\/eurotext.de\/cn\/wp-content\/uploads\/sites\/31\/2016\/05\/eurotext_logo.png","width":125,"height":22,"caption":"Eurotext AG"},"image":{"@id":"https:\/\/eurotext.de\/cn\/#\/schema\/logo\/image\/"},"sameAs":["https:\/\/de-de.facebook.com\/Eurotext\/","https:\/\/twitter.com\/eurotext","https:\/\/de.linkedin.com\/company\/eurotext-ag"]}]}},"_links":{"self":[{"href":"https:\/\/eurotext.de\/cn\/wp-json\/wp\/v2\/pages\/3075","targetHints":{"allow":["GET"]}}],"collection":[{"href":"https:\/\/eurotext.de\/cn\/wp-json\/wp\/v2\/pages"}],"about":[{"href":"https:\/\/eurotext.de\/cn\/wp-json\/wp\/v2\/types\/page"}],"author":[{"embeddable":true,"href":"https:\/\/eurotext.de\/cn\/wp-json\/wp\/v2\/users\/5"}],"replies":[{"embeddable":true,"href":"https:\/\/eurotext.de\/cn\/wp-json\/wp\/v2\/comments?post=3075"}],"version-history":[{"count":109,"href":"https:\/\/eurotext.de\/cn\/wp-json\/wp\/v2\/pages\/3075\/revisions"}],"predecessor-version":[{"id":5654,"href":"https:\/\/eurotext.de\/cn\/wp-json\/wp\/v2\/pages\/3075\/revisions\/5654"}],"wp:attachment":[{"href":"https:\/\/eurotext.de\/cn\/wp-json\/wp\/v2\/media?parent=3075"}],"curies":[{"name":"wp","href":"https:\/\/api.w.org\/{rel}","templated":true}]}}