{"id":2636,"date":"2016-12-01T10:16:25","date_gmt":"2016-12-01T09:16:25","guid":{"rendered":"http:\/\/eurotext.de\/?page_id=2636"},"modified":"2020-04-27T08:11:40","modified_gmt":"2020-04-27T06:11:40","slug":"termine","status":"publish","type":"page","link":"https:\/\/eurotext.de\/cn\/kontakt\/termine\/","title":{"rendered":"Termine"},"content":{"rendered":"<div class=\"parallax-container\" data-parallax=\"scroll\" data-bleed=\"10\" data-image-src=\"\/wp-content\/uploads\/2020\/04\/pastellblau_01.png\"> <div class=\"parallax-window\"> <div class=\"parallax-slider parallax-banner__content\" style=\"\"><h1 class='parallax-banner__headline'><strong>Treffen Sie uns und lernen Sie uns pers\u00f6nlich kennen!<\/strong><\/h1><p class=\"parallax-banner__text\"> <\/p><\/div> <\/div> <\/div>\n<div class=\"iconboxes\">\n                    <div class=\"layout-wrapper\"><div class=\"iconbox \">\n                    <i class=\"icon ion-ios-world-outline\"><\/i>\n                    <div class=\"iconbox__text\">\n<h2 style=\"text-align: center;\">Internet World<\/h2>\n<p style=\"text-align: center;\"><a href=\"https:\/\/www.internetworld-expo.de\/\" target=\"_blank\" rel=\"noopener noreferrer\"><strong>internetworld-expo.de<\/strong><\/a><\/p>\n<p><span style=\"color: #000000;\">Leider musste die Veranstaltung abgesagt werden. Wir informieren Sie, sobald ein neuer Termin feststeht.<\/span><span style=\"color: #ff9900;\"><strong><br \/>\n<\/strong><\/span><\/p>\n<\/div>\n                <\/div>\n<div class=\"iconbox \">\n                    <i class=\"icon ion-at\"><\/i>\n                    <div class=\"iconbox__text\">\n<h2 style=\"text-align: center;\">Fr\u00fchjahrstagung Tekom<\/h2>\n<p style=\"text-align: center;\"><a href=\"https:\/\/fruehjahrstagung.tekom.de\/\" target=\"_blank\" rel=\"noopener noreferrer\"><strong>fruehjahrstagung.tekom.de<\/strong><\/a><\/p>\n<p>Leider musste die Veranstaltung abgesagt werden. Wir informieren Sie, sobald ein neuer Termin feststeht.<\/p>\n<\/div>\n                <\/div>\n<div class=\"iconbox \">\n                    <i class=\"icon ion-bag\"><\/i>\n                    <div class=\"iconbox__text\">\n<h2 style=\"text-align: center;\">K5 Konferenz<\/h2>\n<p style=\"text-align: center;\"><a href=\"https:\/\/www.k5.de\/\" target=\"_blank\" rel=\"noopener noreferrer\"><strong>k5.de<\/strong><\/a><\/p>\n<p>Leider musste die Veranstaltung abgesagt werden. Wir informieren Sie, sobald ein neuer Termin feststeht.<\/p>\n<\/div>\n                <\/div>\n<div class=\"iconbox \">\n                    <i class=\"icon ion-bag\"><\/i>\n                    <div class=\"iconbox__text\">\n<h2 style=\"text-align: center;\">Shopware Community Day<\/h2>\n<p style=\"text-align: center;\"><a href=\"https:\/\/scd.shopware.com\/de\" target=\"_blank\" rel=\"noopener noreferrer\"><strong>scd.shopware.com\/de<\/strong><\/a><\/p>\n<p>Leider musste die Veranstaltung abgesagt werden. Wir informieren Sie, sobald ein neuer Termin feststeht.<\/p>\n<\/div>\n                <\/div>\n<div class=\"iconbox \">\n                    <i class=\"icon ion-ios-cart\"><\/i>\n                    <div class=\"iconbox__text\">\n<h2 style=\"text-align: center;\">MeetMagento<\/h2>\n<p style=\"text-align: center;\"><a href=\"https:\/\/de.meet-magento.com\/meet-magento-de.html\" target=\"_blank\" rel=\"noopener noreferrer\"><strong>de.meet-magento.com<\/strong><\/a><\/p>\n<p>Leider musste die Veranstaltung abgesagt werden. Wir informieren Sie, sobald ein neuer Termin feststeht.<\/p>\n<\/div>\n                <\/div>\n<\/div>\n                <\/div>\n<div class='content-column content-column-row '><div class='content-column full_width'>\n<p>&nbsp;<\/p>\n<img loading=\"lazy\" decoding=\"async\" class=\"aligncenter wp-image-10152\" src=\"https:\/\/eurotext.de\/wp-content\/uploads\/2020\/04\/video-150x150.png\" alt=\"video\" width=\"75\" height=\"75\" srcset=\"https:\/\/eurotext.de\/cn\/wp-content\/uploads\/sites\/31\/2020\/04\/video-150x150.png 150w, https:\/\/eurotext.de\/cn\/wp-content\/uploads\/sites\/31\/2020\/04\/video-300x300.png 300w, https:\/\/eurotext.de\/cn\/wp-content\/uploads\/sites\/31\/2020\/04\/video.png 512w\" sizes=\"auto, (max-width: 75px) 100vw, 75px\" \/>\n<h2 id=\"meetus\" style=\"text-align: center;\">Wie w\u00e4re es stattdessen mit einer Videokonferenz?<\/h2>\n<p style=\"text-align: center;\">Sie m\u00f6chten uns kennenlernen und Ihr Anliegen pers\u00f6nlich mit uns besprechen? Wir stehen gerne f\u00fcr eine Video- oder Telefonkonferenz zur Verf\u00fcgung!<br \/>\nF\u00fcllen Sie einfach das folgende Formular aus und wir werden uns umgehend bei Ihnen melden.<\/p>\n\n<div class=\"wpcf7 no-js\" id=\"wpcf7-f2662-o1\" lang=\"de-DE\" dir=\"ltr\">\n<div class=\"screen-reader-response\"><p role=\"status\" aria-live=\"polite\" aria-atomic=\"true\"><\/p> <ul><\/ul><\/div>\n<form action=\"\/cn\/wp-json\/wp\/v2\/pages\/2636#wpcf7-f2662-o1\" method=\"post\" class=\"wpcf7-form init\" aria-label=\"Kontaktformular\" novalidate=\"novalidate\" data-status=\"init\">\n<div style=\"display: none;\">\n<input type=\"hidden\" name=\"_wpcf7\" value=\"2662\" \/>\n<input type=\"hidden\" name=\"_wpcf7_version\" value=\"5.9.8\" \/>\n<input type=\"hidden\" name=\"_wpcf7_locale\" value=\"de_DE\" \/>\n<input type=\"hidden\" name=\"_wpcf7_unit_tag\" value=\"wpcf7-f2662-o1\" \/>\n<input type=\"hidden\" name=\"_wpcf7_container_post\" value=\"0\" \/>\n<input type=\"hidden\" name=\"_wpcf7_posted_data_hash\" value=\"\" \/>\n<\/div>\n<p><br \/>\n<label>Firma (Pflichtfeld)<\/label>\n<\/p>\n<p><span class=\"wpcf7-form-control-wrap\" data-name=\"Firma\"><input size=\"40\" maxlength=\"400\" class=\"wpcf7-form-control wpcf7-text wpcf7-validates-as-required\" aria-required=\"true\" aria-invalid=\"false\" placeholder=\"Firma*\" value=\"\" type=\"text\" name=\"Firma\" \/><\/span>\n<\/p>\n<p><br \/>\n<label>Name (Pflichtfeld)<\/label>\n<\/p>\n<p><span class=\"wpcf7-form-control-wrap\" data-name=\"your-name\"><input size=\"40\" maxlength=\"400\" class=\"wpcf7-form-control wpcf7-text wpcf7-validates-as-required\" aria-required=\"true\" aria-invalid=\"false\" placeholder=\"Name*\" value=\"\" type=\"text\" name=\"your-name\" \/><\/span>\n<\/p>\n<p><br \/>\n<label>E-Mail-Adresse (Pflichtfeld)<\/label>\n<\/p>\n<p><span class=\"wpcf7-form-control-wrap\" data-name=\"your-email\"><input size=\"40\" maxlength=\"400\" class=\"wpcf7-form-control wpcf7-email wpcf7-validates-as-required wpcf7-text wpcf7-validates-as-email\" aria-required=\"true\" aria-invalid=\"false\" placeholder=\"E-Mail-Adresse*\" value=\"\" type=\"email\" name=\"your-email\" \/><\/span>\n<\/p>\n<p><br \/>\n<label>Telefon<\/label>\n<\/p>\n<p><span class=\"wpcf7-form-control-wrap\" data-name=\"tel-102\"><input size=\"40\" maxlength=\"400\" class=\"wpcf7-form-control wpcf7-text\" aria-invalid=\"false\" placeholder=\"Telefon\" value=\"\" type=\"text\" name=\"tel-102\" \/><\/span>\n<\/p>\n<p><br \/>\n<label>Wunschtermin<\/label>\n<\/p>\n<p><span class=\"wpcf7-form-control-wrap\" data-name=\"Wunschtermin\"><input size=\"40\" maxlength=\"400\" class=\"wpcf7-form-control wpcf7-text\" aria-invalid=\"false\" placeholder=\"Wunschtermin\" value=\"\" type=\"text\" name=\"Wunschtermin\" \/><\/span>\n<\/p>\n<p><br \/>\n<label>Ihre Nachricht<\/label>\n<\/p>\n<p><span class=\"wpcf7-form-control-wrap\" data-name=\"your-message\"><textarea cols=\"40\" rows=\"10\" maxlength=\"2000\" class=\"wpcf7-form-control wpcf7-textarea\" aria-invalid=\"false\" placeholder=\"Nachricht\" name=\"your-message\"><\/textarea><\/span>\n<\/p>\n<p><input class=\"wpcf7-form-control wpcf7-submit has-spinner\" type=\"submit\" value=\"Anfrage senden\" \/>\n<\/p><div class=\"wpcf7-response-output\" aria-hidden=\"true\"><\/div>\n<\/form>\n<\/div>\n<\/div><div class='clear_column'><\/div><\/div><div class='clear_column'><\/div>\n","protected":false},"excerpt":{"rendered":"","protected":false},"author":5,"featured_media":0,"parent":18,"menu_order":7300,"comment_status":"closed","ping_status":"closed","template":"full-width-page.php","meta":{"footnotes":""},"class_list":["post-2636","page","type-page","status-publish","hentry"],"yoast_head":"<!-- This site is optimized with the Yoast SEO Premium plugin v21.9 (Yoast SEO v21.9.1) - https:\/\/yoast.com\/wordpress\/plugins\/seo\/ -->\n<title>Aktuelle Termine und Veranstaltungen \u2013 Eurotext AG<\/title>\n<meta name=\"description\" content=\"Sie w\u00fcnschen ein pers\u00f6nliches Gespr\u00e4ch? Gerne k\u00f6nnen wir f\u00fcr eine der folgenden Veranstaltungen einen Termin ausmachen.\" \/>\n<meta name=\"robots\" content=\"noindex, nofollow\" \/>\n<meta property=\"og:locale\" content=\"de_DE\" \/>\n<meta property=\"og:type\" content=\"article\" \/>\n<meta property=\"og:title\" content=\"Termine\" \/>\n<meta property=\"og:url\" content=\"https:\/\/eurotext.de\/cn\/kontakt\/termine\/\" \/>\n<meta property=\"og:site_name\" content=\"Eurotext AG\" \/>\n<meta property=\"article:publisher\" content=\"https:\/\/de-de.facebook.com\/Eurotext\/\" \/>\n<meta property=\"article:modified_time\" content=\"2020-04-27T06:11:40+00:00\" \/>\n<meta property=\"og:image\" content=\"https:\/\/eurotext.de\/wp-content\/uploads\/2020\/04\/video-150x150.png\" \/>\n<meta name=\"twitter:card\" content=\"summary_large_image\" \/>\n<meta name=\"twitter:site\" content=\"@eurotext\" \/>\n<meta name=\"twitter:label1\" content=\"Gesch\u00e4tzte Lesezeit\" \/>\n\t<meta name=\"twitter:data1\" content=\"1\u00a0Minute\" \/>\n<script type=\"application\/ld+json\" class=\"yoast-schema-graph\">{\"@context\":\"https:\/\/schema.org\",\"@graph\":[{\"@type\":\"WebPage\",\"@id\":\"https:\/\/eurotext.de\/cn\/kontakt\/termine\/\",\"url\":\"https:\/\/eurotext.de\/cn\/kontakt\/termine\/\",\"name\":\"Aktuelle Termine und Veranstaltungen \u2013 Eurotext AG\",\"isPartOf\":{\"@id\":\"https:\/\/eurotext.de\/cn\/#website\"},\"datePublished\":\"2016-12-01T09:16:25+00:00\",\"dateModified\":\"2020-04-27T06:11:40+00:00\",\"description\":\"Sie w\u00fcnschen ein pers\u00f6nliches Gespr\u00e4ch? Gerne k\u00f6nnen wir f\u00fcr eine der folgenden Veranstaltungen einen Termin ausmachen.\",\"breadcrumb\":{\"@id\":\"https:\/\/eurotext.de\/cn\/kontakt\/termine\/#breadcrumb\"},\"inLanguage\":\"de\",\"potentialAction\":[{\"@type\":\"ReadAction\",\"target\":[\"https:\/\/eurotext.de\/cn\/kontakt\/termine\/\"]}]},{\"@type\":\"BreadcrumbList\",\"@id\":\"https:\/\/eurotext.de\/cn\/kontakt\/termine\/#breadcrumb\",\"itemListElement\":[{\"@type\":\"ListItem\",\"position\":1,\"name\":\"Startseite\",\"item\":\"https:\/\/eurotext.de\/cn\/\"},{\"@type\":\"ListItem\",\"position\":2,\"name\":\"Kontakt\",\"item\":\"https:\/\/eurotext.de\/cn\/kontakt\/\"},{\"@type\":\"ListItem\",\"position\":3,\"name\":\"Termine\"}]},{\"@type\":\"WebSite\",\"@id\":\"https:\/\/eurotext.de\/cn\/#website\",\"url\":\"https:\/\/eurotext.de\/cn\/\",\"name\":\"Eurotext AG\",\"description\":\"Wir \u00fcbersetzen f\u00fcr Industrie, IT und E-Commerce\",\"publisher\":{\"@id\":\"https:\/\/eurotext.de\/cn\/#organization\"},\"potentialAction\":[{\"@type\":\"SearchAction\",\"target\":{\"@type\":\"EntryPoint\",\"urlTemplate\":\"https:\/\/eurotext.de\/cn\/?s={search_term_string}\"},\"query-input\":\"required name=search_term_string\"}],\"inLanguage\":\"de\"},{\"@type\":\"Organization\",\"@id\":\"https:\/\/eurotext.de\/cn\/#organization\",\"name\":\"Eurotext AG\",\"url\":\"https:\/\/eurotext.de\/cn\/\",\"logo\":{\"@type\":\"ImageObject\",\"inLanguage\":\"de\",\"@id\":\"https:\/\/eurotext.de\/cn\/#\/schema\/logo\/image\/\",\"url\":\"https:\/\/eurotext.de\/cn\/wp-content\/uploads\/sites\/31\/2016\/05\/eurotext_logo.png\",\"contentUrl\":\"https:\/\/eurotext.de\/cn\/wp-content\/uploads\/sites\/31\/2016\/05\/eurotext_logo.png\",\"width\":125,\"height\":22,\"caption\":\"Eurotext AG\"},\"image\":{\"@id\":\"https:\/\/eurotext.de\/cn\/#\/schema\/logo\/image\/\"},\"sameAs\":[\"https:\/\/de-de.facebook.com\/Eurotext\/\",\"https:\/\/twitter.com\/eurotext\",\"https:\/\/de.linkedin.com\/company\/eurotext-ag\"]}]}<\/script>\n<!-- \/ Yoast SEO Premium plugin. -->","yoast_head_json":{"title":"Aktuelle Termine und Veranstaltungen \u2013 Eurotext AG","description":"Sie w\u00fcnschen ein pers\u00f6nliches Gespr\u00e4ch? Gerne k\u00f6nnen wir f\u00fcr eine der folgenden Veranstaltungen einen Termin ausmachen.","robots":{"index":"noindex","follow":"nofollow"},"og_locale":"de_DE","og_type":"article","og_title":"Termine","og_url":"https:\/\/eurotext.de\/cn\/kontakt\/termine\/","og_site_name":"Eurotext AG","article_publisher":"https:\/\/de-de.facebook.com\/Eurotext\/","article_modified_time":"2020-04-27T06:11:40+00:00","og_image":[{"url":"https:\/\/eurotext.de\/wp-content\/uploads\/2020\/04\/video-150x150.png"}],"twitter_card":"summary_large_image","twitter_site":"@eurotext","twitter_misc":{"Gesch\u00e4tzte Lesezeit":"1\u00a0Minute"},"schema":{"@context":"https:\/\/schema.org","@graph":[{"@type":"WebPage","@id":"https:\/\/eurotext.de\/cn\/kontakt\/termine\/","url":"https:\/\/eurotext.de\/cn\/kontakt\/termine\/","name":"Aktuelle Termine und Veranstaltungen \u2013 Eurotext AG","isPartOf":{"@id":"https:\/\/eurotext.de\/cn\/#website"},"datePublished":"2016-12-01T09:16:25+00:00","dateModified":"2020-04-27T06:11:40+00:00","description":"Sie w\u00fcnschen ein pers\u00f6nliches Gespr\u00e4ch? Gerne k\u00f6nnen wir f\u00fcr eine der folgenden Veranstaltungen einen Termin ausmachen.","breadcrumb":{"@id":"https:\/\/eurotext.de\/cn\/kontakt\/termine\/#breadcrumb"},"inLanguage":"de","potentialAction":[{"@type":"ReadAction","target":["https:\/\/eurotext.de\/cn\/kontakt\/termine\/"]}]},{"@type":"BreadcrumbList","@id":"https:\/\/eurotext.de\/cn\/kontakt\/termine\/#breadcrumb","itemListElement":[{"@type":"ListItem","position":1,"name":"Startseite","item":"https:\/\/eurotext.de\/cn\/"},{"@type":"ListItem","position":2,"name":"Kontakt","item":"https:\/\/eurotext.de\/cn\/kontakt\/"},{"@type":"ListItem","position":3,"name":"Termine"}]},{"@type":"WebSite","@id":"https:\/\/eurotext.de\/cn\/#website","url":"https:\/\/eurotext.de\/cn\/","name":"Eurotext AG","description":"Wir \u00fcbersetzen f\u00fcr Industrie, IT und E-Commerce","publisher":{"@id":"https:\/\/eurotext.de\/cn\/#organization"},"potentialAction":[{"@type":"SearchAction","target":{"@type":"EntryPoint","urlTemplate":"https:\/\/eurotext.de\/cn\/?s={search_term_string}"},"query-input":"required name=search_term_string"}],"inLanguage":"de"},{"@type":"Organization","@id":"https:\/\/eurotext.de\/cn\/#organization","name":"Eurotext AG","url":"https:\/\/eurotext.de\/cn\/","logo":{"@type":"ImageObject","inLanguage":"de","@id":"https:\/\/eurotext.de\/cn\/#\/schema\/logo\/image\/","url":"https:\/\/eurotext.de\/cn\/wp-content\/uploads\/sites\/31\/2016\/05\/eurotext_logo.png","contentUrl":"https:\/\/eurotext.de\/cn\/wp-content\/uploads\/sites\/31\/2016\/05\/eurotext_logo.png","width":125,"height":22,"caption":"Eurotext AG"},"image":{"@id":"https:\/\/eurotext.de\/cn\/#\/schema\/logo\/image\/"},"sameAs":["https:\/\/de-de.facebook.com\/Eurotext\/","https:\/\/twitter.com\/eurotext","https:\/\/de.linkedin.com\/company\/eurotext-ag"]}]}},"_links":{"self":[{"href":"https:\/\/eurotext.de\/cn\/wp-json\/wp\/v2\/pages\/2636","targetHints":{"allow":["GET"]}}],"collection":[{"href":"https:\/\/eurotext.de\/cn\/wp-json\/wp\/v2\/pages"}],"about":[{"href":"https:\/\/eurotext.de\/cn\/wp-json\/wp\/v2\/types\/page"}],"author":[{"embeddable":true,"href":"https:\/\/eurotext.de\/cn\/wp-json\/wp\/v2\/users\/5"}],"replies":[{"embeddable":true,"href":"https:\/\/eurotext.de\/cn\/wp-json\/wp\/v2\/comments?post=2636"}],"version-history":[{"count":139,"href":"https:\/\/eurotext.de\/cn\/wp-json\/wp\/v2\/pages\/2636\/revisions"}],"predecessor-version":[{"id":10336,"href":"https:\/\/eurotext.de\/cn\/wp-json\/wp\/v2\/pages\/2636\/revisions\/10336"}],"up":[{"embeddable":true,"href":"https:\/\/eurotext.de\/cn\/wp-json\/wp\/v2\/pages\/18"}],"wp:attachment":[{"href":"https:\/\/eurotext.de\/cn\/wp-json\/wp\/v2\/media?parent=2636"}],"curies":[{"name":"wp","href":"https:\/\/api.w.org\/{rel}","templated":true}]}}